{"id":18,"date":"2013-11-27T20:58:46","date_gmt":"2013-11-27T20:58:46","guid":{"rendered":"http:\/\/waterlat.org\/pt\/?page_id=18"},"modified":"2018-09-08T14:07:42","modified_gmt":"2018-09-08T14:07:42","slug":"internal","status":"publish","type":"page","link":"https:\/\/waterlat.org\/pt\/encontros\/internal\/","title":{"rendered":"Encontros Internos"},"content":{"rendered":"<p>As reuni\u00f5es anuais da rede incluem um encontro interno dedicado a quest\u00f5es organizativas e a planejar atividades futuras. Nestas reuni\u00f5es podem participar todos nossos membros e estudantes e tamb\u00e9m pessoas invitadas pela rede.<\/p>\n<p>&nbsp;<\/p>\n<h3>Encontros Internos Regulares<\/h3>\n<p>Nono Encontro Interno, Universidade Estadual da Para\u00edba, Jo\u00e3o Pessoa, Para\u00edba, Brasil, 7 de setembro de 2018<\/p>\n<p>Octavo Encontro Interno, Universidade Estadual a Distancia, San Jos\u00e9, Costa Rica, 3 de abril de 2017 <\/p>\n<p>S\u00e9timo Encontro Interno, Universidade ITESO, Guadalajara, Jalisco, M\u00e9xico, 19 de outubro de 2015 <\/p>\n<p>Sexto Encontro Interno &#8211; Universidade de Caldas, Manizales, Col\u00f4mbia, 27 de outubro de 2014 <\/p>\n<p>Quinto Encontro Interno &#8211; Instituto de Altos Estudos Nacionais, Quito, Equador, 18 de outubro de 2013<\/p>\n<p>Quarto Encontro Interno &#8211; Universidade Nacional de General Sarmiento, Buenos Aires, Argentina, 26 de outubro de 2012<\/p>\n<p>Terceiro Encontro Interno &#8211; Faculdade Latino-americana de Ciencias Sociales, Cidade do M\u00e9xico, M\u00e9xico, 27-28 de outubro de 2011<\/p>\n<p>Segundo Encontro Interno &#8211; Memorial da Am\u00e9rica Latina, S\u00e3o Paulo, Brasil, 28-29 de outubro de 2010<\/p>\n<p>Primeiro Encontro Interno &#8211; Ag\u00eancia Catal\u00e3 da Agua, Barcelona, Espanha, 14-16 de outubro de 2009<\/p>\n","protected":false},"excerpt":{"rendered":"<p>As reuni\u00f5es anuais da rede incluem um encontro interno dedicado a quest\u00f5es organizativas e a planejar atividades futuras. Nestas reuni\u00f5es podem participar todos nossos membros e estudantes e tamb\u00e9m pessoas invitadas pela rede. &nbsp; Encontros Internos Regulares Nono Encontro Interno, Universidade Estadual da Para\u00edba, Jo\u00e3o Pessoa, Para\u00edba, Brasil, 7 de setembro de 2018 Octavo Encontro [&hellip;]<\/p>\n","protected":false},"author":1,"featured_media":0,"parent":5,"menu_order":0,"comment_status":"closed","ping_status":"closed","template":"page-templates\/full-width.php","meta":{"_acf_changed":false,"footnotes":""},"class_list":["post-18","page","type-page","status-publish","hentry","wpautop"],"acf":[],"_links":{"self":[{"href":"https:\/\/waterlat.org\/pt\/wp-json\/wp\/v2\/pages\/18","targetHints":{"allow":["GET"]}}],"collection":[{"href":"https:\/\/waterlat.org\/pt\/wp-json\/wp\/v2\/pages"}],"about":[{"href":"https:\/\/waterlat.org\/pt\/wp-json\/wp\/v2\/types\/page"}],"author":[{"embeddable":true,"href":"https:\/\/waterlat.org\/pt\/wp-json\/wp\/v2\/users\/1"}],"replies":[{"embeddable":true,"href":"https:\/\/waterlat.org\/pt\/wp-json\/wp\/v2\/comments?post=18"}],"version-history":[{"count":7,"href":"https:\/\/waterlat.org\/pt\/wp-json\/wp\/v2\/pages\/18\/revisions"}],"predecessor-version":[{"id":2584,"href":"https:\/\/waterlat.org\/pt\/wp-json\/wp\/v2\/pages\/18\/revisions\/2584"}],"up":[{"embeddable":true,"href":"https:\/\/waterlat.org\/pt\/wp-json\/wp\/v2\/pages\/5"}],"wp:attachment":[{"href":"https:\/\/waterlat.org\/pt\/wp-json\/wp\/v2\/media?parent=18"}],"curies":[{"name":"wp","href":"https:\/\/api.w.org\/{rel}","templated":true}]}}