{"id":1824,"date":"2017-01-27T15:03:25","date_gmt":"2017-01-27T15:03:25","guid":{"rendered":"http:\/\/waterlat.org\/pt\/?page_id=1824"},"modified":"2021-02-17T19:36:27","modified_gmt":"2021-02-17T19:36:27","slug":"premio2016","status":"publish","type":"page","link":"https:\/\/waterlat.org\/pt\/waterlat-student-prize\/premio2016\/","title":{"rendered":"Pr\u00eamio de Estudantes WATERLAT-GOBACIT 2016"},"content":{"rendered":"<p>A ter\u00e7a chamada a postula\u00e7\u00f5es para o Pr\u00eamio WATERLAT-GOBACIT foi para teses e disserta\u00e7\u00f5es aprovadas entre o 1 de janeiro e o 31 de dezembro de 2015 e foi fechada o 28 de fevereiro de 2016. Foram apresentadas 12 postula\u00e7\u00f5es, 4 ao Pr\u00eamio de Mestrado e 8 ao Pr\u00eamio de Doutorado.<\/p>\n<p>Foi convocada uma Comiss\u00e3o Avaliadora composta de acad\u00e9micas e acad\u00e9micos membros da Rede e convidados. Ao final de esta p\u00e1gina entrara os detalhes da Comiss\u00e3o Avaliadora. O anuncio dos dois ganhadores ocorreu o 23 de janeiro de 2017. <\/p>\n<p>Dado que tivemos candidatos excelentes, a <a href=\"http:\/\/waterlat.org\/es\/publicaciones\/comision-de-publicaciones\/\">Comiss\u00e3o Editorial<\/a> decidiu convidar ao resto dos participantes a enviar um artigo baseado nas teses e disserta\u00e7\u00f5es para sua publica\u00e7\u00e3o na <a href=\" https:\/\/waterlat.org\/pt\/publicacoes\/working-papers-series\/\">S\u00e9rie de Cadernos de Trabalho<\/a> da Rede.<\/p>\n<p>&nbsp;<\/p>\n<hr \/>\n<h3>O Pr\u00eamio<\/h3>\n<p><span style=\"text-decoration: underline;\">Pr\u00eamio Doctoral 2016<\/span><\/p>\n<p><strong>Mar\u00eda Virginia Grosso Cepparo<\/strong>. T\u00edtulo da tese: \u201cLa Escasez H\u00eddrica en Tierras Secas. Un Estudio Territorial sobre la Apropiaci\u00f3n, Gesti\u00f3n y Uso del Agua en la Cuenca del R\u00edo Mendoza, Argentina\u201d. Doutorado em Geografia, Universidade Nacional de Buenos Aires (UBA), Buenos Aires, Argentina, 2015. <a href=\"http:\/\/waterlat.org\/Thesis\/TESISGROSSO.pdf\">Acesse aqui<\/a>.<\/p>\n<p>&nbsp;<\/p>\n<p><span style=\"text-decoration: underline;\">Pr\u00eamio de Mestrado 2016<\/span><\/p>\n<p><strong>Aline Silveira Viana<\/strong>. T\u00edtulo da disserta\u00e7\u00e3o: \u201cIdoso, Fam\u00edlia e Desastres: uma Discuss\u00e3o na Interface da Sociologia e Gerontologia a Partir da An\u00e1lise do caso de Teres\u00f3polis, Rio de Janeiro, Brasil\u201d. Mestrado em Engenharia Ambiental, Universidade de S\u00e3o Paulo, S\u00e3o Carlos, S\u00e3o Paulo, Brasil, 2015. <a href=\"http:\/\/waterlat.org\/Thesis\/DissertacaoAlineSilveiraViana.pdf\">Acesse aqui<\/a>.<\/p>\n<p>&nbsp;<\/p>\n<hr \/>\n<h3>Lista completa dos candidatos participantes:<\/h3>\n<p><strong><span style=\"text-decoration: underline;\">Pr\u00eamio Doctoral<\/span><\/strong><\/p>\n<p><strong>Luisa Arango<\/strong>. T\u00edtulo da tese: \u201cEtnografias da Gest\u00e3o da \u00c1gua em Tuti (Khartum, Sud\u00e3o) e Ca\u00f1o de Loro (Cartagena, Col\u00f4mbia). Historia, Localidade e Pol\u00edtica desde a Perspectiva da Antropologia Urbana Comparativa\u201d (em franc\u00eas). Doutorado em Antropologia, Universit\u00e9 de Paris 8, Paris, Fran\u00e7a, 2015. <a href=\"http:\/\/waterlat.org\/Thesis\/ARANGOLuisa.pdf\">Acesse aqui<\/a>.<\/p>\n<p><strong>Carolina Escobar Neira<\/strong>. T\u00edtulo da tese: \u201cLas Asambleas Comunitarias en Tlaxcala como Eje de la Gesti\u00f3n del Agua: una Experiencia de Gobernanza Colaborativa\u201d. Doutorado em Pesquisa em Ci\u00eancias Sociais, com Menci\u00f3n em Sociologia, Faculdade Latino-americana de Ci\u00eancias Sociais (FLACSO), Cidade do M\u00e9xico, M\u00e9xico, 2015. <a href=\"http:\/\/waterlat.org\/Thesis\/CarolinaEscobarNeira.pdf\">Acesse aqui<\/a>.<\/p>\n<p><strong>Mar\u00eda Virginia Grosso Cepparo<\/strong>. T\u00edtulo da tese: \u201cLa Escasez H\u00eddrica en Tierras Secas. Un Estudio Territorial sobre la Apropiaci\u00f3n, Gesti\u00f3n y Uso del Agua en la Cuenca del R\u00edo Mendoza, Argentina\u201d. Doutorado em Geografia, Universidade Nacional de Buenos Aires (UBA), Buenos Aires, Argentina, 2015. <a  ref=\"http:\/\/waterlat.org\/Thesis\/TESIS DOCTORAL GROSSO VIRGINIA.pdf\">Acesse aqui<\/a>.<\/p>\n<p><strong>Edmundo Loera Burnes<\/strong>. T\u00edtulo da tese: \u201cCapacidad Institucional y Desempe\u00f1o en los Organismos P\u00fablicos de Agua. Un Estudio Comparativo de Agua de Hermosillo y la Comisi\u00f3n Estatal de Servicios P\u00fablicos de Mexicali (2003-2012)\u201d, Doutorado em Ci\u00eancias Sociais, El Colegio de Sonora, Hermosillo, Sonora, M\u00e9xico, 2015. <a href=\"http:\/\/waterlat.org\/Thesis\/LoeraBurnes.pdf\">Acesse aqui<\/a>.<\/p>\n<p><strong>Antonio Rodriguez Sanchez<\/strong>. T\u00edtulo da tese: \u201cLa Configuraci\u00f3n Hidrosocial del Espacio en Los Altos de Jalisco, 1935-2012\u201d. Doutorado em Geografia, Universidade Nacional Autonoma de M\u00e9xico (UNAM), M\u00e9xico, 2015. <a href=\"http:\/\/waterlat.org\/Thesis\/AntonioSancheztesis.pdf\">Acesse aqui<\/a>.<\/p>\n<p><strong>Renata Alvarez Rossi<\/strong>. T\u00edtulo da tese: \u201cConflito e Regula\u00e7\u00e3o das \u00c1guas no Salitre \u2013 Bahia (1997-2013)\u201d. Doutorado em Administra\u00e7\u00e3o, Universidade Federal da Bahia (UFBA), Salvador, Brasil, 2015. <a href=\"http:\/\/waterlat.org\/Thesis\/tese_renata_rossi.pdf\">Acesse aqui<\/a>.<\/p>\n<p><strong>Maria Cleof\u00e9 Villarin Claveria<\/strong>. T\u00edtulo da tese: \u201cFactores Explicativos de la Demanda Dom\u00e9stica de Agua. Estudio a Microescala del Municipio de Sevilla\u201d. Doutorado em Geografia Humana, Universidade de Sevilha, Espanha, 2015. <a href=\"http:\/\/waterlat.org\/Thesis\/MariaVillarin.pdf\">Acesse aqui<\/a>.<\/p>\n<p>&nbsp;<\/p>\n<p><strong><span style=\"text-decoration: underline;\">Pr\u00eamio de Mestrado<\/span><\/strong><\/p>\n<p><strong>Lorena Arias Solano<\/strong>. T\u00edtulo da disserta\u00e7\u00e3o: \u201cCuesti\u00f3n de Sed. Conflictos por el agua en un municipio del Valle del Cauca, Col\u00f4mbia\u201d. Mestrado em Geografia, Universidade de Los Andes, Bogot\u00e1, Col\u00f4mbia, 2015. <a href=\"http:\/\/waterlat.org\/Thesis\/LorenaAriasSolano.pdf\">Acesse aqui<\/a>.<\/p>\n<p><strong>Diana Alexandra Bernal Arias<\/strong>. T\u00edtulo da disserta\u00e7\u00e3o: \u201cA Rosa do Deserto. Hidropo\u00e9ticas do Lugar no Habitar Urbano Contempor\u00e2neo\u201d. Mestrado em Geografia, Universidade de Campinas, Campinas, S\u00e3o Paulo, Brasil, 2015. <a href=\"http:\/\/waterlat.org\/Thesis\/DianaBernal.pdf\">Acesse aqui<\/a>.<\/p>\n<p><strong>Barbara Silva Passos<\/strong>. T\u00edtulo da disserta\u00e7\u00e3o: \u201cEfeitos de uma Interven\u00e7\u00e3o em Saneamento na Sa\u00fade Humana: Avalia\u00e7\u00e3o de uma Experi\u00eancia de Gest\u00e3o Comunit\u00e1ria Na \u00c1rea Rural do Cear\u00e1, Brasil\u201d. Mestrado em Saneamento, Meio Ambiente, e Recursos H\u00eddricos, Universidade Federal de Minas Gerais (UFMG), Belo Horizonte, Brasil, 2015. <a href=\"http:\/\/waterlat.org\/Thesis\/Barbara_Passos.pdf\">Acesse aqui<\/a>.<\/p>\n<p><strong>Aline Silveira Viana<\/strong>. T\u00edtulo da disserta\u00e7\u00e3o: \u201cIdoso, Fam\u00edlia e Desastres: uma Discuss\u00e3o na Interface da Sociologia e Gerontologia a Partir da An\u00e1lise do caso de Teres\u00f3polis, Rio de Janeiro, Brasil\u201d. Mestrado em Engenharia Ambiental, Universidade de S\u00e3o Paulo, S\u00e3o Carlos, S\u00e3o Paulo, Brasil, 2015. <a href=\"http:\/\/waterlat.org\/Thesis\/DissertacaoAlineSilveiraViana.pdf\">Acesse aqui<\/a>.<\/p>\n<p>&nbsp;<\/p>\n<hr \/>\n<h3>Comiss\u00e3o Avaliadora da Edi\u00e7\u00e3o 2016 do Pr\u00eamio WATERLAT-GOBACIT para Estudantes<\/h3>\n<p>Dr Ligia Albuquerque de Melo, Funda\u00e7\u00e3o Joaquim Nabuco Foundation, Recife, Pernambuco, Brasil<\/p>\n<p>Dr Jose Irivaldo Alves Oliveira, Universidade Federal de Campina Grande (UFCG), Sum\u00e9, Para\u00edba, Brasil<\/p>\n<p>Dr Elder Andrade de Paula, Universidade Federal do Acre, Rio Branco, Acre, Brasil<\/p>\n<p>Dr Jairo Bezerra, Universidade Estadual da Para\u00edba (UEPB), Campina Grande, Brasil<\/p>\n<p>Dr Pa\u00fal Cisneros, Instituto de Altos Estudios Nacionales (IAEN), Quito, Equador<\/p>\n<p>Dr Joan Cortinas Mu\u00f1oz, Universidade de Arizona, Tucson, Estados Unidos<\/p>\n<p>Dr Andr\u00e9 Monteiro Costa, Funda\u00e7\u00e3o Oswaldo Cruz (Fiocruz), Recife, Pernambuco, Brasil<\/p>\n<p>Dr Rodrigo Flores Elizondo, Universidade ITESO, Guadalajara, M\u00e9xico<\/p>\n<p>Dr Kathryn Furlong, Universidade de Montreal, Montreal, Quebec, Canad\u00e1<\/p>\n<p>Dr Javier Gonzaga Valencia Hernandez, Universidade de Caldas, Manizales, Col\u00f4mbia<\/p>\n<p>Dr Leo Heller, Funda\u00e7\u00e3o Oswaldo Cruz (Fiocruz), Belo Horizonte, Minas Gerais, Brasil<\/p>\n<p>Dr Antonio Ioris, Universidade de Edimburgo, Reino Unido<\/p>\n<p>Dr Pedro Roberto Jacobi, Universidad de S\u00e3o Paulo (USP), S\u00e3o Paulo, Brasil<\/p>\n<p>Dr Karina Kloster, Universidade Aut\u00f3noma da Cidade do M\u00e9xico (UACM), Cidade do M\u00e9xico, M\u00e9xico<\/p>\n<p>Dr Alex Latta, Universidade Wilfrid Laurier, Waterloo, Ontario, Canad\u00e1<\/p>\n<p>Dr Leandro del Moral Ituarte, Universidade de Sevilha, Espanha<\/p>\n<p>Dr Raul Pacheco-Vega, Centro de Pesquisa e Ensino Econ\u00f3mico (CIDE), Aguascalientes, M\u00e9xico<\/p>\n<p>Dr Esther Padilla Calderon, El Colegio de Sonora, Hermosillo, Sonora, M\u00e9xico<\/p>\n<p>Dr Francisco Javier Pe\u00f1a de Paz, El Colegio de San Luis (COLSAN), San Luis Potos\u00ed, M\u00e9xico<\/p>\n<p>Dr Alice Poma, Universidade Nacional Aut\u00f3noma de M\u00e9xico (UNAM), M\u00e9xico<\/p>\n<p>MA Suya Quintslr, Federal Universidade de Rio de Janeiro (UFRJ), Rio de Janeiro, Brasil<\/p>\n<p>Dr Wagner Costa Ribeiro, Universidade of S\u00e3o Paulo (USP), S\u00e3o Paulo, Brasil<\/p>\n<p>Dr Adriana Sandoval Moreno, Universidade Nacional Aut\u00f3noma de M\u00e9xico (UNAM), Jiquilpan, Michoac\u00e1n, M\u00e9xico<\/p>\n<p>Dr Alicia Torres Rodriguez, Universidade de Guadalajara, Guadalajara, Jalisco, M\u00e9xico<\/p>\n<p>Dr Susan Vincent, Universidade St. Francis Xavier, Antigonish, Nova Scotia, Canad\u00e1<\/p>\n<p>&nbsp;<\/p>\n<hr \/>\n<p style=\"text-align: center;\">Para consultas ou comentarios referidos ao Pr\u00eamio WATERLAT-GOBACIT para Estudantes, por favor contatar a <a href=\"mailto:redwaterlat@gmail.com\">Secretaria<\/a> da Rede.<\/p>\n<p>&nbsp;<\/p>\n","protected":false},"excerpt":{"rendered":"<p>A ter\u00e7a chamada a postula\u00e7\u00f5es para o Pr\u00eamio WATERLAT-GOBACIT foi para teses e disserta\u00e7\u00f5es aprovadas entre o 1 de janeiro e o 31 de dezembro de 2015 e foi fechada o 28 de fevereiro de 2016. Foram apresentadas 12 postula\u00e7\u00f5es, 4 ao Pr\u00eamio de Mestrado e 8 ao Pr\u00eamio de Doutorado. Foi convocada uma Comiss\u00e3o [&hellip;]<\/p>\n","protected":false},"author":3,"featured_media":0,"parent":249,"menu_order":0,"comment_status":"closed","ping_status":"closed","template":"page-templates\/full-width.php","meta":{"_acf_changed":false,"footnotes":""},"class_list":["post-1824","page","type-page","status-publish","hentry","wpautop"],"acf":[],"_links":{"self":[{"href":"https:\/\/waterlat.org\/pt\/wp-json\/wp\/v2\/pages\/1824","targetHints":{"allow":["GET"]}}],"collection":[{"href":"https:\/\/waterlat.org\/pt\/wp-json\/wp\/v2\/pages"}],"about":[{"href":"https:\/\/waterlat.org\/pt\/wp-json\/wp\/v2\/types\/page"}],"author":[{"embeddable":true,"href":"https:\/\/waterlat.org\/pt\/wp-json\/wp\/v2\/users\/3"}],"replies":[{"embeddable":true,"href":"https:\/\/waterlat.org\/pt\/wp-json\/wp\/v2\/comments?post=1824"}],"version-history":[{"count":10,"href":"https:\/\/waterlat.org\/pt\/wp-json\/wp\/v2\/pages\/1824\/revisions"}],"predecessor-version":[{"id":3426,"href":"https:\/\/waterlat.org\/pt\/wp-json\/wp\/v2\/pages\/1824\/revisions\/3426"}],"up":[{"embeddable":true,"href":"https:\/\/waterlat.org\/pt\/wp-json\/wp\/v2\/pages\/249"}],"wp:attachment":[{"href":"https:\/\/waterlat.org\/pt\/wp-json\/wp\/v2\/media?parent=1824"}],"curies":[{"name":"wp","href":"https:\/\/api.w.org\/{rel}","templated":true}]}}