{"id":1844,"date":"2017-01-30T14:30:37","date_gmt":"2017-01-30T14:30:37","guid":{"rendered":"http:\/\/waterlat.org\/pt\/?page_id=1844"},"modified":"2017-08-23T21:34:45","modified_gmt":"2017-08-23T21:34:45","slug":"zikatecsoc","status":"publish","type":"page","link":"https:\/\/waterlat.org\/pt\/projetos\/zikatecsoc\/","title":{"rendered":"ZIKATECSOC"},"content":{"rendered":"<h2>Tecnologias Sociais e Educa\u00e7\u00e3o Ambiental para o Controle Vetorial de Arboviroses: Promovendo a Sa\u00fade e a Qualidade de Vida no Semi\u00e1rido Paraibano (2016-2019), Brasil<\/h2>\n<p>ZIKATECSOC \u00e9 um projeto da <a href=\"https:\/\/waterlat.org\/pt\/areas-tematicas\/at5\/\">\u00c1rea Tem\u00e1tica 5, \u00c1gua e Sa\u00fade<\/a>, da Rede WATERLAT-GOBACIT, e faz uma forte contribui\u00e7\u00e3o ao componente de &#8220;educa\u00e7\u00e3o&#8221; da <a href=\"https:\/\/waterlat.org\/pt\/areas-tematicas\/at7\/\">\u00c1rea Tem\u00e1tica 7, Arte, Comunica\u00e7\u00e3o, Cultura e Educa\u00e7\u00e3o<\/a>, e a <a href=\"https:\/\/waterlat.org\/pt\/areas-tematicas\/at3\/\">\u00c1rea Tem\u00e1tica 3, O Ciclo Urbano da \u00c1gua e os Servi\u00e7os P\u00fablicos Essenciais<\/a>.<\/p>\n<p>O Projeto \u00e9 financiado pelo Conselho Nacional de Desenvolvimento Cient\u00edfico e Tecnol\u00f3gico (CNPq), ag\u00eancia do Minist\u00e9rio da Ci\u00eancia, Tecnologia, Inova\u00e7\u00f5es e Comunica\u00e7\u00f5es (MCTIC), e pela Coordena\u00e7\u00e3o de Aperfei\u00e7oamento de Pessoal de N\u00edvel Superior (Capes), funda\u00e7\u00e3o do Minist\u00e9rio da Educa\u00e7\u00e3o (MEC), Chamada P\u00fablica <a href=\"http:\/\/cnpq.br\/chamadas-publicas?p_p_id=resultadosportlet_WAR_resultadoscnpqportlet_INSTANCE_0ZaM&amp;filtro=abertas&amp;detalha=chamadaDivulgada&amp;idDivulgacao=6762\">MCTIC\/FNDCT-CNPq\/ MEC-CAPES\/ MS-Decit \/ N\u00ba 14\/2016 &#8211; Preven\u00e7\u00e3o e Combate ao v\u00edrus Zika. Linha Tem\u00e1tica V \u2013 Desenvolvimento de tecnologias sociais e inova\u00e7\u00e3o em educa\u00e7\u00e3o ambiental e sanit\u00e1ria<\/a>.<\/p>\n<p><span style=\"text-decoration: underline;\">Galeria fotogr\u00e1fica do Projeto<\/span>:<br \/>\n<a title=\"ZIKATECSOC Project\" href=\"https:\/\/www.flickr.com\/photos\/125391306@N03\/albums\/72157684430253452\" data-flickr-embed=\"true\"><img loading=\"lazy\" decoding=\"async\" src=\"https:\/\/farm5.staticflickr.com\/4436\/36367432540_5a4d643e15_z.jpg\" alt=\"ZIKATECSOC Project\" width=\"640\" height=\"480\" \/><\/a><script async src=\"\/\/embedr.flickr.com\/assets\/client-code.js\" charset=\"utf-8\"><\/script><\/p>\n<h3>Objetivos do Projeto<\/h3>\n<p><span style=\"text-decoration: underline;\">Objetivo Geral<\/span><\/p>\n<p>Promover a sa\u00fade e a qualidade de vida, com a\u00e7\u00f5es inovadoras de forma\u00e7\u00e3o (educa\u00e7\u00e3o para a cidadania ambiental), capazes de favorecer a interrela\u00e7\u00e3o educa\u00e7\u00e3o-sa\u00fade e o desenvolvimento de processos, t\u00e9cnicas e tecnologias que possam ser apropriadas socialmente e contribuam para a experimenta\u00e7\u00e3o do bem viver na regi\u00e3o.<\/p>\n<p><span style=\"text-decoration: underline;\">Objetivos Espec\u00edficos<\/span><\/p>\n<p>Promover a populariza\u00e7\u00e3o de t\u00e9cnicas, tecnologias e inova\u00e7\u00f5es de sistemas de capta\u00e7\u00e3o, reserva\u00e7\u00e3o, manejo e abastecimento de \u00e1guas pluviais junto \u00e0s comunidades, como estrat\u00e9gia de contribuir com a seguran\u00e7a h\u00eddrica, alimentar e sanit\u00e1ria, eliminando a possibilidade de prolifera\u00e7\u00e3o de vetores transmissores dos v\u00edrus da Dengue, Zika e Chikungunya nesses sistemas;<\/p>\n<p>Promover a populariza\u00e7\u00e3o de t\u00e9cnicas, tecnologias e inova\u00e7\u00f5es de sistemas de reuso de efluentes e esgotos dom\u00e9sticos junto \u00e0s comunidades, como estrat\u00e9gia de contribuir com a seguran\u00e7a forrageira e sanit\u00e1ria, eliminando a possibilidade de prolifera\u00e7\u00e3o de vetores transmissores dos v\u00edrus da Dengue, Zika e Chikungunya nesses sistemas;<\/p>\n<p>Subsidiar a interven\u00e7\u00e3o de pol\u00edticas p\u00fablicas de soberania h\u00eddrica, alimentar, forrageira e sanit\u00e1ria junto \u00e0s comunidades, mediante a implanta\u00e7\u00e3o de unidades demonstrativas nas escolas, compostas de sistemas de capta\u00e7\u00e3o, manejo de \u00e1guas de chuva, reuso de efluentes e plantio de esp\u00e9cies adaptadas \u00e0s condi\u00e7\u00f5es de semiaridez, adotando como refer\u00eancia metodologia desenvolvida pelo Instituto Nacional do Semi\u00e1rido (INSA) e Universidade Estadual da Para\u00edba (UEPB);<\/p>\n<p>Ministrar cursos de forma\u00e7\u00e3o continuada de professores\/tutores em educa\u00e7\u00e3o sanit\u00e1ria e agroalimentar, com vistas a capacitar agentes multiplicadores e inovadores de processos que favore\u00e7am a inter-rela\u00e7\u00e3o educa\u00e7\u00e3o-sa\u00fade, seja no \u00e2mbito das interven\u00e7\u00f5es unifamiliares seja no fortalecimento dos planos municipais de saneamento, gest\u00e3o de res\u00edduos s\u00f3lidos, planejamento e controle epidemiol\u00f3gico.<\/p>\n<h3><\/h3>\n<h3>Equipe de Pesquisa<\/h3>\n<p><span style=\"text-decoration: underline;\"><strong>Coordenador<\/strong><\/span><\/p>\n<p><strong>Cidoval Morais de Sousa<\/strong>, <a href=\"http:\/\/www.uepb.edu.br\">Universidade Estadual da Para\u00edba<\/a>, Para\u00edba, Brasil (UEPB)<\/p>\n<p><span style=\"text-decoration: underline;\">Pesquisadores<\/span><\/p>\n<p><strong>Wellington Candeia de Araujo<\/strong>, <a href=\"http:\/\/www.uepb.edu.br\">Universidade Estadual da Para\u00edba<\/a><br \/>\n<strong>Antonio Roberto Faustino da Costa<\/strong>, <a href=\"http:\/\/www.uepb.edu.br\">Universidade Estadual da Para\u00edba<\/a><br \/>\n<strong>Celia Regina Diniz<\/strong>, <a href=\"http:\/\/www.uepb.edu.br\">Universidade Estadual da Para\u00edba<\/a><br \/>\n<strong>Beatriz Susana Ovruski de Ceballos<\/strong>, <a href=\"http:\/\/www.uepb.edu.br\">Universidade Estadual da Para\u00edba<\/a><br \/>\n<strong>Leonardo Bezerra de Melo Tinoco<\/strong>, <a href=\"http:\/\/www.uepb.edu.br\">Universidade Estadual da Para\u00edba<\/a><br \/>\n<strong>Jos\u00e9 Luciano Albino Barbosa<\/strong>, <a href=\"http:\/\/www.insa.gov.br\">Instituto Nacional do Semi\u00e1rido (INSA)<\/a>, Para\u00edba, Brasil<br \/>\n<strong>Shirley de Alves dos Santos<\/strong>, <a href=\"http:\/\/www.uepb.edu.br\">Universidade Estadual da Para\u00edba<\/a><br \/>\n<strong>Elida Barbosa Correa<\/strong>, <a href=\"http:\/\/www.uepb.edu.br\">Universidade Estadual da Para\u00edba<\/a><\/p>\n<p><span style=\"text-decoration: underline;\">Colaboradores<\/span><\/p>\n<p><strong>Andr\u00e9 Monteiro Costa<\/strong>, <a href=\"http:\/\/www.cpqam.fiocruz.br\">Centro de Pesquisas Aggeu Magalh\u00e3es (CPqAM), Funda\u00e7\u00e3o Oswaldo Cruz (FIOCRUZ)<\/a>, Pernambuco, Brasil<br \/>\n<strong>\u00c2ngela Maria Cavalcanti Ramalho<\/strong>, <a href=\"http:\/\/www.uepb.edu.br\">Universidade Estadual da Para\u00edba<\/a><br \/>\n<strong>Salom\u00e3o de Sousa Medeiros<\/strong>, <a href=\"http:\/\/www.insa.gov.br\">Instituto Nacional do Semi\u00e1rido (INSA)<\/a><br \/>\n<strong>Jos\u00e9 Irivaldo Alves de Oliveira Silva<\/strong>, <a href=\"http:\/\/www.ufcg.edu.br\/index1.php\">Universidade Federal de Campina Grande (UFCG)<\/a>, Para\u00edba, Brasil<\/p>\n<p><span style=\"text-decoration: underline;\">Colaboradores Internacionais<\/span><\/p>\n<p><strong>Jos\u00e9 Esteban Castro<\/strong>, Investigador Principal, <a href=\"http:\/\/www.conicet.gov.ar\">Conselho de Investiga\u00e7\u00f5es Cient\u00edficas e T\u00e9cnicas (CONICET)<\/a>, Argentina, e Professor Em\u00e9rito, <a href=\"http:\/\/www.ncl.ac.uk\/gps\/staff\/profile\/estebancastro.html\">Newcastle University<\/a>, Reino Unido. Coordenador da Rede WATERLAT-GOBACIT.<\/p>\n<p>&nbsp;<\/p>\n<hr \/>\n<p>Para informa\u00e7\u00e3o adicional sobre o Projecto, contatar <a href=\"mailto:cidoval@gmail.com\">o Coordenador<\/a>.<\/p>\n","protected":false},"excerpt":{"rendered":"<p>Tecnologias Sociais e Educa\u00e7\u00e3o Ambiental para o Controle Vetorial de Arboviroses: Promovendo a Sa\u00fade e a Qualidade de Vida no Semi\u00e1rido Paraibano (2016-2019), Brasil ZIKATECSOC \u00e9 um projeto da \u00c1rea Tem\u00e1tica 5, \u00c1gua e Sa\u00fade, da Rede WATERLAT-GOBACIT, e faz uma forte contribui\u00e7\u00e3o ao componente de &#8220;educa\u00e7\u00e3o&#8221; da \u00c1rea Tem\u00e1tica 7, Arte, Comunica\u00e7\u00e3o, Cultura e [&hellip;]<\/p>\n","protected":false},"author":3,"featured_media":0,"parent":6,"menu_order":0,"comment_status":"closed","ping_status":"closed","template":"page-templates\/full-width.php","meta":{"_acf_changed":false,"footnotes":""},"class_list":["post-1844","page","type-page","status-publish","hentry","wpautop"],"acf":[],"_links":{"self":[{"href":"https:\/\/waterlat.org\/pt\/wp-json\/wp\/v2\/pages\/1844","targetHints":{"allow":["GET"]}}],"collection":[{"href":"https:\/\/waterlat.org\/pt\/wp-json\/wp\/v2\/pages"}],"about":[{"href":"https:\/\/waterlat.org\/pt\/wp-json\/wp\/v2\/types\/page"}],"author":[{"embeddable":true,"href":"https:\/\/waterlat.org\/pt\/wp-json\/wp\/v2\/users\/3"}],"replies":[{"embeddable":true,"href":"https:\/\/waterlat.org\/pt\/wp-json\/wp\/v2\/comments?post=1844"}],"version-history":[{"count":11,"href":"https:\/\/waterlat.org\/pt\/wp-json\/wp\/v2\/pages\/1844\/revisions"}],"predecessor-version":[{"id":2269,"href":"https:\/\/waterlat.org\/pt\/wp-json\/wp\/v2\/pages\/1844\/revisions\/2269"}],"up":[{"embeddable":true,"href":"https:\/\/waterlat.org\/pt\/wp-json\/wp\/v2\/pages\/6"}],"wp:attachment":[{"href":"https:\/\/waterlat.org\/pt\/wp-json\/wp\/v2\/media?parent=1844"}],"curies":[{"name":"wp","href":"https:\/\/api.w.org\/{rel}","templated":true}]}}