{"id":198,"date":"2014-01-25T10:57:56","date_gmt":"2014-01-25T10:57:56","guid":{"rendered":"http:\/\/waterlat.org\/pt\/?page_id=198"},"modified":"2014-01-25T10:57:56","modified_gmt":"2014-01-25T10:57:56","slug":"coletaneas","status":"publish","type":"page","link":"https:\/\/waterlat.org\/pt\/equipe-old\/publicacoes-de-membros\/coletaneas\/","title":{"rendered":"Colet\u00e2neas"},"content":{"rendered":"<p>&nbsp;<\/p>\n<p>Blanca Jim\u00e9nez Cisneros, Mar\u00eda Luisa Torregrosa Armentia, e Luis Aboites Aguilar (Eds.), El Agua en M\u00e9xico: Cauces y Encauces, M\u00e9xico DF: Academia Mexicana de Ciencias e Comisi\u00f3n Nacional del Agua, 2010. <a href=\"http:\/\/www.agua.org.mx\/index.php?option=com_content&amp;view=article&amp;id=15690&amp;Itemid=106\">Baixar<\/a>.<\/p>\n<p>Alex Latta\u00a0e Hannah Wittman, Environment and Citizenship in Latin America: Natures, Subjects and Struggles, New York: <a href=\"https:\/\/www.berghahnbooks.com\/extras\/docs\/flyer\/LattaEnvironment_9780857457479.html\">Berghahn<\/a>, 2012.<\/p>\n<p>Jorge Regalado Santill\u00e1n\u00a0e Jes\u00fas Ra\u00fal Navarro Garc\u00eda (eds.), El Debate del Agua en Jalisco y Andaluc\u00eda (ISBN: 84-8266-626-6), Sevilha: Junta de\u00a0Andaluc\u00eda, Secretar\u00eda de Cultura, 2006.<\/p>\n","protected":false},"excerpt":{"rendered":"<p>&nbsp; Blanca Jim\u00e9nez Cisneros, Mar\u00eda Luisa Torregrosa Armentia, e Luis Aboites Aguilar (Eds.), El Agua en M\u00e9xico: Cauces y Encauces, M\u00e9xico DF: Academia Mexicana de Ciencias e Comisi\u00f3n Nacional del Agua, 2010. Baixar. Alex Latta\u00a0e Hannah Wittman, Environment and Citizenship in Latin America: Natures, Subjects and Struggles, New York: Berghahn, 2012. Jorge Regalado Santill\u00e1n\u00a0e Jes\u00fas [&hellip;]<\/p>\n","protected":false},"author":3,"featured_media":0,"parent":29,"menu_order":0,"comment_status":"closed","ping_status":"open","template":"page-templates\/full-width.php","meta":{"_acf_changed":false,"footnotes":""},"class_list":["post-198","page","type-page","status-publish","hentry","wpautop"],"acf":[],"_links":{"self":[{"href":"https:\/\/waterlat.org\/pt\/wp-json\/wp\/v2\/pages\/198","targetHints":{"allow":["GET"]}}],"collection":[{"href":"https:\/\/waterlat.org\/pt\/wp-json\/wp\/v2\/pages"}],"about":[{"href":"https:\/\/waterlat.org\/pt\/wp-json\/wp\/v2\/types\/page"}],"author":[{"embeddable":true,"href":"https:\/\/waterlat.org\/pt\/wp-json\/wp\/v2\/users\/3"}],"replies":[{"embeddable":true,"href":"https:\/\/waterlat.org\/pt\/wp-json\/wp\/v2\/comments?post=198"}],"version-history":[{"count":1,"href":"https:\/\/waterlat.org\/pt\/wp-json\/wp\/v2\/pages\/198\/revisions"}],"predecessor-version":[{"id":212,"href":"https:\/\/waterlat.org\/pt\/wp-json\/wp\/v2\/pages\/198\/revisions\/212"}],"up":[{"embeddable":true,"href":"https:\/\/waterlat.org\/pt\/wp-json\/wp\/v2\/pages\/29"}],"wp:attachment":[{"href":"https:\/\/waterlat.org\/pt\/wp-json\/wp\/v2\/media?parent=198"}],"curies":[{"name":"wp","href":"https:\/\/api.w.org\/{rel}","templated":true}]}}