{"id":2055,"date":"2017-04-28T16:03:08","date_gmt":"2017-04-28T16:03:08","guid":{"rendered":"http:\/\/waterlat.org\/pt\/?page_id=2055"},"modified":"2017-04-28T16:03:08","modified_gmt":"2017-04-28T16:03:08","slug":"coletaneas-de-ponencias-de-encontros","status":"publish","type":"page","link":"https:\/\/waterlat.org\/pt\/publicacoes\/coletaneas-de-ponencias-de-encontros\/","title":{"rendered":"Colet\u00e2neas de Ponencias de Encontros"},"content":{"rendered":"<p><a href=\"http:\/\/waterlat.org\/wp-content\/uploads\/2017\/04\/capa-coletanea-2010.jpg\"><img loading=\"lazy\" decoding=\"async\" src=\"http:\/\/waterlat.org\/wp-content\/uploads\/2017\/04\/capa-coletanea-2010-236x300.jpg\" alt=\"\" width=\"236\" height=\"300\" class=\"alignnone size-medium wp-image-3831\" \/><\/a><\/p>\n<p>Castro, Jos\u00e9 Esteban e Wagner Costa Ribeiro (Eds.), <a href=\"http:\/\/200.144.254.127:8080\/iea\/textos\/waterlat\/index.html\">A Tens\u00e3o entre Justi\u00e7a Ambiental e Justi\u00e7a Social na Am\u00e9rica Latina: o Caso da Gest\u00e3o da \u00c1gua (em espanhol e portugu\u00eas)<\/a>, ISBN: 978-85-63007-01-8 S\u00e3o Paulo: Universidade de S\u00e3o Paulo (USP) e Rede de Pesquisa WATERLAT, 2010.<\/p>\n","protected":false},"excerpt":{"rendered":"<p>Castro, Jos\u00e9 Esteban e Wagner Costa Ribeiro (Eds.), A Tens\u00e3o entre Justi\u00e7a Ambiental e Justi\u00e7a Social na Am\u00e9rica Latina: o Caso da Gest\u00e3o da \u00c1gua (em espanhol e portugu\u00eas), ISBN: 978-85-63007-01-8 S\u00e3o Paulo: Universidade de S\u00e3o Paulo (USP) e Rede de Pesquisa WATERLAT, 2010.<\/p>\n","protected":false},"author":3,"featured_media":0,"parent":7,"menu_order":0,"comment_status":"closed","ping_status":"closed","template":"page-templates\/full-width.php","meta":{"_acf_changed":false,"footnotes":""},"class_list":["post-2055","page","type-page","status-publish","hentry","wpautop"],"acf":[],"_links":{"self":[{"href":"https:\/\/waterlat.org\/pt\/wp-json\/wp\/v2\/pages\/2055","targetHints":{"allow":["GET"]}}],"collection":[{"href":"https:\/\/waterlat.org\/pt\/wp-json\/wp\/v2\/pages"}],"about":[{"href":"https:\/\/waterlat.org\/pt\/wp-json\/wp\/v2\/types\/page"}],"author":[{"embeddable":true,"href":"https:\/\/waterlat.org\/pt\/wp-json\/wp\/v2\/users\/3"}],"replies":[{"embeddable":true,"href":"https:\/\/waterlat.org\/pt\/wp-json\/wp\/v2\/comments?post=2055"}],"version-history":[{"count":2,"href":"https:\/\/waterlat.org\/pt\/wp-json\/wp\/v2\/pages\/2055\/revisions"}],"predecessor-version":[{"id":2057,"href":"https:\/\/waterlat.org\/pt\/wp-json\/wp\/v2\/pages\/2055\/revisions\/2057"}],"up":[{"embeddable":true,"href":"https:\/\/waterlat.org\/pt\/wp-json\/wp\/v2\/pages\/7"}],"wp:attachment":[{"href":"https:\/\/waterlat.org\/pt\/wp-json\/wp\/v2\/media?parent=2055"}],"curies":[{"name":"wp","href":"https:\/\/api.w.org\/{rel}","templated":true}]}}