{"id":2065,"date":"2017-05-08T18:50:33","date_gmt":"2017-05-08T18:50:33","guid":{"rendered":"http:\/\/waterlat.org\/pt\/?page_id=2065"},"modified":"2020-03-16T18:57:48","modified_gmt":"2020-03-16T18:57:48","slug":"comunicacao-publica","status":"publish","type":"page","link":"https:\/\/waterlat.org\/pt\/comunicacao-publica\/","title":{"rendered":"Comunica\u00e7\u00e3o P\u00fablica"},"content":{"rendered":"<style>\r\n<p>.video-grid{<br \/>  max-width: 47%;<br \/>  height: 300px;<br \/>  float: right;<br \/>text-align: center;<\/p>\r\n<p>}<br \/>.video-grid .video-container {<br \/>  display: inline-block;<br \/>    width: 49%;<\/p>\r\n<p>}<br \/>.video-container iframe {<br \/>    width: 190px;<br \/>    height: 145px;<br \/>    margin: 1px;<br \/>}<\/p>\r\n<p>.muestravid {<br \/>  background-image: url('http:\/\/waterlat.org\/es\/wp-content\/uploads\/sites\/2\/2017\/04\/muestras.png');<br \/>  background-size: cover;<br \/>  height: 275px;<br \/>  border-radius: 3px;<\/p>\r\n<p>}<br \/>.muestravid:hover{<br \/>  background-image: url('http:\/\/waterlat.org\/es\/wp-content\/uploads\/sites\/2\/2017\/04\/muestrashover.png');<\/p>\r\n<p>}<br \/>.muestravid h2  {<br \/>  text-decoration: none;<br \/>  color: white;<br \/>  text-align: center;<br \/>  vertical-align: middle;<br \/>  line-height: 300px;<br \/>      margin: 0px;<br \/>}<br \/>.ytcha iframe {margin:0 !important;}<\/p>\r\n<p>.ytcha {<br \/>     width: 100%;<br \/>display: inline-block;<\/p>\r\n<p>}<br \/>.ytcha img {<br \/>  width: 300px;<br \/>  display:block;<br \/>  margin: auto;<br \/>  max-width: 100%;<br \/>  max-height: 100%;<br \/>}<br \/>.ytcha a {<br \/>    text-align: center;<br \/>    display: block;<br \/>    background-color: #ff8484;<br \/>    text-decoration: none;<br \/>    color: white;<br \/>    border-radius: 3px;<br \/>    margin-top: 2px;<br \/>width:100%;<br \/>    }<\/p>\r\n<p>.ytcha a:hover{<br \/>    background-color: #fd4545;<br \/>    }<\/p>\r\n<p>     .articulo {<br \/>      width: 100%;<br \/>      display: block;<br \/>      height: 50px;<br \/>      background-color:#e8e8e8;<br \/>      margin: 5px;<br \/>border-radius: 3px;<br \/>line-height:50px;<br \/>    overflow-x: hidden;<\/p>\r\n<p>    }<\/p>\r\n<p>.left-info {float: left;<br \/>    width: 47%; text-align: center;}<\/p>\r\n<p>.articulo:hover{<br \/>transition-duration: 250ms;<br \/>-webkit-box-shadow: 4px 3px 17px 1px rgba(0,0,0,0.42);<br \/>-moz-box-shadow: 4px 3px 17px 1px rgba(0,0,0,0.42);<br \/>box-shadow: 4px 3px 17px 1px rgba(0,0,0,0.42);<br \/>}<\/p>\r\n<p>.grad {<br \/>background: black;<br \/>margin-top:20px !important;<br \/>}<\/p>\r\n<p>@media screen and (max-width: 442px) {<br \/>.video-grid .video-container {<br \/>width: 100%;<br \/>}<br \/>.video-container.mob {<br \/>display: none;<br \/>}<\/p>\r\n<p>.muestravid h2 {<br \/>    font-size: 16px;<br \/>}<br \/>}<br \/><\/style>\r\n\r\nEsta se\u00e7\u00e3o \u00e9 dedicada a v\u00e1rias formas de divulga\u00e7\u00e3o e comunica\u00e7\u00e3o com o p\u00fablico, em v\u00e1rios idiomas. Inclui podcasts, di\u00e1logos sobre temas locais, regionais, nacionais e internacionais, um canal de Youtube com entrevistas com membros da Rede WATERLAT-GOBACIT, video clips das confer\u00eancias e reuni\u00f5es da Rede, entrevistas com participantes das reuni\u00f5es, uma videoteca das atividades, uma cole\u00e7\u00e3o de fotografias no Flickr, entre outros materiais. Complementamos estes meios com nossas p\u00e1ginas no Facebook, Instagram e no Twitter.\r\n<hr style=\"background-color: cornflowerblue;\" \/>\r\n&nbsp;\r\n<h2 style=\"text-align: center;\"><a href=\"https:\/\/waterlat.org\/pt\/comunicacao-publica\/podcasts\/\">Podcasts<\/a><\/h2>\r\n<div><\/div>\r\n<h2 style=\"text-align: center;\"><a href=\"https:\/\/waterlat.org\/pt\/comunicacao-publica\/dialogos-rio-2020\/\">Di\u00e1logos sobre a Pol\u00edtica de Escassez H\u00eddrica no Rio de Janeiro<\/a><\/h2>\r\n&nbsp;\r\n<div class=\"left-info\">\r\n<div class=\"muestravid\">\r\n<h2>Amostra de nossos v\u00eddeos<\/h2>\r\n<\/div>\r\n<div class=\"ytcha\"><a href=\"https:\/\/www.youtube.com\/user\/Waterlat\">Canal no YouTube<\/a><\/div>\r\n<\/div>\r\n<div class=\"video-grid\">\r\n<div class=\"video-container\"><iframe loading=\"lazy\" src=\"https:\/\/www.youtube.com\/embed\/vbq6Rv9I59E?list=PLx6qphzdSP6tWe7bXKU_v4vP8eg0ct7Pz\" width=\"560\" height=\"315\" frameborder=\"0\" allowfullscreen=\"allowfullscreen\"><\/iframe><\/div>\r\n<div class=\"video-container\"><iframe loading=\"lazy\" src=\"https:\/\/www.youtube.com\/embed\/Tlb6s7fn-Jo?list=PLx6qphzdSP6uMVcfZxoXRQ1gFWUZc28ld\" width=\"560\" height=\"315\" frameborder=\"0\" allowfullscreen=\"allowfullscreen\"><\/iframe><\/div>\r\n<div class=\"video-container mob\"><iframe loading=\"lazy\" src=\"https:\/\/www.youtube.com\/embed\/l1JignqeHtc?list=PLx6qphzdSP6uSXOapopuNmL8dFh5f_LK0\" width=\"560\" height=\"315\" frameborder=\"0\" allowfullscreen=\"allowfullscreen\"><\/iframe><\/div>\r\n<div class=\"video-container mob\"><iframe loading=\"lazy\" src=\"https:\/\/www.youtube.com\/embed\/38OWGnNU1d4?list=PLx6qphzdSP6s65qIxmfZLFz9wGRE5lcRz\" width=\"560\" height=\"315\" frameborder=\"0\" allowfullscreen=\"allowfullscreen\"><\/iframe><\/div>\r\n<\/div>\r\n<div class=\"grad\" style=\"width: 100%; height: 384px; display: inline-block; margin-top: 15px; text-align: center;\">\r\n\r\n<object style=\"width: 624px; height: 384px;\" width=\"400\" height=\"300\" classid=\"clsid:d27cdb6e-ae6d-11cf-96b8-444553540000\" codebase=\"http:\/\/download.macromedia.com\/pub\/shockwave\/cabs\/flash\/swflash.cab#version=6,0,40,0\"><param name=\"flashvars\" value=\"offsite=true&amp;lang=en-us&amp;page_show_url=%2Fphotos%2F125391306%40N03%2Fshow%2F&amp;page_show_back_url=%2Fphotos%2F125391306%40N03%2F&amp;user_id=125391306@N03&amp;jump_to=\" \/><param name=\"allowFullScreen\" value=\"true\" \/><param name=\"src\" value=\"https:\/\/www.flickr.com\/apps\/slideshow\/show.swf?v=143270\" \/><param name=\"allowfullscreen\" value=\"true\" \/><embed style=\"width: 624px; height: 384px;\" width=\"400\" height=\"300\" type=\"application\/x-shockwave-flash\" src=\"https:\/\/www.flickr.com\/apps\/slideshow\/show.swf?v=143270\" flashvars=\"offsite=true&amp;lang=en-us&amp;page_show_url=%2Fphotos%2F125391306%40N03%2Fshow%2F&amp;page_show_back_url=%2Fphotos%2F125391306%40N03%2F&amp;user_id=125391306@N03&amp;jump_to=\" allowfullscreen=\"allowfullscreen\" allowfullscreen=\"allowfullscreen\" \/><\/object>\r\n\r\n<\/div>\r\n<h3>Veja tamb\u00e9m <a href=\"https:\/\/waterlat.org\/pt\/publicacoes\/\">Publica\u00e7\u00f5es<\/a><\/h3>","protected":false},"excerpt":{"rendered":"Esta se\u00e7\u00e3o \u00e9 dedicada a v\u00e1rias formas de divulga\u00e7\u00e3o e comunica\u00e7\u00e3o com o p\u00fablico, em v\u00e1rios idiomas. Inclui podcasts, di\u00e1logos sobre temas locais, regionais, nacionais e internacionais, um canal de Youtube com entrevistas com membros da Rede WATERLAT-GOBACIT, video clips das confer\u00eancias e reuni\u00f5es da Rede, entrevistas com participantes das reuni\u00f5es, uma videoteca das atividades, [&hellip;]","protected":false},"author":78,"featured_media":0,"parent":0,"menu_order":0,"comment_status":"closed","ping_status":"closed","template":"page-templates\/full-width.php","meta":{"_acf_changed":false,"footnotes":""},"class_list":["post-2065","page","type-page","status-publish","hentry","no-wpautop"],"acf":[],"_links":{"self":[{"href":"https:\/\/waterlat.org\/pt\/wp-json\/wp\/v2\/pages\/2065","targetHints":{"allow":["GET"]}}],"collection":[{"href":"https:\/\/waterlat.org\/pt\/wp-json\/wp\/v2\/pages"}],"about":[{"href":"https:\/\/waterlat.org\/pt\/wp-json\/wp\/v2\/types\/page"}],"author":[{"embeddable":true,"href":"https:\/\/waterlat.org\/pt\/wp-json\/wp\/v2\/users\/78"}],"replies":[{"embeddable":true,"href":"https:\/\/waterlat.org\/pt\/wp-json\/wp\/v2\/comments?post=2065"}],"version-history":[{"count":16,"href":"https:\/\/waterlat.org\/pt\/wp-json\/wp\/v2\/pages\/2065\/revisions"}],"predecessor-version":[{"id":2971,"href":"https:\/\/waterlat.org\/pt\/wp-json\/wp\/v2\/pages\/2065\/revisions\/2971"}],"wp:attachment":[{"href":"https:\/\/waterlat.org\/pt\/wp-json\/wp\/v2\/media?parent=2065"}],"curies":[{"name":"wp","href":"https:\/\/api.w.org\/{rel}","templated":true}]}}