{"id":2099,"date":"2017-06-07T15:35:06","date_gmt":"2017-06-07T15:35:06","guid":{"rendered":"http:\/\/waterlat.org\/pt\/?page_id=2099"},"modified":"2024-11-27T14:36:21","modified_gmt":"2024-11-27T14:36:21","slug":"working-papers-series","status":"publish","type":"page","link":"https:\/\/waterlat.org\/pt\/working-papers-series\/","title":{"rendered":"CADERNOS DE TRABALHO DA REDE WATERLAT-GOBACIT"},"content":{"rendered":"<style>\r\n*{margin 0 !important; transition 0.2s all;}<br \/>.entry-content img, .comment-content img, .widget img, img.header-image, .author-avatar img, img.wp-post-image {<br \/>box-shadow: none;<br \/>}<br \/>body.template-front-page .site-content, body.single-attachment .site-content, body.full-width .site-content {<br \/>    width: 100% !important;<br \/>}<br \/>.entry-content p, .entry-summary p, .comment-content p, .mu_register p {<br \/>    margin: 0;<br \/>}<br \/>.entry-content, .entry-summary, .mu_register {<br \/>    line-height: inherit !important;<br \/>}<br \/><\/style> <style>\r\n.entry-content p {<br \/>line-height: normal;<br \/>margin 0 !important;<br \/>}<\/p>\r\n<p>\/* NOTE: TOP *\/<br \/>.pl_info{width: 100%; display: inline-block; clear: both;}<br \/>.pl_image{float: left; margin-right: 15px;}<br \/>.pl_image img {width: 150px;}<br \/>.pl_text{padding-top: 10px; font-weight: 300; font-size: 14px;}<br \/>.pl_text a {margin-top: 8px; display: block; text-decoration: none; color: rgb(2, 122, 190);}<br \/>.pl_text a:hover{color: rgb(28, 63, 153); transition: 0.2s all;}<br \/>.detalle_nombre{font-style: italic;}<br \/>.pl_button {font-size: 0.37cm;display: inline-block; font-weight: 300; text-align: center;text-decoration: none; padding: 5px 15px; color: #00263c;border: 1px solid #00263c; border-radius: 4px;}<br \/>.botones{padding-top: 20px;}<br \/>.pl_button:hover{color: #015d92; border-color: #015d92; transition: 0.5s all;}<br \/>.pl_issn{text-align: right;margin-bottom: 25;font-size: 14px;display: inline;float: right;}<br \/>.pl_issn p {text-align: center; display: inline-block; padding-left: 20px;}<\/p>\r\n<p>.pl_separador100{border-top: 1px solid rgba(91, 91, 91, 0.40); width: 98%; margin: 10px auto; }<br \/>.pl_contact::before{content:\" | \"; color: black;}<br \/>\/* NOTE: MISION *\/<br \/>.pl_mision p{padding-left: 5px; font-weight: normal;}<br \/>.pl_caracteristicas {font-weight: normal}<br \/>.pl_caracteristicas ul {padding-left:25px;}<br \/>.pl_caracteristicas ul li {margin: 0px 0px 10px 0px; padding: 5px 10px; border-left: 5px solid; border-color: rgba(33, 33, 33, 0.91); background-color: rgba(154, 154, 154, 0.15); list-style: none; transition: 0.2s all; cursor: default;}<br \/>.pl_caracteristicas ul li:hover{    padding: 10px 15px;<br \/>    transition: 0.3s all;}<br \/>.pl_cc{font-size: 12px; font-style: oblique;}<br \/>.pl_cc a  {text-decoration: none; color: rgb(2, 122, 190);}<br \/>.pl_zenodo a {text-decoration: none; color: rgb(2, 122, 190);}<br \/>.pl_zenodo{font-size: 13px; font-style: oblique;}<br \/><\/style>\r\n<p class=\"pl_issn\">ISSN: (Vers\u00e3o Impressa)<b> 2056-4856<\/b>\r\nISSN: (Vers\u00e3o Eletr\u00f4nica) <b>2056-4864<\/b><\/p>\r\n\r\n<div class=\"pl_info\">\r\n<div class=\"pl_image\"><img decoding=\"async\" src=\"https:\/\/waterlat.org\/wp-content\/uploads\/2023\/11\/Vol9.3Cover.jpg\" \/><\/div>\r\n<div class=\"pl_text\">\r\n<p style=\"font-size: 1.1em;\">Editor Geral:<\/p>\r\n<span style=\"font-weight: 300;\">Jos\u00e9 Esteban Castro,<\/span> <i> Emeritus Professor of Sociology, Newcastle University, Reino Unido <\/i>\r\n<h3><\/h3>\r\n\r\n\r\n<a class=\"pl_button\" href=\"https:\/\/waterlat.org\/publications\/editorial-comission\/\"> Comiss\u00e3o Editorial<\/a>\r\n<\/div>\r\n\r\n\r\n<h2><\/h2>\r\n<a class=\"pl_contact\" href=\"mailto: waterlat@ncl.ac.uk\"> Contato<\/a>\r\n\r\n<\/div>\r\n<h3><\/h3>\r\n<div class=\"botones\"><a class=\"pl_button\" href=\"https:\/\/waterlat.org\/pt\/working-papers-series\/volume-9-2022\/vol9-no-2\">\u00daltimo\r\nN\u00famero<\/a>\r\n<h3><\/h3>\r\n<a class=\"pl_button\" href=\"https:\/\/waterlat.org\/pt\/working-papers-series\/volume-9-2022\/\">Volume\r\nAtual<\/a>\r\n<h3><\/h3>\r\n<a class=\"pl_button\" href=\"https:\/\/waterlat.org\/pt\/publicacoes\/working-papers-series\/archive\/\">Arquivo\r\n<i>Todos os N\u00fameros<\/i><\/a>\r\n<h3><\/h3>\r\n<div class=\"pl_separador100\"><\/div>\r\n<div class=\"pl_mision\">\r\n<h3>Miss\u00e3o<\/h3>\r\nA miss\u00e3o dos Cadernos de Trabalho da Rede WATERLAT-GOBACIT est\u00e3o orientados pelo <a href=\"http:\/\/waterlat.org\/es\/comienzo\/aims\/\">Enfoque<\/a>, <a href=\"http:\/\/waterlat.org\/es\/comienzo\/objetivos\/\">Objetivos<\/a> e <a href=\"http:\/\/waterlat.org\/es\/comienzo\/prioridades-de-investigacion\/\">Prioridades <\/a> da Rede WATERLAT-GOBACIT. Em primeiro lugar, se trata de contribuir ao avan\u00e7o do estado da arte num campo que, em termos gerais, podemos definir como o da ecologia pol\u00edtica da \u00e1gua. Tradicionalmente a pesquisa sobre a \u00e1gua tem sido dominada pelas disciplinas tecno-cient\u00edficas com uma contribui\u00e7\u00e3o muito limitada por parte das ci\u00eancias sociais. A Rede procura contribuir em cobrir estas lacunas enfatizando o estudo dos processos sociais vinculados com a \u00e1gua, desde uma perspectiva inter- e transdisciplinar que incorpora as dimens\u00f5es cultural, ecol\u00f3gica, econ\u00f4mico-financeira, de sa\u00fade, de gest\u00e3o e opera\u00e7\u00e3o, de pol\u00edticas p\u00fablicas e institucional, e pol\u00edtica dos temas relacionados com a \u00e1gua. A maior parte das publica\u00e7\u00f5es s\u00e3o o produto de pesquisa cient\u00edfica, embora tamb\u00e9m inclu\u00edmos contribui\u00e7\u00f5es de outras fontes de conhecimento, tais como o trabalho realizado em institui\u00e7\u00f5es p\u00fablicas e em organiza\u00e7\u00f5es da sociedade civil.\r\n\r\n<\/div>\r\n<div class=\"pl_caracteristicas\">\r\n<h3>Carater\u00edsticas Gerais<\/h3>\r\n<ul>\r\n \t<li>Todos os n\u00fameros dos Cadernos de Trabalho s\u00e3o publicados em vers\u00e3o eletr\u00f4nica, e alguns n\u00fameros tamb\u00e9m s\u00e3o publicados em vers\u00e3o impressa.<\/li>\r\n \t<li>A periodicidade da publica\u00e7\u00e3o \u00e9 regular, e est\u00e1 organizada em volumes anuais com uma quantidade vari\u00e1vel de n\u00fameros individuais.<\/li>\r\n \t<li>Os Cadernos de Trabalho s\u00e3o publicados nas tr\u00eas l\u00ednguas da Rede, espanhol, ingl\u00eas e portugu\u00eas.<\/li>\r\n \t<li>Os trabalhos publicados s\u00e3o selecionados pela equipe editorial. Na maioria dos casos, os autores s\u00e3o convidados pelos editores a enviar trabalhos originais, baseados em relat\u00f3rios de pesquisa, teses e disserta\u00e7\u00f5es de p\u00f3s-gradua\u00e7\u00e3o, papers apresentados em eventos acad\u00eamicos, e outras fontes. Se entrega uma Guia para Autores, que inclui a informa\u00e7\u00e3o sobre o formato do texto e o estilo das refer\u00eancias bibliogr\u00e1ficas. Os trabalhos s\u00e3o avaliados e revisados por uma equipe internacional e interdisciplinar de editores e revisores. Os trabalhos publicados tem data de recep\u00e7\u00e3o e aceita\u00e7\u00e3o.<\/li>\r\n \t<li>Os Cadernos de Trabalho publicam textos individuais organizados sobre um tema comum e n\u00fameros especiais coordenados por editores convidados.<\/li>\r\n \t<li>O tamanho dos textos \u00e9 vari\u00e1vel, desde artigos breves at\u00e9 documentos mais longos que apresentam resultados de pesquisa em detalhe.<\/li>\r\n \t<li>O formato dos textos \u00e9 tamb\u00e9m vari\u00e1vel. A maioria dos trabalhos publicados s\u00e3o Artigos, embora tamb\u00e9m publicamos Notas, Ensaios Fotogr\u00e1ficos, Resenhas, ocasionalmente tradu\u00e7\u00f5es de artigos originais, entre outros.<\/li>\r\n \t<li>Adicionalmente ao texto, e as adi\u00e7\u00f5es convencionais como Tabelas, Gr\u00e1ficas ou Imagens, as publica\u00e7\u00f5es podem incluir tamb\u00e9m v\u00eddeo, \u00e1udio e fotografia.<\/li>\r\n<\/ul>\r\n<\/div>\r\n<div class=\"pl_footer\">\r\n<div class=\"pl_zenodo\">\r\n\r\nOs Cadernos de Trabalho s\u00e3o depositados no, Reposit\u00f3rio da Comunidade WATERLAT-GOBACIT em <a href=\"https:\/\/zenodo.org\/communities\/waterlat-gobacit\/\" target=\"_blank\" rel=\"noopener noreferrer\"><img decoding=\"async\" style=\"width: 80px; margin-left: 2px; padding-bottom: 3px; vertical-align: middle;\" src=\"http:\/\/waterlat.org\/wp-content\/uploads\/2017\/03\/zenodologo.png\" \/> , da Uni\u00e3o Europeia, e indexados em <\/a><a href=\"https:\/\/www.openaire.eu\/templates\/yootheme\/cache\/19\/Logo_Horizontal-1910c000.webp\"> <img decoding=\"async\" style=\"vertical-align: middle;\" src=\"https:\/\/www.openaire.eu\/templates\/yootheme\/cache\/19\/Logo_Horizontal-1910c000.webp\" width=\"60px\" \/><\/a>\r\n\r\nIndexados por LATINDEX Ibero Am\u00e9rica Europa, Catalog 2.0 <a href=\"https:\/\/www.latindex.org\/latindex\/inicio\" target=\"_blank\" rel=\"noopener noreferrer\"><img decoding=\"async\" style=\"width: 80px; margin-left: 2px; padding-bottom: 3px; vertical-align: middle;\" src=\"http:\/\/waterlat.org\/wp-content\/uploads\/2020\/09\/logo.jpg\" \/><\/a>\r\n\r\n<\/div>\r\n&nbsp;\r\n\r\n&nbsp;\r\n<div class=\"pl_cc\"><a href=\"http:\/\/creativecommons.org\/licenses\/by-nc\/4.0\/\" rel=\"license\"><img decoding=\"async\" style=\"border-width: 0; vertical-align: middle; float: left; margin-right: 5px;\" src=\"https:\/\/i.creativecommons.org\/l\/by-nc\/4.0\/88x31.png\" alt=\"Creative Commons Licence\" \/><\/a>\r\nOs Cadernos de Trabalho da Rede WATERLAT-GOBACIT da <a href=\"www.waterlat.org\/es\/\" rel=\"cc:attributionURL\">Rede WATERLAT-GOBACIT<\/a> est\u00e3o protegidos por uma licencia de <a href=\"http:\/\/creativecommons.org\/licenses\/by-nc\/4.0\/\" rel=\"license\">Creative Commons Attribution-NonCommercial 4.0 International License<\/a>.\r\nA possibilidade de ter direitos adicionais aos permitidos por esta licencia pode ser consultada em <a href=\"www.waterlat.org\" rel=\"cc:morePermissions\">www.waterlat.org<\/a>.<\/div>\r\n<\/div>\r\n<\/div>\r\n<\/div>","protected":false},"excerpt":{"rendered":"ISSN: (Vers\u00e3o Impressa) 2056-4856 ISSN: (Vers\u00e3o Eletr\u00f4nica) 2056-4864 Editor Geral: Jos\u00e9 Esteban Castro, Emeritus Professor of Sociology, Newcastle University, Reino Unido Comiss\u00e3o Editorial Contato \u00daltimo N\u00famero Volume Atual Arquivo Todos os N\u00fameros Miss\u00e3o A miss\u00e3o dos Cadernos de Trabalho da Rede WATERLAT-GOBACIT est\u00e3o orientados pelo Enfoque, Objetivos e Prioridades da Rede WATERLAT-GOBACIT. Em primeiro lugar, [&hellip;]","protected":false},"author":78,"featured_media":0,"parent":0,"menu_order":0,"comment_status":"closed","ping_status":"closed","template":"page-templates\/full-width.php","meta":{"_acf_changed":false,"footnotes":""},"class_list":["post-2099","page","type-page","status-publish","hentry","no-wpautop"],"acf":[],"_links":{"self":[{"href":"https:\/\/waterlat.org\/pt\/wp-json\/wp\/v2\/pages\/2099","targetHints":{"allow":["GET"]}}],"collection":[{"href":"https:\/\/waterlat.org\/pt\/wp-json\/wp\/v2\/pages"}],"about":[{"href":"https:\/\/waterlat.org\/pt\/wp-json\/wp\/v2\/types\/page"}],"author":[{"embeddable":true,"href":"https:\/\/waterlat.org\/pt\/wp-json\/wp\/v2\/users\/78"}],"replies":[{"embeddable":true,"href":"https:\/\/waterlat.org\/pt\/wp-json\/wp\/v2\/comments?post=2099"}],"version-history":[{"count":74,"href":"https:\/\/waterlat.org\/pt\/wp-json\/wp\/v2\/pages\/2099\/revisions"}],"predecessor-version":[{"id":3960,"href":"https:\/\/waterlat.org\/pt\/wp-json\/wp\/v2\/pages\/2099\/revisions\/3960"}],"wp:attachment":[{"href":"https:\/\/waterlat.org\/pt\/wp-json\/wp\/v2\/media?parent=2099"}],"curies":[{"name":"wp","href":"https:\/\/api.w.org\/{rel}","templated":true}]}}