{"id":2116,"date":"2017-06-13T13:01:51","date_gmt":"2017-06-13T13:01:51","guid":{"rendered":"http:\/\/waterlat.org\/pt\/?page_id=2116"},"modified":"2025-03-19T17:28:56","modified_gmt":"2025-03-19T17:28:56","slug":"equipe","status":"publish","type":"page","link":"https:\/\/waterlat.org\/pt\/equipe\/","title":{"rendered":"Equipe"},"content":{"rendered":"<style>\r\n<p>.eq_cuadroMiem{margin: 15px 0px; width: 100%; text-align: center;}<\/p>\r\n<p>.shadow {<br \/>  transition: 0.2s all;<br \/>   -moz-box-shadow:    inset 0 0 10px rgba(51, 51, 51, 0.37);<br \/>   -webkit-box-shadow: inset 0 0 10px rgba(51, 51, 51, 0.37);<br \/>    box-shadow:        inset 0 0 10px rgba(51, 51, 51, 0.37);<br \/>}<br \/>.eq_miembro{padding: 10px 20px; margin: 0px -1px; font-size: 18px; background-color: #b5b5b5; color: white;width: 100px; height: 100px; display: table-cell;vertical-align: middle;transition: 0.2s all; overflow: auto; cursor: pointer;}<br \/>#Pri{width: 100%;display: table;table-layout: fixed;margin-bottom: 5px;}<br \/>#Pri>.eq_miembro{display: table-cell; margin-bottom: 2px;}<br \/>.eq_miembro a {color: inherit; text-decoration: none;\u00a0text-align: center;}<br \/>.eq_bot{display:table;width:100%;}<\/p>\r\n<p>.eq_miembro.shadow:hover{<br \/>  transition: 0.2s all;<\/p>\r\n<p>   -moz-box-shadow:    inset 0 0 10px rgba(51, 51, 51, 0.80);<br \/>   -webkit-box-shadow: inset 0 0 10px rgba(51, 51, 51, 0.80);<br \/>    box-shadow:        inset 0 0 10px rgba(51, 51, 51, 0.80);<br \/>}<\/p>\r\n<p>.lista_final a{text-decoration: none;}<br \/>.lista_final{    display: inline-block;<br \/>    background-color: #e2e2e2;<br \/>    border-left: 5px #3a3a3a solid;<br \/>    padding: 10px 25px 10px 0px;}<br \/>.lista_final li{list-style: none;}<\/p>\r\n<p>@media screen and (max-width: 601px){<br \/>  .eq_miembro{display: inline-block; margin: 1px;}<br \/>  #Pri{display: inline-block;}<br \/>  #Pri>.eq_miembro{display: inline-block;}<br \/>  .eq_bot{display: inline-block;}<br \/>}<br \/><\/style>\r\n\r\nA Rede WATERLAT-GOBACIT t\u00eam aproximadamente 450 membros baseados em \u00c1frica, Am\u00e9rica Latina, Asia e Europa.\r\n<h2><\/h2>\r\n<div class=\"eq_map\"><iframe loading=\"lazy\" src=\"https:\/\/www.google.com\/maps\/d\/u\/0\/embed?mid=1rxGbTi2xIkPqGBY2oQKiuKsLgCgSci1k\" width=\"640\" height=\"480\"><\/iframe><\/div>\r\n<div class=\"eq_cuadroMiem\">\r\n<div id=\"Pri\">\r\n<div class=\"eq_miembro shadow\"><a href=\"http:\/\/waterlat.org\/es\/equipo\/miembros\/\">Membros<\/a><\/div>\r\n<div class=\"eq_miembro shadow\"><a href=\"http:\/\/waterlat.org\/es\/equipo\/estudiantes\/\"> Estudantes<\/a><\/div>\r\n<div class=\"eq_miembro shadow\"><a href=\"https:\/\/waterlat.org\/pt\/equipe\/membros-institucionais\/\">Membros Institucionais<\/a><\/div>\r\n<\/div>\r\n<div class=\"eq_bot\">\r\n<div class=\"eq_miembro shadow\"><a href=\"https:\/\/waterlat.org\/pt\/about\/contato\/\">Coordena\u00e7\u00e3o Geral<\/a><\/div>\r\n<div class=\"eq_miembro shadow\"><a href=\"https:\/\/waterlat.org\/pt\/publicacoes\/comissao-de-publicacoes\/\">Comiss\u00e3o Editorial<\/a><\/div>\r\n<div class=\"eq_miembro shadow\"><a href=\"https:\/\/waterlat.org\/pt\/waterlat-student-prize\/\">Equipe do Pr\u00eamio de Estudantes<\/a><\/div>\r\n<\/div>\r\n<\/div>\r\n<h2><\/h2>\r\nA equipe da Rede inclui membros individuais e institucionais e um grande n\u00famero de estudantes de gradua\u00e7\u00e3o e p\u00f3s-gradua\u00e7\u00e3o. Al\u00e9m de acad\u00eamicos eestudantes, inclui trabalhadores do setor p\u00fablico, membros de ONGs, movimentos sociais, comunidades ind\u00edgenas e camponesas, sindicatos, entre outros setores relevantes. Apresentamos nossa equipe em \u201cmembros\u201d e \u201cestudantes\u201d para enfatizar a import\u00e2ncia de nosso corpo de estudantes. Anualmente a Rede outorga um Pr\u00eamio de Estudantes consistente na publica\u00e7\u00e3o das melhores teses de doutorado e disserta\u00e7\u00f5es de mestrado.\r\n<h2><\/h2>\r\n<ul class=\"lista_final\">\r\n \t<li><b>Secretaria:<a href=\"mailto:waterlat@newcastle.ac.uk\"> (Email)<\/a><\/b><\/li>\r\n \t<li><b>Desenho de Internet: <\/b>Mat\u00edas Kohan<\/li>\r\n \t<li><b>Desenhos editoriais:<\/b> Damiano Tagliavini<\/li>\r\n<li><b>Desenhos para Internet e redes sociais:<\/b> Patr\u00edcia Geittenes Tondelo<\/li>\r\n\r\n<\/ul>","protected":false},"excerpt":{"rendered":"A Rede WATERLAT-GOBACIT t\u00eam aproximadamente 450 membros baseados em \u00c1frica, Am\u00e9rica Latina, Asia e Europa. Membros Estudantes Membros Institucionais Coordena\u00e7\u00e3o Geral Comiss\u00e3o Editorial Equipe do Pr\u00eamio de Estudantes A equipe da Rede inclui membros individuais e institucionais e um grande n\u00famero de estudantes de gradua\u00e7\u00e3o e p\u00f3s-gradua\u00e7\u00e3o. Al\u00e9m de acad\u00eamicos eestudantes, inclui trabalhadores do setor [&hellip;]","protected":false},"author":78,"featured_media":0,"parent":0,"menu_order":0,"comment_status":"closed","ping_status":"closed","template":"page-templates\/full-width.php","meta":{"_acf_changed":false,"footnotes":""},"class_list":["post-2116","page","type-page","status-publish","hentry","no-wpautop"],"acf":[],"_links":{"self":[{"href":"https:\/\/waterlat.org\/pt\/wp-json\/wp\/v2\/pages\/2116","targetHints":{"allow":["GET"]}}],"collection":[{"href":"https:\/\/waterlat.org\/pt\/wp-json\/wp\/v2\/pages"}],"about":[{"href":"https:\/\/waterlat.org\/pt\/wp-json\/wp\/v2\/types\/page"}],"author":[{"embeddable":true,"href":"https:\/\/waterlat.org\/pt\/wp-json\/wp\/v2\/users\/78"}],"replies":[{"embeddable":true,"href":"https:\/\/waterlat.org\/pt\/wp-json\/wp\/v2\/comments?post=2116"}],"version-history":[{"count":12,"href":"https:\/\/waterlat.org\/pt\/wp-json\/wp\/v2\/pages\/2116\/revisions"}],"predecessor-version":[{"id":4003,"href":"https:\/\/waterlat.org\/pt\/wp-json\/wp\/v2\/pages\/2116\/revisions\/4003"}],"wp:attachment":[{"href":"https:\/\/waterlat.org\/pt\/wp-json\/wp\/v2\/media?parent=2116"}],"curies":[{"name":"wp","href":"https:\/\/api.w.org\/{rel}","templated":true}]}}