{"id":2188,"date":"2017-07-19T17:31:24","date_gmt":"2017-07-19T17:31:24","guid":{"rendered":"http:\/\/waterlat.org\/pt\/?page_id=2188"},"modified":"2017-08-26T18:06:07","modified_gmt":"2017-08-26T18:06:07","slug":"democratizacaorecife180717","status":"publish","type":"page","link":"https:\/\/waterlat.org\/pt\/encontros\/encontros-abertos\/waterlat-gobacit-ix-2018\/democratizacaorecife180717\/","title":{"rendered":"Democratiza\u00e7\u00e3o da Pol\u00edtica e da Gest\u00e3o da \u00c1gua: um Desafio Transdisciplinar"},"content":{"rendered":"<style>\r\n.entry-content img, .comment-content img, .widget img, img.header-image, .author-avatar img, img.wp-post-image {\r\nbox-shadow: none;\r\n}\r\n.m_logos{display: inline-block; text-align: center; width: 100%;}\r\n.m_logos img{vertical-align: middle; margin: 5px 5px; height:50px;}\r\n.m_flick{margin: 0 auto; display: block;}\r\n\r\n.flickr {\r\ndisplay: inline-block; \r\nmargin-left: 15%;\r\n}\r\n\r\n\r\n  td:nth-child(1) {font-weight: 800 !important; font-style: italic; font-size: 17px; vertical-align: middle;}\r\n  td:nth-child(2) {font-weight: 100 !important; border-left: 1px solid rgb(139, 139, 139);}\r\n  table {\r\n    border-collapse: collapse !important;\r\n    border-spacing: 0px !important;\r\n    margin: 0px auto !important;\r\n    width: 75% !important;\r\n    line-height: inherit !important;\r\n    font-size: inherit !important;\r\n    color: black !important;\r\n    border-radius: 3px;\r\n  }\r\n\r\n  td, th {\r\n      padding: 20px 25px !important;\r\n      cursor:default !important;\r\n  }\r\n  tr:nth-child(even) {\r\n    background-color: #eeeeee;\r\n}\r\n  tr:hover{background-color: #dddddd !important;}\r\n  tr{transition: 0.2s all !important;}\r\n  tr:first-child td{border-top: none !important;}\r\n  td a{transition: 0.2s all !important; text-decoration: none !important; color: rgb(48, 111, 194) !important; cursor: pointer !important;}\r\n  td a:hover{transition: 0.2s all !important;color: rgb(28, 71, 126) !important;}\r\n\r\n\r\n<\/style>\r\n<br \/>\r\n<h2 style=\"text-align:center;\">18 de agosto de 2017 <br \/> 08:00h <\/h2>\r\n<p>\r\n  <b>Local:<\/b> Funda\u00e7\u00e3o Joaquim Nabuco (Fundaj), Sala Calouste Gulbenkian, Av. 17 de Agosto, 2187, Campus Gilberto Freyre, Casa Forte, Recife\/PE, Brasil\r\n<\/p>\r\n\r\n<p style=\"line-height: 2; font-size: 14px;\">\r\n  O evento fez parte das atividades preparat\u00f3rias do IX Encontro Internacional da Rede Waterlat-Gobacit, que ter\u00e1 lugar no per\u00edodo de 3 a 7 de setembro de 2018, em Jo\u00e3o Pessoa, Para\u00edba. O objetivo central foi a discuss\u00e3o dos obst\u00e1culos, desafios e oportunidades que confrontam o processo de democratiza\u00e7\u00e3o da pol\u00edtica e da gest\u00e3o da \u00e1gua, que embora sejam predominantemente tratadas como um tema fundamentalmente t\u00e9cnico, requer devido a sua enorme complexidade enfoques que integrem uma diversidade de conhecimentos. Por sua vez, existe o desafio de desenvolver abordagens interdisciplinares mais avan\u00e7adas, capazes de integrar as contribui\u00e7\u00f5es das disciplinas tecnocient\u00edficas, naturais, sociais, etc. Al\u00e9m disso, tamb\u00e9m \u00e9 necess\u00e1rio integrar conhecimentos v\u00e1lidos, que s\u00e3o produzidos em outros \u00e2mbitos al\u00e9m das universidades e centros de pesquisa cient\u00edfica, desde os espa\u00e7os de gest\u00e3o da \u00e1gua e dos servi\u00e7os baseados no uso da \u00e1gua, at\u00e9 as institui\u00e7\u00f5es da sociedade civil que participam na constru\u00e7\u00e3o de vis\u00f5es alternativas as formas predominantes de pol\u00edtica e gest\u00e3o da \u00e1gua e dos bens ambientais em geral.\r\n<\/p>\r\n\r\n<p style=\"line-height: 2; font-size: 14px;\">\r\n  Nesse sentido, o evento gerou um espa\u00e7o de interc\u00e2mbio de conhecimentos, experi\u00eancias, e debate sobre estes temas, com o objetivo de promover intera\u00e7\u00f5es entre os participantes que estimulem o desenvolvimento de projetos de pesquisa, de intercambio, e outras atividades construtivas e propositivas sobre o tema central, a democratiza\u00e7\u00e3o da pol\u00edtica e da gest\u00e3o da \u00e1gua.\r\n<\/p>\r\n<br \/>\r\n<p style=\"text-align:center; font-weight:800; margin:5px !important;\">Galeria fotogr\u00e1fica do evento:<\/p>\r\n    <div class=\"flickr\">\r\n<a data-flickr-embed=\"true\" data-context=\"true\"  href=\"https:\/\/www.flickr.com\/photos\/125391306@N03\/15120287605\/in\/album-72157685468710563\/\" title=\"DESAFIO - Trabajo de Campo de los Casos de Estudio 2.2 y 3.2 \/ Field Work from Case Studies 2.2 and 3.2\"><img loading=\"lazy\" decoding=\"async\" src=\"https:\/\/farm4.staticflickr.com\/3899\/15120287605_5b715d21d1_z.jpg\" width=\"640\" height=\"427\" alt=\"DESAFIO - Trabajo de Campo de los Casos de Estudio 2.2 y 3.2 \/ Field Work from Case Studies 2.2 and 3.2\"><\/a><script async src=\"\/\/embedr.flickr.com\/assets\/client-code.js\" charset=\"utf-8\"><\/script>\r\n<\/div>\r\n<br \/><br \/><br \/>\r\n<table>\r\n  <tr>\r\n    <td>09:00h<\/td>\r\n    <td><b>Mesa de abertura<\/b> <br \/><i>Edilene Barbosa Pinto, Funda\u00e7\u00e3o Joaquim Nabuco, Sinval Pinto Brand\u00e3o Filho, Centro de Pesquisas Aggeu Magalh\u00e3es (CPqAM), Funda\u00e7\u00e3o Oswaldo Cruz (Fiocruz) Pernambuco, Suzana Maria Gico Lima Montenegro, Universidade Federal de Pernambuco, Jos\u00e9 Esteban Castro, Consejo Nacional de Investigaciones Cient\u00edficas y T\u00e9cnicas (CONICET, Argentina) e Coordenador da Rede Waterlat-Gobacit<\/i><\/td>\r\n  <\/tr>\r\n\r\n  <tr>\r\n    <td>09:30h<\/td>\r\n    <td>Palestra de <b> Jos\u00e9 Esteban Castro <\/b> \u2013 Coordenador da Rede <br \/><i>Investigador Principal do Consejo Nacional de Investigaciones Cient\u00edficas y T\u00e9cnicas (CONICET, Argentina) e Professor Em\u00e9rito da Newcastle University, Reino Unido <\/i><br \/> <u>Coordena\u00e7\u00e3o<\/u>: <b>L\u00edgia Albuquerque<\/b>, Funda\u00e7\u00e3o Joaquim Nabuco<\/td>\r\n  <\/tr>\r\n\r\n  <tr>\r\n    <td>11:00h<\/td>\r\n    <td>\r\n      <b>Mesa de di\u00e1logo sobre desafios e prioridades da pol\u00edtica e da gest\u00e3o da \u00e1gua no Nordeste<\/b> <br \/> <u>Coordena\u00e7\u00e3o<\/u>: <b>Izaura Fischer<\/b>, <i>Funda\u00e7\u00e3o Joaquim Nabuco<\/i> <br \/>\r\n      <ul>\r\n      <li><b>Andr\u00e9 Monteiro<\/b> \u2013 <i>Pesquisador da Funda\u00e7\u00e3o Oswaldo Cruz (Fiocruz) Pernambuco, Laborat\u00f3rio de Sa\u00fade, Ambiente e Trabalho (Lasat)<\/i><\/li>\r\n      <li><b>Fernanda Cruz<\/b> \u2013 <i>Articula\u00e7\u00e3o do Semi\u00e1rido Brasileiro (ASA Brasil)<\/i><\/li>\r\n      <li><b>Suzana Maria Gico Lima Montenegro<\/b> \u2013 <i>Professora e pesquisadora da Universidade Federal de Pernambuco.<\/i><\/li>\r\n      <li><b>Lu\u00eds Henrique Cunha<\/b> \u2013 <i>Professor e pesquisador da Universidade Federal de Campina Grande (UFCG).<\/i><\/li>\r\n      <li><b>Edneida Cavalcanti<\/b> \u2013 <i>Pesquisadora da Funda\u00e7\u00e3o Joaquim Nabuco (Fundaj), Centro de Din\u00e2micas Sociais e Territoriais (Cedist).<\/i><\/li>\r\n    <\/ul>\r\n  <\/td>\r\n  <\/tr>\r\n\r\n  <tr>\r\n    <td>12:00h<\/td>\r\n    <td><b>Debate<\/b><\/td>\r\n  <\/tr>\r\n\r\n\r\n  \r\n<\/table>\r\n\r\n<br \/><br \/>\r\n\r\n<p style=\"margin:0px;\"><b> Apresenta\u00e7\u00f5es em formato pdf:<\/b> <\/p>\r\n<ul>\r\n<li><a href=\"http:\/\/waterlat.org\/GeneralPDFs\/CastroFundaj180817.pdf\r\n\"><b>Jos\u00e9 Esteban Castro<\/b><\/a><\/li>\r\n\r\n<li><a href=\"http:\/\/waterlat.org\/GeneralPDFs\/MontenegroFundaj180817.pdf\r\n\"><b>Suzana Maria Gico Lima Montenegro <\/b><\/a><\/li>\r\n\r\n<li><a href=\"http:\/\/waterlat.org\/GeneralPDFs\/CunhaFundaj180817.pdf\r\n\"><b>Luis Henrique Cunha\r\n<\/b><\/a><\/li>\r\n<\/ul>\r\n\r\n<br \/>\r\n<b>Organiza\u00e7\u00e3o:<\/b>\r\n<ul>\r\n<li>Funda\u00e7\u00e3o Joaquim Nabuco \u2013 Fundaj<\/li>\r\n<li>Rede WATERLAT-GOBACIT<\/li>\r\n<li>Centro de Pesquisas Aggeu Magalh\u00e3es \u2013 CPqAM, Funda\u00e7\u00e3o Oswaldo Cruz \u2013 Fiocruz, Pernambuco<\/li>\r\n<li>Universidade Federal de Pernambuco \u2013 UFPE<\/li>\r\n<\/ul>\r\n\r\n\r\n<b>Apoio:<\/b>\r\n<ul>\r\n<li>Programa de P\u00f3s-Gradua\u00e7\u00e3o em Desenvolvimento e Meio Ambiente (PRODEMA), Universidade Federal da Para\u00edba- UFPB<\/li>\r\n<li>Universidade Estadual da Para\u00edba \u2013 UEPB<\/li>\r\n<li>Universidade Federal de Campina Grande \u2013 UFCG<\/li>\r\n<li>Centro de Desenvolvimento Sustent\u00e1vel do Semi\u00e1rido \u2013 CDSA, Universidade Federal de Campina Grande \u2013 UFCG, Campus Sum\u00e9<\/li>\r\n<li>Instituto Nacional do Semi\u00e1rido \u2013 INSA<\/li>\r\n<li>Universidade Federal Rural de Pernambuco \u2013 UFRPE<\/li>\r\n<li>Universidade Cat\u00f3lica de Pernambuco \u2013 UNICAP<\/li>\r\n<li>Programa de P\u00f3s-Gradua\u00e7\u00e3o em Desenvolvimento e Meio Ambiente (PRODEMA), Universidade Federal de Pernambuco \u2013 UFPE<\/li>\r\n<li>Mestrado Profissional em Rede Nacional em Gest\u00e3o e Regula\u00e7\u00e3o de Recursos H\u00eddricos \u2013 Prof\u00c1gua, Universidade Federal de Pernambuco \u2013 UFPE<\/li>\r\n<li>Projeto \u00c1guascapes \u2013 Universidade Federal de Pernambuco \u2013 UFPE<\/li>\r\n<li>Universidade Estadual de Pernambuco \u2013 UPE, Campus Nazar\u00e9 da Mata<\/li>\r\n<li>Escola Polit\u00e9cnica de Pernambuco \u2013 Poli\/UPE<\/li>\r\n<li>Instituto Federal de Pernambuco \u2013 IFPE, Campus Recife<\/li>\r\n<li>Associa\u00e7\u00e3o Brasileira de Recursos H\u00eddricos \u2013 ABRH<\/li>\r\n<li>Associa\u00e7\u00e3o Brasileira de \u00c1guas Subterr\u00e2neas \u2013 ABAS<\/li>\r\n<li>Associa\u00e7\u00e3o Brasileira de Engenharia Sanit\u00e1ria e Ambiental \u2013 ABES-Pernambuco<\/li>\r\n<li>Parlamento Nacional da Juventude pelas \u00c1guas \u2013 PNJA<\/li>\r\n<li>Articula\u00e7\u00e3o do Semi\u00e1rido Brasileiro \u2013 ASA-Brasil e ASA-Pernambuco<\/li>\r\n<li>Observat\u00f3rio Nacional de Governan\u00e7a das \u00c1guas \u2013 OGA<\/li>\r\n<li>Associa\u00e7\u00e3o \u00c1guas do Nordeste \u2013 ANE, N\u00facleo Estadual do OGA<\/li>\r\n<li>Federa\u00e7\u00e3o de \u00d3rg\u00e3os para Assist\u00eancia Social e Educacional \u2013 FASE<\/li>\r\n<li>Sindicato dos Urbanit\u00e1rios de Pernambuco (SINDURB)<\/li>\r\n<li>Ag\u00eancia Pernambucana de \u00c1guas e Clima \u2013 APAC<\/li>\r\n<li>Superintend\u00eancia de Desenvolvimento do Nordeste \u2013 SUDENE<\/li>\r\n<li>Secretaria de Meio Ambiente e Sustentabilidade \u2013 Semas, Governo do Estado de Pernambuco<\/li>\r\n<li>Secretaria de Desenvolvimento Sustent\u00e1vel e Meio Ambiente \u2013 SDSMA, Prefeitura do Recife<\/li>\r\n<\/ul>\r\n\r\n<div class=\"m_logos\">\r\n<img decoding=\"async\" width=\"\" src=\"http:\/\/waterlat.org\/wp-content\/uploads\/2017\/08\/assinatura-conjunta-digital.jpg\"\/>\r\n<img decoding=\"async\" width=\"\" src=\"http:\/\/waterlat.org\/wp-content\/uploads\/2017\/08\/logosRecife16.jpg\"\/>\r\n<img decoding=\"async\" width=\"\" src=\"http:\/\/waterlat.org\/wp-content\/uploads\/2017\/07\/fiocruz-logo.png\"\/>\r\n<img decoding=\"async\" width=\"\" src=\"http:\/\/waterlat.org\/wp-content\/uploads\/2017\/08\/logosRecife13.jpg\"\/>\r\n<\/div>\r\n<div class=\"m_logos\">\r\n<img decoding=\"async\" width=\"\" src=\"http:\/\/waterlat.org\/wp-content\/uploads\/2017\/08\/logosRecife8.jpg\"\/>\r\n<img decoding=\"async\" width=\"\" src=\"http:\/\/waterlat.org\/wp-content\/uploads\/2017\/08\/logosRecife10.png\"\/>\r\n<img decoding=\"async\" width=\"\" src=\"http:\/\/waterlat.org\/wp-content\/uploads\/2017\/08\/logosRecife4.jpg\"\/>\r\n<img decoding=\"async\" width=\"\" src=\"http:\/\/waterlat.org\/wp-content\/uploads\/2017\/08\/logosRecife5.png\"\/>\r\n<img decoding=\"async\" width=\"\" src=\"http:\/\/waterlat.org\/wp-content\/uploads\/2017\/08\/logosRecife8.png\"\/>\r\n<img decoding=\"async\" width=\"\" src=\"http:\/\/waterlat.org\/wp-content\/uploads\/2017\/08\/logosRecife9.png\"\/>\r\n<img decoding=\"async\" width=\"\" src=\"http:\/\/waterlat.org\/wp-content\/uploads\/2017\/08\/logosRecife6.jpg\"\/>\r\n<img decoding=\"async\" width=\"\" src=\"http:\/\/waterlat.org\/wp-content\/uploads\/2017\/08\/logosRecife1.jpg\"\/>\r\n<img decoding=\"async\" width=\"\" src=\"http:\/\/waterlat.org\/wp-content\/uploads\/2017\/08\/logosRecife12.jpg\"\/>\r\n<img decoding=\"async\" width=\"\" src=\"http:\/\/waterlat.org\/wp-content\/uploads\/2017\/08\/logosRecife11.png\"\/>\r\n<img decoding=\"async\" width=\"\" src=\"http:\/\/waterlat.org\/wp-content\/uploads\/2017\/08\/logosRecife14.png\"\/>\r\n<img decoding=\"async\" width=\"\" src=\"http:\/\/waterlat.org\/wp-content\/uploads\/2017\/08\/logosRecife15.png\"\/>\r\n<\/div>\r\n<\/br>\r\n\r\n\r\n\r\n<h3><a href=\"https:\/\/waterlat.org\/pt\/encontros\/encontros-abertos\/waterlat-gobacit-ix-2018\/\">Regresar \u00e0 p\u00e1gina principal do IX Encontro Internacional<\/a>.<\/h3>","protected":false},"excerpt":{"rendered":"18 de agosto de 2017 08:00h Local: Funda\u00e7\u00e3o Joaquim Nabuco (Fundaj), Sala Calouste Gulbenkian, Av. 17 de Agosto, 2187, Campus Gilberto Freyre, Casa Forte, Recife\/PE, Brasil O evento fez parte das atividades preparat\u00f3rias do IX Encontro Internacional da Rede Waterlat-Gobacit, que ter\u00e1 lugar no per\u00edodo de 3 a 7 de setembro de 2018, em Jo\u00e3o [&hellip;]","protected":false},"author":3,"featured_media":0,"parent":2205,"menu_order":0,"comment_status":"closed","ping_status":"closed","template":"page-templates\/full-width.php","meta":{"_acf_changed":false,"footnotes":""},"class_list":["post-2188","page","type-page","status-publish","hentry","no-wpautop"],"acf":[],"_links":{"self":[{"href":"https:\/\/waterlat.org\/pt\/wp-json\/wp\/v2\/pages\/2188","targetHints":{"allow":["GET"]}}],"collection":[{"href":"https:\/\/waterlat.org\/pt\/wp-json\/wp\/v2\/pages"}],"about":[{"href":"https:\/\/waterlat.org\/pt\/wp-json\/wp\/v2\/types\/page"}],"author":[{"embeddable":true,"href":"https:\/\/waterlat.org\/pt\/wp-json\/wp\/v2\/users\/3"}],"replies":[{"embeddable":true,"href":"https:\/\/waterlat.org\/pt\/wp-json\/wp\/v2\/comments?post=2188"}],"version-history":[{"count":39,"href":"https:\/\/waterlat.org\/pt\/wp-json\/wp\/v2\/pages\/2188\/revisions"}],"predecessor-version":[{"id":2299,"href":"https:\/\/waterlat.org\/pt\/wp-json\/wp\/v2\/pages\/2188\/revisions\/2299"}],"up":[{"embeddable":true,"href":"https:\/\/waterlat.org\/pt\/wp-json\/wp\/v2\/pages\/2205"}],"wp:attachment":[{"href":"https:\/\/waterlat.org\/pt\/wp-json\/wp\/v2\/media?parent=2188"}],"curies":[{"name":"wp","href":"https:\/\/api.w.org\/{rel}","templated":true}]}}