{"id":2208,"date":"2017-07-21T20:10:20","date_gmt":"2017-07-21T20:10:20","guid":{"rendered":"http:\/\/waterlat.org\/pt\/?page_id=2208"},"modified":"2018-12-17T22:20:14","modified_gmt":"2018-12-17T22:20:14","slug":"coordenacao-ix-encontro2018","status":"publish","type":"page","link":"https:\/\/waterlat.org\/pt\/encontros\/encontros-abertos\/waterlat-gobacit-ix-2018\/coordenacao-ix-encontro2018\/","title":{"rendered":"Coordena\u00e7\u00e3o e Organiza\u00e7\u00e3o do Programa"},"content":{"rendered":"<p>&nbsp;<\/p>\n<h3>Coordena\u00e7\u00e3o Local do Encontro<\/h3>\n<p><strong>Marcionila Fernandes<\/strong>, Coordenadora da Equipe Local, Universidade Estadual da Para\u00edba (UEPB), Campina Grande, Para\u00edba, Brasil<\/p>\n<p><strong>Cidoval Morais de Sousa<\/strong>, Universidade Estadual da Para\u00edba (UEPB), Campina Grande, Para\u00edba, Brasil<\/p>\n<p>&nbsp;<\/p>\n<h2>Grupo de Apoio \u00e0 Coordena\u00e7\u00e3o Local do Encontro<\/h2>\n<p><strong>Salom\u00e3o de Sousa Medeiros<\/strong>, Instituto Nacional do Semi\u00e1rido (INSA), Campina Grande, Para\u00edba, Brasil<\/p>\n<p><strong>Andr\u00e9 Monteiro<\/strong>, Funda\u00e7\u00e3o Oswaldo Cruz (Fiocruz), Recife, Pernambuco, Brasil<\/p>\n<p><strong>Leonardo Tinoco<\/strong>, Universidade Estadual da Para\u00edba (UEPB), Campina Grande, Para\u00edba, Brasil<\/p>\n<p><strong>Ant\u00f4nio Roberto Faustino da Costa<\/strong>, Universidade Estadual da Para\u00edba (UEPB), Campina Grande, Para\u00edba, Brasil<\/p>\n<p><strong>Hermelinda Rocha Ferreira<\/strong>, Ag\u00eancia Pernambucana de \u00c1guas e Clima (APAC), Recife, Pernambuco, Brasil<\/p>\n<p><strong>Glauce J\u00e1come<\/strong>, Universidade Estadual da Para\u00edba (UEPB), Campina Grande, Para\u00edba, Brasil<\/p>\n<p><strong>S\u00e9rgio Portella<\/strong>, Funda\u00e7\u00e3o Oswaldo Cruz (Fiocruz), R\u00edo de Janeiro, Brasil<\/p>\n<p><strong>Simone Oliveira<\/strong>, Funda\u00e7\u00e3o Oswaldo Cruz (Fiocruz), R\u00edo de Janeiro, Brasil<\/p>\n<p><strong>\u00c2ngela Maria Cavalcanti Ramalho<\/strong>, Universidade Estadual da Para\u00edba (UEPB), Campina Grande, Para\u00edba, Brasil<\/p>\n<p><strong>Rozeane Lima<\/strong>, Universidade Estadual da Para\u00edba (UEPB), Campina Grande, Para\u00edba, Brasil<\/p>\n<p>&nbsp;<\/p>\n<h3>Equipe de Apoio T\u00e9cnico da Coordena\u00e7\u00e3o<\/h3>\n<p><strong>Maria Eduarda Brand\u00e3o C\u00e2mara<\/strong>, Universidade Estadual da Para\u00edba (UEPB), Jo\u00e3o Pessoa, Para\u00edba, Brasil<\/p>\n<p><strong>Nath\u00e1lia Souza de Morais<\/strong>, Universidade Estadual da Para\u00edba (UEPB), Jo\u00e3o Pessoa, Para\u00edba, Brasil<\/p>\n<p><strong>Cybele Morais Gomes<\/strong>, Universidade Federal da Para\u00edba, Jo\u00e3o Pessoa, Para\u00edba, Brasil<\/p>\n<p><strong>Elane Gomes da Silva Oliveira<\/strong>, Universidade Federal de Pernambuco (UFPE), Recife, Pernambuco, Brasil<\/p>\n<p><strong>Hallyson Angelo Cordeiro<\/strong>, Universidade Estadual da Para\u00edba (UEPB), Jo\u00e3o Pessoa, Para\u00edba, Brasil<\/p>\n<p><strong>Hip\u00f3lito Lucena<\/strong>, Universidade Estadual da Para\u00edba (UEPB), Campina Grande, Para\u00edba, Brasil<\/p>\n<p><strong>Mat\u00edas Kohan<\/strong>, Buenos Aires, Argentina<\/p>\n<p><strong>Damiano Tagliavini<\/strong>, Conselho Superior de Pesquisas Cientificas e T\u00e9cnicas (CONICET), Buenos Aires, Argentina<\/p>\n<p>&nbsp;<\/p>\n<h3>Contrapartes Internacionais da Coordena\u00e7\u00e3o<\/h3>\n<p><strong>Oscar Rodr\u00edguez Le\u00f3n<\/strong>, Internacional de Servi\u00e7os P\u00fablicos (ISP), San Jos\u00e9, Costa Rica<\/p>\n<p><strong>Javier Bogantes<\/strong>, Tribunal Latinoamericano da \u00c1gua, Costa Rica<\/p>\n<p><strong>Jaime Antonio Preciado Coronado<\/strong>, Universidade de Guadalajara, M\u00e9xico. Coordenador da Rede de Pesquisas sobre a Integra\u00e7\u00e3o Latino-americana e Caribenha (REDIALC)<\/p>\n<p>&nbsp;<\/p>\n<h4>Assessores da Coordena\u00e7\u00e3o<\/h4>\n<p><strong>Paul Cisneros<\/strong>, Instituto de Altos Estudos Nacionais (IAEN), Quito, Equador<\/p>\n<p><strong>Javier Gonzaga Valencia Hern\u00e1ndez<\/strong>, Universidade de Caldas, Manizales, Col\u00f4mbia<\/p>\n<p><strong>Gustavo Kohan<\/strong>, Universidade Nacional de General Sarmiento (UNGS), Argentina<\/p>\n<p><strong>Mario Edgar L\u00f3pez Ram\u00edrez<\/strong>, ITESO, a Universidade Jesuita de Guadalajara, M\u00e9xico<\/p>\n<p><strong>Wagner Costa Ribeiro<\/strong>, Universidade de S\u00e3o Paulo (USP), Brasil<\/p>\n<p><strong>David Saur\u00ed Pujol<\/strong>, Universidade Aut\u00f3noma de Barcelona (UAB), Espanha<\/p>\n<p><strong>Mar\u00eda Luisa Torregrossa Armentia<\/strong>, Faculdade Latino-americana de Ci\u00eancias Sociais (FLACSO), M\u00e9xico<\/p>\n<p>&nbsp;<\/p>\n<h3>Coordena\u00e7\u00e3o Geral<\/h3>\n<p><strong>Jos\u00e9 Esteban Castro<\/strong>, Conselho Superior de Pesquisas Cientificas e T\u00e9cnicas (CONICET), Universidade Nacional de General Sarmiento (UNGS), Argentina, e Catedr\u00e1tico Em\u00e9rito, Newcastle University, Reino Unido. Coordenador da Rede WATERLAT-GOBACIT<\/p>\n<p><strong>Ana Sof\u00eda Mac\u00edas Ascanio<\/strong>, ITESO, a Universidade Jesuita de Guadalajara, M\u00e9xico, Secretaria Geral. <a href=\"mailto:redwaterlat@gmail.com\">Envie aqui uma mensagem<\/a> para maior informa\u00e7\u00e3o.<\/p>\n<hr \/>\n<p>&nbsp;<\/p>\n<h3>Comiss\u00e3o Internacional do Programa<\/h3>\n<p>A Comiss\u00e3o Internacional do Programa est\u00e1 constitu\u00edda pelos coordenadores das \u00c1reas Tem\u00e1ticas da Rede WATERLAT-GOBACIT e colegas convidados, em ordem alfab\u00e9tica.<\/p>\n<p><strong>Jos\u00e9 Esteban Castro<\/strong>, Conselho Superior de Pesquisas Cientificas e T\u00e9cnicas (CONICET), Universidade Nacional de General Sarmiento (UNGS), Argentina, e Catedr\u00e1tico Em\u00e9rito, Newcastle University, Reino Unido. Coordenador da <a href=\"https:\/\/waterlat.org\/pt\/about\/areas-tematicas\/at3\/\">\u00c1rea Tem\u00e1tica 3 &#8211; O Ciclo Urbano da \u00c1gua e os Servi\u00e7os P\u00fablicos Essenciais<\/a><\/p>\n<p><strong>Eliano de Souza Martins Freitas<\/strong>, Universidade Federal de Minas Gerais (UFMG), Brasil. Co-coordenador da <a href=\"https:\/\/waterlat.org\/pt\/areas-tematicas\/at7\/\">\u00c1rea Tem\u00e1tica 7 &#8211; Arte, Comunica\u00e7\u00e3o, Cultura e Educa\u00e7\u00e3o<\/a><\/p>\n<p><strong>Susana Herrera<\/strong>, ITESO, a Universidade Jesuita de Guadalajara, M\u00e9xico. Co-coordenadora da <a href=\"https:\/\/waterlat.org\/pt\/areas-tematicas\/at7\/\">\u00c1rea Tem\u00e1tica 7 &#8211; Arte, Comunica\u00e7\u00e3o, Cultura e Educa\u00e7\u00e3o<\/a><\/p>\n<p><strong>Karina Kloster<\/strong>, Universidade Aut\u00f3noma da Cidade do M\u00e9xico (UACM), Cidade do M\u00e9xico, M\u00e9xico. Coordenadora da <a href=\"https:\/\/waterlat.org\/pt\/about\/areas-tematicas\/at10\/\">\u00c1rea Tem\u00e1tica 10 &#8211; \u00c1gua e Viol\u00eancia<\/a><\/p>\n<p><strong>Mario Edgar L\u00f3pez Ram\u00edrez<\/strong>, ITESO, a Universidade Jesuita de Guadalajara, M\u00e9xico. Coordenador da <a href=\"https:\/\/waterlat.org\/pt\/areas-tematicas\/at1\/\">\u00c1rea Tem\u00e1tica 1 &#8211; A X-disciplinaridade na Pesquisa e na A\u00e7\u00e3o<\/a><\/p>\n<p><strong>Fabi\u00e1n Mendez<\/strong>, Universidade do Vale (UNIVALLE), Col\u00f4mbia. Co-coordenador da <a href=\"https:\/\/waterlat.org\/pt\/areas-tematicas\/at5\/\">\u00c1rea Tem\u00e1tica 5 &#8211; \u00c1gua e Sa\u00fade<\/a><\/p>\n<p><strong>Francisco Pe\u00f1a<\/strong>, El Colegio de San Luis Potos\u00ed, M\u00e9xico. Co-coordenador da <a href=\"https:\/\/waterlat.org\/pt\/areas-tematicas\/at5\/\">\u00c1rea Tem\u00e1tica 8 &#8211; Desastres Relacionados com a \u00c1gua<\/a><\/p>\n<p><strong>Miguel Pe\u00f1a<\/strong>, Universidade do Valle (UNIVALLE), Col\u00f4mbia. Co-coordenador da <a href=\"https:\/\/waterlat.org\/pt\/areas-tematicas\/at5\/\">\u00c1rea Tem\u00e1tica 5 &#8211; \u00c1gua e Sa\u00fade<\/a><\/p>\n<p><strong>Wagner Costa Ribeiro<\/strong>, Universidade de S\u00e3o Paulo (USP), Brasil. Coordenador da <a href=\"https:\/\/waterlat.org\/pt\/about\/areas-tematicas\/at4\/\">\u00c1rea Tem\u00e1tica 4 &#8211; \u00c1guas Transfronteiri\u00e7as<\/a><\/p>\n<p><strong>Antonio Rodr\u00edguez S\u00e1nchez<\/strong>, Instituto de Investigaciones Jos\u00e9 Mar\u00eda Luis Mora, Cidade do M\u00e9xico, M\u00e9xico. Co-coordenador da <a href=\"https:\/\/waterlat.org\/pt\/areas-tematicas\/at6\/\/\">\u00c1rea Tem\u00e1tica 6 &#8211; Bacias, Territ\u00f3rios, e Espa\u00e7os Hidrosociais<\/a><\/p>\n<p><strong>Edgar Talledos S\u00e1nchez<\/strong>, El Colegio de San Luis (COLSAN), San Luis Potos\u00ed, M\u00e9xico. Co-coordenador da <a href=\"https:\/\/waterlat.org\/pt\/areas-tematicas\/at5\/\">\u00c1rea Tem\u00e1tica 8 &#8211; Desastres Relacionados com a \u00c1gua<\/a><\/p>\n<p><strong>Alicia Torres<\/strong>, Universidade de Guadalajara (UdG), Guadalajara, Jalisco, M\u00e9xico. Co-coordenador da <a href=\"https:\/\/waterlat.org\/pt\/areas-tematicas\/at6\/\/\">\u00c1rea Tem\u00e1tica 6 &#8211; Bacias, Territ\u00f3rios, e Espa\u00e7os Hidrosociais<\/a><\/p>\n<hr \/>\n<p>&nbsp;<\/p>\n<p>Retornar \u00e0 <a href=\"https:\/\/waterlat.org\/pt\/encontros\/encontros-abertos\/waterlat-gobacit-ix-2018\/\">p\u00e1gina principal do IX Encontro Internacional<\/a><\/p>\n","protected":false},"excerpt":{"rendered":"<p>&nbsp; Coordena\u00e7\u00e3o Local do Encontro Marcionila Fernandes, Coordenadora da Equipe Local, Universidade Estadual da Para\u00edba (UEPB), Campina Grande, Para\u00edba, Brasil Cidoval Morais de Sousa, Universidade Estadual da Para\u00edba (UEPB), Campina Grande, Para\u00edba, Brasil &nbsp; Grupo de Apoio \u00e0 Coordena\u00e7\u00e3o Local do Encontro Salom\u00e3o de Sousa Medeiros, Instituto Nacional do Semi\u00e1rido (INSA), Campina Grande, Para\u00edba, Brasil [&hellip;]<\/p>\n","protected":false},"author":3,"featured_media":0,"parent":2205,"menu_order":0,"comment_status":"closed","ping_status":"closed","template":"page-templates\/full-width.php","meta":{"_acf_changed":false,"footnotes":""},"class_list":["post-2208","page","type-page","status-publish","hentry","wpautop"],"acf":[],"_links":{"self":[{"href":"https:\/\/waterlat.org\/pt\/wp-json\/wp\/v2\/pages\/2208","targetHints":{"allow":["GET"]}}],"collection":[{"href":"https:\/\/waterlat.org\/pt\/wp-json\/wp\/v2\/pages"}],"about":[{"href":"https:\/\/waterlat.org\/pt\/wp-json\/wp\/v2\/types\/page"}],"author":[{"embeddable":true,"href":"https:\/\/waterlat.org\/pt\/wp-json\/wp\/v2\/users\/3"}],"replies":[{"embeddable":true,"href":"https:\/\/waterlat.org\/pt\/wp-json\/wp\/v2\/comments?post=2208"}],"version-history":[{"count":16,"href":"https:\/\/waterlat.org\/pt\/wp-json\/wp\/v2\/pages\/2208\/revisions"}],"predecessor-version":[{"id":2598,"href":"https:\/\/waterlat.org\/pt\/wp-json\/wp\/v2\/pages\/2208\/revisions\/2598"}],"up":[{"embeddable":true,"href":"https:\/\/waterlat.org\/pt\/wp-json\/wp\/v2\/pages\/2205"}],"wp:attachment":[{"href":"https:\/\/waterlat.org\/pt\/wp-json\/wp\/v2\/media?parent=2208"}],"curies":[{"name":"wp","href":"https:\/\/api.w.org\/{rel}","templated":true}]}}