{"id":2310,"date":"2017-09-05T14:57:47","date_gmt":"2017-09-05T14:57:47","guid":{"rendered":"http:\/\/waterlat.org\/pt\/?page_id=2310"},"modified":"2020-07-24T14:46:12","modified_gmt":"2020-07-24T14:46:12","slug":"defendendo","status":"publish","type":"page","link":"https:\/\/waterlat.org\/pt\/publicacoes\/livros\/defendendo\/","title":{"rendered":"Defendendo Territ\u00f3rio e Dignidade. Emo\u00e7\u00f5es e Mudan\u00e7a Cultural nas Lutas contra Barragens na Espanha e no M\u00e9xico [em espanhol]"},"content":{"rendered":"<style>\r\n.dw_pdf-full {\r\n    background-color: rgba(251, 116, 116, 0);\r\n    padding: 8px 20px;\r\n    color: #b52335;\r\n    text-decoration: none;\r\n    border: 2px #b52335 solid;\r\n    transition: 0.2s all;\r\n    border-radius: 4px;\r\n    font-weight: 600;\r\nmargin:0px 5px;}\r\n.dw_pdf-full:hover{background-color: #b52335; color:white;}\r\n.dw_pdf-full i {font-size:25px; vertical-align: bottom; margin-right: 3px;}\r\n<\/style>\r\n\r\n<a href=\"http:\/\/waterlat.org\/wp-content\/uploads\/2017\/09\/capa-from-Poma_Defendiendo-territorioNUEVO.jpg\"><img loading=\"lazy\" decoding=\"async\" class=\"alignnone wp-image-3689\" src=\"http:\/\/waterlat.org\/wp-content\/uploads\/2017\/09\/capa-from-Poma_Defendiendo-territorioNUEVO.jpg\" alt=\"\" width=\"214\" height=\"298\" \/><\/a>\r\n<\/br>\r\n<span style=\"line-height: 1.714285714; font-size: 1rem;\">Poma, Alice<\/span> <span style=\"text-decoration: underline;\">Defendendo Territ\u00f3rio e Dignidade. Emo\u00e7\u00f5es e Mudan\u00e7a Cultural nas Lutas contra Barragens na Espanha e no M\u00e9xico [em espanhol], <\/span><span style=\"line-height: 1.714285714; font-size: 1rem;\"> (ISBN 978-85-7879-386-9, E-book), Campina Grande, Para\u00edba, Brasil: <\/span><a style=\"line-height: 1.714285714; font-size: 1rem;\" href=\"http:\/\/eduepb.uepb.edu.br\">Editora da Universidade Estadual da Para\u00edba (EDUEPB)<\/a><span style=\"line-height: 1.714285714; font-size: 1rem;\"> Rede WATERLAT-GOBACIT, Escola de Estudos Hispano-Americanos (EEHA), Conselho Superior de Pesquisas Cient\u00edficas (CSIC), Espa\u00f1a, e Instituto Tecnol\u00f3gico y de Estudios Superiores de Occidente, Guadalajara, M\u00e9xico, 2017. DOI: 10.5281\/zenodo.3959169.<\/span><\/br>\r\n\r\n<i><a href=\"https:\/\/zenodo.org\/record\/3959169#invenio-csl\" class=\"desar\" style=\"color:#9ad3f9;\">Exportar Cita\u00e7\u00e3o<\/a><\/i>\r\n<\/br>\r\n\r\n\r\n<\/br>\r\n<h3>Descargar<\/h3>\r\n\r\n\r\n<a href=\"https:\/\/zenodo.org\/record\/3959169#.XiXTby3MxQI\" class=\"dw_pdf-full\" target=\"_blank\" rel=\"noopener noreferrer\"><i class=\"fa fa-file-pdf-o\" aria-hidden=\"true\" fa-3x><\/i>PDF<\/a>\r\n\r\n<a href=\"https:\/\/www.amazon.com.mx\/Defendiendo-territorio-dignidad-emociones-cultural-ebook\/dp\/B079VVR79P\/ref=sr_1_1?s=digital-text&#038;ie=UTF8&#038;qid=1519056067&#038;sr=1-1\" class=\"dw_pdf-full\" target=\"_blank\" rel=\"noopener noreferrer\"><i class=\"fa fa-amazon\"><\/i>Amazon<\/a>\r\n\r\n<a href=\"https:\/\/itunes.apple.com\/mx\/book\/defendiendo-territorio-y-dignidad-emociones-y-cambio\/id1349886787?l=en&#038;mt=11\" class=\"dw_pdf-full\" target=\"_blank\" rel=\"noopener noreferrer\"><i class=\"fa fa-music\"><\/i>iTunes<\/a>\r\n\r\n<a href=\"https:\/\/play.google.com\/store\/books\/details?id=IVVMDwAAQBAJ\" class=\"dw_pdf-full\" target=\"_blank\" rel=\"noopener noreferrer\"><i class=\"fa fa-google\"><\/i>Google Play<\/a>\r\n\r\n<a href=\"https:\/\/books.google.com.mx\/books\/about?id=IVVMDwAAQBAJ&#038;redir_esc=y&#038;hl=en\" class=\"dw_pdf-full\" target=\"_blank\" rel=\"noopener noreferrer\"><i class=\"fa fa-book\"><\/i>Google Books<\/a>\r\n\r\n\r\n<\/br>\r\n<\/br>\r\n\r\n\r\n<h3>Apresenta\u00e7\u00f5es do livro:<\/h3>\r\n<a href=\"https:\/\/waterlat.org\/pt\/comunicacao-publica\/podcasts\/\">Defendendo Territ\u00f3rio e Dignidade, Podcast 5, S\u00e9rie Vozes pela \u00c1gua, Alex Caldera e Jos\u00e9 Esteban Castro, com Alice Poma, DOI: 10.5072\/zenodo.428258.<\/a>\r\n<\/br>\r\n<\/br>\r\n<a href=\"https:\/\/www.youtube.com\/embed\/7cF7COjUJdU\">Apresenta\u00e7\u00e3o no Instituto de Investigaciones Sociales, Universidade Nacional Aut\u00f3noma de M\u00e9xico, Cidade do M\u00e9xico, 24 de Novembro de 2017.<\/a>\r\n","protected":false},"excerpt":{"rendered":"Poma, Alice Defendendo Territ\u00f3rio e Dignidade. Emo\u00e7\u00f5es e Mudan\u00e7a Cultural nas Lutas contra Barragens na Espanha e no M\u00e9xico [em espanhol], (ISBN 978-85-7879-386-9, E-book), Campina Grande, Para\u00edba, Brasil: Editora da Universidade Estadual da Para\u00edba (EDUEPB) Rede WATERLAT-GOBACIT, Escola de Estudos Hispano-Americanos (EEHA), Conselho Superior de Pesquisas Cient\u00edficas (CSIC), Espa\u00f1a, e Instituto Tecnol\u00f3gico y de Estudios [&hellip;]","protected":false},"author":3,"featured_media":0,"parent":22,"menu_order":0,"comment_status":"closed","ping_status":"closed","template":"page-templates\/full-width.php","meta":{"_acf_changed":false,"footnotes":""},"class_list":["post-2310","page","type-page","status-publish","hentry","no-wpautop"],"acf":[],"_links":{"self":[{"href":"https:\/\/waterlat.org\/pt\/wp-json\/wp\/v2\/pages\/2310","targetHints":{"allow":["GET"]}}],"collection":[{"href":"https:\/\/waterlat.org\/pt\/wp-json\/wp\/v2\/pages"}],"about":[{"href":"https:\/\/waterlat.org\/pt\/wp-json\/wp\/v2\/types\/page"}],"author":[{"embeddable":true,"href":"https:\/\/waterlat.org\/pt\/wp-json\/wp\/v2\/users\/3"}],"replies":[{"embeddable":true,"href":"https:\/\/waterlat.org\/pt\/wp-json\/wp\/v2\/comments?post=2310"}],"version-history":[{"count":17,"href":"https:\/\/waterlat.org\/pt\/wp-json\/wp\/v2\/pages\/2310\/revisions"}],"predecessor-version":[{"id":3223,"href":"https:\/\/waterlat.org\/pt\/wp-json\/wp\/v2\/pages\/2310\/revisions\/3223"}],"up":[{"embeddable":true,"href":"https:\/\/waterlat.org\/pt\/wp-json\/wp\/v2\/pages\/22"}],"wp:attachment":[{"href":"https:\/\/waterlat.org\/pt\/wp-json\/wp\/v2\/media?parent=2310"}],"curies":[{"name":"wp","href":"https:\/\/api.w.org\/{rel}","templated":true}]}}