{"id":2351,"date":"2017-10-11T02:25:30","date_gmt":"2017-10-11T02:25:30","guid":{"rendered":"http:\/\/waterlat.org\/pt\/?page_id=2351"},"modified":"2019-10-18T16:29:44","modified_gmt":"2019-10-18T16:29:44","slug":"competicao-de-curta-metragens-2017-18-regras","status":"publish","type":"page","link":"https:\/\/waterlat.org\/pt\/competicao-de-curta-metragens\/competicao-de-curta-metragens-2017-18\/competicao-de-curta-metragens-2017-18-regras\/","title":{"rendered":"Competi\u00e7\u00e3o de Curta-metragens 2017-18 \u2013 Comiss\u00e3o de Avalia\u00e7\u00e3o e Regras da Competi\u00e7\u00e3o"},"content":{"rendered":"<style>\r\n    .themes {\r\n        margin-left: 15px;\r\n    }\r\n\r\n    .lista {\r\n        list-style: lower-latin !important;\r\n    }\r\n\r\n    .imageslogo img {\r\n        height: 315px;\r\n        float: left;\r\n        margin-right: 6px;\r\n    }\r\n\r\n    .imageslogo {\r\n        display: inline-block;\r\n        width: 100%;\r\n    }\r\n<\/style>\r\n\r\n\r\n<h2> Comiss\u00e3o de Avalia\u00e7\u00e3o <\/h2>\r\n<span><b>Eliano de Souza Martins Freitas<\/b>, Universidade Federal de Minas Gerais (UFMG), Belo Horizonte, Brasil\u2028<\/span><br>\r\n<span><b>Mariana Reyes<\/b>, Universidade de Guadalajara, Jalisco, M\u00e9xico<\/span><br>\r\n<span><b>Rui Jacinto<\/b>, Universidade de Coimbra, Portugal<\/span><br>\r\n<span><b>Ximena Cabral<\/b>, Universidade Nacional de C\u00f3rdoba, Argentina<\/span><br>\r\n<span><b>Andr\u00e9s Villa Aldaco<\/b>, ITESO, a Universidade Jesuita de Guadalajara, Guadalajara, M\u00e9xico<\/span>\r\n\r\n<h2> Assessoria \u00e0 Equipe do Concurso <\/h2>\r\n<span><b>Susana Herrera Lima<\/b>, ITESO, a Universidade Jesuita de Guadalajara, Guadalajara, M\u00e9xico\u2028<\/span><br>\r\n<span><b>Cidoval Morais de Sousa<\/b>, Universidade Estadual da Para\u00edba (UEPB), Campina Grande, Para\u00edba, Brasil<\/span>\r\n\r\n<h2>Regras da Competi\u00e7\u00e3o<\/h2>\r\n\r\n\r\n<strong>1. Participantes<\/strong> <br>\r\n<p>A participa\u00e7\u00e3o \u00e9 v\u00e1lida tanto para profissionais como para iniciantes\/amadores, sem limite de idade, nacionalidade e idioma.\r\n<\/p>\r\n\r\n<br>\r\n\r\n\r\n<strong>2. Idiomas<\/strong> <br>\r\n<p>Os idiomas oficiais da Rede WATERLAT-GOBACIT s\u00e3o o espanhol, o ingl\u00eas e o portugu\u00eas. Caso o v\u00eddeo seja em outro idioma, <strong>este dever\u00e1 incluir uma tradu\u00e7\u00e3o na legenda<\/strong>    para qualquer um dos tr\u00eas idiomas oficiais da Rede.\r\n<\/p>\r\n\r\n<br>\r\n\r\n\r\n<strong>3. Dura\u00e7\u00e3o<\/strong><br>\r\n<p>Os v\u00eddeos devem ter dura\u00e7\u00e3o m\u00e1xima de 15 minutos.\r\n<\/p>\r\n\r\n<br>\r\n\r\n<strong>4. Temas<\/strong><br>\r\n<p>S\u00e3o propostos <strong>tr\u00eas temas<\/strong> para o concurso. Os v\u00eddeos podem abordar simultaneamente mais de um tema, no entanto\r\n    <strong>apenas um deles deve receber prioridade<\/strong>.\r\n<\/p>\r\n\r\n<div class=\"themes\">\r\n    <strong>Tema 1<\/strong><br> \u00c9 o tema geral do IX Encontro da Rede: <strong> \u00c1gua, direitos, e utopias: prioridades no processo de democratiza\u00e7\u00e3o da pol\u00edtica das \u00e1guas <\/strong>.\r\n    <br \/>\r\n    <br \/>\r\n    <strong>Tema 2<\/strong><br> O segundo tema \u00e9 <strong>\u00c1gua e sa\u00fade<\/strong>, que \u00e9 o tema da <a href=\"https:\/\/waterlat.org\/pt\/areas-tematicas\/at5\/\">\u00c1rea Tem\u00e1tica 5 da Rede<\/a>.\r\n\r\n    <br \/>\r\n    <br \/>\r\n    <strong>Tema 3<\/strong>. O terceiro tema \u00e9 <strong>O direito a \u00e1gua nas regi\u00f5es semi\u00e1ridas<\/strong>\r\n\r\n<\/div>\r\n<br>\r\n<br>\r\n\r\n\r\n<strong>5. Categorias<\/strong><br> Os v\u00eddeos poder\u00e3o concorrer as seguintes categorias:\r\n<ul class=\"lista\">\r\n    <li> Anima\u00e7\u00e3o<\/li>\r\n\r\n    <li> Documental<\/li>\r\n\r\n    <li> Entrevista<\/li>\r\n\r\n    <li> Fic\u00e7\u00e3o <\/li>\r\n\r\n    <li> Categoria aberta (pode ser uma fus\u00e3o de categorias, e pode incluir materiais educativos, pesquisa peri\u00f3dica, etc.)\r\n    <\/li>\r\n\r\n<\/ul>\r\n\r\n\r\n\r\n<br>\r\n\r\n\r\n\r\n<strong>6. Crit\u00e9rios<\/strong> <br>\r\n<ul>\r\n    <li>Contribui\u00e7\u00e3o aos <a href=\"https:\/\/waterlat.org\/pt\/about\/objetivos\/\">objetivos<\/a> e <a href=\"https:\/\/waterlat.org\/pt\/about\/prioridades\/\">prioridades de pesquisa<\/a>        da Rede.\r\n    <\/li>\r\n    <li>Consist\u00eancia com o tema abordado (se\u00e7\u00e3o 4)\r\n\r\n    <\/li>\r\n    <li>Pertin\u00eancia com a categoria a que se refere (se\u00e7\u00e3o 5)\r\n\r\n    <\/li>\r\n    <li>Solidez conceitual\r\n\r\n    <\/li>\r\n    <li>Clareza da mensagem\r\n\r\n    <\/li>\r\n    <li>Qualidade da produ\u00e7\u00e3o\r\n\r\n    <\/li>\r\n    <li>Est\u00e9tica visual\r\n\r\n    <\/li>\r\n    <li>Foco e amplitude da abordagem (especifica\u00e7\u00e3o do p\u00fablico ou p\u00fablicos a que o v\u00eddeo \u00e9 dirigido, etc.)\r\n\r\n<\/ul>\r\n\r\n<strong>7. Formato<\/strong>. <br>\r\n<p>Meio digital em algum dos seguintes formatos: .MOV; .MPEG4; .AVI; .WMV; .MPEGPS; .FLV; .3GPP; .WebM<\/p>\r\n\r\n<strong>8. Apresenta\u00e7\u00e3o<\/strong><br>\r\n<p>As pessoas interessadas em participar do Concurso dever\u00e3o enviar uma mensagem eletr\u00f4nica para a <a href=\"mailto:redwaterlat@gmail.com\">Secretar\u00eda da Rede WATERLAT-GOBACIT<\/a>,\r\n    informando os dados listados abaixo:\r\n<\/p>\r\n<ul class=\"lista\">\r\n    <li> Nome completo da pessoa respons\u00e1vel\r\n    <\/li>\r\n    <li> Nombre completo de la persona de contacto\r\n    <\/li>\r\n    <li> Dados completos (endere\u00e7o, cidade, pais, telefone, e-mail) da pessoa respons\u00e1vel\r\n\r\n    <\/li>\r\n    <li> T\u00edtulo, categoria e data da produ\u00e7\u00e3o do v\u00eddeo submetido\r\n\r\n    <\/li>\r\n    <li> Indica\u00e7\u00e3o de se o v\u00eddeo tem sido apresentado para avalia\u00e7\u00e3o em outras competi\u00e7\u00f5es de curtas-metragens\r\n    <\/li>\r\n    <li> Indica\u00e7\u00e3o de se o v\u00eddeo tem sido premiado em outras competi\u00e7\u00f5es.\r\n    <\/li>\r\n    <li> Importante: em caso de o v\u00eddeo ter sido produzido em data anterior a 30 de setembro de 2017 e de v\u00eddeos que foram premiados\r\n        anteriormente, os mesmos n\u00e3o poder\u00e3o participar do Concurso principal, no entanto, poder\u00e3o concorrer a uma men\u00e7\u00e3o\r\n        honrosa. <\/li>\r\n    <li> Breve resumo do assunto abordado pelo v\u00eddeo e uma ficha t\u00e9cnica incluindo o idioma, tema, categoria, dura\u00e7\u00e3o e formato.\r\n\r\n    <\/li>\r\n    <li> Declara\u00e7\u00e3o de autoria. Ao submeter o v\u00eddeo a Competi\u00e7\u00e3o, automaticamente declara-se que os direitos autorais do trabalho\r\n        e que n\u00e3o h\u00e1 nenhum elemento sujeito a direitos de prioridade de terceiros. A Rede WATERLAT-GOBACIT se reserva ao\r\n        direito de desclassificar aqueles v\u00eddeos que n\u00e3o estejam em conformidade com estes aspectos, a qualquer momento da\r\n        competi\u00e7\u00e3o, inclusive ap\u00f3s a decis\u00e3o final, ante qualquer anomalia sobre direitos autorais. O autor(es) \u00e9(s\u00e3o) respons\u00e1vel(eis)\r\n        por quaisquer problemas causados por viola\u00e7\u00f5es de direitos autorais aos v\u00eddeos submetidos a Competi\u00e7\u00e3o.\r\n\r\n    <\/li>\r\n    <li> Ap\u00f3s o recebimento deste documento, ser\u00e1 acertado com o(s) autor(es) o m\u00e9todo mais adequado para realizar a transfer\u00eancia\r\n        do v\u00eddeo online.\r\n\r\n<\/ul>\r\n\r\n<br>\r\n\r\n<strong>9. Data de encerramento de submiss\u00f5es<\/strong> <br>\r\n<p> A recep\u00e7\u00e3o de submiss\u00f5es foi encerrada o dia 16 de Julho de 2018. <\/p>\r\n\r\n\r\n<strong>10. Direitos de difus\u00e3o <\/strong><br>\r\n<p>LA Rede WATERLAT-GOBACIT se reserva ao direito de utilizar os v\u00eddeos apresentados ao concurso em suas atividades educativas,\r\n    de pesquisa e de debate p\u00fablico, bem como em outras atividades da Rede. As atividades da Rede n\u00e3o possuem fins lucrativos.\r\n    Isto n\u00e3o infringe o direito do(s) autor(es) ao reconhecimento de seu(s) trabalho(s). A Rede WATERLAT-GOBACIT utiliza\r\n    a licen\u00e7a de Creative Commons \u2013 Attribution e publica seus v\u00eddeos em seu <a href=\"https:\/\/www.youtube.com\/user\/Waterlat\/featured\">Canal de Youtube<\/a>.\r\n    Igualmente, os materiais poder\u00e3o ser utilizados com fins de promo\u00e7\u00e3o exclusivamente para esta competi\u00e7\u00e3o.\r\n<\/p>\r\n\r\n\r\n<strong>11. Processo de avalia\u00e7\u00e3o e premia\u00e7\u00e3o <\/strong><br>\r\n<p>\r\nA comunica\u00e7\u00e3o oficial e p\u00fablica do resultado da competi\u00e7\u00e3o aconteceu durante o\u00a0<a href=\" https:\/\/waterlat.org\/pt\/encontros\/encontros-abertos\/waterlat-gobacit-ix-2018\/ \">IX Encontro Internacional da Rede<\/a>, que teve lugar em 3 a 7 de setembro de 2018 na cidade de Jo\u00e3o Pessoa, Para\u00edba, Brasil.\r\n<\/p>\r\n\r\n\r\n<hr \/>\r\n<p>Para maiores informa\u00e7\u00f5es ou para esclarecer as d\u00favidas, envie uma mensagem eletr\u00f4nica para a <a href=\"mailto:redwaterlat@gmail.com\"> Secretaria da Rede WATERLAT-GOBACIT <\/a>.<\/p>","protected":false},"excerpt":{"rendered":"Comiss\u00e3o de Avalia\u00e7\u00e3o Eliano de Souza Martins Freitas, Universidade Federal de Minas Gerais (UFMG), Belo Horizonte, Brasil\u2028 Mariana Reyes, Universidade de Guadalajara, Jalisco, M\u00e9xico Rui Jacinto, Universidade de Coimbra, Portugal Ximena Cabral, Universidade Nacional de C\u00f3rdoba, Argentina Andr\u00e9s Villa Aldaco, ITESO, a Universidade Jesuita de Guadalajara, Guadalajara, M\u00e9xico Assessoria \u00e0 Equipe do Concurso Susana Herrera [&hellip;]","protected":false},"author":78,"featured_media":0,"parent":2591,"menu_order":0,"comment_status":"closed","ping_status":"closed","template":"page-templates\/full-width.php","meta":{"_acf_changed":false,"footnotes":""},"class_list":["post-2351","page","type-page","status-publish","hentry","no-wpautop"],"acf":[],"_links":{"self":[{"href":"https:\/\/waterlat.org\/pt\/wp-json\/wp\/v2\/pages\/2351","targetHints":{"allow":["GET"]}}],"collection":[{"href":"https:\/\/waterlat.org\/pt\/wp-json\/wp\/v2\/pages"}],"about":[{"href":"https:\/\/waterlat.org\/pt\/wp-json\/wp\/v2\/types\/page"}],"author":[{"embeddable":true,"href":"https:\/\/waterlat.org\/pt\/wp-json\/wp\/v2\/users\/78"}],"replies":[{"embeddable":true,"href":"https:\/\/waterlat.org\/pt\/wp-json\/wp\/v2\/comments?post=2351"}],"version-history":[{"count":14,"href":"https:\/\/waterlat.org\/pt\/wp-json\/wp\/v2\/pages\/2351\/revisions"}],"predecessor-version":[{"id":2767,"href":"https:\/\/waterlat.org\/pt\/wp-json\/wp\/v2\/pages\/2351\/revisions\/2767"}],"up":[{"embeddable":true,"href":"https:\/\/waterlat.org\/pt\/wp-json\/wp\/v2\/pages\/2591"}],"wp:attachment":[{"href":"https:\/\/waterlat.org\/pt\/wp-json\/wp\/v2\/media?parent=2351"}],"curies":[{"name":"wp","href":"https:\/\/api.w.org\/{rel}","templated":true}]}}