{"id":2366,"date":"2017-11-13T23:23:24","date_gmt":"2017-11-13T23:23:24","guid":{"rendered":"http:\/\/waterlat.org\/pt\/?page_id=2366"},"modified":"2017-11-13T23:29:30","modified_gmt":"2017-11-13T23:29:30","slug":"premio-2017","status":"publish","type":"page","link":"https:\/\/waterlat.org\/pt\/waterlat-student-prize\/premio-2017\/","title":{"rendered":"Pr\u00eamio de Estudantes WATERLAT-GOBACIT 2017"},"content":{"rendered":"<p>A quarta chamada a postula\u00e7\u00f5es para o Pr\u00eamio WATERLAT-GOBACIT foi para teses e disserta\u00e7\u00f5es aprovadas entre o 1 de janeiro e o 31 de dezembro de 2016 e foi fechada o 28 de fevereiro de 2017. Foram apresentadas 5 postula\u00e7\u00f5es, 2 ao Pr\u00eamio de Mestrado e 3 ao Pr\u00eamio de Doutorado.<\/p>\n<p>Foi convocada uma Comiss\u00e3o Avaliadora composta de acad\u00e9micas e acad\u00e9micos membros da Rede. Ao final de esta p\u00e1gina entrara os detalhes da Comiss\u00e3o Avaliadora. O anuncio dos resultados ocorreu o 13 de novembro de 2017.<\/p>\n<p>&nbsp;<\/p>\n<hr \/>\n<h3>O Pr\u00eamio<\/h3>\n<p><span style=\"text-decoration: underline;\">Pr\u00eamio Doctoral 2017<\/span><\/p>\n<p><strong>Fabio Vladimir S\u00e1nchez Calder\u00f3n<\/strong>. T\u00edtulo da tese: \u201cTunjuelo: un r\u00edo del sur: Desigualdad urbana en Bogot\u00e1 a mediados del siglo XX\u201d. Doutorado em Hist\u00f3ria, Universidad de Los Andes, Bogot\u00e1, Col\u00f4mbia, 2016. <a href=\"http:\/\/waterlat.org\/Thesis\/ThesisSanchezCalderon.pdf\">Acesse aqui<\/a>.<\/p>\n<p>&nbsp;<\/p>\n<p><span style=\"text-decoration: underline;\">Pr\u00eamio de Mestrado 2017<\/span><\/p>\n<p>De acordo com as regras da competi\u00e7\u00e3o, n\u00e3o houve ganhador do Pr\u00eamio de Mestrado 2017. <\/p>\n<p>&nbsp;<br \/>\nDado que tivemos candidatos excelentes, a <a href=\"http:\/\/waterlat.org\/es\/publicaciones\/comision-de-publicaciones\/\">Comiss\u00e3o Editorial<\/a> decidiu convidar ao resto dos participantes a enviar um artigo baseado nas teses e disserta\u00e7\u00f5es para sua publica\u00e7\u00e3o na <a href=\" https:\/\/waterlat.org\/pt\/publicacoes\/working-papers-series\/\">S\u00e9rie de Cadernos de Trabalho<\/a> da Rede.<\/p>\n<p>&nbsp;<\/p>\n<hr \/>\n<h3>Lista completa dos candidatos participantes:<\/h3>\n<p><strong><span style=\"text-decoration: underline;\">Pr\u00eamio Doctoral<\/span><\/strong><\/p>\n<p><strong>Circe Esmeralda Badillo Salas<\/strong>. T\u00edtulo da tese: \u201cProducci\u00f3n Espacial de la Distribuci\u00f3n Desigual de Agua en Colonias Periurbanas en la Ciudad de Tijuana Baja California\u201d. Doutorado em Geograf\u00eda, Universidad Nacional Aut\u00f3noma de M\u00e9xico (UNAM), Cidade do M\u00e9xico, M\u00e9xico, 2016. <a href=\"http:\/\/waterlat.org\/Thesis\/ThesisBadilloSalas.pdf\">Acesse aqui<\/a>.<\/p>\n<p><strong>Gonzalo Hatch Kuri<\/strong>. T\u00edtulo da tese: \u201cConflictos jur\u00eddico-pol\u00edticos por apropiaci\u00f3n de aguas subterr\u00e1neas en la regi\u00f3n de Paso del Norte\u201d. Doutorado em Geograf\u00eda, Universidad Nacional Aut\u00f3noma de M\u00e9xico (UNAM), Cidade do M\u00e9xico, M\u00e9xico, 2016. <a href=\"http:\/\/waterlat.org\/Thesis\/ThesisHatchKuri.pdf\">Acesse aqui<\/a>.<\/p>\n<p><strong>Fabio Vladimir S\u00e1nchez Calder\u00f3n<\/strong>. T\u00edtulo da tese: \u201cTunjuelo: un r\u00edo del sur: Desigualdad urbana en Bogot\u00e1 a mediados del siglo XX\u201d. Doutorado em Hist\u00f3ria, Universidad de Los Andes, Bogot\u00e1, Col\u00f4mbia, 2016. <a href=\"http:\/\/waterlat.org\/Thesis\/ThesisSanchezCalderon.pdf\">Acesse aqui<\/a>.<\/p>\n<p>&nbsp;<\/p>\n<p><strong><span style=\"text-decoration: underline;\">Pr\u00eamio de Mestrado<\/span><\/strong><\/p>\n<p><strong>Mois\u00e9s Gerardo Hern\u00e1ndez Cruz<\/strong>. T\u00edtulo da disserta\u00e7\u00e3o: \u201cPlanificaci\u00f3n h\u00eddrica y gobernanza del agua: su implementaci\u00f3n en la subcuenca hidrogr\u00e1fica del r\u00edo Amecameca, Valle de M\u00e9xico\u201d. Maestr\u00eda en Gesti\u00f3n Integral del Agua, El Colegio de la Frontera Norte, Monterrey, Nuevo Le\u00f3n, M\u00e9xico, 2016. <a href=\"http:\/\/waterlat.org\/Thesis\/ThesisHernandezCruz.pdf\">Acesse aqui<\/a>.<\/p>\n<p><strong>Edson Aparecido da Silva<\/strong>. T\u00edtulo da disserta\u00e7\u00e3o: \u201cDespolui\u00e7\u00e3o do rio Tiet\u00ea: questionar paradigmas para avan\u00e7ar\u201d. Mestrado em Planejamento e Gest\u00e3o do Territ\u00f3rio, Universidade Federal do ABC, Santo Andr\u00e9, S\u00e3o Paulo, Brasil, 2016. <a href=\"http:\/\/waterlat.org\/Thesis\/ThesisSilva.pdf\">Acesse aqui<\/a>.<\/p>\n<p>&nbsp;<\/p>\n<hr \/>\n<h3>Comiss\u00e3o Avaliadora da Edi\u00e7\u00e3o 2017 do Pr\u00eamio WATERLAT-GOBACIT para Estudantes<\/h3>\n<p>Dr. Pa\u00fal Cisneros, Instituto de Altos Estudios Nacionales (IAEN), Quito, Equador<\/p>\n<p>Dr. Andr\u00e9 Monteiro Costa, Funda\u00e7\u00e3o Oswaldo Cruz (Fiocruz), Recife, Pernambuco, Brasil<\/p>\n<p>Dra. Uende Aparecida Figueiredo Gomes, Universidade Federal de Minas Gerais (UFMG), Belo Horizonte, Brasil<\/p>\n<p>Dra. Ver\u00f3nica Ibarra, Universidad Nacional Aut\u00f3noma de M\u00e9xico (UNAM), Ciudad de M\u00e9xico, M\u00e9xico<\/p>\n<p>Dra. Marcela Morales-Maga\u00f1a, Universidad Nacional Aut\u00f3noma de M\u00e9xico (UNAM), Morelia, Michoac\u00e1n, M\u00e9xico<\/p>\n<p>Dra. Paula Mussetta, Consejo Nacional de Investigaciones Cient\u00edficas y T\u00e9cnicas (CONICET), Mendoza, Argentina<\/p>\n<p>Dra. Esther Padilla Calder\u00f3n, El Colegio de Sonora, Hermosillo, Sonora, M\u00e9xico<\/p>\n<p>Dr Adriana Sandoval Moreno, Universidad Nacional Aut\u00f3noma de M\u00e9xico (UNAM), Jiquilpan, Michoac\u00e1n, M\u00e9xico<\/p>\n<p>Dra. Inmaculada Sim\u00f3n Ruiz, Universidad Aut\u00f3noma de Chile, Santiago, Chile<\/p>\n<p>Dra. Beatriz Torres Beristain, Universidad Veracruzana, Xalapa, Veracruz, M\u00e9xico<\/p>\n<p>&nbsp;<\/p>\n<hr \/>\n<p style=\"text-align: center;\">Para consultas ou comentarios referidos ao Pr\u00eamio WATERLAT-GOBACIT para Estudantes, por favor contatar a <a href=\"mailto:redwaterlat@gmail.com\">Secretaria<\/a> da Rede.<\/p>\n<p>&nbsp;<\/p>\n","protected":false},"excerpt":{"rendered":"<p>A quarta chamada a postula\u00e7\u00f5es para o Pr\u00eamio WATERLAT-GOBACIT foi para teses e disserta\u00e7\u00f5es aprovadas entre o 1 de janeiro e o 31 de dezembro de 2016 e foi fechada o 28 de fevereiro de 2017. Foram apresentadas 5 postula\u00e7\u00f5es, 2 ao Pr\u00eamio de Mestrado e 3 ao Pr\u00eamio de Doutorado. Foi convocada uma Comiss\u00e3o [&hellip;]<\/p>\n","protected":false},"author":3,"featured_media":0,"parent":249,"menu_order":0,"comment_status":"closed","ping_status":"closed","template":"page-templates\/full-width.php","meta":{"_acf_changed":false,"footnotes":""},"class_list":["post-2366","page","type-page","status-publish","hentry","wpautop"],"acf":[],"_links":{"self":[{"href":"https:\/\/waterlat.org\/pt\/wp-json\/wp\/v2\/pages\/2366","targetHints":{"allow":["GET"]}}],"collection":[{"href":"https:\/\/waterlat.org\/pt\/wp-json\/wp\/v2\/pages"}],"about":[{"href":"https:\/\/waterlat.org\/pt\/wp-json\/wp\/v2\/types\/page"}],"author":[{"embeddable":true,"href":"https:\/\/waterlat.org\/pt\/wp-json\/wp\/v2\/users\/3"}],"replies":[{"embeddable":true,"href":"https:\/\/waterlat.org\/pt\/wp-json\/wp\/v2\/comments?post=2366"}],"version-history":[{"count":2,"href":"https:\/\/waterlat.org\/pt\/wp-json\/wp\/v2\/pages\/2366\/revisions"}],"predecessor-version":[{"id":2369,"href":"https:\/\/waterlat.org\/pt\/wp-json\/wp\/v2\/pages\/2366\/revisions\/2369"}],"up":[{"embeddable":true,"href":"https:\/\/waterlat.org\/pt\/wp-json\/wp\/v2\/pages\/249"}],"wp:attachment":[{"href":"https:\/\/waterlat.org\/pt\/wp-json\/wp\/v2\/media?parent=2366"}],"curies":[{"name":"wp","href":"https:\/\/api.w.org\/{rel}","templated":true}]}}