{"id":2403,"date":"2017-12-22T19:23:35","date_gmt":"2017-12-22T19:23:35","guid":{"rendered":"http:\/\/waterlat.org\/pt\/?page_id=2403"},"modified":"2018-02-17T14:35:21","modified_gmt":"2018-02-17T14:35:21","slug":"galeria","status":"publish","type":"page","link":"https:\/\/waterlat.org\/pt\/areas-tematicas\/at4\/galeria\/","title":{"rendered":"Galeria Multim\u00edda da AT4"},"content":{"rendered":"<h2>Lista de Reprodu\u00e7\u00e3o no Youtube<\/h2>\n<p>O Canal de Youtube da Rede tem entrevistas e outros materiais relacionados com membros da AT4. <\/p>\n<p><span style=\"text-decoration: underline;\">Listas de Reprodu\u00e7\u00e3o no Canal de Youtube da Rede<\/span><\/p>\n<p><iframe loading=\"lazy\" width=\"560\" height=\"315\" src=\"https:\/\/www.youtube.com\/embed\/YPKGoOd0ix0\" frameborder=\"0\" gesture=\"media\" allow=\"encrypted-media\" allowfullscreen><\/iframe><\/p>\n<p>&nbsp;<\/p>\n<h2>Albumes na galeria fotogr\u00e1fica em Flickr<\/h2>\n<p>Visite a p\u00e1gina dos albumes em Flickr.<\/p>\n<p><a data-flickr-embed=\"true\"  href=\"https:\/\/www.flickr.com\/photos\/125391306@N03\/albums\/72157645039464448\" title=\"2010 Reuni\u00f3n Anual \/ Annual Meeting\"><img loading=\"lazy\" decoding=\"async\" src=\"https:\/\/farm3.staticflickr.com\/2907\/14542898871_c55ff5ce16_z.jpg\" width=\"427\" height=\"640\" alt=\"2010 Reuni\u00f3n Anual \/ Annual Meeting\"><\/a><script async src=\"\/\/embedr.flickr.com\/assets\/client-code.js\" charset=\"utf-8\"><\/script><\/p>\n<p>&nbsp;<\/p>\n<p><a href=\"https:\/\/waterlat.org\/pt\/areas-tematicas\/at4\/\">Voltar \u00e0 Apresenta\u00e7\u00e3o da AT4<\/a><\/p>\n","protected":false},"excerpt":{"rendered":"<p>Lista de Reprodu\u00e7\u00e3o no Youtube O Canal de Youtube da Rede tem entrevistas e outros materiais relacionados com membros da AT4. Listas de Reprodu\u00e7\u00e3o no Canal de Youtube da Rede &nbsp; Albumes na galeria fotogr\u00e1fica em Flickr Visite a p\u00e1gina dos albumes em Flickr. &nbsp; Voltar \u00e0 Apresenta\u00e7\u00e3o da AT4<\/p>\n","protected":false},"author":3,"featured_media":0,"parent":2399,"menu_order":0,"comment_status":"closed","ping_status":"closed","template":"page-templates\/full-width.php","meta":{"_acf_changed":false,"footnotes":""},"class_list":["post-2403","page","type-page","status-publish","hentry","wpautop"],"acf":[],"_links":{"self":[{"href":"https:\/\/waterlat.org\/pt\/wp-json\/wp\/v2\/pages\/2403","targetHints":{"allow":["GET"]}}],"collection":[{"href":"https:\/\/waterlat.org\/pt\/wp-json\/wp\/v2\/pages"}],"about":[{"href":"https:\/\/waterlat.org\/pt\/wp-json\/wp\/v2\/types\/page"}],"author":[{"embeddable":true,"href":"https:\/\/waterlat.org\/pt\/wp-json\/wp\/v2\/users\/3"}],"replies":[{"embeddable":true,"href":"https:\/\/waterlat.org\/pt\/wp-json\/wp\/v2\/comments?post=2403"}],"version-history":[{"count":3,"href":"https:\/\/waterlat.org\/pt\/wp-json\/wp\/v2\/pages\/2403\/revisions"}],"predecessor-version":[{"id":2416,"href":"https:\/\/waterlat.org\/pt\/wp-json\/wp\/v2\/pages\/2403\/revisions\/2416"}],"up":[{"embeddable":true,"href":"https:\/\/waterlat.org\/pt\/wp-json\/wp\/v2\/pages\/2399"}],"wp:attachment":[{"href":"https:\/\/waterlat.org\/pt\/wp-json\/wp\/v2\/media?parent=2403"}],"curies":[{"name":"wp","href":"https:\/\/api.w.org\/{rel}","templated":true}]}}