{"id":2404,"date":"2017-12-22T19:18:31","date_gmt":"2017-12-22T19:18:31","guid":{"rendered":"http:\/\/waterlat.org\/pt\/?page_id=2404"},"modified":"2023-05-21T21:00:08","modified_gmt":"2023-05-21T21:00:08","slug":"cadernos-de-trabalho-da-at4","status":"publish","type":"page","link":"https:\/\/waterlat.org\/pt\/areas-tematicas\/at4\/cadernos-de-trabalho-da-at4\/","title":{"rendered":"Cadernos de Trabalho da AT4"},"content":{"rendered":"A AT4 tem uma S\u00e9rie dentro dos Cadernos de Trabalho da Rede WATERLAT-GOBACIT: Serie \u00c1reas Tem\u00e1ticas, AT4 \u00c1guas Transfronteiri\u00e7as.\r\n\r\n<h2><\/h2>\r\n<a href=\"http:\/\/waterlat.org\/wp-content\/uploads\/2017\/12\/WPSATRANS23.jpg\"><img loading=\"lazy\" decoding=\"async\" class=\"alignnone size-medium wp-image-2717\" src=\"http:\/\/waterlat.org\/wp-content\/uploads\/2017\/12\/WPSATRANS23.jpg\" alt=\"Tapa WPSATAM22\" width=\"212\" height=\"300\" \/><\/a>.\r\n<h2><\/h2>\r\n<b>\u00c1gua Transfronteiri\u00e7a: coopera\u00e7\u00e3o e conflito em diferentes n\u00edveis de governo<\/b> (em espanhol, ingl\u00eas  e portugu\u00eas).\r\n  Editado por W. Costa Ribeiro,com artigos de N. Valencio, A. Valencio, M. I. Andrade, F. Mello Sant\u2019Anna, P. C. Villar, C. Filippon, M. de Paula, W. Costa Ribeiro, A. G. Yahn Filho, M. L. Brzezinski, M. Coeurdray, J. Cortinas Munoz, e F. Poupeau. \r\n<h2><\/h2>\r\nVol.  2 No 3, julho de 2015, <a href=\"https:\/\/waterlat.org\/WPapers\/WPSATRANS23.pdf\">Baixar o n\u00famero aqui<\/a>. \r\n<h2><\/h2>\r\n\r\n<a href=\"https:\/\/waterlat.org\/wp-content\/uploads\/2022\/12\/Tapa-Vol8.4.jpg\"><img loading=\"lazy\" decoding=\"async\" class=\"alignnone size-medium wp-image-2717\" src=\"https:\/\/waterlat.org\/wp-content\/uploads\/2022\/12\/Tapa-Vol8.4.jpg\" alt=\"Tapa WPSATAM22\" width=\"212\" height=\"300\" \/><\/a>.\r\n<h2><\/h2>\r\n<b>Pol\u00edtica e \u00c1guas Transfronterizas: Experiencias de Brasil, M\u00e9xico, Paraguay e Uruguai<\/b> (em espanhol e portugu\u00eas).\r\n Editado por W. Costa Ribeiro e F. Darre Barbosa, com artigos de L. P. Batista da Silva, M. de Paula,  M. C. Oliveira, W. Costa Ribeiro, G. Hatch-Kuri,S. Schmidt Nedvedovich, J. J. Carrillo-Rivera, y P. Inacio Junior. \r\n<h2><\/h2>\r\nVol.  8 No 4, dezembro de 2021, <a href=\"https:\/\/waterlat.org\/working-papers-series\/volume-8-2021\/vol8-no4\/\">Baixar o n\u00famero aqui<\/a>. \r\n<h2><\/h2>\r\n\r\n\r\n\r\n\r\n&nbsp;\r\n\r\n<a href=\"https:\/\/waterlat.org\/pt\/areas-tematicas\/at4\/\">Voltar \u00e0 Apresenta\u00e7\u00e3o da AT4<\/a>\r\n\r\n\r\n","protected":false},"excerpt":{"rendered":"A AT4 tem uma S\u00e9rie dentro dos Cadernos de Trabalho da Rede WATERLAT-GOBACIT: Serie \u00c1reas Tem\u00e1ticas, AT4 \u00c1guas Transfronteiri\u00e7as. . \u00c1gua Transfronteiri\u00e7a: coopera\u00e7\u00e3o e conflito em diferentes n\u00edveis de governo (em espanhol, ingl\u00eas e portugu\u00eas). Editado por W. Costa Ribeiro,com artigos de N. Valencio, A. Valencio, M. I. Andrade, F. Mello Sant\u2019Anna, P. C. Villar, [&hellip;]","protected":false},"author":3,"featured_media":0,"parent":2399,"menu_order":0,"comment_status":"closed","ping_status":"closed","template":"page-templates\/full-width.php","meta":{"_acf_changed":false,"footnotes":""},"class_list":["post-2404","page","type-page","status-publish","hentry","no-wpautop"],"acf":[],"_links":{"self":[{"href":"https:\/\/waterlat.org\/pt\/wp-json\/wp\/v2\/pages\/2404","targetHints":{"allow":["GET"]}}],"collection":[{"href":"https:\/\/waterlat.org\/pt\/wp-json\/wp\/v2\/pages"}],"about":[{"href":"https:\/\/waterlat.org\/pt\/wp-json\/wp\/v2\/types\/page"}],"author":[{"embeddable":true,"href":"https:\/\/waterlat.org\/pt\/wp-json\/wp\/v2\/users\/3"}],"replies":[{"embeddable":true,"href":"https:\/\/waterlat.org\/pt\/wp-json\/wp\/v2\/comments?post=2404"}],"version-history":[{"count":9,"href":"https:\/\/waterlat.org\/pt\/wp-json\/wp\/v2\/pages\/2404\/revisions"}],"predecessor-version":[{"id":3784,"href":"https:\/\/waterlat.org\/pt\/wp-json\/wp\/v2\/pages\/2404\/revisions\/3784"}],"up":[{"embeddable":true,"href":"https:\/\/waterlat.org\/pt\/wp-json\/wp\/v2\/pages\/2399"}],"wp:attachment":[{"href":"https:\/\/waterlat.org\/pt\/wp-json\/wp\/v2\/media?parent=2404"}],"curies":[{"name":"wp","href":"https:\/\/api.w.org\/{rel}","templated":true}]}}