{"id":2419,"date":"2017-12-22T21:59:49","date_gmt":"2017-12-22T21:59:49","guid":{"rendered":"http:\/\/waterlat.org\/pt\/?page_id=2419"},"modified":"2023-05-11T22:22:27","modified_gmt":"2023-05-11T22:22:27","slug":"at10","status":"publish","type":"page","link":"https:\/\/waterlat.org\/pt\/areas-tematicas\/at10\/","title":{"rendered":"AT10 &#8211; \u00c1gua e Viol\u00eancia"},"content":{"rendered":"<h2>Apresenta\u00e7\u00e3o<\/h2>\n<p>Esta \u00c1rea Tem\u00e1tica transversal surgiu do <a href=\"https:\/\/waterlat.org\/pt\/encontros\/encontros-abertos\/waterlat-2014\/\">VI Encontro Internacional da Rede<\/a>, que teve lugar em Manizales, Col\u00f4mbia onde a tem\u00e1tica espec\u00edfica focou sobre \u00c1gua, Viol\u00eancia e Utopias. Aquele encontro propus que as atividades se centraram em desentranhar, descrever e explicar o car\u00e1ter capitalista da pol\u00edtica e a gest\u00e3o da agua en seus distintos aspectos e dimens\u00f5es, com o objetivo de confrontar seus impactos negativos sobre as sociedades humanas e contribuir a sua transforma\u00e7\u00e3o. Estes objetivos se baseavam no pressuposto de que avan\u00e7ar no conhecimento \u201cdo estado da \u00e1gua\u201d requer uma compreens\u00e3o do estado da ordem social capitalista, que na etapa hist\u00f3rica atual utiliza cada vez mais diversas formas de viol\u00eancia como mecanismos para incrementar os processos de acumula\u00e7\u00e3o e concentra\u00e7\u00e3o de poder. Nesse sentido, a viol\u00eancia, seja sist\u00e9mica-estrutural, subjetiva, simb\u00f3lica ou em qualquer de suas muitas formas, aparece como a express\u00e3o cada vez mais evidente do mecanismo com que se desestruturam e reconfiguram rela\u00e7\u00f5es entre os indiv\u00edduos e com a natureza, dando lugar a novas formas de domina\u00e7\u00e3o e poder territorial, social e pol\u00edtico. EL AT10 se prop\u00f5e explorar, examinar e contribuir a uma melhor compreens\u00e3o das experiencias, frequentemente traum\u00e1ticas, que emergem destes processos de reordenamento social, cujas consequ\u00eancias de despossess\u00e3o s\u00f3cio ecol\u00f3gica podem ser observadas na forma de espolia\u00e7\u00e3o do meio ambiente e na destrui\u00e7\u00e3o das bases materiais da vida, muito particularmente da \u00e1gua. Nosso objetivo \u00e9 tamb\u00e9m contribuir ao desenvolvimento de arcabou\u00e7os conceptuais e metodol\u00f3gicos que enfatizem a compreens\u00e3o e a explica\u00e7\u00e3o de como o uso da viol\u00eancia como mecanismo tem um impacto sobre as formas de pol\u00edtica e gest\u00e3o da \u00e1gua em desenvolvimento que est\u00e3o sendo implementadas em n\u00edvel planet\u00e1rio, olhando particularmente as consequ\u00eancias destes processos, assim como tamb\u00e9m as alternativas potenciais para confrontar o r\u00e1pido crescimento de pr\u00e1ticas e discursos desumanos e antidemocr\u00e1ticos neste campo. Como j\u00e1 sinalizamos, a viol\u00eancia \u00e9s um tema transversal as distintas <a href=\"https:\/\/waterlat.org\/pt\/areas-tematicas\/\">\u00c1reas Tem\u00e1ticas da Rede<\/a>, com as quais temos fortes v\u00ednculos e intera\u00e7\u00f5es.<\/p>\n<p>&nbsp;<\/p>\n<h2><a href=\"https:\/\/waterlat.org\/pt\/areas-tematicas\/at10\/at10-membros\/\">Membros da AT10<\/a><\/h2>\n<h2><a href=\"https:\/\/waterlat.org\/pt\/areas-tematicas\/at10\/cadernos-de-trabalho-da-at10\/\">Cadernos de Trabalho da AT10<\/a><\/h2>\n<h2><a href=\" https:\/\/waterlat.org\/pt\/areas-tematicas\/at10\/galeria-multimidia-da-at10\/\">Galeria Multim\u00eddia da AT10<\/a><\/h2>\n<p>&nbsp;<\/p>\n<hr \/>\n","protected":false},"excerpt":{"rendered":"<p>Apresenta\u00e7\u00e3o Esta \u00c1rea Tem\u00e1tica transversal surgiu do VI Encontro Internacional da Rede, que teve lugar em Manizales, Col\u00f4mbia onde a tem\u00e1tica espec\u00edfica focou sobre \u00c1gua, Viol\u00eancia e Utopias. Aquele encontro propus que as atividades se centraram em desentranhar, descrever e explicar o car\u00e1ter capitalista da pol\u00edtica e a gest\u00e3o da agua en seus distintos aspectos [&hellip;]<\/p>\n","protected":false},"author":3,"featured_media":0,"parent":15,"menu_order":0,"comment_status":"closed","ping_status":"closed","template":"page-templates\/full-width.php","meta":{"_acf_changed":false,"footnotes":""},"class_list":["post-2419","page","type-page","status-publish","hentry","wpautop"],"acf":[],"_links":{"self":[{"href":"https:\/\/waterlat.org\/pt\/wp-json\/wp\/v2\/pages\/2419","targetHints":{"allow":["GET"]}}],"collection":[{"href":"https:\/\/waterlat.org\/pt\/wp-json\/wp\/v2\/pages"}],"about":[{"href":"https:\/\/waterlat.org\/pt\/wp-json\/wp\/v2\/types\/page"}],"author":[{"embeddable":true,"href":"https:\/\/waterlat.org\/pt\/wp-json\/wp\/v2\/users\/3"}],"replies":[{"embeddable":true,"href":"https:\/\/waterlat.org\/pt\/wp-json\/wp\/v2\/comments?post=2419"}],"version-history":[{"count":9,"href":"https:\/\/waterlat.org\/pt\/wp-json\/wp\/v2\/pages\/2419\/revisions"}],"predecessor-version":[{"id":2459,"href":"https:\/\/waterlat.org\/pt\/wp-json\/wp\/v2\/pages\/2419\/revisions\/2459"}],"up":[{"embeddable":true,"href":"https:\/\/waterlat.org\/pt\/wp-json\/wp\/v2\/pages\/15"}],"wp:attachment":[{"href":"https:\/\/waterlat.org\/pt\/wp-json\/wp\/v2\/media?parent=2419"}],"curies":[{"name":"wp","href":"https:\/\/api.w.org\/{rel}","templated":true}]}}