{"id":2425,"date":"2017-12-22T23:36:07","date_gmt":"2017-12-22T23:36:07","guid":{"rendered":"http:\/\/waterlat.org\/pt\/?page_id=2425"},"modified":"2018-02-17T14:36:19","modified_gmt":"2018-02-17T14:36:19","slug":"galeria-multimidia-da-at10","status":"publish","type":"page","link":"https:\/\/waterlat.org\/pt\/areas-tematicas\/at10\/galeria-multimidia-da-at10\/","title":{"rendered":"Galeria Multim\u00eddia da AT10"},"content":{"rendered":"<h2>Lista de Reprodu\u00e7\u00e3o no Youtube<\/h2>\n<p>A AT10 tem sua Lista de Reprodu\u00e7\u00e3o no Canal de Youtube da Rede. O Canal tem entrevistas com membros da AT10, v\u00eddeos de sess\u00f5es organizadas pela AT10 nas reuni\u00f5es regulares da Rede, v\u00eddeos de atividades de pesquisa da AT10 incluindo entrevistas, visitas de campo, e outros materiais.<\/p>\n<p><span style=\"text-decoration: underline;\">Lista de Reprodu\u00e7\u00e3o da AT10 no Canal de Youtube da Rede<\/span><\/p>\n<p><iframe loading=\"lazy\" width=\"560\" height=\"315\" src=\"https:\/\/www.youtube.com\/embed\/pkspRzacAoA\" frameborder=\"0\" gesture=\"media\" allow=\"encrypted-media\" allowfullscreen><\/iframe><\/p>\n<p>&nbsp;<\/p>\n<p>&nbsp;<\/p>\n<h2>Albumes na galeria fotogr\u00e1fica em Flickr<\/h2>\n<p>V\u00e1rios albumes na galeria fotogr\u00e1fica da Rede em Flickr correspondem a temas da AT10 ou temas compartilhados com outras ATs.<\/p>\n<p><span style=\"text-decoration: underline;\">P\u00e1gina dos albumes em Flickr<\/span><br \/>\n<a data-flickr-embed=\"true\"  href=\"https:\/\/www.flickr.com\/photos\/125391306@N03\/albums\/72157645002086410\" title=\"Water struggles \/ Luchas por el agua\"><img loading=\"lazy\" decoding=\"async\" src=\"https:\/\/farm6.staticflickr.com\/5591\/14552504773_42a5550ee8_z.jpg\" width=\"640\" height=\"427\" alt=\"Water struggles \/ Luchas por el agua\"><\/a><script async src=\"\/\/embedr.flickr.com\/assets\/client-code.js\" charset=\"utf-8\"><\/script><\/p>\n<p>&nbsp;<\/p>\n<p><a href=\"https:\/\/waterlat.org\/pt\/areas-tematicas\/at10\/\">Voltar \u00e0 Apresenta\u00e7\u00e3o da AT10<\/a><\/p>\n","protected":false},"excerpt":{"rendered":"<p>Lista de Reprodu\u00e7\u00e3o no Youtube A AT10 tem sua Lista de Reprodu\u00e7\u00e3o no Canal de Youtube da Rede. O Canal tem entrevistas com membros da AT10, v\u00eddeos de sess\u00f5es organizadas pela AT10 nas reuni\u00f5es regulares da Rede, v\u00eddeos de atividades de pesquisa da AT10 incluindo entrevistas, visitas de campo, e outros materiais. Lista de Reprodu\u00e7\u00e3o [&hellip;]<\/p>\n","protected":false},"author":3,"featured_media":0,"parent":2419,"menu_order":0,"comment_status":"closed","ping_status":"closed","template":"page-templates\/full-width.php","meta":{"_acf_changed":false,"footnotes":""},"class_list":["post-2425","page","type-page","status-publish","hentry","wpautop"],"acf":[],"_links":{"self":[{"href":"https:\/\/waterlat.org\/pt\/wp-json\/wp\/v2\/pages\/2425","targetHints":{"allow":["GET"]}}],"collection":[{"href":"https:\/\/waterlat.org\/pt\/wp-json\/wp\/v2\/pages"}],"about":[{"href":"https:\/\/waterlat.org\/pt\/wp-json\/wp\/v2\/types\/page"}],"author":[{"embeddable":true,"href":"https:\/\/waterlat.org\/pt\/wp-json\/wp\/v2\/users\/3"}],"replies":[{"embeddable":true,"href":"https:\/\/waterlat.org\/pt\/wp-json\/wp\/v2\/comments?post=2425"}],"version-history":[{"count":3,"href":"https:\/\/waterlat.org\/pt\/wp-json\/wp\/v2\/pages\/2425\/revisions"}],"predecessor-version":[{"id":2433,"href":"https:\/\/waterlat.org\/pt\/wp-json\/wp\/v2\/pages\/2425\/revisions\/2433"}],"up":[{"embeddable":true,"href":"https:\/\/waterlat.org\/pt\/wp-json\/wp\/v2\/pages\/2419"}],"wp:attachment":[{"href":"https:\/\/waterlat.org\/pt\/wp-json\/wp\/v2\/media?parent=2425"}],"curies":[{"name":"wp","href":"https:\/\/api.w.org\/{rel}","templated":true}]}}