{"id":249,"date":"2014-01-25T17:36:12","date_gmt":"2014-01-25T17:36:12","guid":{"rendered":"http:\/\/waterlat.org\/pt\/?page_id=249"},"modified":"2020-10-11T00:00:43","modified_gmt":"2020-10-11T00:00:43","slug":"waterlat-student-prize","status":"publish","type":"page","link":"https:\/\/waterlat.org\/pt\/waterlat-student-prize\/","title":{"rendered":"Pr\u00eamio para Estudantes"},"content":{"rendered":"<p>A partir de 2014 a Rede outorga anualmente o Pr\u00eamio WATERLAT-GOBACIT para Estudantes de doutorado e mestrado. Uma equipe espec\u00edfica composta por membros da <a title=\"Comisi\u00f3n de Publicaciones\" href=\" https:\/\/waterlat.org\/pt\/publicacoes\/comissao-de-publicacoes\/\">Comiss\u00e3o Editorial da Rede WATERLAT-GOBACIT<\/a> est\u00e1 cargo da gest\u00e3o do Pr\u00eamio para Estudantes:<\/p>\n<p><strong>Dra. Karina Kloster<\/strong>, Universidade Aut\u00f3noma da Cidade do M\u00e9xico (UACM), M\u00e9xico, Coordenadora do Premio Pr\u00eamio para Estudantes<\/p>\n<p><strong>Dr. Antonio Rodr\u00edguez S\u00e1nchez<\/strong>, Universidade Aut\u00f3noma de Zacatecas, Zacatecas, M\u00e9xico, Coordenador da S\u00e9rie do Pr\u00eamio WATERLAT-GOBACIT para Estudantes, <a href=\"https:\/\/waterlat.org\/pt\/waterlat-student-prize\/\">Cuadernos de Trabajo de la Red WATERLAT-GOBACIT<\/a><\/p>\n<p><strong>Dr. Alex Ricardo Caldera Ortega<\/strong>, Universidade de Guanajuato, Campus Le\u00f3n, Le\u00f3n, Guanajuato, M\u00e9xico, Assessor do Pr\u00eamio para Estudantes<\/p>\n<p><strong>Lic. Ariel Ocantos<\/strong>, Conselho Nacional de Investiga\u00e7\u00f5es Cient\u00edficas e T\u00e9cnicas (CONICET) e Universidade Nacional de General Sarmiento (UNGS), Buenos Aires, Argentina, Se\u00e7\u00e3o de Apoio ao Pr\u00eamio para Estudantes<\/p>\n<hr style=\"background-color: cornflowerblue;\" \/>\n&nbsp;<\/p>\n<h3>Lista de Reprodu\u00e7\u00e3o de Sess\u00f5es do Pr\u00eamio para Estudantes em nosso Canal de YouTube<\/h3>\n<p><a href=\"https:\/\/www.youtube.com\/embed\/videoseries?list=PLx6qphzdSP6s1BaZYKo71JUpDr6af_LBF\" target=\"_blank\" rel=\"noopener noreferrer\"> <img decoding=\"async\" class=\"aligncenter\" style=\"width: 400px height:220px;\" src=\"https:\/\/waterlat.org\/wp-content\/uploads\/2020\/10\/X-Meeting-flyer-1.jpg\" \/><\/a><\/p>\n<p>&nbsp;<\/p>\n<h3>O Pr\u00eamio<\/h3>\n<p>O Pr\u00eamio consiste na publica\u00e7\u00e3o dos trabalhos:<\/p>\n<p>a)\u00a0A melhor tese doutoral e a melhor disserta\u00e7\u00e3o de mestrado s\u00e3o propostas \u00e0 Comiss\u00e3o Editorial para sua poss\u00edvel publica\u00e7\u00e3o como livro na <a href=\"https:\/\/waterlat.org\/pt\/publicacoes\/livros\/\">S\u00e9rie Pr\u00eamio WATERLAT-GOBACIT para Estudantes<\/a> por um consorcio de editoras da Am\u00e9rica Latina e Espanha (as editoras participantes podem variar de acordo ao tema dos trabalhos).<\/p>\n<p>b) Os demais postulantes s\u00e3o convidados a publicar um artigo baseado em suas teses ou disserta\u00e7\u00f5es na S\u00e9rie do Pr\u00eamio\u00a0<a href=\" https:\/\/waterlat.org\/pt\/publicacoes\/working-papers-series\/\">dos Cadernos de Trabalho<\/a> da Rede.<\/p>\n<p>&nbsp;<\/p>\n<h3>Normas de Postula\u00e7\u00e3o<\/h3>\n<p>As teses e disserta\u00e7\u00f5es devem enquadrar-se dentro dos <a href=\"https:\/\/waterlat.org\/pt\/about\/objetivos\/\">objetivos<\/a> e <a href=\"https:\/\/waterlat.org\/pt\/about\/prioridades\/\">prioridades de pesquisa<\/a> da Rede WATERLAT-GOBACIT. Os participantes devem indicar tamb\u00e9m se os trabalhos contribuem a alguma das 10 <a href=\"https:\/\/waterlat.org\/pt\/about\/areas-tematicas\/\">\u00c1reas Tem\u00e1ticas<\/a> da Rede, embora este n\u00e3o seja um requisito para participar no concurso. As teses e disserta\u00e7\u00f5es devem estar em algum das tr\u00eas l\u00ednguas oficiais da Rede, espanhol, ingl\u00eas ou portugu\u00eas.\u00a0Ser\u00e1 poss\u00edvel apresentar teses e disserta\u00e7\u00f5es em outras l\u00ednguas, embora s\u00f3 ser\u00e3o aceitadas em caso de que se disponha de avaliadores na l\u00edngua relevante.<\/p>\n<p>Os postulantes devem ter sido membros da Rede por um per\u00edodo m\u00ednimo de 6 meses ao momento da aprova\u00e7\u00e3o oficial da tese. Ter\u00e3o que apresentar com a postula\u00e7\u00e3o uma c\u00f3pia da vers\u00e3o final oficial da tese (a vers\u00e3o definitiva aprovada tr\u00e1s c\u00e2mbios o corre\u00e7\u00f5es solicitados pelos examinadores, se corresponde) e documenta\u00e7\u00e3o com a evidencia (em formato eletr\u00f4nico) da aprova\u00e7\u00e3o da tese por parte da institui\u00e7\u00e3o relevante. Ao apresentar a postula\u00e7\u00e3o os candidatos automaticamente expressam que a tese e de sua completa autoria. O processo de avalia\u00e7\u00e3o n\u00e3o inclui uma prova de autoria, pero no caso de detectar-se alguma anomalia a Rede se reserva o direito de requisitar maior informa\u00e7\u00e3o do postulante e em caso de d\u00favida firme se poder\u00e1 suspender provis\u00f3ria ou permanentemente a postula\u00e7\u00e3o at\u00e9 que a situa\u00e7\u00e3o seja adequadamente clarificada.<\/p>\n<p>&nbsp;<\/p>\n<h3>Processo de Avalia\u00e7\u00e3o<\/h3>\n<p>A Comiss\u00e3o Avaliadora \u00e9 designada pela <a title=\"Comisi\u00f3n de Publicaciones\" href=\" https:\/\/waterlat.org\/pt\/publicacoes\/comissao-de-publicacoes\/\">Comiss\u00e3o Editorial<\/a> da Rede WATERLAT-GOBACIT, que supervisa o processo de avalia\u00e7\u00e3o. A Comiss\u00e3o Avaliadora poder\u00e1 incluir acad\u00e9micos externos a Rede. Um documento com as Normas e Crit\u00e9rios para a postula\u00e7\u00e3o e avalia\u00e7\u00e3o do Pr\u00eamio WATERLAT-GOBACIT est\u00e1 dispon\u00edvel se solicitado (solicite uma c\u00f3pia \u00e0 <a href=\"mailto:redwaterlat@gmail.com\">Secretar\u00eda<\/a> da Rede).<\/p>\n<p>&nbsp;<\/p>\n<h3>Pr\u00eamio WATERLAT-GOBACIT 2020<\/h3>\n<p>A chamada a postula\u00e7\u00f5es para a edi\u00e7\u00e3o 2020 do Pr\u00eamio a Estudantes da Rede WATERLAT-GOBACIT, recebeu teses e disserta\u00e7\u00f5es aprovadas entre o 1 de janeiro e o 31 de dezembro de 2019. A chamada a postula\u00e7\u00f5es fechou o 29 de fevereiro de 2020. Foram apresentadas 8 postula\u00e7\u00f5es ao Pr\u00eamio de Doutorado e 1 ao Pr\u00eamio de Mestrado. Confira <a href=\"https:\/\/waterlat.org\/pt\/waterlat-student-prize\/premio-2020\/\">aqui os detalhes e resultados da edi\u00e7\u00e3o 2020 do Pr\u00eamio para Estudantes<\/a>.<\/p>\n<p>&nbsp;<\/p>\n<h3>Pr\u00eamio WATERLAT-GOBACIT 2019<\/h3>\n<p>A chamada a postula\u00e7\u00f5es para a edi\u00e7\u00e3o 2019 do Pr\u00eamio a Estudantes da Rede WATERLAT-GOBACIT, recebeu teses e disserta\u00e7\u00f5es aprovadas entre o 1 de janeiro e o 31 de dezembro de 2018. A chamada a postula\u00e7\u00f5es fechou o 28 de fevereiro de 2019. Foram apresentadas 9 postula\u00e7\u00f5es ao Pr\u00eamio de Doutorado. Confira <a href=\"https:\/\/waterlat.org\/pt\/waterlat-student-prize\/waterlat-gobacit-2019\/\">aqui os detalhes e resultados da edi\u00e7\u00e3o 2019 do Pr\u00eamio para Estudantes<\/a>.<\/p>\n<p>&nbsp;<\/p>\n<h3>Pr\u00eamio WATERLAT-GOBACIT 2018<\/h3>\n<p>A chamada a postula\u00e7\u00f5es para a edi\u00e7\u00e3o 2018 do Pr\u00eamio a Estudantes da Rede WATERLAT-GOBACIT, recebeu teses e disserta\u00e7\u00f5es aprovadas entre o 1 de janeiro e o 31 de dezembro de 2017. A chamada a postula\u00e7\u00f5es fechou o 28 de fevereiro de 2018. Foram apresentadas 8 postula\u00e7\u00f5es, 5 ao Pr\u00eamio de Mestrado e 3 ao Pr\u00eamio de Doutorado. Confira <a href=\"https:\/\/waterlat.org\/pt\/waterlat-student-prize\/premio-2018\/\">aqui os detalhes e resultados da edi\u00e7\u00e3o 2018 do Pr\u00eamio para Estudantes<\/a>.<\/p>\n<p>&nbsp;<\/p>\n<h3>Pr\u00eamio WATERLAT-GOBACIT 2017<\/h3>\n<p>A chamada a postula\u00e7\u00f5es para a edi\u00e7\u00e3o 2017 do Pr\u00eamio a Estudantes da Rede WATERLAT-GOBACIT recebeu teses e disserta\u00e7\u00f5es aprovadas entre o 1 de janeiro e o 31 de dezembro de 2016. A chamada a postula\u00e7\u00f5es fechou o 28 de fevereiro de 2017. Foram apresentadas 5 postula\u00e7\u00f5es, 2 ao Pr\u00eamio de Mestrado e 3 ao Pr\u00eamio de Doutorado. Confira <a href=\"https:\/\/waterlat.org\/pt\/waterlat-student-prize\/premio-2017\/\">aqui os detalhes e resultados da edi\u00e7\u00e3o 2017 do Pr\u00eamio para Estudantes<\/a>.<\/p>\n<p>&nbsp;<\/p>\n<h3>Pr\u00eamio WATERLAT-GOBACIT 2016<\/h3>\n<p>A chamada a postula\u00e7\u00f5es para a edi\u00e7\u00e3o 2016 do Pr\u00eamio a Estudantes da Rede WATERLAT-GOBACIT para teses e disserta\u00e7\u00f5es aprovadas entre o 1 de janeiro e o 31 de dezembro de 2015 fechou o 28 de fevereiro de 2016. Foram apresentadas 12 postula\u00e7\u00f5es, 4 ao Pr\u00eamio de Mestrado e 8 ao Pr\u00eamio de Doutorado. Confira <a href=\"https:\/\/waterlat.org\/pt\/ensino\/waterlat-student-prize\/premio2016\/\">aqui os detalhes e resultados da edi\u00e7\u00e3o 2016 do Pr\u00eamio para Estudantes<\/a>.<\/p>\n<p>&nbsp;<\/p>\n<h3>Pr\u00eamio WATERLAT-GOBACIT 2015<\/h3>\n<p>A chamada a postula\u00e7\u00f5es para a edi\u00e7\u00e3o 2015 do Pr\u00eamio a Estudantes da rede WATERLAT-GOBACIT 2015 para teses e disserta\u00e7\u00f5es aprovadas entre o 1 de janeiro e o 31 de dezembro de 2014 fechou o 30 de janeiro de 2015. Foram apresentadas 7 postula\u00e7\u00f5es, 3 ao Pr\u00eamio de Mestrado e 4 ao Pr\u00eamio de Doutorado. Confira <a href=\"https:\/\/waterlat.org\/pt\/waterlat-student-prize\/premio-de-estudantes-waterlat-gobacit-2015\/\">aqui os detalhes e resultados da edi\u00e7\u00e3o 2015 do Pr\u00eamio para Estudantes<\/a>.<\/p>\n<p>&nbsp;<\/p>\n<h3>Pr\u00eamio WATERLAT-GOBACIT 2014<\/h3>\n<p>A primeira chamada a postula\u00e7\u00f5es para o Pr\u00eamio WATERLAT-GOBACIT foi para teses e disserta\u00e7\u00f5es aprovadas entre o 1 de janeiro de 2012 e o 31 de dezembro de 2013 e foi fechada o 31 de janeiro de 2014. Foram apresentadas 12 postula\u00e7\u00f5es, 5 ao Pr\u00eamio de Mestrado e 7 ao Pr\u00eamio de Doutorado. Confira <a href=\"https:\/\/waterlat.org\/pt\/waterlat-student-prize\/premio-waterlat-gobacit-2014\/\">aqui os detalhes e resultados da edi\u00e7\u00e3o 2014 do Pr\u00eamio para Estudantes<\/a>.<\/p>\n<p>&nbsp;<\/p>\n<hr \/>\n<p>&nbsp;<\/p>\n<p>Para consultas ou comentarios referidos ao Pr\u00eamio WATERLAT-GOBACIT para Estudantes, por favor contatar a <a href=\"mailto:redwaterlat@gmail.com\">Secretar\u00eda<\/a> da Rede.<\/p>\n<p>&nbsp;<\/p>\n","protected":false},"excerpt":{"rendered":"<p>A partir de 2014 a Rede outorga anualmente o Pr\u00eamio WATERLAT-GOBACIT para Estudantes de doutorado e mestrado. Uma equipe espec\u00edfica composta por membros da Comiss\u00e3o Editorial da Rede WATERLAT-GOBACIT est\u00e1 cargo da gest\u00e3o do Pr\u00eamio para Estudantes: Dra. Karina Kloster, Universidade Aut\u00f3noma da Cidade do M\u00e9xico (UACM), M\u00e9xico, Coordenadora do Premio Pr\u00eamio para Estudantes Dr. [&hellip;]<\/p>\n","protected":false},"author":3,"featured_media":0,"parent":0,"menu_order":0,"comment_status":"closed","ping_status":"closed","template":"page-templates\/full-width.php","meta":{"_acf_changed":false,"footnotes":""},"class_list":["post-249","page","type-page","status-publish","hentry","wpautop"],"acf":[],"_links":{"self":[{"href":"https:\/\/waterlat.org\/pt\/wp-json\/wp\/v2\/pages\/249","targetHints":{"allow":["GET"]}}],"collection":[{"href":"https:\/\/waterlat.org\/pt\/wp-json\/wp\/v2\/pages"}],"about":[{"href":"https:\/\/waterlat.org\/pt\/wp-json\/wp\/v2\/types\/page"}],"author":[{"embeddable":true,"href":"https:\/\/waterlat.org\/pt\/wp-json\/wp\/v2\/users\/3"}],"replies":[{"embeddable":true,"href":"https:\/\/waterlat.org\/pt\/wp-json\/wp\/v2\/comments?post=249"}],"version-history":[{"count":40,"href":"https:\/\/waterlat.org\/pt\/wp-json\/wp\/v2\/pages\/249\/revisions"}],"predecessor-version":[{"id":3319,"href":"https:\/\/waterlat.org\/pt\/wp-json\/wp\/v2\/pages\/249\/revisions\/3319"}],"wp:attachment":[{"href":"https:\/\/waterlat.org\/pt\/wp-json\/wp\/v2\/media?parent=249"}],"curies":[{"name":"wp","href":"https:\/\/api.w.org\/{rel}","templated":true}]}}