{"id":25,"date":"2013-11-27T20:58:46","date_gmt":"2013-11-27T20:58:46","guid":{"rendered":"http:\/\/waterlat.org\/pt\/?page_id=25"},"modified":"2013-12-15T13:34:27","modified_gmt":"2013-12-15T13:34:27","slug":"capitulos-em-livros","status":"publish","type":"page","link":"https:\/\/waterlat.org\/pt\/publicacoes\/capitulos-em-livros\/","title":{"rendered":"Cap\u00edtulos em livros"},"content":{"rendered":"<p><span style=\"line-height: 1.714285714; font-size: 1rem;\">Daniel Azpiazu e Jos\u00e9 Esteban Castro, &#8220;Aguas p\u00fablicas: lecciones desde Buenos Aires&#8221;, em Martin Pigeon, David A. McDonald, Olivier Hoedeman, e Satoko Kishimoto (eds.),\u00a0<\/span><span style=\"text-decoration: underline;\">Remunicipalizaci\u00f3n: El Retorno del Agua a Manos P\u00fablicas<\/span><span style=\"line-height: 1.714285714; font-size: 1rem;\">\u00a0<\/span><a style=\"line-height: 1.714285714; font-size: 1rem;\" href=\"http:\/\/www.municipalservicesproject.org\/es\/publication\/remunicipalizacion-el-retorno-del-agua-manos-publicas\">[baixe o livro completo em forma gratuita]<\/a><span style=\"line-height: 1.714285714; font-size: 1rem;\">, Amsterd\u00e3: Transnational Institute, 2013, pp. 74-95.<\/span><\/p>\n<p>Tamb\u00e9m dispon\u00edvel em ingl\u00eas: Daniel Azpiazu e Jos\u00e9 Esteban Castro, &#8220;Aguas P\u00fablicas: Buenos Aires in Muddled Waters\u201d, em Martin Pigeon, David A. McDonald, Olivier Hoedeman, e Satoko Kishimoto (eds.),\u00a0<a href=\"http:\/\/www.tni.org\/tnibook\/remunicipalisation\">Remunicipalisation. Putting Water Back into Public Hands [baixe o livro completo em forma gratuita]<\/a>, Amsterd\u00e3: Transnational Institute, 2012, pp. 58-73.<\/p>\n","protected":false},"excerpt":{"rendered":"<p>Daniel Azpiazu e Jos\u00e9 Esteban Castro, &#8220;Aguas p\u00fablicas: lecciones desde Buenos Aires&#8221;, em Martin Pigeon, David A. McDonald, Olivier Hoedeman, e Satoko Kishimoto (eds.),\u00a0Remunicipalizaci\u00f3n: El Retorno del Agua a Manos P\u00fablicas\u00a0[baixe o livro completo em forma gratuita], Amsterd\u00e3: Transnational Institute, 2013, pp. 74-95. Tamb\u00e9m dispon\u00edvel em ingl\u00eas: Daniel Azpiazu e Jos\u00e9 Esteban Castro, &#8220;Aguas P\u00fablicas: [&hellip;]<\/p>\n","protected":false},"author":1,"featured_media":0,"parent":7,"menu_order":0,"comment_status":"closed","ping_status":"open","template":"page-templates\/full-width.php","meta":{"_acf_changed":false,"footnotes":""},"class_list":["post-25","page","type-page","status-publish","hentry","wpautop"],"acf":[],"_links":{"self":[{"href":"https:\/\/waterlat.org\/pt\/wp-json\/wp\/v2\/pages\/25","targetHints":{"allow":["GET"]}}],"collection":[{"href":"https:\/\/waterlat.org\/pt\/wp-json\/wp\/v2\/pages"}],"about":[{"href":"https:\/\/waterlat.org\/pt\/wp-json\/wp\/v2\/types\/page"}],"author":[{"embeddable":true,"href":"https:\/\/waterlat.org\/pt\/wp-json\/wp\/v2\/users\/1"}],"replies":[{"embeddable":true,"href":"https:\/\/waterlat.org\/pt\/wp-json\/wp\/v2\/comments?post=25"}],"version-history":[{"count":1,"href":"https:\/\/waterlat.org\/pt\/wp-json\/wp\/v2\/pages\/25\/revisions"}],"predecessor-version":[{"id":158,"href":"https:\/\/waterlat.org\/pt\/wp-json\/wp\/v2\/pages\/25\/revisions\/158"}],"up":[{"embeddable":true,"href":"https:\/\/waterlat.org\/pt\/wp-json\/wp\/v2\/pages\/7"}],"wp:attachment":[{"href":"https:\/\/waterlat.org\/pt\/wp-json\/wp\/v2\/media?parent=25"}],"curies":[{"name":"wp","href":"https:\/\/api.w.org\/{rel}","templated":true}]}}