{"id":255,"date":"2014-01-26T16:24:22","date_gmt":"2014-01-26T16:24:22","guid":{"rendered":"http:\/\/waterlat.org\/pt\/?page_id=255"},"modified":"2014-06-30T19:46:23","modified_gmt":"2014-06-30T19:46:23","slug":"lanace","status":"publish","type":"page","link":"https:\/\/waterlat.org\/pt\/projetos\/lanace\/","title":{"rendered":"LANACE"},"content":{"rendered":"<p>&nbsp;<\/p>\n<p><strong>Rede Latino-americana de Colabora\u00e7\u00e3o e Interc\u00e2mbio Acad\u00eamico para o Estudo sobre a Gest\u00e3o da \u00c1gua (LANACE) (2014)<\/strong><\/p>\n<p>&nbsp;<\/p>\n<p>O projeto tem como objetivo fortalecer a \u00c1rea Tem\u00e1tica 2 da Rede WATERLAT-GOBACIT, &#8220;\u00c1gua e megaprojetos &#8220;, que desenvolve pesquisas relacionadas ao uso de \u00e1gua em atividades extrativas. O projeto\u00a0est\u00e1 centrado\u00a0em diferentes pa\u00edses da Am\u00e9rica Latina, incluindo: Argentina, Bol\u00edvia, Col\u00f4mbia e Equador.<\/p>\n<p>Com esse projeto buscamos promover um espa\u00e7o que consolida a coopera\u00e7\u00e3o acad\u00eamica entre as institui\u00e7\u00f5es membros da rede, entre as universidades de nossos pesquisadores da rede, bem como outras institui\u00e7\u00f5es acad\u00eamicas e organiza\u00e7\u00f5es internacionais.<\/p>\n<p>Esperamos fazer uma contribui\u00e7\u00e3o a partir de uma abordagem interdisciplinar para o campo de estudo relacionado com quest\u00f5es ambientais, atividades extrativistas e do uso dos recursos naturais, especialmente a \u00e1gua, na Am\u00e9rica Latina.<\/p>\n<p>O projeto \u00e9 financiado pelo Minist\u00e9rio da Educa\u00e7\u00e3o da Argentina, Secretar\u00edao de Pol\u00edticas Universit\u00e1rias (Projeto n \u00ba 27-53\/289 )<\/p>\n<p>&nbsp;<\/p>\n<p><b>Institui\u00e7\u00f5es Participantes<\/b><\/p>\n<p>\u2022 Universidade Nacional de General Sarmiento (UNGS), Argentina (Coordenador)<\/p>\n<p>\u2022 Universidade Maior de San Sim\u00f3n, Faculdade de Agricultura, Centro Andino de Gest\u00e3o e Uso da \u00c1gua (Centro AGUA) e Centro de Estudos Avan\u00e7ados Universit\u00e1rios (CESU), Cochabamba, Bol\u00edvia<\/p>\n<p>\u2022 Universidade de Caldas, Faculdade de Direito e Ci\u00eancias Sociais, Centro de Pesquisas Socio- Legais &#8211; Observat\u00f3rio de Conflitos Ambientais, Manizales, Col\u00f4mbia<\/p>\n<p>\u2022 Universidade de P\u00f3s-Gradua\u00e7\u00e3o do Estado &#8211; Instituto Nacional de Estudos Avan\u00e7ados (IAEN), Quito, Equador<\/p>\n<p>&nbsp;<\/p>\n<p>Para mais informa\u00e7\u00f5es sobre o projeto, consulte o <a href=\"mailto:gkohan@ungs.edu.ar\">Coordenador na UNGS<\/a>.<\/p>\n<p>&nbsp;<\/p>\n","protected":false},"excerpt":{"rendered":"<p>&nbsp; Rede Latino-americana de Colabora\u00e7\u00e3o e Interc\u00e2mbio Acad\u00eamico para o Estudo sobre a Gest\u00e3o da \u00c1gua (LANACE) (2014) &nbsp; O projeto tem como objetivo fortalecer a \u00c1rea Tem\u00e1tica 2 da Rede WATERLAT-GOBACIT, &#8220;\u00c1gua e megaprojetos &#8220;, que desenvolve pesquisas relacionadas ao uso de \u00e1gua em atividades extrativas. O projeto\u00a0est\u00e1 centrado\u00a0em diferentes pa\u00edses da Am\u00e9rica Latina, [&hellip;]<\/p>\n","protected":false},"author":3,"featured_media":0,"parent":6,"menu_order":0,"comment_status":"closed","ping_status":"open","template":"page-templates\/full-width.php","meta":{"_acf_changed":false,"footnotes":""},"class_list":["post-255","page","type-page","status-publish","hentry","wpautop"],"acf":[],"_links":{"self":[{"href":"https:\/\/waterlat.org\/pt\/wp-json\/wp\/v2\/pages\/255","targetHints":{"allow":["GET"]}}],"collection":[{"href":"https:\/\/waterlat.org\/pt\/wp-json\/wp\/v2\/pages"}],"about":[{"href":"https:\/\/waterlat.org\/pt\/wp-json\/wp\/v2\/types\/page"}],"author":[{"embeddable":true,"href":"https:\/\/waterlat.org\/pt\/wp-json\/wp\/v2\/users\/3"}],"replies":[{"embeddable":true,"href":"https:\/\/waterlat.org\/pt\/wp-json\/wp\/v2\/comments?post=255"}],"version-history":[{"count":4,"href":"https:\/\/waterlat.org\/pt\/wp-json\/wp\/v2\/pages\/255\/revisions"}],"predecessor-version":[{"id":1021,"href":"https:\/\/waterlat.org\/pt\/wp-json\/wp\/v2\/pages\/255\/revisions\/1021"}],"up":[{"embeddable":true,"href":"https:\/\/waterlat.org\/pt\/wp-json\/wp\/v2\/pages\/6"}],"wp:attachment":[{"href":"https:\/\/waterlat.org\/pt\/wp-json\/wp\/v2\/media?parent=255"}],"curies":[{"name":"wp","href":"https:\/\/api.w.org\/{rel}","templated":true}]}}