{"id":2578,"date":"2018-09-22T14:56:27","date_gmt":"2018-09-22T14:56:27","guid":{"rendered":"http:\/\/waterlat.org\/pt\/?page_id=2578"},"modified":"2018-10-17T13:43:14","modified_gmt":"2018-10-17T13:43:14","slug":"premio-2018","status":"publish","type":"page","link":"https:\/\/waterlat.org\/pt\/waterlat-student-prize\/premio-2018\/","title":{"rendered":"Pr\u00eamio de Estudantes WATERLAT-GOBACIT 2018"},"content":{"rendered":"<p>A quinta chamada a postula\u00e7\u00f5es para o Pr\u00eamio de Estudantes WATERLAT-GOBACIT foi para teses e disserta\u00e7\u00f5es aprovadas entre o 1 de janeiro e o 31 de dezembro de 2017 e foi fechada o 28 de fevereiro de 2018. Foram apresentadas 8 postula\u00e7\u00f5es, 5 ao Pr\u00eamio de Mestrado e 3 ao Pr\u00eamio de Doutorado. Foi convocada uma Comiss\u00e3o Avaliadora composta de acad\u00eamicas e acad\u00eamicos membros da Rede e convidados externos. Ao final de esta p\u00e1gina pode-se ver os detalhes da Comiss\u00e3o Avaliadora. O anuncio dos resultados ocorreu o 5 de setembro de 2018, durante la <a href=\"https:\/\/waterlat.org\/pt\/encontros\/encontros-abertos\/waterlat-gobacit-ix-2018\/\">IX Reuni\u00e3o Internacional da Rede WATERLAT-GOBACIT<\/a>.<\/p>\n<p>&nbsp;<\/p>\n<hr \/>\n<h3>O Pr\u00eamio<\/h3>\n<p><span style=\"text-decoration: underline;\">Pr\u00eamio Doutoral 2018<\/span><\/p>\n<p><strong>Cindy Claudia McCulligh<\/strong>. T\u00edtulo da tese: \u201cAlcantarilla del progreso: Industria y Estado en la contaminaci\u00f3n del r\u00edo Santiago en Jalisco, M\u00e9xico\u201d (em espanhol). Doutorado em Ci\u00eancias Sociais, com especializa\u00e7\u00e3o em Antropologia Social, Centro de Investigaciones y Estudios Superiores en Antropolog\u00eda Social (CIESAS), Guadalajara, Jalisco, M\u00e9xico, 2017. <a href=\"http:\/\/waterlat.org\/Thesis\/McCulligh.pdf\">Acesse aqui<\/a>.<\/p>\n<p>&nbsp;<\/p>\n<p><span style=\"text-decoration: underline;\">Pr\u00eamio de Mestrado 2018<\/span><\/p>\n<p><strong>Alma Rosa Barranco Salazar<\/strong>. T\u00edtulo da disserta\u00e7\u00e3o: \u201cSaberes, valores y organizaci\u00f3n social de la gesti\u00f3n comunitaria del Sistema de Agua Potable de Zothe, en Huichapan, Hidalgo, M\u00e9xico\u201d (em espanhol). Mestrado em Gest\u00e3o Sustent\u00e1vel da \u00c1gua, El Colegio de San Luis (COLSAN), San Luis Potos\u00ed, M\u00e9xico, 2017. <a href=\"http:\/\/waterlat.org\/Thesis\/AlmaBarranco.pdf\">Acesse aqui<\/a>.<\/p>\n<p>&nbsp;<\/p>\n<p>Dado que tivemos candidatos excelentes, a <a href=\"https:\/\/waterlat.org\/pt\/comissao-editorial\/\">Comiss\u00e3o Editorial<\/a> decidiu convidar ao resto dos participantes a enviar um artigo baseado nas teses e disserta\u00e7\u00f5es para sua publica\u00e7\u00e3o na <a href=\"https:\/\/waterlat.org\/pt\/publicacoes\/working-papers-series\/\">S\u00e9rie de Cadernos de Trabalho<\/a> da Rede.<\/p>\n<p>&nbsp;<\/p>\n<hr \/>\n<h3>Lista completa dos candidatos participantes:<\/h3>\n<p><strong><span style=\"text-decoration: underline;\">Pr\u00eamio Doutoral<\/span><\/strong><\/p>\n<p><strong>Cindy Claudia McCulligh<\/strong>. T\u00edtulo da tese: \u201cAlcantarilla del progreso: Industria y Estado en la contaminaci\u00f3n del r\u00edo Santiago en Jalisco, M\u00e9xico\u201d (em espanhol). Doutorado em Ci\u00eancias Sociais, com especializa\u00e7\u00e3o em Antropologia Social, Centro de Investigaciones y Estudios Superiores en Antropolog\u00eda Social (CIESAS), Guadalajara, Jalisco, M\u00e9xico, 2017. <a href=\"http:\/\/waterlat.org\/Thesis\/McCulligh.pdf\">Acesse aqui<\/a>.<\/p>\n<p><strong>Hildelano Delanusse Theodoro<\/strong>. T\u00edtulo da tese: \u201cAn\u00e1lise da gest\u00e3o de recursos h\u00eddricos: Um estudo de caso do Comit\u00ea da Bacia Hidrogr\u00e1fica do Rio das Velhas, Minas Gerais, Brasil\u201d. Doutorado em Saneamento, Meio Ambiente e Recursos H\u00eddricos, Universidade Federal de Minas Gerais (UFMG), Belo Horizonte, Minas Gerais, Brasil, 2017. <a href=\"http:\/\/waterlat.org\/Thesis\/Theodoro.pdf\">Acesse aqui<\/a>.<\/p>\n<p><strong>Melina Tob\u00edas<\/strong>. T\u00edtulo da tese: \u201cPol\u00edtica del agua, controversias socio-t\u00e9cnicas y conflictos territoriales en el \u00c1rea Metropolitana de Buenos Aires, Argentina (2006-2015)\u201d (em espanhol). Doutorado em Ci\u00eancias Sociais e Geografia, Universidad de Buenos Aires, Argentina e Universit\u00e9 Paris 3 Sorbonne Nouvelle, Fran\u00e7a, 2017. <a  ref=\"http:\/\/waterlat.org\/Thesis\/Tobias.pdf\">Acesse aqui<\/a>.<\/p>\n<p>&nbsp;<\/p>\n<p><strong><span style=\"text-decoration: underline;\">Pr\u00eamio de Mestrado<\/span><\/strong><\/p>\n<p><strong>Alma Rosa Barranco Salazar<\/strong>. T\u00edtulo da disserta\u00e7\u00e3o: \u201cSaberes, valores y organizaci\u00f3n social de la gesti\u00f3n comunitaria del Sistema de Agua Potable de Zothe, en Huichapan, Hidalgo, M\u00e9xico\u201d (em espanhol). Mestrado em Gest\u00e3o Sustent\u00e1vel da \u00c1gua, El Colegio de San Luis (COLSAN), San Luis Potos\u00ed, M\u00e9xico, 2017. <a href=\"http:\/\/waterlat.org\/Thesis\/AlmaBarranco.pdf\">Acesse aqui<\/a>.<\/p>\n<p><strong>Carolina Filippon<\/strong>. T\u00edtulo da disserta\u00e7\u00e3o: \u201cAcuerdos de gobernanza sobre bienes ambientales en un esquema de neoextractivismo\u201d (em espanhol). Mestrado em Direito Ambiental e Urban\u00edstico, Universidad Nacional del Litoral (UNL), Santa Fe, Argentina, 2017.<\/p>\n<p><strong>Andr\u00e9s Felipe Jimenez G\u00f3mez<\/strong>. T\u00edtulo da disserta\u00e7\u00e3o: \u201cCriando la monta\u00f1a, el agua y la vida: procesos hidrocomunitarios campesinos y acumulaci\u00f3n por despojo h\u00eddrico en el Complejo de P\u00e1ramos de Sons\u00f3n en Antioquia, Colombia\u201d (em espanhol). Mestrado em Gest\u00e3o Sustent\u00e1vel da \u00c1gua, El Colegio de San Luis (COLSAN), San Luis Potos\u00ed, M\u00e9xico, 2017. <a href=\"http:\/\/waterlat.org\/Thesis\/JimenezGomez.pdf\">Acesse aqui<\/a>.<\/p>\n<p><strong>Renato de Toledo Peres<\/strong>. T\u00edtulo da disserta\u00e7\u00e3o: \u201cA \u00e1gua como recurso territorial na agricultura: O caso de Holambra, S\u00e3o Paulo, Brasil\u201d. Mestrado em Geografia, Universidade Estadual Paulista &#8220;Julio de Mesquita Filho&#8221; (UNESP), Rio Claro, S\u00e3o Paulo, Brasil, 2017. <a href=\"http:\/\/waterlat.org\/Thesis\/Peres.pdf\">Acesse aqui<\/a>.<\/p>\n<p><strong>Mar\u00eda Alejandra Villada R\u00edos<\/strong>. T\u00edtulo da disserta\u00e7\u00e3o: \u201cHacia una Pol\u00edtica de lo Com\u00fan. Experiencia de Gesti\u00f3n Comunitaria del Agua en el municipio de T\u00e1mesis, Antioquia, Colombia\u201d (em espanhol). Mestrado em Gest\u00e3o Sustent\u00e1vel da \u00c1gua, El Colegio de San Luis (COLSAN), San Luis Potos\u00ed, M\u00e9xico, 2017. <a href=\"http:\/\/waterlat.org\/Thesis\/VilladaRios.pdf\">Acesse aqui<\/a>.<\/p>\n<p>&nbsp;<\/p>\n<hr \/>\n<h3>Comiss\u00e3o Avaliadora da Edi\u00e7\u00e3o 2018 do Pr\u00eamio WATERLAT-GOBACIT para Estudantes<\/h3>\n<p>Dr Joan Cortinas, IGlobe Unit, Centre National de la Recherche Scientifique, University of Arizona, Tucson, Arizona, estados Unidos<\/p>\n<p>Dr Mar\u00eda Ang\u00e9lica Maciel Costa,  Universidade Federal Rural de Rio de Janeiro (UFRRJ), \u00c1rea Rural &#8211; Seropedica, R\u00edo de Janeiro, Brasil<\/p>\n<p>Dr Andre Monteiro Costa, Funda\u00e7\u00e3o Oswaldo Cruz Foundation (Fiocruz), Recife, Pernambuco, Brasil<\/p>\n<p>Dr Luciano Florit, Universidade Regional de Blumenau, Blumenau, Santa Catarina, Brasil<\/p>\n<p>Dr Ana Paula Fracalanza, Universidade de S\u00e3o Paulo (USP), S\u00e3o Paulo, Brasil<\/p>\n<p>Dr Kathryn Furlong,  Universit\u00e9 de Montr\u00e9al, Departement de G\u00e9ographie, Montreal, Qu\u00e9bec, Canad\u00e1<\/p>\n<p>Dr Claudia Gasca Moreno, Universidad de Guanajuato, Le\u00f3n, Guanajuato, M\u00e9xico<\/p>\n<p>Dr Gonzalo Hatch Kuri, Universidad Nacional Aut\u00f3noma de M\u00e9xico (UNAM), Ciudad de M\u00e9xico, M\u00e9xico<\/p>\n<p>Dr Sandra Hincapi\u00e9, Universidad Aut\u00f3noma de Zacatecas, Zacatecas, M\u00e9xico\t<\/p>\n<p>Dr Jorge Ivars, Consejo Nacional de Investigaciones Cient\u00edficas y T\u00e9cnicas (CONICET), y Universidad Nacional de Cuyo (UNCUYO), Mendoza, Argentina<\/p>\n<p>Dr Ra\u00fal Pacheco-Vega, Centro de Investigaci\u00f3n y Docencia Econ\u00f3micas (CIDE), Aguascalientes, Aguascalientes, M\u00e9xico<\/p>\n<p>Dr Alice Poma, Universidad Nacional Aut\u00f3noma de M\u00e9xico (UNAM), Ciudad de M\u00e9xico, M\u00e9xico<\/p>\n<p>Dr Tania Rodr\u00edguez Echavarr\u00eda, Universidad de Costa Rica, San Jos\u00e9, Costa Rica<\/p>\n<p>Dr Lourdes Magdalena Romero Navarrete, Centro de Investigaciones y Estudios Superiores en Antropolog\u00eda Social (CIESAS), Ciudad de M\u00e9xico, M\u00e9xico<\/p>\n<p>Dr Adriana Sandoval Moreno, Universidad Nacional Aut\u00f3noma de M\u00e9xico  (UNAM), Jiquilpan, Michoac\u00e1n, M\u00e9xico<\/p>\n<p>Dr Mart\u00edn Sanzana Calvet, Instituto de Estudios Estrat\u00e9gicos para el Desarrollo Humano, Concepci\u00f3n, Bio Bio, Chile<\/p>\n<p>Dr Inmaculada Sim\u00f3n Ruiz, Universidad Aut\u00f3noma de Chile, Santiago, Chile<\/p>\n<p>Dr Alejandro Torres-Abreu, Universidad de Puerto Rico en Humacao, Humacao, Puerto Rico\t<\/p>\n<p>Dr Armando Gallo Yahn Filho, Universidade Federal de Uberl\u00e2ndia, Uberl\u00e2ndia, Minas Gerais, Brasil<\/p>\n<p>&nbsp;<\/p>\n<hr \/>\n<p style=\"text-align: center;\">Para consultas ou comentarios referidos ao Pr\u00eamio WATERLAT-GOBACIT para Estudantes, por favor contatar a <a href=\"mailto:redwaterlat@gmail.com\">Secretaria<\/a> da Rede.<\/p>\n<p>&nbsp;<\/p>\n","protected":false},"excerpt":{"rendered":"<p>A quinta chamada a postula\u00e7\u00f5es para o Pr\u00eamio de Estudantes WATERLAT-GOBACIT foi para teses e disserta\u00e7\u00f5es aprovadas entre o 1 de janeiro e o 31 de dezembro de 2017 e foi fechada o 28 de fevereiro de 2018. Foram apresentadas 8 postula\u00e7\u00f5es, 5 ao Pr\u00eamio de Mestrado e 3 ao Pr\u00eamio de Doutorado. Foi convocada [&hellip;]<\/p>\n","protected":false},"author":3,"featured_media":0,"parent":249,"menu_order":0,"comment_status":"closed","ping_status":"closed","template":"page-templates\/full-width.php","meta":{"_acf_changed":false,"footnotes":""},"class_list":["post-2578","page","type-page","status-publish","hentry","wpautop"],"acf":[],"_links":{"self":[{"href":"https:\/\/waterlat.org\/pt\/wp-json\/wp\/v2\/pages\/2578","targetHints":{"allow":["GET"]}}],"collection":[{"href":"https:\/\/waterlat.org\/pt\/wp-json\/wp\/v2\/pages"}],"about":[{"href":"https:\/\/waterlat.org\/pt\/wp-json\/wp\/v2\/types\/page"}],"author":[{"embeddable":true,"href":"https:\/\/waterlat.org\/pt\/wp-json\/wp\/v2\/users\/3"}],"replies":[{"embeddable":true,"href":"https:\/\/waterlat.org\/pt\/wp-json\/wp\/v2\/comments?post=2578"}],"version-history":[{"count":6,"href":"https:\/\/waterlat.org\/pt\/wp-json\/wp\/v2\/pages\/2578\/revisions"}],"predecessor-version":[{"id":2614,"href":"https:\/\/waterlat.org\/pt\/wp-json\/wp\/v2\/pages\/2578\/revisions\/2614"}],"up":[{"embeddable":true,"href":"https:\/\/waterlat.org\/pt\/wp-json\/wp\/v2\/pages\/249"}],"wp:attachment":[{"href":"https:\/\/waterlat.org\/pt\/wp-json\/wp\/v2\/media?parent=2578"}],"curies":[{"name":"wp","href":"https:\/\/api.w.org\/{rel}","templated":true}]}}