{"id":2628,"date":"2018-11-01T16:28:59","date_gmt":"2018-11-01T16:28:59","guid":{"rendered":"http:\/\/waterlat.org\/pt\/?page_id=2628"},"modified":"2024-10-30T14:17:54","modified_gmt":"2024-10-30T14:17:54","slug":"competicao-de-curta-metragens-2019","status":"publish","type":"page","link":"https:\/\/waterlat.org\/pt\/competicao-de-curta-metragens\/competicao-de-curta-metragens-2019\/","title":{"rendered":"Competi\u00e7\u00e3o de Curta-metragens 2019"},"content":{"rendered":"<style>\r\n    a.desar {\r\n        text-decoration: none;\r\n        display: inline-block;\r\n        margin-right: 20px;\r\n    }\r\n<\/style>\r\n\r\n<h2>Competi\u00e7\u00e3o pelo Pr\u00eamio<\/h2>\r\n\r\n<h3>Ganhador<\/h3>\r\n<iframe loading=\"lazy\" width=\"560\" height=\"315\" src=\"https:\/\/www.youtube.com\/embed\/bNalJC8A3To\" frameborder=\"0\" allow=\"accelerometer; autoplay; encrypted-media; gyroscope; picture-in-picture\" allowfullscreen><\/iframe><br>\r\n<span>Elizabeth Restrepo Guti\u00e9rrez, Claudia Patricia Serna Cardona, Mar\u00eda \u00c1ngel Orozco Restrepo e Juan Camilo Gaviria Londo\u00f1o, Copacabana, Antioquia, Col\u00f4mbia.<br>\r\n<i>DOI: 10.5072\/zenodo.411019<\/i>\r\n<a class=\"desar\" href=\"https:\/\/sandbox.zenodo.org\/record\/411019#invenio-csl\"><p style=\"color:#9ad3f9;\">Exportar Cita\u00e7\u00e3o<\/p><\/a>\r\n\r\n<br>\r\n\r\n<h3>Segundo Lugar, Men\u00e7\u00e3o<\/h3>\r\n<iframe loading=\"lazy\" width=\"560\" height=\"315\" src=\"https:\/\/www.youtube.com\/embed\/AxZyroTSygc\" frameborder=\"0\" allow=\"accelerometer; autoplay; encrypted-media; gyroscope; picture-in-picture\" allowfullscreen><\/iframe><br>\r\n<span>Soledad Fern\u00e1ndez Bouzo, Universidad de Buenos Aires, Argentina.<\/span>\r\n<br>\r\n<i>DOI: 10.5072\/zenodo.412424<\/i>\r\n<a class=\"desar\" href=\"https:\/\/sandbox.zenodo.org\/record\/412424#invenio-csl\"><p style=\"color:#9ad3f9;\">Exportar Cita\u00e7\u00e3o<\/p><\/a>\r\n\r\n<br>\r\n\r\n<h3>Terceiro Lugar, Men\u00e7\u00e3o<\/h3>\r\n<iframe loading=\"lazy\" width=\"560\" height=\"315\" src=\"https:\/\/www.youtube.com\/embed\/BvkxwjdGN2I\" frameborder=\"0\" allow=\"accelerometer; autoplay; encrypted-media; gyroscope; picture-in-picture\" allowfullscreen><\/iframe><br>\r\n<span>Luis Borda, Massiel Cardozo, Roc\u00edo Bustamante e Rudy Ledezma, Cochabamba, Bol\u00edvia<\/span>\r\n<i>DOI: 10.5072\/zenodo.411181<\/i>\r\n<a class=\"desar\" href=\"https:\/\/sandbox.zenodo.org\/record\/411181#invenio-csl\"><p style=\"color:#9ad3f9;\">Exportar Cita\u00e7\u00e3o<\/p><\/a>\r\n<br>\r\n\r\n\r\n<h2>Competi\u00e7\u00e3o por Men\u00e7\u00f5es<\/h2>\r\n<span><i>De acordo com a Regula\u00e7\u00e3o da Competi\u00e7\u00e3o este v\u00eddeo somente p\u00f4de competir por uma men\u00e7\u00e3o.<\/i><\/span>\r\n<br>\r\n\r\n<h3>Men\u00e7\u00e3o Especial<\/h3>\r\n<iframe loading=\"lazy\" width=\"560\" height=\"315\" src=\"https:\/\/www.youtube.com\/embed\/-go1ARz3KdI\" frameborder=\"0\" allow=\"accelerometer; autoplay; encrypted-media; gyroscope; picture-in-picture\" allowfullscreen><\/iframe><br>\r\n<span>lntan Karunia, Komunitas Kedung, Sruweng, Kebumen, Jawa Tengah, Indon\u00e9sia.<\/span>\r\n<br>\r\n<i>DOI: 10.5072\/zenodo.411692<\/i>\r\n<a class=\"desar\" href=\"https:\/\/sandbox.zenodo.org\/record\/411692#invenio-csl\"><p style=\"color:#9ad3f9;\">Exportar Cita\u00e7\u00e3o<\/p><\/a>\r\n\r\n<br>\r\n","protected":false},"excerpt":{"rendered":"Competi\u00e7\u00e3o pelo Pr\u00eamio Ganhador Elizabeth Restrepo Guti\u00e9rrez, Claudia Patricia Serna Cardona, Mar\u00eda \u00c1ngel Orozco Restrepo e Juan Camilo Gaviria Londo\u00f1o, Copacabana, Antioquia, Col\u00f4mbia. DOI: 10.5072\/zenodo.411019 Exportar Cita\u00e7\u00e3o Segundo Lugar, Men\u00e7\u00e3o Soledad Fern\u00e1ndez Bouzo, Universidad de Buenos Aires, Argentina. DOI: 10.5072\/zenodo.412424 Exportar Cita\u00e7\u00e3o Terceiro Lugar, Men\u00e7\u00e3o Luis Borda, Massiel Cardozo, Roc\u00edo Bustamante e Rudy Ledezma, Cochabamba, [&hellip;]","protected":false},"author":3,"featured_media":0,"parent":2019,"menu_order":0,"comment_status":"closed","ping_status":"closed","template":"page-templates\/full-width.php","meta":{"_acf_changed":false,"footnotes":""},"class_list":["post-2628","page","type-page","status-publish","hentry","no-wpautop"],"acf":[],"_links":{"self":[{"href":"https:\/\/waterlat.org\/pt\/wp-json\/wp\/v2\/pages\/2628","targetHints":{"allow":["GET"]}}],"collection":[{"href":"https:\/\/waterlat.org\/pt\/wp-json\/wp\/v2\/pages"}],"about":[{"href":"https:\/\/waterlat.org\/pt\/wp-json\/wp\/v2\/types\/page"}],"author":[{"embeddable":true,"href":"https:\/\/waterlat.org\/pt\/wp-json\/wp\/v2\/users\/3"}],"replies":[{"embeddable":true,"href":"https:\/\/waterlat.org\/pt\/wp-json\/wp\/v2\/comments?post=2628"}],"version-history":[{"count":10,"href":"https:\/\/waterlat.org\/pt\/wp-json\/wp\/v2\/pages\/2628\/revisions"}],"predecessor-version":[{"id":3334,"href":"https:\/\/waterlat.org\/pt\/wp-json\/wp\/v2\/pages\/2628\/revisions\/3334"}],"up":[{"embeddable":true,"href":"https:\/\/waterlat.org\/pt\/wp-json\/wp\/v2\/pages\/2019"}],"wp:attachment":[{"href":"https:\/\/waterlat.org\/pt\/wp-json\/wp\/v2\/media?parent=2628"}],"curies":[{"name":"wp","href":"https:\/\/api.w.org\/{rel}","templated":true}]}}