{"id":2647,"date":"2018-12-17T22:34:01","date_gmt":"2018-12-17T22:34:01","guid":{"rendered":"http:\/\/waterlat.org\/pt\/?page_id=2647"},"modified":"2020-02-12T13:51:28","modified_gmt":"2020-02-12T13:51:28","slug":"coordenacao-2019","status":"publish","type":"page","link":"https:\/\/waterlat.org\/pt\/encontros\/encontros-abertos\/waterlat-gobacit-x-concepcion-2019\/coordenacao-2019\/","title":{"rendered":"Coordena\u00e7\u00e3o e Organiza\u00e7\u00e3o do Programa 2019"},"content":{"rendered":"<p>&nbsp;<\/p>\n<h3>Coordena\u00e7\u00e3o Geral<\/h3>\n<p><strong>Jos\u00e9 Esteban Castro<\/strong>, Conselho Superior de Pesquisas Cientificas e T\u00e9cnicas (CONICET), Universidade Nacional de General Sarmiento (UNGS), Argentina, e Catedr\u00e1tico Em\u00e9rito, Newcastle University, Reino Unido. Coordenador da Rede WATERLAT-GOBACIT.<\/p>\n<p><strong>Ana Sof\u00eda Mac\u00edas Ascanio<\/strong>, ITESO, a Universidade Jesuita de Guadalajara, M\u00e9xico, Secretaria Geral. <a href=\"mailto:redwaterlat@gmail.com\">Envie aqui uma mensagem<\/a> para maior informa\u00e7\u00e3o.<\/p>\n<p>&nbsp;<\/p>\n<h3>Coordena\u00e7\u00e3o Local do Encontro<\/h3>\n<p><strong>Robinson Torres Salinas<\/strong>, Departamento de Sociolog\u00eda, Facultad de Ciencias Ambientales, Centro de Recursos H\u00eddricos para la Agricultura y la Miner\u00eda (CRHIAM), Cluster Agua y Sociedad, Universidad de Concepci\u00f3n, Concepci\u00f3n, Bio Bio, Chile. <a href=\"mailto: torres.robinson@gmail.com\">E-mail<\/a>. <\/p>\n<p><strong>Mart\u00edn Sanzana Calvet<\/strong>, Instituto de Estudios Estrat\u00e9gicos para el Desarrollo Humano (INEDH), Concepci\u00f3n, Bio Bio, Chile. <a href=\"mailto: biourbe@gmail.com\">E-mail<\/a>. <\/p>\n<p>&nbsp;<\/p>\n<h2>Grupo de Apoio \u00e0 Coordena\u00e7\u00e3o Local do Encontro<\/h2>\n<p><strong>Ricardo Barra<\/strong>, Universidad de Concepci\u00f3n, Concepci\u00f3n, Bio Bio, Chile. <a href=\"mailto: ricbarra@udec.cl\">E-mail<\/a>. <\/p>\n<p><strong>Amaya Alvez<\/strong>, Universidad de Concepci\u00f3n, Concepci\u00f3n, Bio Bio, Chile. <a href=\"mailto: aalvez@udec.cl\">E-mail<\/a>. <\/p>\n<p><strong>Katia Valenzuela<\/strong>, Universidad de Concepci\u00f3n, Concepci\u00f3n, Bio Bio, Chile. <a href=\"mailto: kavalenzuela@udec.cl\">E-mail<\/a>.  <\/p>\n<p><strong>Alexander Panez Pinto<\/strong>, Universidade Federal Fluminense (UFF), Rio de Janeiro, Brasil, e Movimento pela Defesa da \u00c1gua, a Terra e o Meio Ambiente (MODATIMA), Chile. <a href=\"mailto: alexander.panez@gmail.com\">E-mail<\/a>. <\/p>\n<p><strong>Evelyn Vicioso<\/strong>, Fundaci\u00f3n Newenko, Santiago, Chile. <a href=\"mailto: evelynvicioso@gmail.com\">E-mail<\/a>.  <\/p>\n<p><strong>Paola Bolados<\/strong>, Universidad de Valpara\u00edso, Valpara\u00edso, Chile. <a href=\"mailto: paola.bolados@uv.cl\">E-mail<\/a>. <\/p>\n<p><strong>Hugo Romero Toledo<\/strong>, Universidad Austral de Chile, Valdivia, Chile. <a href=\"mailto: romero.toledo@gmail.com\">E-mail<\/a>. <\/p>\n<p>&nbsp;<\/p>\n<h3>Equipe de Apoio T\u00e9cnico da Coordena\u00e7\u00e3o<\/h3>\n<p><strong>Natalia Julio<\/strong>, Programa de Doutorado em Ci\u00eancias Ambientais, Universidad de Concepci\u00f3n, Concepci\u00f3n, Bio Bio, Chile.<\/p>\n<p><strong>Camila Ba\u00f1ales<\/strong>, Programa de Doutorado em Ci\u00eancias Ambientais, Universidad de Concepci\u00f3n, Concepci\u00f3n, Bio Bio, Chile.<\/p>\n<p><strong>Stephanie Barraza<\/strong>, Programa de Mestrado em Pesquisa Social e Desenvolvimento, Universidad de Concepci\u00f3n, Concepci\u00f3n, Bio Bio, Chile.<\/p>\n<p><strong>Hermelinda Maria Rocha Ferreira<\/strong>, Projeto DESDEMO, Recife, Pernambuco, Brasil.<\/p>\n<p><strong>Damiano Tagliavini<\/strong>, Consejo Nacional de Investigaciones Cient\u00edficas y T\u00e9cnicas (CONICET), Universidad de Buenos Aires (UBA), Buenos Aires, Argentina.<\/p>\n<p><strong>Mat\u00edas Kohan<\/strong>, Buenos Aires, Argentina.<\/p>\n<p><strong>Julia Borges<\/strong>, Universidade Estadual do Norte Fluminense Darcy Ribeiro (UENF), R\u00edo de Janeiro, Brasil.<\/p>\n<p>&nbsp;<\/p>\n<h3>Contrapartes Internacionais da Coordena\u00e7\u00e3o<\/h3>\n<p><strong>Oscar Rodr\u00edguez Le\u00f3n<\/strong>, Internacional de Servi\u00e7os P\u00fablicos (ISP), San Jos\u00e9, Costa Rica.<\/p>\n<p><strong>Javier Bogantes<\/strong>, Tribunal Latinoamericano da \u00c1gua, Costa Rica.<\/p>\n<p><strong>Jaime Antonio Preciado Coronado<\/strong>, Universidade de Guadalajara, M\u00e9xico. Coordenador da Rede de Pesquisas sobre a Integra\u00e7\u00e3o Latino-americana e Caribenha (REDIALC).<\/p>\n<p>&nbsp;<\/p>\n<h4>Assessores da Coordena\u00e7\u00e3o<\/h4>\n<p><strong>Paul Cisneros<\/strong>, Instituto de Altos Estudos Nacionais (IAEN), Quito, Equador.<\/p>\n<p><strong>Marcionila Fernandes<\/strong>, Coordenadora da Equipe Local, Universidade Estadual da Para\u00edba (UEPB), Campina Grande, Para\u00edba, Brasil.<\/p>\n<p><strong>Javier Gonzaga Valencia Hern\u00e1ndez<\/strong>, Universidade de Caldas, Manizales, Col\u00f4mbia.<\/p>\n<p><strong>Gustavo Kohan<\/strong>, Universidade Nacional de General Sarmiento (UNGS), Argentina.<\/p>\n<p><strong>Mario Edgar L\u00f3pez Ram\u00edrez<\/strong>, ITESO, a Universidade Jesuita de Guadalajara, M\u00e9xico.<\/p>\n<p><strong>Wagner Costa Ribeiro<\/strong>, Universidade de S\u00e3o Paulo (USP), Brasil.<\/p>\n<p><strong>Cidoval Morais de Sousa<\/strong>, Universidade Estadual da Para\u00edba (UEPB), Campina Grande, Para\u00edba, Brasil.<\/p>\n<p><strong>David Saur\u00ed Pujol<\/strong>, Universidade Aut\u00f3noma de Barcelona (UAB), Espanha.<\/p>\n<p><strong>Mar\u00eda Luisa Torregrossa Armentia<\/strong>, Faculdade Latino-americana de Ci\u00eancias Sociais (FLACSO), M\u00e9xico.<\/p>\n<hr \/>\n<p>&nbsp;<\/p>\n<h3>Comiss\u00e3o Internacional do Programa<\/h3>\n<p><strong>Jos\u00e9 Esteban Castro<\/strong>, Conselho Superior de Pesquisas Cientificas e T\u00e9cnicas (CONICET), Universidade Nacional de General Sarmiento (UNGS), Argentina, e Catedr\u00e1tico Em\u00e9rito, Newcastle University, Reino Unido. Coordenador da <a href=\"https:\/\/waterlat.org\/pt\/about\/areas-tematicas\/at3\/\">\u00c1rea Tem\u00e1tica 3 &#8211; O Ciclo Urbano da \u00c1gua e os Servi\u00e7os P\u00fablicos Essenciais<\/a><\/p>\n<p><strong>Karina Kloster<\/strong>, Universidade Aut\u00f3noma da Cidade do M\u00e9xico (UACM), Cidade do M\u00e9xico, M\u00e9xico. Coordenadora da <a href=\"https:\/\/waterlat.org\/pt\/about\/areas-tematicas\/at10\/\">\u00c1rea Tem\u00e1tica 10 &#8211; \u00c1gua e Viol\u00eancia<\/a><\/p>\n<p><strong>Mario Edgar L\u00f3pez Ram\u00edrez<\/strong>, ITESO, a Universidade Jesuita de Guadalajara, M\u00e9xico. Coordenador da <a href=\"https:\/\/waterlat.org\/pt\/areas-tematicas\/at1\/\">\u00c1rea Tem\u00e1tica 1 &#8211; A X-disciplinaridade na Pesquisa e na A\u00e7\u00e3o<\/a><\/p>\n<p><strong>Simone Oliveira<\/strong>, Funda\u00e7\u00e3o Oswaldo Cruz (Fiocruz), R\u00edo de Janeiro, Brasil. Co-coordenadora da <a href=\"https:\/\/waterlat.org\/pt\/areas-tematicas\/at5\/\">\u00c1rea Tem\u00e1tica 8 &#8211; Desastres Relacionados com a \u00c1gua<\/a><\/p>\n<p><strong>Miguel Pe\u00f1a<\/strong>, Universidade do Valle (UNIVALLE), Col\u00f4mbia. Coordenador da <a href=\"https:\/\/waterlat.org\/pt\/areas-tematicas\/at5\/\">\u00c1rea Tem\u00e1tica 5 &#8211; \u00c1gua e Sa\u00fade<\/a><\/p>\n<p><strong>S\u00e9rgio Portella<\/strong>, Funda\u00e7\u00e3o Oswaldo Cruz (Fiocruz), R\u00edo de Janeiro, Brasil. Coordenador da <a href=\"https:\/\/waterlat.org\/pt\/areas-tematicas\/at5\/\">\u00c1rea Tem\u00e1tica 8 &#8211; Desastres Relacionados com a \u00c1gua<\/a><\/p>\n<p><strong>Wagner Costa Ribeiro<\/strong>, Universidade de S\u00e3o Paulo (USP), Brasil. Coordenador da <a href=\"https:\/\/waterlat.org\/pt\/about\/areas-tematicas\/at4\/\">\u00c1rea Tem\u00e1tica 4 &#8211; \u00c1guas Transfronteiri\u00e7as<\/a><\/p>\n<hr \/>\n<p>&nbsp;<\/p>\n<p>Retornar \u00e0 <a href=\"https:\/\/waterlat.org\/pt\/encontros\/encontros-abertos\/waterlat-gobacit-x-concepcion-2019\/\">p\u00e1gina principal do X Encontro Internacional<\/a><\/p>\n","protected":false},"excerpt":{"rendered":"<p>&nbsp; Coordena\u00e7\u00e3o Geral Jos\u00e9 Esteban Castro, Conselho Superior de Pesquisas Cientificas e T\u00e9cnicas (CONICET), Universidade Nacional de General Sarmiento (UNGS), Argentina, e Catedr\u00e1tico Em\u00e9rito, Newcastle University, Reino Unido. Coordenador da Rede WATERLAT-GOBACIT. Ana Sof\u00eda Mac\u00edas Ascanio, ITESO, a Universidade Jesuita de Guadalajara, M\u00e9xico, Secretaria Geral. Envie aqui uma mensagem para maior informa\u00e7\u00e3o. &nbsp; Coordena\u00e7\u00e3o Local [&hellip;]<\/p>\n","protected":false},"author":3,"featured_media":0,"parent":2616,"menu_order":0,"comment_status":"closed","ping_status":"closed","template":"page-templates\/full-width.php","meta":{"_acf_changed":false,"footnotes":""},"class_list":["post-2647","page","type-page","status-publish","hentry","wpautop"],"acf":[],"_links":{"self":[{"href":"https:\/\/waterlat.org\/pt\/wp-json\/wp\/v2\/pages\/2647","targetHints":{"allow":["GET"]}}],"collection":[{"href":"https:\/\/waterlat.org\/pt\/wp-json\/wp\/v2\/pages"}],"about":[{"href":"https:\/\/waterlat.org\/pt\/wp-json\/wp\/v2\/types\/page"}],"author":[{"embeddable":true,"href":"https:\/\/waterlat.org\/pt\/wp-json\/wp\/v2\/users\/3"}],"replies":[{"embeddable":true,"href":"https:\/\/waterlat.org\/pt\/wp-json\/wp\/v2\/comments?post=2647"}],"version-history":[{"count":10,"href":"https:\/\/waterlat.org\/pt\/wp-json\/wp\/v2\/pages\/2647\/revisions"}],"predecessor-version":[{"id":2931,"href":"https:\/\/waterlat.org\/pt\/wp-json\/wp\/v2\/pages\/2647\/revisions\/2931"}],"up":[{"embeddable":true,"href":"https:\/\/waterlat.org\/pt\/wp-json\/wp\/v2\/pages\/2616"}],"wp:attachment":[{"href":"https:\/\/waterlat.org\/pt\/wp-json\/wp\/v2\/media?parent=2647"}],"curies":[{"name":"wp","href":"https:\/\/api.w.org\/{rel}","templated":true}]}}