{"id":265,"date":"2014-01-26T17:01:09","date_gmt":"2014-01-26T17:01:09","guid":{"rendered":"http:\/\/waterlat.org\/pt\/?page_id=265"},"modified":"2017-07-19T17:12:09","modified_gmt":"2017-07-19T17:12:09","slug":"oficina-especial","status":"publish","type":"page","link":"https:\/\/waterlat.org\/pt\/encontros\/outros-encontros-publicos\/oficina-especial\/","title":{"rendered":"Oficina Internacional sobre Futuros da \u00c1gua, 2011"},"content":{"rendered":"<h4>Oficina Internacional &#8220;O Desafio dos Futuros da \u00c1gua&#8221;, Universidade de Newcastle, Reino Unido, 14-15 de julho de 2011<\/h4>\n<ul>\n<li>H\u00e1 \u00e1gua suficiente para todos no planeta?<\/li>\n<li>\u00c9 poss\u00edvel reconhecer que o acesso a servi\u00e7os essenciais de \u00e1gua \u00e9 um bem p\u00fablico, ou mesmo um direito humano?<\/li>\n<li>A \u00e1gua, deve ser tratada principalmente como uma mercadoria?<\/li>\n<li>Qual \u00e9 o valor da \u00e1gua?<\/li>\n<li>\u00c9 poss\u00edvel universalizar o acesso aos servi\u00e7os de saneamento em pa\u00edses pobres?<\/li>\n<li>Ser\u00e1 que temos os meios tecnol\u00f3gicos para reverter a atual crise mundial da \u00e1gua?<\/li>\n<li>\u00c9 poss\u00edvel alcan\u00e7ar simultaneamente os objetivos de sustentabilidade e de justi\u00e7a social em rela\u00e7\u00e3o \u00e0 \u00e1gua?<\/li>\n<li>Ser\u00e1 que estamos diante de uma possibilidade real de guerras internacionais pela \u00e1gua? Devemos nos preocupar por isso?<\/li>\n<\/ul>\n<p>Estas e outras quest\u00f5es foram objeto de um evento p\u00fablico organizado pela Rede WATERLAT-GOBACIT com o apoio da Escola de Geografia, Pol\u00edtica e Sociologia e do Instituto de Pesquisa sobre o Newcastle Sustentabilidade (NIRES) da Universidade de Newcastle, em 14-15 de julho de 2011. O evento conto com especialistas e cientistas do Reino Unido, Brasil, Finl\u00e2ndia, Fran\u00e7a, M\u00e9xico, Palestina, Espanha, entre outros pa\u00edses, que se reuniram para discutir os principais desafios e oportunidades enfrentados pela comunidade internacional em rela\u00e7\u00e3o as pol\u00edticas p\u00fablicas e a gest\u00e3o da \u00e1gua a n\u00edvel mundial.<\/p>\n<p>A Oficina Internacional foi parte de uma s\u00e9rie de atividades realizadas durante 2011 para celebrar o\u00a0trabalho internacionalmente reconhecido da Universidade de Newcastle sobre o tema da sustentabilidade. Foi financiado pelo programa O Desaf\u00edo Societal da Sustentabilidade da Universidade de Newcastle, 2011.<\/p>\n<p>Galeria de fotos do evento:<br \/>\n<a title=\"WATERLAT-GOBACIT Special Workshop 2011 \/ Taller Especial 2011\" href=\"https:\/\/www.flickr.com\/photos\/125391306@N03\/albums\/72157645460481755\" data-flickr-embed=\"true\"><img loading=\"lazy\" decoding=\"async\" src=\"https:\/\/c1.staticflickr.com\/6\/5492\/14362911729_570e623058_z.jpg\" alt=\"WATERLAT-GOBACIT Special Workshop 2011 \/ Taller Especial 2011\" width=\"640\" height=\"427\" \/><\/a><script async src=\"\/\/embedr.flickr.com\/assets\/client-code.js\" charset=\"utf-8\"><\/script><\/p>\n<p>Veja aqui video clips do evento:<br \/>\n<iframe loading=\"lazy\" src=\"https:\/\/www.youtube.com\/embed\/gqT2Ly8a7So\" width=\"560\" height=\"315\" frameborder=\"0\" allowfullscreen=\"allowfullscreen\"><\/iframe><\/p>\n<p>&nbsp;<\/p>\n<p><a href=\"https:\/\/waterlat.org\/pt\/encontros\/outros-encontros-publicos\/oficina-especial\/programa\/\">Aqui voce pode ver o Programa e baixar as apresenta\u00e7\u00f5es<\/a>.<\/p>\n","protected":false},"excerpt":{"rendered":"<p>Oficina Internacional &#8220;O Desafio dos Futuros da \u00c1gua&#8221;, Universidade de Newcastle, Reino Unido, 14-15 de julho de 2011 H\u00e1 \u00e1gua suficiente para todos no planeta? \u00c9 poss\u00edvel reconhecer que o acesso a servi\u00e7os essenciais de \u00e1gua \u00e9 um bem p\u00fablico, ou mesmo um direito humano? A \u00e1gua, deve ser tratada principalmente como uma mercadoria? Qual [&hellip;]<\/p>\n","protected":false},"author":3,"featured_media":0,"parent":865,"menu_order":0,"comment_status":"closed","ping_status":"closed","template":"page-templates\/full-width.php","meta":{"_acf_changed":false,"footnotes":""},"class_list":["post-265","page","type-page","status-publish","hentry","wpautop"],"acf":[],"_links":{"self":[{"href":"https:\/\/waterlat.org\/pt\/wp-json\/wp\/v2\/pages\/265","targetHints":{"allow":["GET"]}}],"collection":[{"href":"https:\/\/waterlat.org\/pt\/wp-json\/wp\/v2\/pages"}],"about":[{"href":"https:\/\/waterlat.org\/pt\/wp-json\/wp\/v2\/types\/page"}],"author":[{"embeddable":true,"href":"https:\/\/waterlat.org\/pt\/wp-json\/wp\/v2\/users\/3"}],"replies":[{"embeddable":true,"href":"https:\/\/waterlat.org\/pt\/wp-json\/wp\/v2\/comments?post=265"}],"version-history":[{"count":18,"href":"https:\/\/waterlat.org\/pt\/wp-json\/wp\/v2\/pages\/265\/revisions"}],"predecessor-version":[{"id":1935,"href":"https:\/\/waterlat.org\/pt\/wp-json\/wp\/v2\/pages\/265\/revisions\/1935"}],"up":[{"embeddable":true,"href":"https:\/\/waterlat.org\/pt\/wp-json\/wp\/v2\/pages\/865"}],"wp:attachment":[{"href":"https:\/\/waterlat.org\/pt\/wp-json\/wp\/v2\/media?parent=265"}],"curies":[{"name":"wp","href":"https:\/\/api.w.org\/{rel}","templated":true}]}}