{"id":270,"date":"2014-01-26T19:31:10","date_gmt":"2014-01-26T19:31:10","guid":{"rendered":"http:\/\/waterlat.org\/pt\/?page_id=270"},"modified":"2017-06-12T14:44:25","modified_gmt":"2017-06-12T14:44:25","slug":"outras-publicacoes","status":"publish","type":"page","link":"https:\/\/waterlat.org\/pt\/publicacoes\/outras-publicacoes\/","title":{"rendered":"Outras publica\u00e7\u00f5es"},"content":{"rendered":"<p>&nbsp;<\/p>\n<p>Cabral, Ximena (ed.), Dossier: El Agua: \u00bfbien com\u00fan o mercanc\u00eda?, in\u00a0<a href=\"http:\/\/waterlat.org\/documents\/PDFUmbralesAGUA.pdf\">Umbrales: Cr\u00f3nicas de la Utop\u00eda<\/a>, Vol. 15, No 25, C\u00f3rdoba, Argentina, 2013. O Dossier apresenta artigos de membros da Rede WATERLAT-GOBACIT e inclui\u00a0um curto obitu\u00e1rio do nosso colega Gustavo Spedale.<\/p>\n<p>Padilla Calder\u00f3n, Esther, \u201cSequ\u00eda y escasez: c\u00f3mo se construyen mecanismos diferenciales de acceso al agua&#8221; <a href=\"http:\/\/hydria.com.ar\/edicion-impresa\/revista-hydria-nro-50\/\">Revista Hydria<\/a>, No 50, December 2013, pp. 6-12.<\/p>\n<p>Castro, Jos\u00e9 Esteban, &#8220;Rumo a uma compreens\u00e3o abrangente dos problemas da \u00e1gua&#8221;, <span style=\"text-decoration: underline;\"><a href=\"http:\/\/www.hydriaweb.com.ar\/pdf\/hydria_28.pdf\">Revista Hydria, No 28<\/a><\/span>, abril de 2010, pp. 20-25.<\/p>\n","protected":false},"excerpt":{"rendered":"<p>&nbsp; Cabral, Ximena (ed.), Dossier: El Agua: \u00bfbien com\u00fan o mercanc\u00eda?, in\u00a0Umbrales: Cr\u00f3nicas de la Utop\u00eda, Vol. 15, No 25, C\u00f3rdoba, Argentina, 2013. O Dossier apresenta artigos de membros da Rede WATERLAT-GOBACIT e inclui\u00a0um curto obitu\u00e1rio do nosso colega Gustavo Spedale. Padilla Calder\u00f3n, Esther, \u201cSequ\u00eda y escasez: c\u00f3mo se construyen mecanismos diferenciales de acceso al [&hellip;]<\/p>\n","protected":false},"author":3,"featured_media":0,"parent":7,"menu_order":0,"comment_status":"closed","ping_status":"closed","template":"page-templates\/full-width.php","meta":{"_acf_changed":false,"footnotes":""},"class_list":["post-270","page","type-page","status-publish","hentry","wpautop"],"acf":[],"_links":{"self":[{"href":"https:\/\/waterlat.org\/pt\/wp-json\/wp\/v2\/pages\/270","targetHints":{"allow":["GET"]}}],"collection":[{"href":"https:\/\/waterlat.org\/pt\/wp-json\/wp\/v2\/pages"}],"about":[{"href":"https:\/\/waterlat.org\/pt\/wp-json\/wp\/v2\/types\/page"}],"author":[{"embeddable":true,"href":"https:\/\/waterlat.org\/pt\/wp-json\/wp\/v2\/users\/3"}],"replies":[{"embeddable":true,"href":"https:\/\/waterlat.org\/pt\/wp-json\/wp\/v2\/comments?post=270"}],"version-history":[{"count":3,"href":"https:\/\/waterlat.org\/pt\/wp-json\/wp\/v2\/pages\/270\/revisions"}],"predecessor-version":[{"id":2114,"href":"https:\/\/waterlat.org\/pt\/wp-json\/wp\/v2\/pages\/270\/revisions\/2114"}],"up":[{"embeddable":true,"href":"https:\/\/waterlat.org\/pt\/wp-json\/wp\/v2\/pages\/7"}],"wp:attachment":[{"href":"https:\/\/waterlat.org\/pt\/wp-json\/wp\/v2\/media?parent=270"}],"curies":[{"name":"wp","href":"https:\/\/api.w.org\/{rel}","templated":true}]}}