{"id":2734,"date":"2019-09-30T19:55:55","date_gmt":"2019-09-30T19:55:55","guid":{"rendered":"http:\/\/waterlat.org\/pt\/?page_id=2734"},"modified":"2020-07-16T18:25:17","modified_gmt":"2020-07-16T18:25:17","slug":"territorialidades-del-agua","status":"publish","type":"page","link":"https:\/\/waterlat.org\/pt\/publicacoes\/livros\/territorialidades-del-agua\/","title":{"rendered":"Territorialidades da \u00c1gua. Conhecimento e a\u00e7\u00e3o para construir o futuro que queremos (em espanhol e portugu\u00eas)"},"content":{"rendered":"<style>\r\n.dw_pdf-full {\r\n    background-color: rgba(251, 116, 116, 0);\r\n    padding: 8px 20px;\r\n    color: #b52335;\r\n    text-decoration: none;\r\n    border: 2px #b52335 solid;\r\n    transition: 0.2s all;\r\n    border-radius: 4px;\r\n    font-weight: 600;\r\nmargin:0px 5px;}\r\n.dw_pdf-full:hover{background-color: #b52335; color:white;}\r\n.dw_pdf-full i {font-size:25px; vertical-align: bottom; margin-right: 3px;}\r\n<\/style>\r\n<\/br>\r\n<a href=\"http:\/\/waterlat.org\/wp-content\/uploads\/2020\/06\/TapaTerritorialidades.jpg\"><img loading=\"lazy\" decoding=\"async\" src=\"http:\/\/waterlat.org\/wp-content\/uploads\/2020\/06\/TapaTerritorialidades.jpg\" alt=\"\" width=\"207\" height=\"300\" class=\"alignnone size-medium wp-image-5293\" \/><\/a>\r\n\r\n\r\n<p> Jos\u00e9 Esteban Castro, Gustavo Kohan, Alice Poma, e Carlos Ruggerio (Eds.), <u> Territorialidades da \u00c1gua. Conhecimento e a\u00e7\u00e3o para construir o futuro que queremos (em espanhol e portugu\u00eas)<\/u>. Co-publicado em Newcastle upon Tyne, Reino Unido, e Buenos Aires, Argentina, pela Rede WATERLAT-GOBACIT (DOI: 10.5281\/zenodo.3948431), e <a href=\"http:\/\/www.ciccus.org.ar\/\"> Ediciones CICCUS (ISBN de Argentina: 978-987-693-801-3 [E-book]<\/a>, <a href=\"https:\/\/www.iteso.mx\"> Instituto Tecnol\u00f3gico de Estudios Superiores de Occidente (ITESO)<\/a>, e <a href=\"https:\/\/ielat.com\">Instituto Universitario de Investigaci\u00f3n en Estudios Latinoamericanos (IELAT), Universidade de Alcal\u00e1<\/a>, [2019] 2a ed., 2020.<\/p>\r\n\r\n<i><a href=\"https:\/\/zenodo.org\/record\/3948431#invenio-csl\" class=\"desar\" style=\"color:#9ad3f9;\">Exportar Cita\u00e7\u00e3o<\/a><\/i>\r\n<\/br>\r\n\r\n<h3>Baixar<\/h3>\r\n\r\n<a href=\"https:\/\/zenodo.org\/record\/3948431#.XZJW5S2ZNQI\" class=\"dw_pdf-full\" target=\"_blank\" rel=\"noopener noreferrer\"><i class=\"fa fa-file-pdf-o\" aria-hidden=\"true\" fa-3x><\/i> PDF <\/a>\r\n\r\n<a class=\"dw_pdf-full\" href=\"https:\/\/cutt.ly\/aincIUE\" target=\"_blank \" rel=\"noopener noreferrer\"><i class=\"fa fa-amazon\"><\/i>Amazon<\/a>\r\n\r\n<a class=\"dw_pdf-full\" href=\"https:\/\/books.apple.com\/us\/book\/territorialidades-del-agua-conocimiento-y-acci%C3%B3n-para\/id1520479133?ls=1\"><i class=\"fa fa-music\"><\/i>iTunes<\/a>\r\n\r\n<a class=\"dw_pdf-full\" href=\"https:\/\/cutt.ly\/ginczxC\" target=\"_blank\" rel=\"noopener noreferrer\"><i class=\"fa fa-google\"><\/i>Google Play<\/a>\r\n\r\n\r\n<h3>Apresenta\u00e7\u00f5es do livro<\/h3>\r\n\r\n<a href=\"http:\/\/waterlat.org\/public-engagement\/podcasts\/\">Territorialidades da \u00c1gua, Podcast 3, S\u00e9rie Vozes pela \u00c1gua, Alex Caldera e Jos\u00e9 Esteban Castro com Anahit Aharonian, Claudia Piccini e Mario Edgar L\u00f3pez Ram\u00edrez (em espanhol), DOI: 10.5072\/zenodo.417413.<\/a>\r\n\r\n<\/br>\r\n<\/br>\r\n<\/br>\r\n","protected":false},"excerpt":{"rendered":"Jos\u00e9 Esteban Castro, Gustavo Kohan, Alice Poma, e Carlos Ruggerio (Eds.), Territorialidades da \u00c1gua. Conhecimento e a\u00e7\u00e3o para construir o futuro que queremos (em espanhol e portugu\u00eas). Co-publicado em Newcastle upon Tyne, Reino Unido, e Buenos Aires, Argentina, pela Rede WATERLAT-GOBACIT (DOI: 10.5281\/zenodo.3948431), e Ediciones CICCUS (ISBN de Argentina: 978-987-693-801-3 [E-book], Instituto Tecnol\u00f3gico de Estudios [&hellip;]","protected":false},"author":3,"featured_media":0,"parent":22,"menu_order":0,"comment_status":"closed","ping_status":"closed","template":"page-templates\/full-width.php","meta":{"_acf_changed":false,"footnotes":""},"class_list":["post-2734","page","type-page","status-publish","hentry","no-wpautop"],"acf":[],"_links":{"self":[{"href":"https:\/\/waterlat.org\/pt\/wp-json\/wp\/v2\/pages\/2734","targetHints":{"allow":["GET"]}}],"collection":[{"href":"https:\/\/waterlat.org\/pt\/wp-json\/wp\/v2\/pages"}],"about":[{"href":"https:\/\/waterlat.org\/pt\/wp-json\/wp\/v2\/types\/page"}],"author":[{"embeddable":true,"href":"https:\/\/waterlat.org\/pt\/wp-json\/wp\/v2\/users\/3"}],"replies":[{"embeddable":true,"href":"https:\/\/waterlat.org\/pt\/wp-json\/wp\/v2\/comments?post=2734"}],"version-history":[{"count":13,"href":"https:\/\/waterlat.org\/pt\/wp-json\/wp\/v2\/pages\/2734\/revisions"}],"predecessor-version":[{"id":3200,"href":"https:\/\/waterlat.org\/pt\/wp-json\/wp\/v2\/pages\/2734\/revisions\/3200"}],"up":[{"embeddable":true,"href":"https:\/\/waterlat.org\/pt\/wp-json\/wp\/v2\/pages\/22"}],"wp:attachment":[{"href":"https:\/\/waterlat.org\/pt\/wp-json\/wp\/v2\/media?parent=2734"}],"curies":[{"name":"wp","href":"https:\/\/api.w.org\/{rel}","templated":true}]}}