{"id":2812,"date":"2019-11-18T10:49:55","date_gmt":"2019-11-18T10:49:55","guid":{"rendered":"http:\/\/waterlat.org\/pt\/?page_id=2812"},"modified":"2022-06-11T23:18:56","modified_gmt":"2022-06-11T23:18:56","slug":"waterlat-gobacit-xi-leon-guanajuato-2020","status":"publish","type":"page","link":"https:\/\/waterlat.org\/pt\/encontros\/encontros-abertos\/waterlat-gobacit-xi-leon-guanajuato-2020\/","title":{"rendered":"WATERLAT-GOBACIT XI, Le\u00f3n, Guanajuato, 2021"},"content":{"rendered":"<style>\n.entry-content img, .comment-content img, .widget img, img.header-image, .author-avatar img, img.wp-post-image {<br \/>box-shadow: none;<br \/>}<br \/>.m_date{text-align: center; margin: 30px; cursor: default;}<br \/>.m_date p {font-size: 15px;border: 1px solid rgb(38, 38, 38); display: inline; padding: 10px 20px; font-weight: 200; border-radius: 3px; transition: 0.2s all;}<br \/>.m_date p:hover{background-color: rgba(226, 226, 226, 0.63); transition: 0.2s all;}<br \/>.m_place{text-align: center; line-height: normal !important; font-size: 14.5px;}<\/p>\n<p>.m_logos{display: inline-block; text-align: center; width: 100%;}<br \/>.m_logos img{vertical-align: middle; margin: 0px 3px;}<br \/>.m_flick{margin: 0 auto; display: block;}<\/p>\n<p>.event_logo{width:100%; text-align:center; }<br \/>.event_logo img {width:200px;}<br \/>.flickr {<br \/>display: inline-block;<br \/>margin-left: 15%;<br \/>}<\/p>\n<p>.m_registration{text-align:center;}<br \/>.m_registration p {<br \/>    text-align: center;<br \/>    font-size: 16px;<br \/>    border: 1px solid rgb(60, 60, 60);<br \/>    display: inline;<br \/>    padding: 10px 20px;<br \/>    font-weight: 500;<br \/>    border-radius: 3px;<br \/>    transition: 0.2s all;<br \/>    color: white;<br \/>    background-color: #4c9ada;<br \/>}<br \/>.m_registration p:hover{<br \/>transition: 0.2s all;<br \/>background-color: #2d86d0;<br \/>}<br \/>.m_registration a {<br \/>text-decoration:none;<br \/>display:inline;<br \/>color:inherit;<br \/>}<\/p>\n<\/style>\n<p><a href=\"https:\/\/waterlat.org\/pt\/wp-content\/uploads\/sites\/3\/2019\/11\/Vector-Smart-Object1pt.jpg\"><img loading=\"lazy\" decoding=\"async\" class=\"aligncenter size-full wp-image-2948\" src=\"https:\/\/waterlat.org\/pt\/wp-content\/uploads\/sites\/3\/2019\/11\/Vector-Smart-Object1pt.jpg\" alt=\"\" width=\"339\" height=\"152\" \/><\/a><\/p>\n<h1 style=\"text-align: center; margin-top: 40px; color: black;\">\u00c1gua, Territ\u00f3rio e Democracia Substantiva: construindo projetos pol\u00edticos em defesa da vida<\/h1>\n<div class=\"m_date\">\n<p style=\"text-align: center;\">ADIADO AT\u00c9 2021 \u2013 AS NOVAS DATAS SER\u00c3O ANUNCIADAS OPORTUNAMENTE<\/p>\n<\/div>\n<p class=\"m_place\" style=\"text-align: center;\"><a href=\" http:\/\/www.ugto.mx\/directorio-universidad-guanajuato\/campus-leon\/division-de-ciencias-sociales-y-humanidades\">Universidade de Guanajuato, Campus Le\u00f3n<\/a>, Le\u00f3n, Guanajuato, M\u00e9xico<\/p>\n<hr \/>\n<p style=\"text-align: center;\">Clique na figura abaixo para ver o \u00e1lbum fotogr\u00e1fico da XI Reuni\u00e3o Internacional 2021<\/p>\n<p><a title=\"2020 XI International Meeting of the Network \/ XI Reuni\u00f3n Internacional de la Red 2020\" href=\"https:\/\/www.flickr.com\/photos\/125391306@N03\/albums\/72157712973615202\" data-flickr-embed=\"true\"><img loading=\"lazy\" decoding=\"async\" class=\"aligncenter\" src=\"https:\/\/live.staticflickr.com\/65535\/49489253712_4600fddf7c_z.jpg\" alt=\"2020 XI International Meeting of the Network \/ XI Reuni\u00f3n Internacional de la Red 2020\" width=\"500\" height=\"260\" \/><\/a><script async src=\"\/\/embedr.flickr.com\/assets\/client-code.js\" charset=\"utf-8\"><\/script><\/p>\n<hr \/>\n<p style=\"text-align: center;\"><b>Organizers:<\/b><\/p>\n<p style=\"text-align: center;\">O Encontro \u00e9 organizado conjuntamente pela Rede WATERLAT-GOBACIT e o Departamento de Ci\u00eancias Sociais e Humanidades, Universidade de Guanajuato, Campus Le\u00f3n<\/p>\n<div class=\"m_logos\">\n<p><img decoding=\"async\" src=\"https:\/\/waterlat.org\/pt\/wp-content\/uploads\/sites\/3\/2015\/12\/WATERLAT-DOS-LINEAS-300x105.jpg\" width=\"170\" \/><a href=\"http:\/\/waterlat.org\/wp-content\/uploads\/2019\/11\/escudo-universidad-de-.jpg\" target=\"_blank\" rel=\"noopener noreferrer\"><br \/>\n<img decoding=\"async\" src=\"http:\/\/waterlat.org\/wp-content\/uploads\/2019\/11\/escudo-universidad-de-.jpg\" width=\"150\" \/><\/a><\/p>\n<\/div>\n<p>&nbsp;<\/p>\n","protected":false},"excerpt":{"rendered":"<p>\u00c1gua, Territ\u00f3rio e Democracia Substantiva: construindo projetos pol\u00edticos em defesa da vida ADIADO AT\u00c9 2021 \u2013 AS NOVAS DATAS SER\u00c3O ANUNCIADAS OPORTUNAMENTE Universidade de Guanajuato, Campus Le\u00f3n, Le\u00f3n, Guanajuato, M\u00e9xico Clique na figura abaixo para ver o \u00e1lbum fotogr\u00e1fico da XI Reuni\u00e3o Internacional 2021 Organizers: O Encontro \u00e9 organizado conjuntamente pela Rede WATERLAT-GOBACIT e o [&hellip;]<\/p>\n","protected":false},"author":3,"featured_media":0,"parent":19,"menu_order":0,"comment_status":"closed","ping_status":"closed","template":"page-templates\/full-width.php","meta":{"_acf_changed":false,"footnotes":""},"class_list":["post-2812","page","type-page","status-publish","hentry","wpautop"],"acf":[],"_links":{"self":[{"href":"https:\/\/waterlat.org\/pt\/wp-json\/wp\/v2\/pages\/2812","targetHints":{"allow":["GET"]}}],"collection":[{"href":"https:\/\/waterlat.org\/pt\/wp-json\/wp\/v2\/pages"}],"about":[{"href":"https:\/\/waterlat.org\/pt\/wp-json\/wp\/v2\/types\/page"}],"author":[{"embeddable":true,"href":"https:\/\/waterlat.org\/pt\/wp-json\/wp\/v2\/users\/3"}],"replies":[{"embeddable":true,"href":"https:\/\/waterlat.org\/pt\/wp-json\/wp\/v2\/comments?post=2812"}],"version-history":[{"count":8,"href":"https:\/\/waterlat.org\/pt\/wp-json\/wp\/v2\/pages\/2812\/revisions"}],"predecessor-version":[{"id":3459,"href":"https:\/\/waterlat.org\/pt\/wp-json\/wp\/v2\/pages\/2812\/revisions\/3459"}],"up":[{"embeddable":true,"href":"https:\/\/waterlat.org\/pt\/wp-json\/wp\/v2\/pages\/19"}],"wp:attachment":[{"href":"https:\/\/waterlat.org\/pt\/wp-json\/wp\/v2\/media?parent=2812"}],"curies":[{"name":"wp","href":"https:\/\/api.w.org\/{rel}","templated":true}]}}