{"id":2816,"date":"2019-11-18T15:10:28","date_gmt":"2019-11-18T15:10:28","guid":{"rendered":"http:\/\/waterlat.org\/pt\/?page_id=2816"},"modified":"2022-06-12T15:43:49","modified_gmt":"2022-06-12T15:43:49","slug":"coordenacao-e-organizacao-de-programa-2022","status":"publish","type":"page","link":"https:\/\/waterlat.org\/pt\/encontros\/encontros-abertos\/waterlat-gobacit-xi-leon-guanajuato-2020\/coordenacao-e-organizacao-de-programa-2022\/","title":{"rendered":"Coordena\u00e7\u00e3o e Organiza\u00e7\u00e3o de Programa 2022"},"content":{"rendered":"<p>&nbsp;<\/p>\n<h3>Coordena\u00e7\u00e3o Local do Encontro<\/h3>\n<p><strong>Alex Ricardo Caldera<\/strong>, Divisi\u00f3n de Ciencias Sociales y Humanidades, Universidad de Guanajuato, Campus Le\u00f3n, Le\u00f3n, Guanajuato, M\u00e9xico. <a href=\"mailto: arcaldera@gmail.com\">E-mail<\/a>.<\/p>\n<p><strong>Citlalli Aidee Becerril Tinoco<\/strong>, Consejo Nacional de Ciencia y Tecnolog\u00eda (CONACyT), Centro de Investigaci\u00f3n en Ciencias de Informaci\u00f3n Geoespacial, Quer\u00e9taro, M\u00e9xico.<\/p>\n<p><strong>Joyce Valdovinos<\/strong>, Consejo Nacional de Ciencia y Tecnolog\u00eda (CONACyT), M\u00e9xico.<\/p>\n<p>&nbsp;<\/p>\n<h3>Coordena\u00e7\u00e3o Geral<\/h3>\n<p><strong>Jos\u00e9 Esteban Castro<\/strong>, Conselho Superior de Pesquisas Cientificas e T\u00e9cnicas (CONICET), Universidade Nacional de General Sarmiento (UNGS), Argentina, e Catedr\u00e1tico Em\u00e9rito, Newcastle University, Reino Unido. Coordenador da Rede WATERLAT-GOBACIT<\/p>\n<p><strong>Ana Sof\u00eda Mac\u00edas Ascanio<\/strong>, ITESO, a Universidade Jesuita de Guadalajara, M\u00e9xico, Secretaria Geral. <a href=\"mailto:redwaterlat@gmail.com\">Envie aqui uma mensagem<\/a> para maior informa\u00e7\u00e3o.<\/p>\n<p>&nbsp;<\/p>\n<h3>Equipe de Apoio T\u00e9cnico da Coordena\u00e7\u00e3o<\/h3>\n<p><strong>Mat\u00edas Kohan<\/strong>, Buenos Aires, Argentina<\/p>\n<p>&nbsp;<\/p>\n<h3>Contrapartes Internacionais da Coordena\u00e7\u00e3o<\/h3>\n<p><strong>Oscar Rodr\u00edguez Le\u00f3n<\/strong>, Internacional de Servi\u00e7os P\u00fablicos (ISP), San Jos\u00e9, Costa Rica<\/p>\n<p><strong>Javier Bogantes<\/strong>, Tribunal Latinoamericano da \u00c1gua, Costa Rica<\/p>\n<p><strong>Jaime Antonio Preciado Coronado<\/strong>, Universidade de Guadalajara, M\u00e9xico. Coordenador da Rede de Pesquisas sobre a Integra\u00e7\u00e3o Latino-americana e Caribenha (REDIALC)<\/p>\n<p>&nbsp;<\/p>\n<h4>Assessores da Coordena\u00e7\u00e3o<\/h4>\n<p>O grupo de assessores est\u00e1 composto por membros da Rede que tem atuado como coordenadores locais de reuni\u00f5es internacionais pr\u00e9vias.<\/p>\n<p><strong>Javier Gonzaga Valencia Hern\u00e1ndez<\/strong>, Universidade de Caldas, Manizales, Col\u00f4mbia<\/p>\n<p><strong>Gustavo Kohan<\/strong>, Universidade Nacional de General Sarmiento (UNGS), Argentina<\/p>\n<p><strong>Mario Edgar L\u00f3pez Ram\u00edrez<\/strong>, ITESO, a Universidade Jesuita de Guadalajara, M\u00e9xico<\/p>\n<p><strong>Wagner Costa Ribeiro<\/strong>, Universidade de S\u00e3o Paulo (USP), Brasil<\/p>\n<p><strong>Mar\u00eda Luisa Torregrossa Armentia<\/strong>, Faculdade Latino-americana de Ci\u00eancias Sociais (FLACSO), M\u00e9xico<\/p>\n<p><strong>Robinson Torres Salinas<\/strong>, Universidad de Concepci\u00f3n, Concepci\u00f3n, Bio Bio, Chile.<\/p>\n<hr \/>\n<p>&nbsp;<\/p>\n<h3>Comiss\u00e3o Internacional do Programa<\/h3>\n<p>A Comiss\u00e3o Internacional do Programa est\u00e1 constitu\u00edda pelos coordenadores das \u00c1reas Tem\u00e1ticas da Rede WATERLAT-GOBACIT e colegas convidados, em ordem alfab\u00e9tica.<\/p>\n<p><strong>Karina Kloster<\/strong>, Universidade Aut\u00f3noma da Cidade do M\u00e9xico (UACM), Cidade do M\u00e9xico, M\u00e9xico. Coordenadora da <a href=\"https:\/\/waterlat.org\/pt\/about\/areas-tematicas\/at10\/\">\u00c1rea Tem\u00e1tica 10 &#8211; \u00c1gua e Viol\u00eancia<\/a><\/p>\n<p><strong>Mario Edgar L\u00f3pez Ram\u00edrez<\/strong>, ITESO, a Universidade Jesuita de Guadalajara, M\u00e9xico. Coordenador da <a href=\"https:\/\/waterlat.org\/pt\/areas-tematicas\/at1\/\">\u00c1rea Tem\u00e1tica 1 &#8211; A X-disciplinaridade na Pesquisa e na A\u00e7\u00e3o<\/a><\/p>\n<p><strong>Gisela Ariana Rausch<\/strong>, Consejo Nacional de Investigaciones Cient\u00edficas y T\u00e9cnicas (CONICET), Universidad Nacional de Rosario, Rosario, Santa Fe, Argentina. Coordinadora del <a href=\"https:\/\/waterlat.org\/pt\/areas-tematicas\/at2\/\">\u00c1rea Tem\u00e1tica 2 &#8211; \u00c1gua e Megaprojetos<\/a><\/p>\n<p><strong>Wagner Costa Ribeiro<\/strong>, Universidade de S\u00e3o Paulo (USP), Brasil. Coordenador da <a href=\"https:\/\/waterlat.org\/pt\/about\/areas-tematicas\/at4\/\">\u00c1rea Tem\u00e1tica 4 &#8211; \u00c1guas Transfronteiri\u00e7as<\/a><\/p>\n<p><strong>Antonio Rodr\u00edguez S\u00e1nchez<\/strong>, Instituto de Investigaciones Jos\u00e9 Mar\u00eda Luis Mora, Cidade do M\u00e9xico, M\u00e9xico. Co-coordenador da <a href=\"https:\/\/waterlat.org\/pt\/areas-tematicas\/at6\/\/\">\u00c1rea Tem\u00e1tica 6 &#8211; Bacias, Territ\u00f3rios, e Espa\u00e7os Hidrosociais<\/a><\/p>\n<hr \/>\n<p>&nbsp;<\/p>\n<p>Retornar \u00e0 <a href=\"https:\/\/waterlat.org\/pt\/encontros\/encontros-abertos\/waterlat-gobacit-xi-leon-guanajuato-2020\/\">p\u00e1gina principal do XI Encontro Internacional<\/a><\/p>\n","protected":false},"excerpt":{"rendered":"<p>&nbsp; Coordena\u00e7\u00e3o Local do Encontro Alex Ricardo Caldera, Divisi\u00f3n de Ciencias Sociales y Humanidades, Universidad de Guanajuato, Campus Le\u00f3n, Le\u00f3n, Guanajuato, M\u00e9xico. E-mail. Citlalli Aidee Becerril Tinoco, Consejo Nacional de Ciencia y Tecnolog\u00eda (CONACyT), Centro de Investigaci\u00f3n en Ciencias de Informaci\u00f3n Geoespacial, Quer\u00e9taro, M\u00e9xico. Joyce Valdovinos, Consejo Nacional de Ciencia y Tecnolog\u00eda (CONACyT), M\u00e9xico. &nbsp; [&hellip;]<\/p>\n","protected":false},"author":3,"featured_media":0,"parent":2812,"menu_order":0,"comment_status":"closed","ping_status":"closed","template":"page-templates\/full-width.php","meta":{"_acf_changed":false,"footnotes":""},"class_list":["post-2816","page","type-page","status-publish","hentry","wpautop"],"acf":[],"_links":{"self":[{"href":"https:\/\/waterlat.org\/pt\/wp-json\/wp\/v2\/pages\/2816","targetHints":{"allow":["GET"]}}],"collection":[{"href":"https:\/\/waterlat.org\/pt\/wp-json\/wp\/v2\/pages"}],"about":[{"href":"https:\/\/waterlat.org\/pt\/wp-json\/wp\/v2\/types\/page"}],"author":[{"embeddable":true,"href":"https:\/\/waterlat.org\/pt\/wp-json\/wp\/v2\/users\/3"}],"replies":[{"embeddable":true,"href":"https:\/\/waterlat.org\/pt\/wp-json\/wp\/v2\/comments?post=2816"}],"version-history":[{"count":7,"href":"https:\/\/waterlat.org\/pt\/wp-json\/wp\/v2\/pages\/2816\/revisions"}],"predecessor-version":[{"id":3463,"href":"https:\/\/waterlat.org\/pt\/wp-json\/wp\/v2\/pages\/2816\/revisions\/3463"}],"up":[{"embeddable":true,"href":"https:\/\/waterlat.org\/pt\/wp-json\/wp\/v2\/pages\/2812"}],"wp:attachment":[{"href":"https:\/\/waterlat.org\/pt\/wp-json\/wp\/v2\/media?parent=2816"}],"curies":[{"name":"wp","href":"https:\/\/api.w.org\/{rel}","templated":true}]}}