{"id":2845,"date":"2019-12-06T20:11:41","date_gmt":"2019-12-06T20:11:41","guid":{"rendered":"http:\/\/waterlat.org\/pt\/?page_id=2845"},"modified":"2023-01-13T14:55:08","modified_gmt":"2023-01-13T14:55:08","slug":"vol-6-no-1","status":"publish","type":"page","link":"https:\/\/waterlat.org\/pt\/working-papers-series\/volume-6-2019\/vol-6-no-1\/","title":{"rendered":"Vol. 6 No 1"},"content":{"rendered":"<style>\r\n.entry-content img, .comment-content img, .widget img, img.header-image, .author-avatar img, img.wp-post-image {\r\nbox-shadow: none;\r\n}\r\n.box {\r\n  width: 40%;\r\n  margin: 0 auto;\r\n  background: rgba(255,255,255,0.2);\r\n  padding: 35px;\r\n  border: 2px solid #fff;\r\n  border-radius: 20px\/50px;\r\n  background-clip: padding-box;\r\n  text-align: center;\r\n}\r\n\r\n.pl_issn{text-align: right;    margin-bottom: 25px !important;font-size: 14px;display: inline;float: right;}\r\n.overlay {\r\n  position: fixed;\r\n  top: 0;\r\n  bottom: 0;\r\n  left: 0;\r\n  right: 0;\r\n  background: rgba(0, 0, 0, 0.7);\r\n  transition: opacity 500ms;\r\n  visibility: hidden;\r\n  opacity: 0;\r\n}\r\n.overlay:target {\r\n  visibility: visible;\r\n  opacity: 1;\r\n}\r\n\r\n.popup {\r\n  margin: 70px auto;\r\n  padding: 20px;\r\n  background: #fff;\r\n  border-radius: 5px;\r\n  width: 30%;\r\n  position: relative;\r\n  transition: all 5s ease-in-out;\r\n}\r\n\r\n.popup h2 {\r\n  margin-top: 0;\r\n  color: #333;\r\n  font-family: Tahoma, Arial, sans-serif;\r\n}\r\n.popup .close {\r\n  position: absolute;\r\n  top: 20px;\r\n  right: 30px;\r\n  transition: all 200ms;\r\n  font-size: 30px;\r\n  font-weight: bold;\r\n  text-decoration: none;\r\n  color: #333;\r\n}\r\n.popup .close:hover {\r\n  color: rgb(0, 66, 126);\r\n}\r\n.popup .content {\r\n  max-height: 30%;\r\n  overflow: auto;\r\n}\r\n\r\n@media screen and (max-width: 700px){\r\n  .box{\r\n    width: 70%;\r\n  }\r\n  .popup{\r\n    width: 70%;\r\n  }\r\n}\r\n.entry-content p {\r\nline-height: normal;\r\nmargin: 0;\r\n}\r\n\r\n.wp_cuaderno {display: inline-block; background-color: #ededed; box-shadow: 0 4px 8px 0 rgba(0, 0, 0, 0.2), 0 6px 20px 0 rgba(0, 0, 0, 0.19); padding: 20px 50px;}\r\n.wp_portada {float:left;}\r\n.wp_info{margin-left: 170px;}\r\np.titulo{font-size:18px;}\r\n.wp_info.desc{width: 90%; margin: 5px 0px;}\r\n.wp_info p {margin-bottom:3px;}\r\n.wp_info.serie{width: 360px;}\r\n.wp_info a {margin-top:8px;}\r\n\r\n.wp_descargas{clear: both; padding-top: 3px;}\r\n\r\n.dw_pdf {\r\n        background-color: rgba(251, 116, 116, 0);\r\n    padding: 8px 9px;\r\n    color: #b52335;\r\n    text-decoration: none;\r\n    border: 2px #b52335 solid;\r\n    transition: 0.2s all;\r\n    border-radius: 4px;\r\n    font-weight: 600;}\r\n.dw_pdf:hover{background-color: #b52335; color:white;}\r\n.dw_pdf i {font-size:25px; vertical-align: bottom; margin-right: 3px;}\r\n\r\n.dw_pdf-full {\r\n        background-color: rgba(251, 116, 116, 0);\r\n    padding: 8px 51px;\r\n    color: #b52335;\r\n    text-decoration: none;\r\n    border: 2px #b52335 solid;\r\n    transition: 0.2s all;\r\n    border-radius: 4px;\r\n    font-weight: 600;}\r\n.dw_pdf-full:hover{background-color: #b52335; color:white;}\r\n.dw_pdf-full i {font-size:25px; vertical-align: bottom; margin-right: 3px;}\r\n\r\n.dw_epub {background-color: rgba(251, 116, 116, 0);\r\n    padding: 8px 6px;\r\n    color: #0964bd;\r\n    text-decoration: none;\r\n    border: 2px #0964bd solid;\r\n    transition: 0.2s all;\r\n    border-radius: 4px;\r\n    margin-left: 5px;\r\n    font-weight: 600;}\r\n.dw_epub:hover{background-color: #0964bd; color:white;}\r\n.dw_epub i {font-size:25px; vertical-align: bottom; margin-right: 3px;}\r\n\r\n\r\n.wp_sec-art{padding-left: 50px; padding-top: 10px;}\r\n.wp_articulo{padding-top:40px;}\r\n.wp_articulo.tituloar{font-size:17px;}\r\na.desar {text-decoration: none; float:left; margin-right: 20px;}\r\n\r\n<\/style>\r\n<!-- CUADERNO !-->\r\n<p class=\"pl_issn\">ISSN: (Impresso)<b> 2056-4856<\/b><br \/>ISSN: (Online) <b>2056-4864<\/b><\/p>\r\n<div class=\"wp_cuaderno\">\r\n\r\n<!-- PORTADA !-->\r\n  <div class=\"wp_portada\">\r\n    <img width=\"158px \"src=\"http:\/\/waterlat.org\/wp-content\/uploads\/2019\/12\/CoverVol6No1.jpg\" \/>\r\n  <\/div>\r\n\r\n  <!-- INFORMACION DERECHA !-->\r\n  <div class=\"wp_info\">\r\n\r\n      <!-- TITULO !--> <p class=\"titulo\"><b>Vol. 6, No. 1<\/b><\/p>\r\n      <!-- FECHA !-->  <p>Mar\u00e7o de 2019<\/p>\r\n      <!-- AUTOR !-->  <p>Jose Esteban Castro (Editor) <\/p>\r\n      <!-- AUTOR !-->  <p> Adriana Sandoval Moreno y Antonio S\u00e1nchez Rodr\u00edguez (Organizadores) <\/p>\r\n      <!-- DOI !-->    <i><p>DOI: 10.5281\/zenodo.7530457<\/p><\/i>\r\n      <!-- DESCR !-->  <p class=\"desc\"><b>Pesca artesanal y patrimonio cultural: conflictos territoriales,\r\nresistencias y transformaci\u00f3n social en Colombia, Espa\u00f1a y M\u00e9xico<\/b><\/p>\r\n      <!-- SERIE   <i><p class=\"serie\">??? (serie)<\/p><\/i>!-->\r\n      <!-- CITA !-->    <i><a href=\"https:\/\/zenodo.org\/record\/7530457#invenio-csl\" class=\"desar\" \r\nstyle=\"color:#9ad3f9;\">Exportar cita\u00e7\u00e3o<\/a><\/i>\r\n\r\n  <\/div>\r\n\r\n\r\n  <!-- DESCARGAS !-->\r\n  <div class=\"wp_descargas\">\r\n    <!-- PDF LINK !-->  <a href=\"https:\/\/zenodo.org\/record\/7530457\" class=\"dw_pdf-full\" target=\"_blank\" rel=\"noopener noreferrer\"><i class=\"fa fa-file-pdf-o\" aria-hidden=\"true\" fa-3x><\/i>PDF<\/a>\r\n    <!-- PDF LINK  <a href=\"#\" class=\"dw_pdf\"><i class=\"fa fa-file-pdf-o\" aria-hidden=\"true\" fa-3x><\/i>PDF<\/a>\r\n    EPUB LINK  <a href=\"#\" class=\"dw_epub\"><i class=\"fa fa-file-text-o\" aria-hidden=\"true\"><\/i>EPUB<\/a>!-->\r\n  <\/div>\r\n\r\n<\/div>\r\n\r\n\r\n<!-- SECCION ARTICULOS !-->\r\n<div style=\"margin-top: 30px;\">\r\n  <h3 style=\" margin-bottom:5px;\">Artigos<\/h3>\r\n  <hr style=\"margin: 0;\">\r\n\r\n<!-- ARTICULOS !-->\r\n<div class=\"wp_sec-art\">\r\n\r\n<!-- ARTICULO INDIVIDUAL !-->\r\n      <div class=\"wp_articulo\">\r\n        <!-- TITULO !-->  <p class=\"tituloar\"> <b>El declive del sector pesquero en el Sureste de la Pen\u00ednsula Ib\u00e9rica y el turismo marinero como propuesta de desarrollo, pp. 9-28<\/b> <\/p>\r\n        <!-- AUTOR  !-->  <p>Daniel Moreno-Mu\u00f1oz y Ram\u00f3n Garc\u00eda-Mar\u00edn <\/p>\r\n        <!-- DOI    !-->  <p style=\"float:left;\">DOI: <\/p><p>10.5281\/zenodo.7530483<\/p>\r\n        <!-- PDF LINK  !-->  <a class=\"desar\"  href=\"https:\/\/zenodo.org\/record\/7530483\"><b><p style=\"color:#ff5e73;\">PDF<\/p><\/b><\/a>\r\n        <!-- EPUB LINK   <a class=\"desar\"  href=\"#\"><b><p style=\"color:#3e99f9;\">EPUB<\/p><\/b><\/a>!-->\r\n        <!-- CITA LINK !-->  <a class=\"desar\"  href=\"https:\/\/zenodo.org\/record\/7530483#invenio-csl\"><p style=\"color:#9ad3f9;\">Exportar cita\u00e7\u00e3o<\/p><\/a>\r\n\r\n<\/div>\r\n    <!-- ARTICULO INDIVIDUAL !-->\r\n      <div class=\"wp_articulo\">\r\n        <!-- TITULO !-->  <p class=\"tituloar\"> <b>Cultura lacustre y pesca artesanal en el Lago de Chapala, M\u00e9xico: alimentaci\u00f3n, ingresos y comercializaci\u00f3n, pp. 29-49<\/b> <\/p>\r\n        <!-- AUTOR  !-->  <p>Adriana Sandoval Moreno <\/p>\r\n        <!-- DOI    !-->  <p style=\"float:left;\">DOI: <\/p><p>10.5281\/zenodo.7530495<\/p>\r\n        <!-- PDF LINK  !-->  <a class=\"desar\"  href=\"https:\/\/zenodo.org\/record\/7530495\"><b><p style=\"color:#ff5e73;\">PDF<\/p><\/b><\/a>\r\n        <!-- EPUB LINK   <a class=\"desar\"  href=\"#\"><b><p style=\"color:#3e99f9;\">EPUB<\/p><\/b><\/a>!-->\r\n        <!-- CITA LINK !-->  <a class=\"desar\"  href=\"https:\/\/zenodo.org\/record\/7530495#invenio-csl\"><p style=\"color:#9ad3f9;\">Exportar cita\u00e7\u00e3o<\/p><\/a>\r\n\r\n<\/div>\r\n\r\n      <!-- ARTICULO INDIVIDUAL !-->\r\n      <div class=\"wp_articulo\">\r\n        <!-- TITULO !-->  <p class=\"tituloar\"> <b>El impacto de la globalizaci\u00f3n neoliberal en el Lago de Chapala, Jalisco, M\u00e9xico: riesgos que afectan al patrimonio biocultural de las comunidades lacustres, pp. 50-64<\/b> <\/p>\r\n        <!-- AUTOR  !-->  <p>Adriana Hern\u00e1ndez Garc\u00eda <\/p>\r\n        <!-- DOI    !-->  <p style=\"float:left;\">DOI: <\/p><p>10.5281\/zenodo.7530517<\/p>\r\n        <!-- PDF LINK  !-->  <a class=\"desar\"  href=\"https:\/\/zenodo.org\/record\/7530517\"><b><p style=\"color:#ff5e73;\">PDF<\/p><\/b><\/a>\r\n        <!-- EPUB LINK   <a class=\"desar\"  href=\"#\"><b><p style=\"color:#3e99f9;\">EPUB<\/p><\/b><\/a>!-->\r\n        <!-- CITA LINK !-->  <a class=\"desar\"  href=\"https:\/\/zenodo.org\/record\/7530517#invenio-csl\"><p style=\"color:#9ad3f9;\">Exportar cita\u00e7\u00e3o<\/p><\/a>\r\n\r\n<\/div>\r\n\r\n  <!-- ARTICULO INDIVIDUAL !-->\r\n      <div class=\"wp_articulo\">\r\n        <!-- TITULO !-->  <p class=\"tituloar\"> <b>\u201cDesplazados del mar\u201d. El caso de la comunidad de pescadores \u201cDon Jaca\u201d, Santa Marta, Colombia, pp. 65-88<\/b> <\/p>\r\n        <!-- AUTOR  !-->  <p>Marlenny D\u00edaz- Cano y Ellie Anne L\u00f3pez-Barrera <\/p>\r\n        <!-- DOI    !-->  <p style=\"float:left;\">DOI: <\/p><p>10.5281\/zenodo.7530527<\/p>\r\n        <!-- PDF LINK  !-->  <a class=\"desar\"  href=\"https:\/\/zenodo.org\/record\/7530527\"><b><p style=\"color:#ff5e73;\">PDF<\/p><\/b><\/a>\r\n        <!-- EPUB LINK   <a class=\"desar\"  href=\"#\"><b><p style=\"color:#3e99f9;\">EPUB<\/p><\/b><\/a>!-->\r\n        <!-- CITA LINK !-->  <a class=\"desar\"  href=\"https:\/\/zenodo.org\/record\/7530527#invenio-csl\"><p style=\"color:#9ad3f9;\">Exportar cita\u00e7\u00e3o<\/p><\/a>\r\n\r\n<\/div>\r\n\r\n      \r\n\r\n<\/div>\r\n\r\n\r\n\r\n<\/div>\r\n\r\n\r\n\r\n\r\n<style>\r\n.export-list{\r\n   list-style-type: none;\r\n   margin-top: 10px !important;\r\n}\r\n.export-list li {display:inline-block; margin: 0px 0px 0px 1.4rem;}\r\n.export-list a {color: #2a8bb7; text-decoration: none; transition:0.2s all;}\r\n.export-list a:hover{text-decoration:underline; transition:0.2s all;}\r\n<\/style>","protected":false},"excerpt":{"rendered":"ISSN: (Impresso) 2056-4856ISSN: (Online) 2056-4864 Vol. 6, No. 1 Mar\u00e7o de 2019 Jose Esteban Castro (Editor) Adriana Sandoval Moreno y Antonio S\u00e1nchez Rodr\u00edguez (Organizadores) DOI: 10.5281\/zenodo.7530457 Pesca artesanal y patrimonio cultural: conflictos territoriales, resistencias y transformaci\u00f3n social en Colombia, Espa\u00f1a y M\u00e9xico Exportar cita\u00e7\u00e3o PDF Artigos El declive del sector pesquero en el Sureste de [&hellip;]","protected":false},"author":3,"featured_media":0,"parent":2842,"menu_order":0,"comment_status":"closed","ping_status":"closed","template":"page-templates\/full-width.php","meta":{"_acf_changed":false,"footnotes":""},"class_list":["post-2845","page","type-page","status-publish","hentry","no-wpautop"],"acf":[],"_links":{"self":[{"href":"https:\/\/waterlat.org\/pt\/wp-json\/wp\/v2\/pages\/2845","targetHints":{"allow":["GET"]}}],"collection":[{"href":"https:\/\/waterlat.org\/pt\/wp-json\/wp\/v2\/pages"}],"about":[{"href":"https:\/\/waterlat.org\/pt\/wp-json\/wp\/v2\/types\/page"}],"author":[{"embeddable":true,"href":"https:\/\/waterlat.org\/pt\/wp-json\/wp\/v2\/users\/3"}],"replies":[{"embeddable":true,"href":"https:\/\/waterlat.org\/pt\/wp-json\/wp\/v2\/comments?post=2845"}],"version-history":[{"count":11,"href":"https:\/\/waterlat.org\/pt\/wp-json\/wp\/v2\/pages\/2845\/revisions"}],"predecessor-version":[{"id":3610,"href":"https:\/\/waterlat.org\/pt\/wp-json\/wp\/v2\/pages\/2845\/revisions\/3610"}],"up":[{"embeddable":true,"href":"https:\/\/waterlat.org\/pt\/wp-json\/wp\/v2\/pages\/2842"}],"wp:attachment":[{"href":"https:\/\/waterlat.org\/pt\/wp-json\/wp\/v2\/media?parent=2845"}],"curies":[{"name":"wp","href":"https:\/\/api.w.org\/{rel}","templated":true}]}}