{"id":291,"date":"2014-01-29T07:31:42","date_gmt":"2014-01-29T07:31:42","guid":{"rendered":"http:\/\/waterlat.org\/pt\/?page_id=291"},"modified":"2014-01-29T07:31:42","modified_gmt":"2014-01-29T07:31:42","slug":"boletim-informes-publicacoes-etc","status":"publish","type":"page","link":"https:\/\/waterlat.org\/pt\/projetos\/desafio\/boletim-informes-publicacoes-etc\/","title":{"rendered":"Boletim, informes, publica\u00e7\u00f5es, etc."},"content":{"rendered":"<p><span style=\"color: #000000; font-family: Calibri; font-size: medium;\">O Projeto DESAFIO publica um Boletim trimestral e Informes de Pol\u00edticas P\u00fablicas para dissemina\u00e7\u00e3o. Visite tamb\u00e9m as p\u00e1ginas de publica\u00e7\u00f5es e reuni\u00f5es do projeto. <\/span><\/p>\n<p><span style=\"color: #000000; font-family: Calibri; font-size: medium;\">\u00a0<\/span><\/p>\n<p><span style=\"color: #000000; font-family: Calibri; font-size: medium;\">Baixe <\/span><a href=\"http:\/\/desafioglobal.org\/pt\/boletim\/\"><span style=\"color: #0563c1; font-family: Calibri; font-size: medium;\">aqui<\/span><\/a><span style=\"color: #000000; font-family: Calibri; font-size: medium;\"> o Boletim DESAFIO <\/span><\/p>\n<p><span style=\"color: #000000; font-family: Calibri; font-size: medium;\">Baixe <\/span><a href=\"http:\/\/desafioglobal.org\/pt\/documentos\/informes-de-politicas-publicas\/\"><span style=\"color: #0563c1; font-family: Calibri; font-size: medium;\">aqui<\/span><\/a><span style=\"color: #000000; font-family: Calibri; font-size: medium;\"> os Informes de Pol\u00edticas P\u00fablicas de DESAFIO <\/span><\/p>\n<p><span style=\"color: #000000; font-family: Calibri; font-size: medium;\">Visite a <\/span><a href=\"http:\/\/desafioglobal.org\/pt\/reunioes\/\"><span style=\"color: #0563c1; font-family: Calibri; font-size: medium;\">p\u00e1gina de reuni\u00f5es<\/span><\/a><span style=\"color: #000000; font-family: Calibri; font-size: medium;\"> de DESAFIO <\/span><\/p>\n<p><span style=\"color: #000000; font-family: Calibri; font-size: medium;\">Visite a <\/span><a href=\"http:\/\/desafioglobal.org\/pt\/publicacoes\/\"><span style=\"color: #0563c1; font-family: Calibri; font-size: medium;\">p\u00e1gina de publica\u00e7\u00f5es<\/span><\/a><span style=\"color: #000000; font-family: Calibri; font-size: medium;\"> de DESAFIO<\/span><\/p>\n","protected":false},"excerpt":{"rendered":"<p>O Projeto DESAFIO publica um Boletim trimestral e Informes de Pol\u00edticas P\u00fablicas para dissemina\u00e7\u00e3o. Visite tamb\u00e9m as p\u00e1ginas de publica\u00e7\u00f5es e reuni\u00f5es do projeto. \u00a0 Baixe aqui o Boletim DESAFIO Baixe aqui os Informes de Pol\u00edticas P\u00fablicas de DESAFIO Visite a p\u00e1gina de reuni\u00f5es de DESAFIO Visite a p\u00e1gina de publica\u00e7\u00f5es de DESAFIO<\/p>\n","protected":false},"author":3,"featured_media":0,"parent":20,"menu_order":0,"comment_status":"closed","ping_status":"open","template":"page-templates\/full-width.php","meta":{"_acf_changed":false,"footnotes":""},"class_list":["post-291","page","type-page","status-publish","hentry","wpautop"],"acf":[],"_links":{"self":[{"href":"https:\/\/waterlat.org\/pt\/wp-json\/wp\/v2\/pages\/291","targetHints":{"allow":["GET"]}}],"collection":[{"href":"https:\/\/waterlat.org\/pt\/wp-json\/wp\/v2\/pages"}],"about":[{"href":"https:\/\/waterlat.org\/pt\/wp-json\/wp\/v2\/types\/page"}],"author":[{"embeddable":true,"href":"https:\/\/waterlat.org\/pt\/wp-json\/wp\/v2\/users\/3"}],"replies":[{"embeddable":true,"href":"https:\/\/waterlat.org\/pt\/wp-json\/wp\/v2\/comments?post=291"}],"version-history":[{"count":1,"href":"https:\/\/waterlat.org\/pt\/wp-json\/wp\/v2\/pages\/291\/revisions"}],"predecessor-version":[{"id":292,"href":"https:\/\/waterlat.org\/pt\/wp-json\/wp\/v2\/pages\/291\/revisions\/292"}],"up":[{"embeddable":true,"href":"https:\/\/waterlat.org\/pt\/wp-json\/wp\/v2\/pages\/20"}],"wp:attachment":[{"href":"https:\/\/waterlat.org\/pt\/wp-json\/wp\/v2\/media?parent=291"}],"curies":[{"name":"wp","href":"https:\/\/api.w.org\/{rel}","templated":true}]}}