{"id":2935,"date":"2020-02-27T22:18:11","date_gmt":"2020-02-27T22:18:11","guid":{"rendered":"http:\/\/waterlat.org\/pt\/?page_id=2935"},"modified":"2020-07-17T22:33:09","modified_gmt":"2020-07-17T22:33:09","slug":"o-desastre-e-o-caos-velado-o-enfrentamento-individual-interpessoal-e-coletivo-de-idosos-e-familiares","status":"publish","type":"page","link":"https:\/\/waterlat.org\/pt\/publicacoes\/livros\/o-desastre-e-o-caos-velado-o-enfrentamento-individual-interpessoal-e-coletivo-de-idosos-e-familiares\/","title":{"rendered":"O Desastre e o Caos Velado: O enfrentamento individual, interpessoal e coletivo de idosos e familiares"},"content":{"rendered":"<style>\r\n.dw_pdf-full {<br \/>\r\n    background-color: rgba(251, 116, 116, 0);<br \/>\r\n    padding: 8px 20px;<br \/>\r\n    color: #b52335;<br \/>\r\n    text-decoration: none;<br \/>\r\n    border: 2px #b52335 solid;<br \/>\r\n    transition: 0.2s all;<br \/>\r\n    border-radius: 4px;<br \/>\r\n    font-weight: 600;<br \/>\r\nmargin:0px 5px;}<br \/>\r\n.dw_pdf-full:hover{background-color: #b52335; color:white;}<br \/>\r\n.dw_pdf-full i {font-size:25px; vertical-align: bottom; margin-right: 3px;}<br \/>\r\n<\/style>\r\n\r\n<a href=\" http:\/\/waterlat.org\/wp-content\/uploads\/2020\/02\/CapaViana.jpg\"><img loading=\"lazy\" decoding=\"async\" class=\"alignnone size-medium wp-image-2744\" src=\" http:\/\/waterlat.org\/wp-content\/uploads\/2020\/02\/CapaViana.jpg\" alt=\"\" width=\"207\" height=\"300\" \/><\/a>\r\n\r\nAline Silveira Viana, <u> O Desastre e o Caos Velado: O enfrentamento individual, interpessoal e coletivo de idosos e familiares <\/u> (ISBN: 978-987-86-3795-2 [E-book], (DOI: 10.5281\/zenodo.3950539). Co-publicado em Newcastle upon Tyne, Reino Unido, Campina Grande, Para\u00edba, Brasil, Buenos Aires, Argentina, e Alcal\u00e1 de Henares, Espanha, pela Rede WATERLAT-GOBACIT, <a href=\"http:\/\/eduepb.uepb.edu.br\/e-books\/\"> Editora da Universidade Estadual da Para\u00edba (EDUEPB, <\/a><a href=\"https:\/\/ciccus.org.ar\/\">Ediciones CICCUS<\/a><a href=\"http:\/\/eduepb.uepb.edu.br\/e-books\/\">, e <\/a><a href=\"https:\/\/ielat.com\">Instituto Universitario de Investigaci\u00f3n en Estudios Latinoamericanos (IELAT), Universidade de Alcal\u00e1<\/a><a href=\"http:\/\/eduepb.uepb.edu.br\/e-books\/\">, 2020.<\/a>\r\n\r\nEste livro \u00e9 um produto da <a href=\"https:\/\/waterlat.org\/pt\/waterlat-student-prize\/premio2016\/\"> Edi\u00e7\u00e3o 2016 do Pr\u00eamio de Estudantes (Mestrado)<\/a> da Rede WATERLAT-GOBACIT.\r\n<h3><\/h3>\r\n<i><a class=\"desar\" style=\"color: #9ad3f9;\" href=\"https:\/\/zenodo.org\/record\/3950539#invenio-csl\">Exportar Cita\u00e7\u00e3o<\/a><\/i>\r\n<h3>Baixar<\/h3>\r\n<a class=\"dw_pdf-full\" href=\"https:\/\/zenodo.org\/record\/3950539#.XZJW5S2ZNQI\" target=\"_blank\" rel=\"noopener noreferrer\"><i class=\"fa fa-file-pdf-o\" aria-hidden=\"true\"><\/i> PDF <\/a>\r\n\r\n&nbsp;\r\n<h3>Apresenta\u00e7\u00f5es do livro<\/h3>\r\n<a href=\"https:\/\/waterlat.org\/pt\/comunicacao-publica\/podcasts\/\">Os impactos dos desastres relacionados com a \u00e1gua sobre as pessoas idosas e suas fam\u00edlias: produ\u00e7\u00e3o de conhecimento interdisciplinar e desafios para as pol\u00edticas p\u00fablicas, Podcast 8, S\u00e9rie Vozes pela \u00c1gua, Alex Caldera e Jos\u00e9 Esteban Castro, com Aline Silveira Viana, DOI: 10.5072\/zenodo.504522.<\/a>","protected":false},"excerpt":{"rendered":"Aline Silveira Viana, O Desastre e o Caos Velado: O enfrentamento individual, interpessoal e coletivo de idosos e familiares (ISBN: 978-987-86-3795-2 [E-book], (DOI: 10.5281\/zenodo.3950539). Co-publicado em Newcastle upon Tyne, Reino Unido, Campina Grande, Para\u00edba, Brasil, Buenos Aires, Argentina, e Alcal\u00e1 de Henares, Espanha, pela Rede WATERLAT-GOBACIT, Editora da Universidade Estadual da Para\u00edba (EDUEPB, Ediciones CICCUS, [&hellip;]","protected":false},"author":3,"featured_media":0,"parent":22,"menu_order":0,"comment_status":"closed","ping_status":"closed","template":"page-templates\/full-width.php","meta":{"_acf_changed":false,"footnotes":""},"class_list":["post-2935","page","type-page","status-publish","hentry","no-wpautop"],"acf":[],"_links":{"self":[{"href":"https:\/\/waterlat.org\/pt\/wp-json\/wp\/v2\/pages\/2935","targetHints":{"allow":["GET"]}}],"collection":[{"href":"https:\/\/waterlat.org\/pt\/wp-json\/wp\/v2\/pages"}],"about":[{"href":"https:\/\/waterlat.org\/pt\/wp-json\/wp\/v2\/types\/page"}],"author":[{"embeddable":true,"href":"https:\/\/waterlat.org\/pt\/wp-json\/wp\/v2\/users\/3"}],"replies":[{"embeddable":true,"href":"https:\/\/waterlat.org\/pt\/wp-json\/wp\/v2\/comments?post=2935"}],"version-history":[{"count":14,"href":"https:\/\/waterlat.org\/pt\/wp-json\/wp\/v2\/pages\/2935\/revisions"}],"predecessor-version":[{"id":3205,"href":"https:\/\/waterlat.org\/pt\/wp-json\/wp\/v2\/pages\/2935\/revisions\/3205"}],"up":[{"embeddable":true,"href":"https:\/\/waterlat.org\/pt\/wp-json\/wp\/v2\/pages\/22"}],"wp:attachment":[{"href":"https:\/\/waterlat.org\/pt\/wp-json\/wp\/v2\/media?parent=2935"}],"curies":[{"name":"wp","href":"https:\/\/api.w.org\/{rel}","templated":true}]}}