{"id":305,"date":"2014-01-29T22:22:46","date_gmt":"2014-01-29T22:22:46","guid":{"rendered":"http:\/\/waterlat.org\/pt\/?page_id=305"},"modified":"2017-03-11T22:39:04","modified_gmt":"2017-03-11T22:39:04","slug":"programa","status":"publish","type":"page","link":"https:\/\/waterlat.org\/pt\/encontros\/outros-encontros-publicos\/oficina-especial\/programa\/","title":{"rendered":"Programa da Oficina Internacional WATERLAT-GOBACIT 2011"},"content":{"rendered":"<h3>Panelistas<\/h3>\n<p><a href=\"http:\/\/waterlat.org\/wp-content\/uploads\/2017\/03\/J-Amezaga.jpg\"><img loading=\"lazy\" decoding=\"async\" src=\"http:\/\/waterlat.org\/wp-content\/uploads\/2017\/03\/J-Amezaga.jpg\" alt=\"\" width=\"80\" height=\"110\" class=\"alignnone size-full wp-image-3458\" \/><\/a><br \/>\nDr. Jaime Amezaga, professor titular de Pol\u00edticas Ambientais e Sustentabilidade, Escola de Engenharia Civil e Geoci\u00eancias, Universidade de Newcastle, Reino Unido. O Dr. Amezaga coordena o Grupo da \u00c1gua no Instituto de Pesquisa sobre Sustentabilidade (NIReS), Universidade de Newcastle. Seu interesse principal \u00e9 a an\u00e1lise de pol\u00edticas p\u00fablicas e institucional dos problemas de uso da \u00e1gua e do solo. Durante os \u00faltimos 10 anos, ele liderou v\u00e1rios projetos de pesquisa multidisciplinares e multinacionais na Europa, \u00c1frica, \u00c1sia e Am\u00e9rica do Sul, com foco na intera\u00e7\u00e3o a gest\u00e3o da \u00e1gua e setores como a silvicultura, a minera\u00e7\u00e3o e a bioenergia. Ele tamb\u00e9m trabalha no planejamento do saneamento em cidades de r\u00e1pido crescimento no sul global e na an\u00e1lise institucional de aloca\u00e7\u00e3o de \u00e1gua em zonas \u00e1ridas e semi\u00e1ridas. Amezaga tamb\u00e9m contribui no desenvolvimento de parcerias em engenharia ambiental com universidades da Am\u00e9rica do Sul e \u00c1frica.<br \/>\n<a href=\"http:\/\/waterlat.org\/GeneralPDFs\/AmezagaGOB2011.pdf\">Baixe aqui a apresenta\u00e7\u00e3o do Dr. Amezaga<\/a>.<\/p>\n<p><a href=\"http:\/\/waterlat.org\/wp-content\/uploads\/2017\/03\/Bernard.jpg\"><img loading=\"lazy\" decoding=\"async\" src=\"http:\/\/waterlat.org\/wp-content\/uploads\/2017\/03\/Bernard-225x300.jpg\" alt=\"\" width=\"225\" height=\"300\" class=\"alignnone size-medium wp-image-3461\" \/><\/a><br \/>\nProf Bernard O. Barraqu\u00e9, Diretor de Pesquisa em pol\u00edticas ambientais (especialmente a \u00e1gua), Centro Nacional de Pesquisa Cient\u00edfica (CNRS), Paris. O Prof. Barraqu\u00e9 \u00e9 membro do Centro Internacional de Pesquisa sobre Meio Ambiente e Desenvolvimento (CIRED) e Professor Associado no Instituto da Vida e Ci\u00eancias do Ambiente e Ind\u00fastria (AgroParisTech). Foi Presidente da Comiss\u00e3o Nacional Francesa do Programa Hidrol\u00f3gico Internacional da UNESCO at\u00e9 2010. Coordenou um projeto colaborativo sobre pagamentos por servi\u00e7os ambientais aos agricultores por parte das empresas de servi\u00e7os p\u00fablicos de \u00e1gua na Fran\u00e7a e em outros pa\u00edses desenvolvidos (EVEC, sigla para Eau des Villes, Eau des Champs). Atualmente coordena EAU&#038;3E, um projeto de pesquisa sobre a sustentabilidade dos servi\u00e7os de \u00e1gua e esgotamento sanit\u00e1rio nas grandes cidades da Fran\u00e7a, particularmente em Paris e Bordeaux: dimens\u00f5es ambientais, econ\u00f4micas, sociais e de governan\u00e7a. Ele \u00e9 membro dos conselhos editoriais de Water Policy, Espaces et Soci\u00e9t\u00e9s e Water Alternatives.<br \/>\n<a href=\"http:\/\/waterlat.org\/GeneralPDFs\/BarraqueGOB2011.pdf\">Baixe aqui a apresenta\u00e7\u00e3o do Prof. Barraqu\u00e9<\/a>.<\/p>\n<p><a href=\"http:\/\/waterlat.org\/wp-content\/uploads\/2017\/03\/Mike.png\"><img loading=\"lazy\" decoding=\"async\" src=\"http:\/\/waterlat.org\/wp-content\/uploads\/2017\/03\/Mike-225x300.png\" alt=\"\" width=\"225\" height=\"300\" class=\"alignnone size-medium wp-image-3459\" \/><\/a><br \/>\nProf Mike Edmunds (hidro-geologia), professor visitante em Hidrogeologia no Centro do Meio Ambiente da Universidade de Oxford. O Prof. Edmunds est\u00e1 atualmente conduzindo uma pesquisa em regi\u00f5es semi\u00e1ridas e \u00e1ridas e da aula em n\u00edvel de p\u00f3s-gradua\u00e7\u00e3o. Anteriormente trabalhou na British Geological Survey. Sua experi\u00eancia est\u00e1 nos campos da qualidade das \u00e1guas subterr\u00e2neas, os processos hidro-geoqu\u00edmicos, estudos de elementos tra\u00e7adores, hidrologia isot\u00f3pica, paleo hidrologia, estudos de zonas \u00e1ridas e semi\u00e1ridas, incluindo a avalia\u00e7\u00e3o da recarga de \u00e1guas subterr\u00e2neas, a acidifica\u00e7\u00e3o das \u00e1guas subterr\u00e2neas, quest\u00f5es de salinidade e \u00e1guas minerais e termais. Ele tem cerca de 230 publica\u00e7\u00f5es cient\u00edficas, incluindo 140 em publica\u00e7\u00f5es com pareceristas externos, nesses campos. Edmunds tem trabalhado e publicado extensivamente sobre o norte da \u00c1frica e a regi\u00e3o do Sahel (Arg\u00e9lia, Tun\u00edsia, Sud\u00e3o, Senegal, Mali, N\u00edger, L\u00edbia, Nig\u00e9ria e Gana). Este trabalho centrou-se na caracteriza\u00e7\u00e3o de aqu\u00edferos regionais de grande escala e, especialmente, na defini\u00e7\u00e3o de \u00e1guas subterr\u00e2neas renov\u00e1veis e n\u00e3o renov\u00e1veis. Isso tipicamente envolveu estudos com multi-tra\u00e7adores (qu\u00edmicos e isot\u00f3picos). A quantifica\u00e7\u00e3o da recarga dos aqu\u00edferos tem-se realizado em v\u00e1rios pa\u00edses utilizando m\u00e9todos geoqu\u00edmicos. Deste modo, sua experi\u00eancia espec\u00edfica reside na aplica\u00e7\u00e3o de ferramentas geoqu\u00edmicas para resolver problemas na explora\u00e7\u00e3o e avalia\u00e7\u00e3o de aqu\u00edferos (antes, durante e ap\u00f3s a perfura\u00e7\u00e3o), a evolu\u00e7\u00e3o e avalia\u00e7\u00e3o da qualidade da \u00e1gua, bem como a prote\u00e7\u00e3o das \u00e1guas subterr\u00e2neas. Edmunds tem recentemente publicado sobre fl\u00faor em quest\u00f5es de \u00e1gua subterr\u00e2nea.<br \/>\n<a href=\"http:\/\/waterlat.org\/GeneralPDFs\/EdmundsGOB2011.pdf\">Baixe aqui a apresenta\u00e7\u00e3o do Prof. Edmunds<\/a>.<\/p>\n<p><a href=\"http:\/\/waterlat.org\/wp-content\/uploads\/2017\/03\/Heller.png\"><img loading=\"lazy\" decoding=\"async\" src=\"http:\/\/waterlat.org\/wp-content\/uploads\/2017\/03\/Heller.png\" alt=\"\" width=\"279\" height=\"209\" class=\"alignnone size-full wp-image-3457\" \/><\/a><br \/>\nProf. L\u00e9o Heller (engenharia sanit\u00e1ria), Universidade Federal de Minas Gerais, Brasil. O Prof. Heller \u00e9 um acad\u00e9mico brasileiro destacado em seu campo, Assessor S\u00eanior para da Organiza\u00e7\u00e3o Pan-Americana da Sa\u00fade e do governo brasileiro. Seus principais interesses de pesquisa s\u00e3o as pol\u00edticas p\u00fablicas e a gest\u00e3o dos servi\u00e7os de saneamento e o impacto na sa\u00fade da falta de acesso adequado a estes servi\u00e7os. Tem recentemente co-editado, com o Prof. Jos\u00e9 Esteban Castro, Water and Sanitation Services: Public Policy and Management (Earthscan, 2009). Heller tem um registro extenso de publica\u00e7\u00f5es e \u00e9 membro dos conselhos editoriais de v\u00e1rias revistas cient\u00edficas no campo. Atualmente coordena a elabora\u00e7\u00e3o do Plano Nacional de Saneamento B\u00e1sico do Brasil (PLANSAB por sua sigla em Portugu\u00eas).<br \/>\n<a href=\"http:\/\/waterlat.org\/GeneralPDFs\/HellerGOB2011.pdf\">Baixe aqui a apresenta\u00e7\u00e3o do Prof. Heller<\/a>.<\/p>\n<p><a href=\"http:\/\/waterlat.org\/wp-content\/uploads\/2017\/03\/Blanca.png\"><img loading=\"lazy\" decoding=\"async\" src=\"http:\/\/waterlat.org\/wp-content\/uploads\/2017\/03\/Blanca-239x300.png\" alt=\"\" width=\"239\" height=\"300\" class=\"alignnone size-medium wp-image-3453\" \/><\/a><br \/>\nProfa. Blanca Jim\u00e9nez Cisneros (engenharia ambiental), Universidade Nacional Aut\u00f4noma do M\u00e9xico. A Profa. Jim\u00e9nez Cisneros \u00e9 uma especialista em tratamento e reuso de efluentes e \u00e9 autora de mais de 230 artigos cient\u00edficos. Ela foi Presidente da Associa\u00e7\u00e3o dos Engenheiros Ambientais (1999-2000), e da Federa\u00e7\u00e3o Mexicana de Engenharia Sanit\u00e1ria e Associa\u00e7\u00e3o de Ci\u00eancia Ambiental (2001-2002). Ela fez parte do Conselho de Administra\u00e7\u00e3o da Associa\u00e7\u00e3o Internacional da \u00c1gua (IWA) (2004-2008) e foi Presidente do grupo especializado em Reuso de \u00c1gua da IWA. Ela faz parte dos comit\u00eas editoriais de v\u00e1rias revistas internacionais, tais como Water Science and Technology, e o Journal of Residuals Science and Technology. Em 2009, ela recebeu o Pr\u00eamio Nacional de Ci\u00eancias do M\u00e9xico e tamb\u00e9m recebeu o Pr\u00eamio Mundial da \u00c1gua da IWA em 2010.<br \/>\n<a href=\"http:\/\/waterlat.org\/GeneralPDFs\/JimenezCisnerosGOB2011.pdf\">Baixe aqui a apresenta\u00e7\u00e3o da Profa. Jim\u00e9nez Cisneros<\/a>.<\/p>\n<p><a href=\"http:\/\/waterlat.org\/wp-content\/uploads\/2017\/03\/Tapio-Katko.jpg\"><img loading=\"lazy\" decoding=\"async\" src=\"http:\/\/waterlat.org\/wp-content\/uploads\/2017\/03\/Tapio-Katko-225x300.jpg\" alt=\"\" width=\"225\" height=\"300\" class=\"alignnone size-medium wp-image-3460\" \/><\/a><br \/>\nProf. Adjunto Tapio Katko (engenharia civil), Tampere University of Technology, Finl\u00e2ndia. O Prof. Katko \u00e9 um engenheiro hidr\u00e1ulico e ambiental. Seus principais interesses de pesquisa s\u00e3o o desenvolvimento de longo prazo de infraestruturas de \u00e1gua e conexas, bem como as quest\u00f5es institucionais, de gest\u00e3o e de pol\u00edtica p\u00fablica dos servi\u00e7os de \u00e1gua e esgotamento sanit\u00e1rio. Ele \u00e9 o autor de v\u00e1rios livros e artigos. Ele dirige a Equipe de Pesquisa interdisciplinar CADWES (Desenvolvimento de Capacidades em \u00c1gua e Servi\u00e7os Ambientais) da Tampere University of Technology. A miss\u00e3o da CADWES \u00e9 produzir conhecimento utiliz\u00e1vel, com base em pesquisa transdisciplinar sobre a evolu\u00e7\u00e3o e desenvolvimento do uso sustent\u00e1vel dos servi\u00e7os de \u00e1gua e dos recursos h\u00eddricos num contexto institucional mais amplo: organiza\u00e7\u00f5es, gest\u00e3o, legisla\u00e7\u00e3o e pol\u00edticas p\u00fablicas, incluindo institui\u00e7\u00f5es formais e informais.<br \/>\n<a href=\"http:\/\/waterlat.org\/GeneralPDFs\/KatkoGOB2011.pdf\">Baixe aqui a apresenta\u00e7\u00e3o do Prof. Katko<\/a>.<\/p>\n<p><a href=\"http:\/\/waterlat.org\/wp-content\/uploads\/2017\/03\/ALS-Eau-de-Paris.jpg\"><img loading=\"lazy\" decoding=\"async\" src=\"http:\/\/waterlat.org\/wp-content\/uploads\/2017\/03\/ALS-Eau-de-Paris-249x300.jpg\" alt=\"\" width=\"249\" height=\"300\" class=\"alignnone size-medium wp-image-3451\" \/><\/a><br \/>\nDra. Anne Le Strat, Vice-prefeita de Paris, encarregada de \u00e1gua, esgotamento sanit\u00e1rio e gest\u00e3o de canais. Dr. Le Strat \u00e9 Presidente da autoridade da \u00e1gua de Paris, Eau de Paris, desde 2008, e da Associa\u00e7\u00e3o Europeia para a Gest\u00e3o da \u00c1gua P\u00fablica, Aqua P\u00fablica Europa, desde 2009. Ela tamb\u00e9m \u00e9 Vice-presidente da Autoridade Sanit\u00e1ria Inter-Departamental do Grande Paris (SIAAP) e do Instituto Inter-Departamental de Barragens e Reservat\u00f3rios da bacia do Sena (IIBRBS) desde 2008. Le Strat \u00e9 uma ecologista, aliada com o Partido Socialista franc\u00eas, e tem sido membro eleita da C\u00e2mara Municipal de Paris desde 2001, reeleita em 2008. Ela foi a Coordenadora do programa do Partido Verde para as elei\u00e7\u00f5es europeias de 1999, e foi Vice-secret\u00e1ria Geral Adjunta do Partido Verde Europeu at\u00e9 2003. Ela tem um doutorado em Geopol\u00edtica e sua tese foi sobre &#8220;\u00c1gua e o conflito palestiniano-israelense&#8221;. Desde 1 \u00ba de janeiro de 2010, os servi\u00e7os de \u00e1gua e esgotamento sanit\u00e1rio de Paris s\u00e3o prestados por um \u00fanico operador p\u00fablico, Eau de Paris. A anterior empresa p\u00fablico-privada tem sido transformada em um organismo p\u00fablico cuja miss\u00e3o \u00e9 produzir, transportar, distribuir e cobrar pela \u00e1gua. Hoje, os parisienses somente tratam com uma empresa, Eau de Paris, um \u00f3rg\u00e3o p\u00fablico que pertence \u00e0 cidade de Paris. \u00c9 uma entidade jur\u00eddica independente, com seu pr\u00f3prio or\u00e7amento e que \u00e9 presta contas ao munic\u00edpio. Esta reforma permitiu que a cidade de Paris e os parisienses recuperassem o controle de seus servi\u00e7os de \u00e1gua e esgotamento sanit\u00e1rio e o poder para desenhar novos objetivos ambientais, econ\u00f4micos, democr\u00e1ticos e sociais.<br \/>\n<a href=\"http:\/\/waterlat.org\/GeneralPDFs\/LeStratGOB2011.pdf\">Baixe aqui a apresenta\u00e7\u00e3o da Dra. Le Strat<\/a>.<\/p>\n<p><a href=\"http:\/\/waterlat.org\/wp-content\/uploads\/2017\/03\/E-Lobina.jpg\"><img loading=\"lazy\" decoding=\"async\" class=\"size-medium wp-image-3454\" src=\"http:\/\/waterlat.org\/wp-content\/uploads\/2017\/03\/E-Lobina-201x300.jpg\" alt=\"\" width=\"201\" height=\"300\" \/><\/a><br \/>\nLic. Emanuele Lobina, Professor da Unidade de Pesquisa da Internacional de Servi\u00e7os P\u00fablicos (PSIRU), Escola de Neg\u00f3cios da Universidade de Greenwich, no Reino Unido. A pesquisa de Lobina foca na reforma e a governan\u00e7a dos servi\u00e7os de \u00e1gua e esgotamento sanit\u00e1rio nos pa\u00edses desenvolvidos, em transi\u00e7\u00e3o e em desenvolvimento. Tem participado nos projetos financiados pela Uni\u00e3o Europeia WATERTIME, SWITCH, e GOVAGUA, e \u00e9 membro da Rede WATERLAT-GOBACIT. Ele tem sido convidado como palestrante em reuni\u00f5es de UNDESA, UNCTAD, UNRISD, o F\u00f3rum Mundial da \u00c1gua (2006, 2009) e o Simp\u00f3sio de \u00c1gua de Estocolmo (1999, 2002 , 2005). Tamb\u00e9m foi convidado para falar em confer\u00eancias acad\u00eamicas em mais de 20 universidades e em reuni\u00f5es da sociedade civil em mais de 25 pa\u00edses.<br \/>\n<a href=\"http:\/\/waterlat.org\/GeneralPDFs\/LobinaGOB2011.pdf\"> Baixe aqui a apresenta\u00e7\u00e3o do Lic. Lobina<\/a>.<\/p>\n<p><a href=\"http:\/\/waterlat.org\/wp-content\/uploads\/2017\/03\/Ayman-Rabi.jpg\"><img loading=\"lazy\" decoding=\"async\" src=\"http:\/\/waterlat.org\/wp-content\/uploads\/2017\/03\/Ayman-Rabi-226x300.jpg\" alt=\"\" width=\"226\" height=\"300\" class=\"alignnone size-medium wp-image-3452\" \/><\/a><br \/>\nDr. Ayman Rabi (engenharia civil), Grupo Hidrol\u00f3gico Palestiniano, Ramallah, Palestina. O Dr. Rabi \u00e9 um especialista em \u00e1gua e meio ambiente na Palestina, e sobre como estes temas est\u00e3o relacionados ao contexto hidro-pol\u00edtico geral na bacia do rio Jord\u00e3o e na bacia do Mediterr\u00e2neo. Ele tem sido promovido o debate sobre os problemas da \u00e1gua e o meio ambiente nos Territ\u00f3rios Ocupados da Palestina (TOP). O Dr. Rabi foi nomeado membro da equipe palestiniana que fez parte do Grupo de Trabalho Multilateral sobre \u00c1gua no processo de paz em 1992. Ele foi membro da Comiss\u00e3o de Abastecimento Sustent\u00e1vel de \u00c1gua para o Oriente M\u00e9dio em 1996, promovido pela Academia Nacional de Ci\u00eancias dos EUA. Tamb\u00e9m fez parte da equipe que elaborou o Plano de Emerg\u00eancia para a Prote\u00e7\u00e3o da Natureza nos OPT em 1996. Tamb\u00e9m foi eleito membro do Conselho Assessor do Gabinete de Informa\u00e7\u00e3o do Mediterr\u00e2neo, que \u00e9 atualmente o maior f\u00f3rum de ONGs ambientais na bacia do Mediterr\u00e2neo. Tamb\u00e9m \u00e9 membro do Conselho Assessor do F\u00f3rum Internacional Rosenberg sobre Pol\u00edtica da \u00c1gua da Universidade da Calif\u00f3rnia, em Berkeley. Rabi \u00e9 o representante nacional para a Palestina no seio da Associa\u00e7\u00e3o Internacional de Ci\u00eancias Hidrol\u00f3gicas (IAHS).<br \/>\n<a href=\"http:\/\/waterlat.org\/GeneralPDFs\/RabiGOB2011.pdf\"> Baixe aqui a apresenta\u00e7\u00e3o do Dr. Rabi<\/a>.<\/p>\n<p><a href=\"http:\/\/waterlat.org\/wp-content\/uploads\/2017\/03\/Erik.png\"><img loading=\"lazy\" decoding=\"async\" class=\"alignnone size-medium wp-image-3455\" src=\"http:\/\/waterlat.org\/wp-content\/uploads\/2017\/03\/Erik-258x300.png\" alt=\"\" width=\"258\" height=\"300\" \/><\/a><br \/>\nProf. Erik Swyngedouw (geografia econ\u00f4mica), Universidade de Manchester, Reino Unido.<br \/>\nO Prof. Swyngedouw \u00e9 um ecologista pol\u00edtico com experi\u00eancia na pol\u00edtica da \u00e1gua na Europa e na Am\u00e9rica do Norte. Erik Swyngedouw \u00e9 professor de Geografia na Escola de Meio Ambiente e Desenvolvimento da Universidade de Manchester. Anteriormente foi professor de Geografia na Universidade de Oxford e membro do St Peter\u2019s College, at\u00e9 2006. Seus interesses de pesquisa incluem a ecologia pol\u00edtica, a governan\u00e7a urbana, a democracia o poder pol\u00edtico, a \u00e1gua e os recursos h\u00eddricos, a economia pol\u00edtica das sociedades capitalistas, e as pol\u00edticas da globaliza\u00e7\u00e3o. Ele publicou mais de 50 artigos sobre esses temas. Livros recentes incluem Urbanising Globalisation (coeditado, OUP 2003), Social Power and the Urbanization of Water &#8211; Flows of Power (OUP 2004), e In the Nature of Cities (coeditado, Routledge, 2006). Ele est\u00e1 atualmente trabalhando em uma monografia sobre From manufacturing rivers to desalting the seas: Spain 1898-2010 (MIT Press).<br \/>\n<a href=\"http:\/\/waterlat.org\/GeneralPDFs\/SwyngedouwGOB2011.pdf\"> Baixe aqui a apresenta\u00e7\u00e3o do Prof. Swyngedouw<\/a>.<\/p>\n<h3>Coordena\u00e7\u00e3o do evento:<\/h3>\n<p><a href=\"http:\/\/waterlat.org\/wp-content\/uploads\/2017\/03\/Esteban2.jpg\"><img loading=\"lazy\" decoding=\"async\" src=\"http:\/\/waterlat.org\/wp-content\/uploads\/2017\/03\/Esteban2-300x224.jpg\" alt=\"\" width=\"300\" height=\"224\" class=\"alignnone size-medium wp-image-3456\" \/><\/a><br \/>\nProf. Jos\u00e9 Esteban Castro (sociologia), Universidade de Newcastle, Reino Unido. Soci\u00f3logo por forma\u00e7\u00e3o, o Prof. Castro tem uma forma\u00e7\u00e3o interdisciplinar nas Ci\u00eancias Sociais. Seus principais interesses s\u00e3o a teoria social cr\u00edtica e a pesquisa sobre quest\u00f5es de desigualdade e mudan\u00e7a social. Tem trabalhado sobre as interrelac\u00f5es entre o exerc\u00edcio do controle e o poder em rela\u00e7\u00e3o a \u00e1gua, a forma\u00e7\u00e3o do Estado, e o desenvolvimento dos direitos de cidadania, a interfase entre as esferas p\u00fablica e privada na presta\u00e7\u00e3o de servi\u00e7os p\u00fablicos (\u00e1gua e esgotamento sanit\u00e1rio), e quest\u00f5es de governan\u00e7a e conflitos ecol\u00f3gicos distributivos na Europa e na Am\u00e9rica Latina. Atualmente coordena a rede de pesquisa WATERLAT-GOBACIT (www.waterlat.org).<\/p>\n<p>&nbsp;<br \/>\n<a href=\"https:\/\/waterlat.org\/pt\/encontros\/outros-encontros-publicos\/oficina-especial\/\">Volte aqui \u00e0 p\u00e1gina principal do evento<\/a>.<\/p>\n<p>&nbsp;<\/p>\n","protected":false},"excerpt":{"rendered":"<p>Panelistas Dr. Jaime Amezaga, professor titular de Pol\u00edticas Ambientais e Sustentabilidade, Escola de Engenharia Civil e Geoci\u00eancias, Universidade de Newcastle, Reino Unido. O Dr. Amezaga coordena o Grupo da \u00c1gua no Instituto de Pesquisa sobre Sustentabilidade (NIReS), Universidade de Newcastle. Seu interesse principal \u00e9 a an\u00e1lise de pol\u00edticas p\u00fablicas e institucional dos problemas de uso [&hellip;]<\/p>\n","protected":false},"author":3,"featured_media":0,"parent":265,"menu_order":0,"comment_status":"closed","ping_status":"open","template":"page-templates\/full-width.php","meta":{"_acf_changed":false,"footnotes":""},"class_list":["post-305","page","type-page","status-publish","hentry","wpautop"],"acf":[],"_links":{"self":[{"href":"https:\/\/waterlat.org\/pt\/wp-json\/wp\/v2\/pages\/305","targetHints":{"allow":["GET"]}}],"collection":[{"href":"https:\/\/waterlat.org\/pt\/wp-json\/wp\/v2\/pages"}],"about":[{"href":"https:\/\/waterlat.org\/pt\/wp-json\/wp\/v2\/types\/page"}],"author":[{"embeddable":true,"href":"https:\/\/waterlat.org\/pt\/wp-json\/wp\/v2\/users\/3"}],"replies":[{"embeddable":true,"href":"https:\/\/waterlat.org\/pt\/wp-json\/wp\/v2\/comments?post=305"}],"version-history":[{"count":7,"href":"https:\/\/waterlat.org\/pt\/wp-json\/wp\/v2\/pages\/305\/revisions"}],"predecessor-version":[{"id":1933,"href":"https:\/\/waterlat.org\/pt\/wp-json\/wp\/v2\/pages\/305\/revisions\/1933"}],"up":[{"embeddable":true,"href":"https:\/\/waterlat.org\/pt\/wp-json\/wp\/v2\/pages\/265"}],"wp:attachment":[{"href":"https:\/\/waterlat.org\/pt\/wp-json\/wp\/v2\/media?parent=305"}],"curies":[{"name":"wp","href":"https:\/\/api.w.org\/{rel}","templated":true}]}}