{"id":3245,"date":"2020-09-13T18:44:11","date_gmt":"2020-09-13T18:44:11","guid":{"rendered":"http:\/\/waterlat.org\/pt\/?page_id=3245"},"modified":"2020-09-14T18:04:51","modified_gmt":"2020-09-14T18:04:51","slug":"cadernos-de-trabalho-da-rede-waterlat-gobacit-artigos-publicados-que-serao-inclusos-em-numeros-no-prelo","status":"publish","type":"page","link":"https:\/\/waterlat.org\/pt\/working-papers-series\/cadernos-de-trabalho-da-rede-waterlat-gobacit-artigos-publicados-que-serao-inclusos-em-numeros-no-prelo\/","title":{"rendered":"CADERNOS DE TRABALHO DA REDE WATERLAT-GOBACIT \u2013 ARTIGOS PUBLICADOS QUE SER\u00c3O INCLU\u00cdDOS EM N\u00daMEROS NO PRELO"},"content":{"rendered":"<p style=\"text-align: right; line-height: 1;\">(Impresso) <strong>ISSN 2056-4856<\/strong><br \/>\n<br \/>(Online) <strong>ISSN 2056-4864<\/strong><\/p>\n<h2>Artigos publicados que ser\u00e3o inclu\u00eddos em n\u00fameros no prelo<\/h2>\n<p>&nbsp;<\/p>\n\n<table id=\"tablepress-2\" class=\"tablepress tablepress-id-2\">\n<thead>\n<tr class=\"row-1\">\n\t<th class=\"column-1\">Autora\/e\/s<br \/>\n<\/th><th class=\"column-2\">Detalhes do artigo<\/th>\n<\/tr>\n<\/thead>\n<tbody class=\"row-striping row-hover\">\n<tr class=\"row-2\">\n\t<td class=\"column-1\"><\/td><td class=\"column-2\"><\/td>\n<\/tr>\n<tr class=\"row-3\">\n\t<td class=\"column-1\"><\/td><td class=\"column-2\"><\/td>\n<\/tr>\n<tr class=\"row-4\">\n\t<td class=\"column-1\"><\/td><td class=\"column-2\"><\/td>\n<\/tr>\n<\/tbody>\n<\/table>\n<!-- #tablepress-2 from cache -->\n","protected":false},"excerpt":{"rendered":"<p>(Impresso) ISSN 2056-4856 (Online) ISSN 2056-4864 Artigos publicados que ser\u00e3o inclu\u00eddos em n\u00fameros no prelo &nbsp;<\/p>\n","protected":false},"author":3,"featured_media":0,"parent":2099,"menu_order":0,"comment_status":"closed","ping_status":"closed","template":"page-templates\/full-width.php","meta":{"_acf_changed":false,"footnotes":""},"class_list":["post-3245","page","type-page","status-publish","hentry","wpautop"],"acf":[],"_links":{"self":[{"href":"https:\/\/waterlat.org\/pt\/wp-json\/wp\/v2\/pages\/3245","targetHints":{"allow":["GET"]}}],"collection":[{"href":"https:\/\/waterlat.org\/pt\/wp-json\/wp\/v2\/pages"}],"about":[{"href":"https:\/\/waterlat.org\/pt\/wp-json\/wp\/v2\/types\/page"}],"author":[{"embeddable":true,"href":"https:\/\/waterlat.org\/pt\/wp-json\/wp\/v2\/users\/3"}],"replies":[{"embeddable":true,"href":"https:\/\/waterlat.org\/pt\/wp-json\/wp\/v2\/comments?post=3245"}],"version-history":[{"count":2,"href":"https:\/\/waterlat.org\/pt\/wp-json\/wp\/v2\/pages\/3245\/revisions"}],"predecessor-version":[{"id":3253,"href":"https:\/\/waterlat.org\/pt\/wp-json\/wp\/v2\/pages\/3245\/revisions\/3253"}],"up":[{"embeddable":true,"href":"https:\/\/waterlat.org\/pt\/wp-json\/wp\/v2\/pages\/2099"}],"wp:attachment":[{"href":"https:\/\/waterlat.org\/pt\/wp-json\/wp\/v2\/media?parent=3245"}],"curies":[{"name":"wp","href":"https:\/\/api.w.org\/{rel}","templated":true}]}}