{"id":3278,"date":"2020-10-01T20:44:49","date_gmt":"2020-10-01T20:44:49","guid":{"rendered":"https:\/\/waterlat.org\/pt\/?page_id=3278"},"modified":"2020-11-16T12:56:10","modified_gmt":"2020-11-16T12:56:10","slug":"esprisas","status":"publish","type":"page","link":"https:\/\/waterlat.org\/pt\/projetos\/esprisas\/","title":{"rendered":"ESPRISAS"},"content":{"rendered":"<h2>Estado de situa\u00e7\u00e3o da privatiza\u00e7\u00e3o dos servi\u00e7os essenciais de saneamento na Am\u00e9rica Latina e a Pen\u00ednsula Ib\u00e9rica (2020-2022)<\/h2>\n<p>ESPRISAS \u00e9 um projeto da \u00c1rea Tem\u00e1tica 3 da Rede WATERLAT-GOBACIT, <a href=\"https:\/\/waterlat.org\/pt\/areas-tematicas\/at3\/\"> O Ciclo Urbano da \u00c1gua e os Servi\u00e7os P\u00fablicos Essenciais<\/a>. Forma parte das atividades previstas no <a href=\"https:\/\/waterlat.org\/pt\/projetos\/acordo-de-cooperacao-com-a-isp\/\">Acordo de Coopera\u00e7\u00e3o em temas de interesse comum com a Internacional de Servi\u00e7os P\u00fablicos (ISP)<\/a>.<\/p>\n<p>O estudo sistem\u00e1tico dos processos de \u201cprivatiza\u00e7\u00e3o\u201d da \u00e1gua e dos servi\u00e7os essenciais de \u00e1gua e esgotamento sanit\u00e1rio tem sido uma das atividades que deram origem \u00e0  Rede WATERLAT-GOBACIT e continua sendo um componente chave de seu <a href=\"https:\/\/waterlat.org\/pt\/about\/enfoque\/\">enfoque<\/a>, <a href=\"https:\/\/waterlat.org\/pt\/about\/objetivos\/\">objetivos<\/a> e <a href=\" https:\/\/waterlat.org\/pt\/about\/prioridades\/\">prioridades de pesquisa<\/a>. Entre essas atividades, destacamos o <a href=\"https:\/\/waterlat.org\/es\/proyectos\/prinwass\/\">Projeto PRINWASS<\/a>, que examinou casos de \u201cprivatiza\u00e7\u00e3o\u201d de empresas de saneamento em nove pa\u00edses, incluindo Argentina, Bol\u00edvia, Brasil e M\u00e9xico. Esse e outros projetos posteriores produziram uma s\u00e9rie importante de <a href=\"https:\/\/waterlat.org\/pt\/publicacoes\/livros\/\">publica\u00e7\u00f5es<\/a>, <a href=\"https:\/\/www.youtube.com\/playlist?list=PLx6qphzdSP6uAuLJj_flQkH0ZWI2WFHAO\">atividades de dissemina\u00e7\u00e3o<\/a> e outras contribui\u00e7\u00f5es, particularmente no contexto de nossa \u00c1rea Tem\u00e1tica 3 <a href=\"https:\/\/waterlat.org\/pt\/areas-tematicas\/at3\/\"> O Ciclo Urbano da \u00c1gua e os Servi\u00e7os P\u00fablicos Essenciais<\/a>. ESPRISAS \u00e9 um produto deste compromisso de longo prazo da Rede WATERLAT-GOBACIT com o estudo cr\u00edtico, o ensino e a interven\u00e7\u00e3o pr\u00e1tica com o prop\u00f3sito de expor as fal\u00e1cias associadas com as pol\u00edticas que promovem a privatiza\u00e7\u00e3o e mercantiliza\u00e7\u00e3o da gest\u00e3o da \u00e1gua e dos servi\u00e7os essenciais, assim como seus graves impactos para as popula\u00e7\u00f5es humanas e o meio ambiente. \u00c9 parte de nosso compromisso com a defesa e avan\u00e7o dos processos de democratiza\u00e7\u00e3o substantiva da Pol\u00edtica e a gest\u00e3o da \u00e1gua.<\/p>\n<h3>Objetivos do Projeto<\/h3>\n<p><span style=\"text-decoration: underline;\">Objetivo Geral<\/span><\/p>\n<p>Atualizar a informa\u00e7\u00e3o sobre o estado das pol\u00edticas de privatiza\u00e7\u00e3o dos servi\u00e7os essenciais saneamento na Am\u00e9rica Latina e a Pen\u00ednsula Ib\u00e9rica.<\/p>\n<p><span style=\"text-decoration: underline;\">Objetivos espec\u00edficos<\/span><\/p>\n<ul>\n<li>Fazer observ\u00e1veis as diversas formas de &#8220;privatiza\u00e7\u00e3o&#8221; implementadas nos servi\u00e7os essenciais de saneamento.<\/li>\n<li>Identificar as reformas de pol\u00edticas p\u00fablicas, institucionais e legal-administrativas introduzidas para apoiar a privatiza\u00e7\u00e3o destes servi\u00e7os.<\/li>\n<li>Examinar as caracter\u00edsticas econ\u00f3micas e financeiras da privatiza\u00e7\u00e3o em casos selecionados.<\/li>\n<li>Analisar os aspectos sociopol\u00edticos da privatiza\u00e7\u00e3o destes servi\u00e7os.<\/li>\n<\/ul>\n<h3>Equipe de Pesquisa<\/h3>\n<p><span style=\"text-decoration: underline;\"><strong>Coordena\u00e7\u00e3o<\/strong><\/span><\/p>\n<p><strong>Jos\u00e9 Esteban Castro<\/strong>, Consejo Nacional de Investigaciones Cient\u00edficas y T\u00e9cnicas (CONICET), Universidad Nacional de General Sarmiento (UNGS), Buenos Aires, Argentina e Newcastle University, Reino Unido, e <strong>Oscar Rodr\u00edguez Le\u00f3n<\/strong>, Sub Secretario Regional, Internacional de Servicios P\u00fablicos (ISP), San Jos\u00e9, Costa Rica.<\/p>\n<p><span style=\"text-decoration: underline;\">Membros (em ordem alfab\u00e9tica por sobrenome)<\/span><\/p>\n<p><strong>Luis Babbo<\/strong>, Agua y Saneamientos Argentinos S.A. (AySA), Buenos Aires, Argentina.<br \/>\n<strong>Carlos Alexandre Le\u00e3o Bordalo<\/strong>, Universidade Federal do Par\u00e1 (UFPA), Par\u00e1, Brasil.<br \/>\n<strong>J\u00falia Borges<\/strong>, Universidade Estadual do Norte Fluminense Darcy Ribeiro (UENF), Rio de Janeiro, Brasil.<br \/>\n<strong>Ulises Joaqu\u00edn De\u00f3n<\/strong>, Universidad Nacional de C\u00f3rdoba (UNC), C\u00f3rdoba, Argentina.<br \/>\n<strong>Jorge Fael<\/strong>, Pesquisador Independente, Lisboa, Portugal.<br \/>\n<strong>Jos\u00e9 Armando Flores Alem\u00e1n<\/strong>, Fundaci\u00f3n de Estudios Para la Aplicaci\u00f3n del Derecho (FESPAD), El Salvador.<br \/>\n<strong>Cristi\u00e1n Flores Fern\u00e1ndez<\/strong>, Fundaci\u00f3n Newenko, Santiago, Chile.<br \/>\n<strong>Beatriz Galino Soares<\/strong>, Universidade Federal de Rio de Janeiro (UFRJ), Rio de Janeiro, Brasil.<br \/>\n<strong>Ana Elizabeth Godoy Ara\u00f1a, Universidad Nacional de Asunci\u00f3n, Capiat\u00e1, Provincia Central, Paraguai.<br \/>\n<strong>Ariel Monz\u00f3n<\/strong>, Confederaci\u00f3n de Trabajadoras y Trabajadores de Agua, Saneamiento y Ambiente de las Am\u00e9ricas (CONTAGUAS), Buenos Aires, Argentina.<br \/>\n<strong>Sergio Pablo Medina Pineda<\/strong>, Pesquisador Independente, Guadalajara, Jalisco, M\u00e9xico.<br \/>\n<strong>Alberto de Oliveira<\/strong>, Universidade Federal de Rio de Janeiro (UFRJ), Rio de Janeiro, Brasil.<br \/>\n<strong>Hugo Juli\u00e1n P\u00e9rez Barriga<\/strong>, Universidad Mayor de San Sim\u00f3n, Cochabamba, Bol\u00edvia.<br \/>\n<strong>Miguel Angel Polino<\/strong>, Conselho Nacional de Direitos Humanos (CNDH), Bahia, Brasil.<br \/>\n<strong>Mariela Ver\u00f3nica Rocca <\/strong>, Universidad de Buenos Aires (UBA), Buenos Aires, Argentina.<br \/>\n<strong>Hermelinda Rocha<\/strong>, Projeto DESDEMO, Pernambuco, Brasil.<br \/>\n<strong>Renata Rossi<\/strong>, Universidade Federal da Bahia (UFBA), Bahia, Brasil.<br \/>\n<strong>Damiano Tagliavini<\/strong>, Consejo Nacional de Investigaciones Cient\u00edficas y T\u00e9cnicas (CONICET), Universidad Nacional de Buenos (UBA), Buenos Aires, Argentina.<br \/>\n<strong>Mar\u00eda Luisa Torregrosa<\/strong>, Facultad Latinoamericana de Ciencias Sociales (FLACSO), Cidade do M\u00e9xico, M\u00e9xico.<br \/>\n<strong>Federico Vargas<\/strong>, Universidad Nacional de Asunci\u00f3n, Lambar\u00e9, Provincia Central, Paraguai.<br \/>\n<strong>Elida Villalba Vargas<\/strong>, Universidade de St. Gallen, Zurich, Su\u00ed\u00e7a.<\/p>\n<hr \/>\n<p>Para informa\u00e7\u00e3o adicional sobre ESPRISAS, contate a <a href=\"mailto:redwaterlat@gmail.com\">Coordena\u00e7\u00e3o do Projeto<\/a>.<\/p>\n","protected":false},"excerpt":{"rendered":"<p>Estado de situa\u00e7\u00e3o da privatiza\u00e7\u00e3o dos servi\u00e7os essenciais de saneamento na Am\u00e9rica Latina e a Pen\u00ednsula Ib\u00e9rica (2020-2022) ESPRISAS \u00e9 um projeto da \u00c1rea Tem\u00e1tica 3 da Rede WATERLAT-GOBACIT, O Ciclo Urbano da \u00c1gua e os Servi\u00e7os P\u00fablicos Essenciais. Forma parte das atividades previstas no Acordo de Coopera\u00e7\u00e3o em temas de interesse comum com a [&hellip;]<\/p>\n","protected":false},"author":3,"featured_media":0,"parent":6,"menu_order":0,"comment_status":"closed","ping_status":"closed","template":"page-templates\/full-width.php","meta":{"_acf_changed":false,"footnotes":""},"class_list":["post-3278","page","type-page","status-publish","hentry","wpautop"],"acf":[],"_links":{"self":[{"href":"https:\/\/waterlat.org\/pt\/wp-json\/wp\/v2\/pages\/3278","targetHints":{"allow":["GET"]}}],"collection":[{"href":"https:\/\/waterlat.org\/pt\/wp-json\/wp\/v2\/pages"}],"about":[{"href":"https:\/\/waterlat.org\/pt\/wp-json\/wp\/v2\/types\/page"}],"author":[{"embeddable":true,"href":"https:\/\/waterlat.org\/pt\/wp-json\/wp\/v2\/users\/3"}],"replies":[{"embeddable":true,"href":"https:\/\/waterlat.org\/pt\/wp-json\/wp\/v2\/comments?post=3278"}],"version-history":[{"count":17,"href":"https:\/\/waterlat.org\/pt\/wp-json\/wp\/v2\/pages\/3278\/revisions"}],"predecessor-version":[{"id":3365,"href":"https:\/\/waterlat.org\/pt\/wp-json\/wp\/v2\/pages\/3278\/revisions\/3365"}],"up":[{"embeddable":true,"href":"https:\/\/waterlat.org\/pt\/wp-json\/wp\/v2\/pages\/6"}],"wp:attachment":[{"href":"https:\/\/waterlat.org\/pt\/wp-json\/wp\/v2\/media?parent=3278"}],"curies":[{"name":"wp","href":"https:\/\/api.w.org\/{rel}","templated":true}]}}