{"id":3305,"date":"2020-10-10T23:46:08","date_gmt":"2020-10-10T23:46:08","guid":{"rendered":"https:\/\/waterlat.org\/pt\/?page_id=3305"},"modified":"2020-10-10T23:57:43","modified_gmt":"2020-10-10T23:57:43","slug":"premio-2020","status":"publish","type":"page","link":"https:\/\/waterlat.org\/pt\/waterlat-student-prize\/premio-2020\/","title":{"rendered":"Pr\u00eamio de Estudantes WATERLAT-GOBACIT 2020"},"content":{"rendered":"<p>A s\u00e9tima chamada a postula\u00e7\u00f5es para o Pr\u00eamio de Estudantes WATERLAT-GOBACIT foi para teses e disserta\u00e7\u00f5es aprovadas entre o 1 de janeiro e o 31 de dezembro de 2019 e foi fechada o 29 de fevereiro de 2020. Foram apresentadas 8 postula\u00e7\u00f5es ao Pr\u00eamio de Doutorado e 1 ao Pr\u00eamio de Mestrado. Foi convocada uma Comiss\u00e3o Avaliadora composta de acad\u00eamicas e acad\u00eamicos membros da Rede e convidados externos. Ao final de esta p\u00e1gina pode-se ver os detalhes da Comiss\u00e3o Avaliadora. O an\u00fancio dos resultados ocorreu o 6 de outubro de 2020, durante um encontro virtual preparat\u00f3rio da <a href=\" https:\/\/waterlat.org\/pt\/encontros\/encontros-abertos\/waterlat-gobacit-xi-leon-guanajuato-2020\/\">XI Reuni\u00e3o Internacional da Rede WATERLAT-GOBACIT<\/a>.<\/p>\n<p>&nbsp;<\/p>\n<hr \/>\n<h3>O Pr\u00eamio<\/h3>\n<p><span style=\"text-decoration: underline;\">Pr\u00eamio de Doutorado 2020<\/span><br \/>\n<strong>Alexander Panez Pinto<\/strong>. T\u00edtulo da tese: \u201cLas persistencias de la vida. Despojos y resistencias en los conflictos por agua-tierra-territorio bajo el neoliberalismo en Chile\u201d. Doutorado em Geograf\u00eda, Universidade Federal Fluminense (UFF), Niter\u00f3i, Rio de Janeiro, Brasil, 2019.<br \/>\n&nbsp;<\/p>\n<p><span style=\"text-decoration: underline;\"> Men\u00e7\u00e3o <\/span><br \/>\n<strong>Aline Silveira Viana<\/strong>. T\u00edtulo da tese: \u201cIdosos nos desastres &#8211; uma an\u00e1lise das condi\u00e7\u00f5es de vida, dos problemas de sa\u00fade e das respostas sociais dadas pelo poder p\u00fablico\u201d. Doutorado em Sa\u00fade P\u00fablica, Escola Nacional de Sa\u00fade P\u00fablica Sergio Arouca, na Funda\u00e7\u00e3o Oswaldo Cruz (FIOCRUZ), Rio de Janeiro, Brasil, 2019.<br \/>\n&nbsp;<\/p>\n<p><span style=\"text-decoration: underline;\"> Men\u00e7\u00e3o <\/span><br \/>\n<strong>Clarissa de Ara\u00fajo Barreto<\/strong>. T\u00edtulo da tese: \u201cEucalipto, \u00e1gua e sociedade: a constru\u00e7\u00e3o de representa\u00e7\u00f5es no Vale do Para\u00edba, SP\u201d. Doutorado em Ci\u00eancias, Universidade de S\u00e3o P\u00e3ulo (USP), Brasil, 2019.<br \/>\n&nbsp;<\/p>\n<p><span style=\"text-decoration: underline;\"> Men\u00e7\u00e3o <\/span><\/p>\n<p><strong>Diego Antonio Cabrol<\/strong>. T\u00edtulo da tese: \u201cCambios en los patrones de aprovechamiento y apropiaci\u00f3n de los recursos h\u00eddricos en el oeste de la Provincia de C\u00f3rdoba. Hacia pol\u00edticas diferenciadas y focalizadas\u201d. Doctorado en Estudios Sociales Agrarios, Universidad Nacional de C\u00f3rdoba (UNC), Argentina, 2019.<br \/>\n&nbsp;<\/p>\n<p><span style=\"text-decoration: underline;\"> Pr\u00eamio de Mestrado 2020<\/span><br \/>\n<strong>Juli\u00e1n Reingold<\/strong>. T\u00edtulo de disserta\u00e7\u00e3o: \u201cTransformando a Freetown [Sierra Leona]: resiliencia costera y pr\u00e1cticas basadas en la comunidad y en los ecosistemas\u201d. Maestr\u00eda en Medio Ambiente y Desarrollo Sustentable, University College London (UCL), Londres, Reino Unido, 2019.<br \/>\n&nbsp;<\/p>\n<hr \/>\n<p>Dado que tivemos candidatos excelentes, a <a href=\"https:\/\/waterlat.org\/pt\/comissao-editorial\/\">Comiss\u00e3o Editorial<\/a> decidiu convidar ao resto dos participantes a enviar um artigo baseado nas teses e disserta\u00e7\u00f5es para sua publica\u00e7\u00e3o na S\u00e9rie Pr\u00eamio de Estudantes dos <a href=\"https:\/\/waterlat.org\/pt\/publicacoes\/working-papers-series\/\"> Cadernos de Trabalho<\/a> da Rede.<\/p>\n<p>&nbsp;<\/p>\n<hr \/>\n<h3>Lista completa dos candidatos participantes:<\/h3>\n<p>strong><span style=\"text-decoration: underline;\">Pr\u00eamio de Doutorado<\/span><\/strong><\/p>\n<p><strong> Erick Alejandro Rafael Aguilar Obreg\u00f3n <\/strong>. T\u00edtulo da tese: \u201cEl proceso de participaci\u00f3n ciudadana v\u00eda la cooperaci\u00f3n en entornos hidr\u00e1ulicos en la Ciudad de M\u00e9xico: el caso del Canal Nacional\u201d. Doctorado en Ciencias Sociales (Sociolog\u00eda), Facultad Latinoamericana de Ciencias Sociales (FLACSO), Cidade do M\u00e9xico, M\u00e9xico, 2019.<br \/>\n<strong>Flavia Darre Barbosa <\/strong>. T\u00edtulo da tese: \u201cComit\u00eas de Bacias Hidrogr\u00e1ficas, representa\u00e7\u00e3o e participa\u00e7\u00e3o: desafios e possibilidades \u00e0 gest\u00e3o da \u00e1gua e dos recursos h\u00eddricos no Brasil\u201d. Doutorado en Ci\u00eancias Ambientais, Universidade Federal de S\u00e3o Carlos (UFSC), S\u00e3o Carlos, S\u00e3o Paulo, Brasil, 2019.<br \/>\n<strong>Clarissa de Ara\u00fajo Barreto<\/strong>. T\u00edtulo da tese: \u201cEucalipto, \u00e1gua e sociedade: a constru\u00e7\u00e3o de representa\u00e7\u00f5es no Vale do Para\u00edba, SP\u201d. Doutorado em Ci\u00eancias, Universidade de S\u00e3o P\u00e3ulo (USP), Brasil, 2019.<br \/>\n<strong>Diego Antonio Cabrol<\/strong>. T\u00edtulo da tese: \u201cCambios en los patrones de aprovechamiento y apropiaci\u00f3n de los recursos h\u00eddricos en el oeste de la Provincia de C\u00f3rdoba. Hacia pol\u00edticas diferenciadas y focalizadas\u201d. Doctorado en Estudios Sociales Agrarios, Universidad Nacional de C\u00f3rdoba (UNC), Argentina, 2019.<br \/>\n<strong>Mario Edgar L\u00f3pez Ram\u00edrez<\/strong>. T\u00edtulo da tese: \u201cla gesti\u00f3n compleja del agua en el caso del \u00c1rea Metropolitana de Guadalajara: una mirada desde el poder de la naturaleza y la transformaci\u00f3n del mundo\u201d. Doctorado en Ciencia Pol\u00edtica, Universidad de Guadalajara (UdeG), Guadalajara, Jalisco, M\u00e9xico, 2019.<br \/>\n<strong>Alexander Panez Pinto<\/strong>. T\u00edtulo da tese: \u201cLas persistencias de la vida. Despojos y resistencias en los conflictos por agua-tierra-territorio bajo el neoliberalismo en Chile\u201d. Doutorado em Geograf\u00eda, Universidade Federal Fluminense (UFF), Niter\u00f3i, Rio de Janeiro, Brasil, 2019.<br \/>\n<strong>Ana Pohlenz de Tavira<\/strong>. T\u00edtulo da tese: \u201cR\u00edos Turbulentos. Conflictos en Guatemala y M\u00e9xico por la producci\u00f3n hidroenerg\u00e9tica en la Cuenca del Usumacinta\u201d. Doctorado en Estudios Latinoamericanos, Universidad Nacional Aut\u00f3noma de M\u00e9xico (UNAM), Cidade do M\u00e9xico, 2019.<br \/>\n<strong>Aline Silveira Viana<\/strong>. T\u00edtulo da tese: \u201cIdosos nos desastres &#8211; uma an\u00e1lise das condi\u00e7\u00f5es de vida, dos problemas de sa\u00fade e das respostas sociais dadas pelo poder p\u00fablico\u201d. Doutorado em Sa\u00fade P\u00fablica, Escola Nacional de Sa\u00fade P\u00fablica Sergio Arouca, na Funda\u00e7\u00e3o Oswaldo Cruz (FIOCRUZ), Rio de Janeiro, Brasil, 2019.<br \/>\n<span style=\"text-decoration: underline;\"> Pr\u00eamio de Mestrado 2020<\/span><br \/>\n<strong>Juli\u00e1n Reingold<\/strong>. T\u00edtulo de la disserta\u00e7\u00e3o: \u201cTransformando a Freetown [Sierra Leona]: resiliencia costera y practicas basadas en la comunidad y en los ecosistemas\u201d. Maestr\u00eda en Medio Ambiente y Desarrollo Sustentable, University College London (UCL), Londres, Reino Unido, 2019.<\/p>\n<p>&nbsp;<\/p>\n<p>&nbsp;<\/p>\n<hr \/>\n<h3>Comiss\u00e3o Avaliadora da Edi\u00e7\u00e3o 2018 do Pr\u00eamio WATERLAT-GOBACIT para Estudantes<\/h3>\n<p>Dr. Almir Arantes, Universidade Estadual de Mato Grosso (UNEMAT), Sinop, Mato Grosso, Brasil.<br \/>\nDra. Citlalli Aide\u00e9 Becerril-Tinoco, Centro de Investigaci\u00f3n en Ciencias de Informaci\u00f3n Geoespacial (CentroGeo), Consejo Nacional de Ciencia y Tecnolog\u00eda (CONACYT), Quer\u00e9taro, Quer\u00e9taro, M\u00e9xico.<br \/>\nDra. Paola Bolados, Universidad de Valpara\u00edso, Valpara\u00edso, Chile.<br \/>\nDr. Joan Cortinas Mu\u00f1oz, IGlobe Unit, Centre National de la Recherche Scientifique, University of Arizona, Tucson, Arizona, Estados Unidos.<br \/>\nDr. Luciano F\u00e9lix Florit, Universidade Regional de Blumenau, Blumenau, Santa Catarina, Brasil.<br \/>\nDr. Eliano de Souza Martins Freitas, Universidade Federal de Minas Gerais (UFMG), Belo Horizonte, Minas Gerais, Brasil.<br \/>\nDra. Sandra Hincapi\u00e9 Jim\u00e9nez, Universidad Aut\u00f3noma de Zacatecas (UAZ), Zacatecas, M\u00e9xico.<br \/>\nDr. Pedro Roberto Jacobi, Universdade de S\u00e3o Paulo (USP), S\u00e3o Paulo, Brasil.<br \/>\nDr. Gustavo Kohan, Universidad Nacional de General Sarmiento (UNGS), Buenos Aires, Argentina.<br \/>\nDr. Alex Latta, Wilfrid Laurier University, Waterloo, Ontario, Canad\u00e1.<br \/>\nDr. Ricardo Daniel Lombardo, Universidad Nacional del Nordeste (UNNE), Resistencia, Chaco, Argentina.<br \/>\nDra. Esther Padilla Calder\u00f3n, El Colegio de Sonora, Hermosillo, Sonora, M\u00e9xico.<br \/>\nDr. Jaime Paneque G\u00e1lvez, Universidad Nacional Aut\u00f3noma de M\u00e9xico (UNAM), Morelia, M\u00e9xico.<br \/>\nDra. Suy\u00e1 Quintslr, Universidade Federal de Rio de Janeiro (UFRJ), Rio de Janeiro, Brasil.<br \/>\nDr. Jos\u00e9 Irivaldo Oliveira Silva, Universidade Federal de Campina Grande (UFCG), Sum\u00e9, Para\u00edba, Brasil.<br \/>\nDra. Inmaculada Simon Ruiz, Universidad Aut\u00f3noma de Chile, Santiago, Chile.<br \/>\nDra. Antenora Maria da Mata Siqueira, Universidade Federal Fluminense (UFF), Niter\u00f3i, Rio de Janeiro, Brasil.<br \/>\nDra. Pilar Villar, Universidade Federal de S\u00e3o Paulo (UNIFESP), Campus Baixada Santista, Santos, Brasil.<\/p>\n<p>&nbsp;<\/p>\n<hr \/>\n<p style=\"text-align: center;\">Para consultas ou coment\u00e1rios referidos ao Pr\u00eamio WATERLAT-GOBACIT para Estudantes, por favor contatar a <a href=\"mailto:redwaterlat@gmail.com\">Secretaria<\/a> da Rede.<\/p>\n<p>&nbsp;<\/p>\n","protected":false},"excerpt":{"rendered":"<p>A s\u00e9tima chamada a postula\u00e7\u00f5es para o Pr\u00eamio de Estudantes WATERLAT-GOBACIT foi para teses e disserta\u00e7\u00f5es aprovadas entre o 1 de janeiro e o 31 de dezembro de 2019 e foi fechada o 29 de fevereiro de 2020. Foram apresentadas 8 postula\u00e7\u00f5es ao Pr\u00eamio de Doutorado e 1 ao Pr\u00eamio de Mestrado. Foi convocada uma [&hellip;]<\/p>\n","protected":false},"author":3,"featured_media":0,"parent":249,"menu_order":0,"comment_status":"closed","ping_status":"closed","template":"page-templates\/full-width.php","meta":{"_acf_changed":false,"footnotes":""},"class_list":["post-3305","page","type-page","status-publish","hentry","wpautop"],"acf":[],"_links":{"self":[{"href":"https:\/\/waterlat.org\/pt\/wp-json\/wp\/v2\/pages\/3305","targetHints":{"allow":["GET"]}}],"collection":[{"href":"https:\/\/waterlat.org\/pt\/wp-json\/wp\/v2\/pages"}],"about":[{"href":"https:\/\/waterlat.org\/pt\/wp-json\/wp\/v2\/types\/page"}],"author":[{"embeddable":true,"href":"https:\/\/waterlat.org\/pt\/wp-json\/wp\/v2\/users\/3"}],"replies":[{"embeddable":true,"href":"https:\/\/waterlat.org\/pt\/wp-json\/wp\/v2\/comments?post=3305"}],"version-history":[{"count":4,"href":"https:\/\/waterlat.org\/pt\/wp-json\/wp\/v2\/pages\/3305\/revisions"}],"predecessor-version":[{"id":3318,"href":"https:\/\/waterlat.org\/pt\/wp-json\/wp\/v2\/pages\/3305\/revisions\/3318"}],"up":[{"embeddable":true,"href":"https:\/\/waterlat.org\/pt\/wp-json\/wp\/v2\/pages\/249"}],"wp:attachment":[{"href":"https:\/\/waterlat.org\/pt\/wp-json\/wp\/v2\/media?parent=3305"}],"curies":[{"name":"wp","href":"https:\/\/api.w.org\/{rel}","templated":true}]}}