{"id":3322,"date":"2020-10-13T13:23:09","date_gmt":"2020-10-13T13:23:09","guid":{"rendered":"https:\/\/waterlat.org\/pt\/?page_id=3322"},"modified":"2020-10-13T13:23:09","modified_gmt":"2020-10-13T13:23:09","slug":"competicao-regras","status":"publish","type":"page","link":"https:\/\/waterlat.org\/pt\/competicao-de-curta-metragens\/competicao-2020\/competicao-regras\/","title":{"rendered":"Competi\u00e7\u00e3o de Curta-metragens 2020 \u2013 Comiss\u00e3o de Avalia\u00e7\u00e3o e Regras da Competi\u00e7\u00e3o"},"content":{"rendered":"<style>\r\n    .themes {<br \/>\r\n        margin-left: 15px;<br \/>\r\n    }<\/p>\r\n<p>    .lista {<br \/>\r\n        list-style: lower-latin !important;<br \/>\r\n    }<\/p>\r\n<p>    .imageslogo img {<br \/>\r\n        height: 315px;<br \/>\r\n        float: left;<br \/>\r\n        margin-right: 6px;<br \/>\r\n    }<\/p>\r\n<p>    .imageslogo {<br \/>\r\n        display: inline-block;<br \/>\r\n        width: 100%;<br \/>\r\n    }<br \/>\r\n<\/style>\r\n\r\n&nbsp;\r\n\r\n<h2>Comiss\u00e3o de Avalia\u00e7\u00e3o<\/h2>\r\n<span><b>Hermelinda Ferreira<\/b>, Projeto DESDEMO, Recife, Pernambuco, Brasil<\/span><br>\r\n<span><b>Eliano de Souza Martins Freitas<\/b>, Universidade Federal de Minas Gerais (UFMG), Belo Horizonte, Brasil<\/span><br>\r\n<span><b>Rui Jacinto<\/b>, Universidade de Coimbra, Portugal<\/span><br>\r\n<span><b>Ariadna Ruiz Almanza<\/b>, ITESO, A Universidade Jesuita de Guadalajara, Guadalajara, Jalisco, M\u00e9xico<\/span><br>\r\n<span><b>Andres Villa Aldaco<\/b>, ITESO, A Universidade Jesuita de Guadalajara, Guadalajara, Jalisco, M\u00e9xico<\/span><br>\r\n\r\n<h2>Assessoria \u00e0 Equipe do Concurso<\/h2>\r\n<span><b>Susana Herrera Lima<\/b>, ITESO, A Universidade Jesuita de Guadalajara, Guadalajara, Jalisco, M\u00e9xico<\/span><br>\r\n\r\n\r\n<h2>Regras da Competi\u00e7\u00e3o<\/h2>\r\n<strong>1. Participantes<\/strong>\r\n\r\nA participa\u00e7\u00e3o \u00e9 v\u00e1lida tanto para profissionais como para iniciantes\/amadores, sem limite de idade, nacionalidade e idioma.\r\n\r\n&nbsp;\r\n\r\n<strong>2. Idiomas<\/strong>\r\n\r\nOs idiomas oficiais da Rede WATERLAT-GOBACIT s\u00e3o o espanhol, o ingl\u00eas e o portugu\u00eas. Caso o v\u00eddeo seja em outro idioma, <strong>este dever\u00e1 incluir uma tradu\u00e7\u00e3o na legenda<\/strong> para qualquer um dos tr\u00eas idiomas oficiais da Rede.\r\n\r\n&nbsp;\r\n\r\n<strong>3. Dura\u00e7\u00e3o<\/strong>\r\n\r\nOs v\u00eddeos devem ter dura\u00e7\u00e3o m\u00e1xima de 15 minutos.\r\n\r\n&nbsp;\r\n\r\n<strong>4. Temas<\/strong>\r\n\r\nS\u00e3o propostos <strong>quatro temas<\/strong> para o concurso. Os v\u00eddeos podem abordar simultaneamente mais de um tema, no entanto <strong>apenas um deles deve receber prioridade<\/strong>.\r\n<div class=\"themes\"><strong>Tema 1<\/strong>\r\n\u00c9 o tema geral do <a href=\"https:\/\/waterlat.org\/pt\/encontros\/encontros-abertos\/waterlat-gobacit-xi-leon-guanajuato-2020\/\">XI Encontro Internacional da Rede,X Encontro da Rede: <strong> \u00c1gua, Territ\u00f3rio e Democracia Substantiva: construindo projetos pol\u00edticos em defesa da vida <\/strong><\/a>.<strong>Tema 2<\/strong>\r\nO segundo tema \u00e9 <strong>A desigualdade de classes sociais nos conflitos e lutas pela \u00e1gua <\/strong> .\r\n\r\n<strong>Tema 3<\/strong>. O terceiro tema \u00e9 <strong> A \u00e1gua engarrafada e suas m\u00faltiplas facetas e impactos <\/strong>\r\n\r\n\r\n<strong>Tema 4<\/strong>. O quarto tema \u00e9 aberto, mas deve ter rela\u00e7\u00e3o com a \u00e1gua.\r\n\r\n<\/div>\r\n&nbsp;\r\n\r\n<strong>5. Categorias<\/strong>\r\nOs v\u00eddeos poder\u00e3o concorrer as seguintes categorias:\r\n<ul class=\"lista\">\r\n \t<li>Anima\u00e7\u00e3o<\/li>\r\n \t<li>Documental<\/li>\r\n \t<li>Entrevista<\/li>\r\n \t<li>Fic\u00e7\u00e3o<\/li>\r\n \t<li>Categoria aberta (pode ser uma fus\u00e3o de categorias, e pode incluir materiais educativos, pesquisa peri\u00f3dica, etc.)<\/li>\r\n<\/ul>\r\n&nbsp;\r\n\r\n<strong>6. Crit\u00e9rios<\/strong>\r\n<ul>\r\n \t<li>Contribui\u00e7\u00e3o aos <a href=\"https:\/\/waterlat.org\/pt\/about\/objetivos\/\">Objetivos<\/a> e <a href=\"https:\/\/waterlat.org\/pt\/about\/prioridades\/\">Prioridades de pesquisa<\/a> da Rede.<\/li>\r\n \t<li>Consist\u00eancia com o tema abordado (se\u00e7\u00e3o 4)<\/li>\r\n \t<li>Pertin\u00eancia com a categoria a que se refere (se\u00e7\u00e3o 5)<\/li>\r\n \t<li>Est\u00e9tica visual<\/li>\r\n \t<li>Qualidade e originalidade (da abordagem e da perspectiva narrativa).<\/li>\r\n \t<li>Consist\u00eancia conceitual e clareza da mensagem<\/li>\r\n \t<li>Foco e amplitude da mensagem (especifica\u00e7\u00e3o do p\u00fablico ou p\u00fablicos a que o v\u00eddeo \u00e9 dirigido, etc.)<\/li>\r\n<\/ul>\r\n<strong>7. Formato<\/strong>.\r\n\r\nMeio digital em algum dos seguintes formatos: .MOV; .MPEG4; .AVI; .WMV; .MPEGPS; .FLV; .3GPP; .WebM\r\n\r\n<strong>8. Apresenta\u00e7\u00e3o<\/strong>\r\n\r\nAs pessoas interessadas em participar da Competi\u00e7\u00e3o dever\u00e3o enviar uma mensagem eletr\u00f4nica para a <a href=\"mailto:redwaterlat@gmail.com\">Secretar\u00eda da Rede WATERLAT-GOBACIT<\/a>,\r\ninformando os dados listados abaixo:\r\n<ul class=\"lista\">\r\n \t<li>Nome completo da pessoa respons\u00e1vel<\/li>\r\n \t<li>Nombre completo de la persona de contacto<\/li>\r\n \t<li>Dados completos (endere\u00e7o, cidade, pais, telefone, e-mail) da pessoa respons\u00e1vel<\/li>\r\n \t<li>T\u00edtulo, categoria e data da produ\u00e7\u00e3o do v\u00eddeo submetido<\/li>\r\n \t<li>Indica\u00e7\u00e3o de se o v\u00eddeo tem sido apresentado para avalia\u00e7\u00e3o em outras competi\u00e7\u00f5es de curtas-metragens<\/li>\r\n \t<li>Indica\u00e7\u00e3o de se o v\u00eddeo tem sido premiado em outras competi\u00e7\u00f5es.<\/li>\r\n \t<li>Importante: em caso de o v\u00eddeo ter sido produzido em data anterior a 30 de setembro de 2019 e de v\u00eddeos que foram premiados antes da postula\u00e7\u00e3o, os mesmos n\u00e3o poder\u00e3o participar da Competi\u00e7\u00e3o principal, no entanto, poder\u00e3o concorrer a uma Men\u00e7\u00e3o Honrosa.<\/li>\r\n \t<li>Breve resumo do assunto abordado pelo v\u00eddeo e uma ficha t\u00e9cnica incluindo o idioma, tema, categoria, dura\u00e7\u00e3o e formato.<\/li>\r\n \t<li>Declara\u00e7\u00e3o de autoria. Ao submeter o v\u00eddeo a Competi\u00e7\u00e3o, automaticamente declara-se que os direitos autorais do trabalho e que n\u00e3o h\u00e1 nenhum elemento sujeito a direitos de prioridade de terceiros. A Rede WATERLAT-GOBACIT se reserva ao direito de desclassificar aqueles v\u00eddeos que n\u00e3o estejam em conformidade com estes aspectos, a qualquer momento da competi\u00e7\u00e3o, inclusive ap\u00f3s a decis\u00e3o final, ante qualquer anomalia sobre direitos autorais. O autor(es) \u00e9(s\u00e3o) respons\u00e1vel(eis) por quaisquer problemas causados por viola\u00e7\u00f5es de direitos autorais aos v\u00eddeos submetidos a Competi\u00e7\u00e3o.<\/li>\r\n \t<li>Ap\u00f3s o recebimento deste documento, ser\u00e1 acertado com o(s) autor(es) o m\u00e9todo mais adequado para realizar a transfer\u00eancia do v\u00eddeo online.<\/li>\r\n<\/ul>\r\n&nbsp;\r\n\r\n<strong>9. Data de encerramento de submiss\u00f5es<\/strong>\r\n\r\nA recep\u00e7\u00e3o de submiss\u00f5es foi encerrada o dia 31 de julho de 2020.\r\n\r\n<strong>10. Direitos de difus\u00e3o <\/strong>\r\n\r\nA Rede WATERLAT-GOBACIT se reserva ao direito de utilizar os v\u00eddeos apresentados ao concurso em suas atividades educativas,\r\nde pesquisa e de debate p\u00fablico, bem como em outras atividades da Rede. As atividades da Rede n\u00e3o possuem fins lucrativos.\r\nIsto n\u00e3o infringe o direito do(s) autor(es) ao reconhecimento de seu(s) trabalho(s). A Rede WATERLAT-GOBACIT utiliza\r\na licen\u00e7a de Creative Commons \u2013 Attribution e publica seus v\u00eddeos em seu <a href=\"https:\/\/www.youtube.com\/user\/Waterlat\/featured\">Canal de Youtube<\/a>.\r\nIgualmente, os materiais poder\u00e3o ser utilizados com fins de promo\u00e7\u00e3o exclusivamente para esta competi\u00e7\u00e3o.\r\n\r\n<strong>11. Avalia\u00e7\u00e3o, premia\u00e7\u00e3o, e reconhecimentos<\/strong>.\r\n<ul class=\"lista\">\r\n \t<li>A Comiss\u00e3o de Avalia\u00e7\u00e3o far\u00e1 uma pr\u00e9-sele\u00e7\u00e3o de todos os v\u00eddeos que cumpram com os crit\u00e9rios de avalia\u00e7\u00e3o enumerados nos pontos 1 a 8 e produzir\u00e1 uma lista indicando a ordem de m\u00e9rito de cada trabalho.<\/li>\r\n \t<li>A lista ter\u00e1 duas categorias: a) curtas-metragens que participam na Competi\u00e7\u00e3o principal e b) curtas-metragens que concorrem pela Men\u00e7\u00e3o Honrosa Especial (ver \u201cApresenta\u00e7\u00e3o\u201d, ponto 8 acima).<\/li>\r\n \t<li>Adicionalmente ao ganhador da Competi\u00e7\u00e3o, todos os v\u00eddeos que recebam uma avalia\u00e7\u00e3o de 80 por cento da nota total outorgada pela Comiss\u00e3o de Avalia\u00e7\u00e3o receber\u00e3o uma Men\u00e7\u00e3o Honrosa Especial. Todos estes v\u00eddeos ser\u00e3o tamb\u00e9m publicados na <a href=\" https:\/\/zenodo.org\/communities\/waterlat-gobacit\/\"> Comunidade WATERLAT-GOBACIT do Reposit\u00f3rio Zenodo da Uni\u00e3o Europeia<\/a>, que outorga um n\u00famero de Identifica\u00e7\u00e3o de Objeto Digital (DOI \u2013 Digital Object Identification) e dissemina\u00e7\u00e3o internacional ampliada.<\/li>\r\n \t<li>Todos os v\u00eddeos pr\u00e9-selecionados ser\u00e3o premiados com uma difus\u00e3o a trav\u00e9s de diversos meios, incluindo sua difus\u00e3o permanente numa Lista de Reprodu\u00e7\u00e3o dedicada a Competi\u00e7\u00e3o no <a href=\"https:\/\/www.youtube.com\/user\/Waterlat\/featured\">Canal de Youtube<\/a> da Rede WATERLAT-GOBACIT.<\/li>\r\n \t<li>Todos os participantes que tenham seus v\u00eddeos avaliados receber\u00e3o um certificado oficial.<\/li>\r\n \t<li>Os v\u00eddeos ter\u00e3o difus\u00e3o adicional a trav\u00e9s das atividades das institui\u00e7\u00f5es dos membros da Rede, em suas atividades educativas e outras.<\/li>\r\n<\/ul>\r\n<strong>12. Comunica\u00e7\u00e3o dos resultados <\/strong>\r\n\r\nA comunica\u00e7\u00e3o oficial e p\u00fablica do resultado da competi\u00e7\u00e3o foi feita o dia 8 de outubro de 2020 numa sess\u00e3o virtual preparat\u00f3ria do <a href=\"https:\/\/waterlat.org\/pt\/encontros\/encontros-abertos\/waterlat-gobacit-xi-leon-guanajuato-2020\/\">XI Encontro Internacional da Rede<\/a>, que acontecer\u00e1 em 2021 na Universidade de Guanajuato, Le\u00f3n, Guanajuato, M\u00e9xico, numa data a ser confirmada.\r\n\r\n\r\n<hr \/>\r\n\r\nPara maiores informa\u00e7\u00f5es ou para esclarecer as d\u00favidas, envie uma mensagem eletr\u00f4nica para a <a href=\"mailto:redwaterlat@gmail.com\"> Secretaria da Rede WATERLAT-GOBACIT <\/a>.","protected":false},"excerpt":{"rendered":"&nbsp; Comiss\u00e3o de Avalia\u00e7\u00e3o Hermelinda Ferreira, Projeto DESDEMO, Recife, Pernambuco, Brasil Eliano de Souza Martins Freitas, Universidade Federal de Minas Gerais (UFMG), Belo Horizonte, Brasil Rui Jacinto, Universidade de Coimbra, Portugal Ariadna Ruiz Almanza, ITESO, A Universidade Jesuita de Guadalajara, Guadalajara, Jalisco, M\u00e9xico Andres Villa Aldaco, ITESO, A Universidade Jesuita de Guadalajara, Guadalajara, Jalisco, M\u00e9xico [&hellip;]","protected":false},"author":3,"featured_media":0,"parent":3320,"menu_order":0,"comment_status":"closed","ping_status":"closed","template":"page-templates\/full-width.php","meta":{"_acf_changed":false,"footnotes":""},"class_list":["post-3322","page","type-page","status-publish","hentry","no-wpautop"],"acf":[],"_links":{"self":[{"href":"https:\/\/waterlat.org\/pt\/wp-json\/wp\/v2\/pages\/3322","targetHints":{"allow":["GET"]}}],"collection":[{"href":"https:\/\/waterlat.org\/pt\/wp-json\/wp\/v2\/pages"}],"about":[{"href":"https:\/\/waterlat.org\/pt\/wp-json\/wp\/v2\/types\/page"}],"author":[{"embeddable":true,"href":"https:\/\/waterlat.org\/pt\/wp-json\/wp\/v2\/users\/3"}],"replies":[{"embeddable":true,"href":"https:\/\/waterlat.org\/pt\/wp-json\/wp\/v2\/comments?post=3322"}],"version-history":[{"count":3,"href":"https:\/\/waterlat.org\/pt\/wp-json\/wp\/v2\/pages\/3322\/revisions"}],"predecessor-version":[{"id":3329,"href":"https:\/\/waterlat.org\/pt\/wp-json\/wp\/v2\/pages\/3322\/revisions\/3329"}],"up":[{"embeddable":true,"href":"https:\/\/waterlat.org\/pt\/wp-json\/wp\/v2\/pages\/3320"}],"wp:attachment":[{"href":"https:\/\/waterlat.org\/pt\/wp-json\/wp\/v2\/media?parent=3322"}],"curies":[{"name":"wp","href":"https:\/\/api.w.org\/{rel}","templated":true}]}}