{"id":3498,"date":"2022-09-10T15:19:25","date_gmt":"2022-09-10T15:19:25","guid":{"rendered":"https:\/\/waterlat.org\/pt\/?page_id=3498"},"modified":"2023-01-14T13:57:38","modified_gmt":"2023-01-14T13:57:38","slug":"vol-8-no2","status":"publish","type":"page","link":"https:\/\/waterlat.org\/pt\/working-papers-series\/volume-8-2021\/vol-8-no2\/","title":{"rendered":"Vol.8, No2"},"content":{"rendered":"<style>\r\n.entry-content img, .comment-content img, .widget img, img.header-image, .author-avatar img, img.wp-post-image {\r\nbox-shadow: none;\r\n}\r\n.box {\r\n  width: 40%;\r\n  margin: 0 auto;\r\n  background: rgba(255,255,255,0.2);\r\n  padding: 35px;\r\n  border: 2px solid #fff;\r\n  border-radius: 20px\/50px;\r\n  background-clip: padding-box;\r\n  text-align: center;\r\n}\r\n\r\n.pl_issn{text-align: right;    margin-bottom: 25px !important;font-size: 14px;display: inline;float: right;}\r\n.overlay {\r\n  position: fixed;\r\n  top: 0;\r\n  bottom: 0;\r\n  left: 0;\r\n  right: 0;\r\n  background: rgba(0, 0, 0, 0.7);\r\n  transition: opacity 500ms;\r\n  visibility: hidden;\r\n  opacity: 0;\r\n}\r\n.overlay:target {\r\n  visibility: visible;\r\n  opacity: 1;\r\n}\r\n\r\n.popup {\r\n  margin: 70px auto;\r\n  padding: 20px;\r\n  background: #fff;\r\n  border-radius: 5px;\r\n  width: 30%;\r\n  position: relative;\r\n  transition: all 5s ease-in-out;\r\n}\r\n\r\n.popup h2 {\r\n  margin-top: 0;\r\n  color: #333;\r\n  font-family: Tahoma, Arial, sans-serif;\r\n}\r\n.popup .close {\r\n  position: absolute;\r\n  top: 20px;\r\n  right: 30px;\r\n  transition: all 200ms;\r\n  font-size: 30px;\r\n  font-weight: bold;\r\n  text-decoration: none;\r\n  color: #333;\r\n}\r\n.popup .close:hover {\r\n  color: rgb(0, 66, 126);\r\n}\r\n.popup .content {\r\n  max-height: 30%;\r\n  overflow: auto;\r\n}\r\n\r\n@media screen and (max-width: 700px){\r\n  .box{\r\n    width: 70%;\r\n  }\r\n  .popup{\r\n    width: 70%;\r\n  }\r\n}\r\n.entry-content p {\r\nline-height: normal;\r\nmargin: 0;\r\n}\r\n\r\n.wp_cuaderno {display: inline-block; background-color: #ededed; box-shadow: 0 4px 8px 0 rgba(0, 0, 0, 0.2), 0 6px 20px 0 rgba(0, 0, 0, 0.19); padding: 20px 50px;}\r\n.wp_portada {float:left;}\r\n.wp_info{margin-left: 170px;}\r\np.titulo{font-size:18px;}\r\n.wp_info.desc{width: 90%; margin: 5px 0px;}\r\n.wp_info p {margin-bottom:3px;}\r\n.wp_info.serie{width: 360px;}\r\n.wp_info a {margin-top:8px;}\r\n\r\n.wp_descargas{clear: both; padding-top: 3px;}\r\n\r\n.dw_pdf {\r\n        background-color: rgba(251, 116, 116, 0);\r\n    padding: 8px 9px;\r\n    color: #b52335;\r\n    text-decoration: none;\r\n    border: 2px #b52335 solid;\r\n    transition: 0.2s all;\r\n    border-radius: 4px;\r\n    font-weight: 600;}\r\n.dw_pdf:hover{background-color: #b52335; color:white;}\r\n.dw_pdf i {font-size:25px; vertical-align: bottom; margin-right: 3px;}\r\n\r\n.dw_pdf-full {\r\n        background-color: rgba(251, 116, 116, 0);\r\n    padding: 8px 51px;\r\n    color: #b52335;\r\n    text-decoration: none;\r\n    border: 2px #b52335 solid;\r\n    transition: 0.2s all;\r\n    border-radius: 4px;\r\n    font-weight: 600;}\r\n.dw_pdf-full:hover{background-color: #b52335; color:white;}\r\n.dw_pdf-full i {font-size:25px; vertical-align: bottom; margin-right: 3px;}\r\n\r\n.dw_epub {background-color: rgba(251, 116, 116, 0);\r\n    padding: 8px 6px;\r\n    color: #0964bd;\r\n    text-decoration: none;\r\n    border: 2px #0964bd solid;\r\n    transition: 0.2s all;\r\n    border-radius: 4px;\r\n    margin-left: 5px;\r\n    font-weight: 600;}\r\n.dw_epub:hover{background-color: #0964bd; color:white;}\r\n.dw_epub i {font-size:25px; vertical-align: bottom; margin-right: 3px;}\r\n\r\n\r\n.wp_sec-art{padding-left: 50px; padding-top: 10px;}\r\n.wp_articulo{padding-top:40px;}\r\n.wp_articulo.tituloar{font-size:17px;}\r\na.desar {text-decoration: none; float:left; margin-right: 20px;}\r\n\r\n<\/style>\r\n\r\n<!-- CUADERNO !-->\r\n\r\n<!-- CUADERNO !-->\r\n<p class=\"pl_issn\">ISSN: (Print)<b> 2056-4856<\/b><br \/>ISSN: (Online) <b>2056-4864<\/b><\/p>\r\n<div class=\"wp_cuaderno\">\r\n\r\n<!-- PORTADA !-->\r\n  <div class=\"wp_portada\">\r\n    <img width=\"158px \"src=\" https:\/\/waterlat.org\/wp-content\/uploads\/2022\/09\/Tapa8.2.jpg \" \/>\r\n  <\/div>\r\n\r\n  <!-- INFORMACION DERECHA !-->\r\n  <div class=\"wp_info\">\r\n\r\n      <!-- TITULO !--> <b><p class=\"titulo\">Vol. 8, No. 2<\/p><\/b>\r\n      <!-- FECHA !-->  <p>junio de 2021<\/p>\r\n      <!-- AUTOR !-->  <p>Antonio S\u00e1nchez Rodr\u00edguez (Editor)<\/p>\r\n      <!-- DOI !-->    <i><p>DOI: 10.5281\/zenodo. 7065453<\/p><\/i>\r\n      <!-- DESCR !-->  <b><p class=\"desc\"> Pr\u00eamio para Estudantes 2019-20, com experi\u00eancias de Argentina, Brasil, Espanha, M\u00e9xico e  Serra Leona<\/b> (em ingl\u00eas, espanhol e portugu\u00eas) <\/p>\r\n      <!-- SERIE   <i><p class=\"serie\">??? (serie)<\/p><\/i>!-->\r\n      <!-- CITA !-->    <i><a href=\"https:\/\/zenodo.org\/record\/7065453#invenio-csl\" class=\"desar\" style=\"color:#9ad3f9;\">Exportar cita\u00e7\u00e3o<\/a><\/i>\r\n\r\n  <\/div>\r\n\r\n\r\n  <!-- DESCARGAS !-->\r\n  <div class=\"wp_descargas\">\r\n    <!-- PDF LINK !-->  <a href=\"https:\/\/zenodo.org\/record\/7065453\" class=\"dw_pdf-full\" target=\"_blank\" rel=\"noopener noreferrer\"><i class=\"fa fa-file-pdf-o\" aria-hidden=\"true\" fa-3x><\/i>PDF<\/a>\r\n    <!-- PDF LINK  <a href=\"#\" class=\"dw_pdf\"><i class=\"fa fa-file-pdf-o\" aria-hidden=\"true\" fa-3x><\/i>PDF<\/a>\r\n    EPUB LINK  <a href=\"#\" class=\"dw_epub\"><i class=\"fa fa-file-text-o\" aria-hidden=\"true\"><\/i>EPUB<\/a>!-->\r\n  <\/div>\r\n\r\n<\/div>\r\n\r\n\r\n<!-- SECCION ARTICULOS !-->\r\n<div style=\"margin-top: 30px;\">\r\n  <h3 style=\" margin-bottom:5px;\">Artigos<\/h3>\r\n  <hr style=\"margin: 0;\">\r\n\r\n<!-- ARTICULOS !-->\r\n<div class=\"wp_sec-art\">\r\n\r\n    <!-- ARTICULO INDIVIDUAL !-->\r\n      <div class=\"wp_articulo\">\r\n        <!-- TITULO !-->  <b><p class=\"tituloar\"> Una nueva ruralidad hidrosocial en los oasis de Mendoza?Reflexiones te\u00f3ricas en torno a un concepto pluridimensional\r\ny trans-escalar, pp. 7-29<\/p><\/b>\r\n        <!-- AUTOR  !-->  <p>Robin Larsimont <\/p>\r\n        <!-- DOI    !-->  <p style=\"float:left;\">DOI: <\/p><p>10.5281\/zenodo. 7065487<\/p>\r\n        <!-- PDF LINK  !-->  <a class=\"desar\"  href=\"https:\/\/zenodo.org\/record\/7065487\"><b><p style=\"color:#ff5e73;\">PDF<\/p><\/b><\/a>\r\n        <!-- EPUB LINK   <a class=\"desar\"  href=\"#\"><b><p style=\"color:#3e99f9;\">EPUB<\/p><\/b><\/a>!-->\r\n        <!-- CITA LINK !-->  <a class=\"desar\"  href=\"https:\/\/zenodo.org\/record\/7065487#invenio-csl\"><p style=\"color:#9ad3f9;\">Exportar cita\u00e7\u00e3o<\/p><\/a>\r\n\r\n<\/div>\r\n <!-- ARTICULO INDIVIDUAL !-->\r\n      <div class=\"wp_articulo\">\r\n        <!-- TITULO !-->  <b><p class=\"tituloar\"> Consideraciones acerca de la actividad pesquera en la\r\nBah\u00eda de Mazarr\u00f3n, Regi\u00f3n de Murcia, Espa\u00f1a, p\u00e1gs. 30-52<\/p><\/b>\r\n        <!-- AUTOR  !-->  <p> Daniel Moreno Mu\u00f1oz  <\/p>\r\n        <!-- DOI    !-->  <p style=\"float:left;\">DOI: <\/p><p>10.5281\/zenodo. 7065497<\/p>\r\n        <!-- PDF LINK  !-->  <a class=\"desar\"  href=\"https:\/\/zenodo.org\/record\/7065497\"><b><p style=\"color:#ff5e73;\">PDF<\/p><\/b><\/a>\r\n        <!-- EPUB LINK   <a class=\"desar\"  href=\"#\"><b><p style=\"color:#3e99f9;\">EPUB<\/p><\/b><\/a>!-->\r\n        <!-- CITA LINK !-->  <a class=\"desar\"  href=\"https:\/\/zenodo.org\/record\/7065497#invenio-csl\"><p style=\"color:#9ad3f9;\">Exportar cita\u00e7\u00e3o<\/p><\/a>\r\n\r\n!&#8211; ARTICULO INDIVIDUAL !&#8211;>\r\n      <div class=\"wp_articulo\">\r\n        <!-- TITULO !-->  <b><p class=\"tituloar\"> A Participa\u00e7\u00e3o social nos planos de saneamento da cidade de Bel\u00e9m, Estado de Par\u00e1, Brasil, entre os anos de 1980 e\r\n2015, pp. 53-80<\/p><\/b>\r\n        <!-- AUTOR  !-->  <p> Rafael Caldeira Magalh\u00e3es <\/p>\r\n        <!-- DOI    !-->  <p style=\"float:left;\">DOI: <\/p><p>10.5281\/zenodo. 7065513<\/p>\r\n        <!-- PDF LINK  !-->  <a class=\"desar\"  href=\"https:\/\/zenodo.org\/record\/7065513\"><b><p style=\"color:#ff5e73;\">PDF<\/p><\/b><\/a>\r\n        <!-- EPUB LINK   <a class=\"desar\"  href=\"#\"><b><p style=\"color:#3e99f9;\">EPUB<\/p><\/b><\/a>!-->\r\n        <!-- CITA LINK !-->  <a class=\"desar\"  href=\"https:\/\/zenodo.org\/record\/7065513#invenio-csl\"><p style=\"color:#9ad3f9;\">Exportar cita\u00e7\u00e3o<\/p><\/a>\r\n\r\n&nbsp;\r\n\r\n<\/div>\r\n<!-- ARTICULO INDIVIDUAL !-->\r\n<div class=\"wp_articulo\"><!-- TITULO !-->\r\n<b><p class=\"tituloar\">Estat\u00edsticas oficiais versus relatos em sa\u00fade mental nos\r\ndesastres: uma an\u00e1lise comparativa entre o perfil de\r\nmorbimortalidade de idosos e as percep\u00e7\u00f5es de gestores\r\nmunicipais nos Estados de Santa Catarina e Rio de Janeiro,\r\nBrasil, pp. 81-101<\/b><\/p>\r\n&nbsp;\r\n\r\n<!-- AUTOR !-->Aline Silveira Viana\r\n<!-- DOI    !-->  <p style=\"float:left;\">DOI: <\/p><p>10.5281\/zenodo. 7065523<\/p>\r\n        <!-- PDF LINK  !-->  <a class=\"desar\"  href=\"https:\/\/zenodo.org\/record\/7065523\"><b><p style=\"color:#ff5e73;\">PDF<\/p><\/b><\/a>\r\n        <!-- EPUB LINK   <a class=\"desar\"  href=\"#\"><b><p style=\"color:#3e99f9;\">EPUB<\/p><\/b><\/a>!-->\r\n        <!-- CITA LINK !-->  <a class=\"desar\"  href=\"https:\/\/zenodo.org\/record\/7065523#invenio-csl\"><p style=\"color:#9ad3f9;\">Exportar cita\u00e7\u00e3o<\/p><\/a>\r\n\r\n\r\n&nbsp;\r\n\r\n<\/div>\r\n<!-- ARTICULO INDIVIDUAL !-->\r\n<div class=\"wp_articulo\"><!-- TITULO !-->\r\n<b><p class=\"tituloar\">Eucalipto e \u00e1gua: representa\u00e7\u00f5es em disputa no Vale do\r\nRio Para\u00edba, San  Pablo, Brasil, pp. 102-122<\/b><\/p>\r\n&nbsp;\r\n\r\n<!-- AUTOR !-->Clarissa de Ara\u00fajo Barreto\r\n\r\n<!-- DOI    !-->  <p style=\"float:left;\">DOI: <\/p><p>10.5281\/zenodo. 7065532<\/p>\r\n        <!-- PDF LINK  !-->  <a class=\"desar\"  href=\"https:\/\/zenodo.org\/record\/7065532\"><b><p style=\"color:#ff5e73;\">PDF<\/p><\/b><\/a>\r\n        <!-- EPUB LINK   <a class=\"desar\"  href=\"#\"><b><p style=\"color:#3e99f9;\">EPUB<\/p><\/b><\/a>!-->\r\n        <!-- CITA LINK !-->  <a class=\"desar\"  href=\"https:\/\/zenodo.org\/record\/7065532#invenio-csl\"><p style=\"color:#9ad3f9;\">Exportar cita\u00e7\u00e3o<\/p><\/a>\r\n&nbsp;\r\n\r\n<\/div>\r\n<!-- ARTICULO INDIVIDUAL !-->\r\n<div class=\"wp_articulo\"><!-- TITULO !-->\r\n<b><p class=\"tituloar\">Cambios en los patrones de aprovechamiento y apropiaci\u00f3n\r\nde los recursos h\u00eddricos en el oeste de la Provincia de\r\nC\u00f3rdoba, Argentina, pp. 123-144<\/b><\/p>\r\n&nbsp;\r\n\r\n<!-- AUTOR !-->Diego Antonio Cabrol\r\n\r\n<!-- DOI    !-->  <p style=\"float:left;\">DOI: <\/p><p>10.5281\/zenodo. 7065538<\/p>\r\n        <!-- PDF LINK  !-->  <a class=\"desar\"  href=\"https:\/\/zenodo.org\/record\/7065538\"><b><p style=\"color:#ff5e73;\">PDF<\/p><\/b><\/a>\r\n        <!-- EPUB LINK   <a class=\"desar\"  href=\"#\"><b><p style=\"color:#3e99f9;\">EPUB<\/p><\/b><\/a>!-->\r\n        <!-- CITA LINK !-->  <a class=\"desar\"  href=\"https:\/\/zenodo.org\/record\/7065538#invenio-csl\"><p style=\"color:#9ad3f9;\">Exportar cita\u00e7\u00e3o<\/p><\/a>\r\n\r\n&nbsp;\r\n\r\n<\/div>\r\n<!-- ARTICULO INDIVIDUAL !-->\r\n<div class=\"wp_articulo\"><!-- TITULO !-->\r\n<b><p class=\"tituloar\">An\u00e1lisis de los claro-oscuros de la participaci\u00f3n ciudadana\r\nen el rescate del Canal Nacional en la Ciudad de M\u00e9xico, pp. 145-162<\/b><\/p>\r\n&nbsp;\r\n\r\n<!-- AUTOR !-->Erick Alejandro Rafael Aguilar Obreg\u00f3n\r\n\r\n<!-- DOI    !-->  <p style=\"float:left;\">DOI: <\/p><p>10.5281\/zenodo. 7065542<\/p>\r\n        <!-- PDF LINK  !-->  <a class=\"desar\"  href=\"https:\/\/zenodo.org\/record\/7065542\"><b><p style=\"color:#ff5e73;\">PDF<\/p><\/b><\/a>\r\n        <!-- EPUB LINK   <a class=\"desar\"  href=\"#\"><b><p style=\"color:#3e99f9;\">EPUB<\/p><\/b><\/a>!-->\r\n        <!-- CITA LINK !-->  <a class=\"desar\"  href=\"https:\/\/zenodo.org\/record\/7065542#invenio-csl\"><p style=\"color:#9ad3f9;\">Exportar cita\u00e7\u00e3o<\/p><\/a>\r\n&nbsp;\r\n\r\n<\/div>\r\n<!-- ARTICULO INDIVIDUAL !-->\r\n<div class=\"wp_articulo\"><!-- TITULO !-->\r\n<b><p class=\"tituloar\">Transforming Freetown: Coastal Resilience and Community-\r\nEcosystem Based Practices, pp. 163-197<\/b><\/p>\r\n&nbsp;\r\n\r\n<!-- AUTOR !-->Julian Reingold\r\n\r\n<!-- DOI    !-->  <p style=\"float:left;\">DOI: <\/p><p>10.5281\/zenodo. 7065550<\/p>\r\n        <!-- PDF LINK  !-->  <a class=\"desar\"  href=\"https:\/\/zenodo.org\/record\/7065550\"><b><p style=\"color:#ff5e73;\">PDF<\/p><\/b><\/a>\r\n        <!-- EPUB LINK   <a class=\"desar\"  href=\"#\"><b><p style=\"color:#3e99f9;\">EPUB<\/p><\/b><\/a>!-->\r\n        <!-- CITA LINK !-->  <a class=\"desar\"  href=\"https:\/\/zenodo.org\/record\/7065550#invenio-csl\"><p style=\"color:#9ad3f9;\">Exportar cita\u00e7\u00e3o<\/p><\/a>\r\n<\/div>\r\n<\/div>\r\n<\/div>\r\n<\/div>\r\n<style>\r\n.export-list{<br \/>   list-style-type: none;<br \/>   margin-top: 10px !important;<br \/>}<br \/>.export-list li {display:inline-block; margin: 0px 0px 0px 1.4rem;}<br \/>.export-list a {color: #2a8bb7; text-decoration: none; transition:0.2s all;}<br \/>.export-list a:hover{text-decoration:underline; transition:0.2s all;}<br \/><\/style>\r\n&nbsp;\r\n\r\n\r\n\r\n\r\n\r\n\r\n\r\n\r\n\r\n\r\n\r\n      <\/div>\r\n <!-\r\n\r\n\r\n\r\n\r\n      <\/div>\r\n\/div>\r\n<\/div>\r\n<\/div>\r\n<\/div>\r\n<style>\r\n.export-list{<br \/>   list-style-type: none;<br \/>   margin-top: 10px !important;<br \/>}<br \/>.export-list li {display:inline-block; margin: 0px 0px 0px 1.4rem;}<br \/>.export-list a {color: #2a8bb7; text-decoration: none; transition:0.2s all;}<br \/>.export-list a:hover{text-decoration:underline; transition:0.2s all;}<br \/><\/style>\r\n&nbsp;\r\n\r\n<\/div>\r\n<\/div>\r\n<\/div>\r\n<style>\r\n.export-list{<br \/>   list-style-type: none;<br \/>   margin-top: 10px !important;<br \/>}<br \/>.export-list li {display:inline-block; margin: 0px 0px 0px 1.4rem;}<br \/>.export-list a {color: #2a8bb7; text-decoration: none; transition:0.2s all;}<br \/>.export-list a:hover{text-decoration:underline; transition:0.2s all;}<br \/><\/style>\r\n\r\n","protected":false},"excerpt":{"rendered":"ISSN: (Print) 2056-4856ISSN: (Online) 2056-4864 Vol. 8, No. 2 junio de 2021 Antonio S\u00e1nchez Rodr\u00edguez (Editor) DOI: 10.5281\/zenodo. 7065453 Pr\u00eamio para Estudantes 2019-20, com experi\u00eancias de Argentina, Brasil, Espanha, M\u00e9xico e Serra Leona (em ingl\u00eas, espanhol e portugu\u00eas) Exportar cita\u00e7\u00e3o PDF Artigos Una nueva ruralidad hidrosocial en los oasis de Mendoza?Reflexiones te\u00f3ricas en torno a [&hellip;]","protected":false},"author":3,"featured_media":0,"parent":3476,"menu_order":0,"comment_status":"closed","ping_status":"closed","template":"page-templates\/full-width.php","meta":{"_acf_changed":false,"footnotes":""},"class_list":["post-3498","page","type-page","status-publish","hentry","no-wpautop"],"acf":[],"_links":{"self":[{"href":"https:\/\/waterlat.org\/pt\/wp-json\/wp\/v2\/pages\/3498","targetHints":{"allow":["GET"]}}],"collection":[{"href":"https:\/\/waterlat.org\/pt\/wp-json\/wp\/v2\/pages"}],"about":[{"href":"https:\/\/waterlat.org\/pt\/wp-json\/wp\/v2\/types\/page"}],"author":[{"embeddable":true,"href":"https:\/\/waterlat.org\/pt\/wp-json\/wp\/v2\/users\/3"}],"replies":[{"embeddable":true,"href":"https:\/\/waterlat.org\/pt\/wp-json\/wp\/v2\/comments?post=3498"}],"version-history":[{"count":4,"href":"https:\/\/waterlat.org\/pt\/wp-json\/wp\/v2\/pages\/3498\/revisions"}],"predecessor-version":[{"id":3613,"href":"https:\/\/waterlat.org\/pt\/wp-json\/wp\/v2\/pages\/3498\/revisions\/3613"}],"up":[{"embeddable":true,"href":"https:\/\/waterlat.org\/pt\/wp-json\/wp\/v2\/pages\/3476"}],"wp:attachment":[{"href":"https:\/\/waterlat.org\/pt\/wp-json\/wp\/v2\/media?parent=3498"}],"curies":[{"name":"wp","href":"https:\/\/api.w.org\/{rel}","templated":true}]}}