{"id":3516,"date":"2022-11-05T22:25:15","date_gmt":"2022-11-05T22:25:15","guid":{"rendered":"https:\/\/waterlat.org\/pt\/?page_id=3516"},"modified":"2023-05-25T23:02:12","modified_gmt":"2023-05-25T23:02:12","slug":"vol-8-no3","status":"publish","type":"page","link":"https:\/\/waterlat.org\/pt\/working-papers-series\/volume-8-2021\/vol-8-no3\/","title":{"rendered":"Vol.8, No3"},"content":{"rendered":"<style>\r\n.entry-content img, .comment-content img, .widget img, img.header-image, .author-avatar img, img.wp-post-image {\r\nbox-shadow: none;\r\n}\r\n.box {\r\n  width: 40%;\r\n  margin: 0 auto;\r\n  background: rgba(255,255,255,0.2);\r\n  padding: 35px;\r\n  border: 2px solid #fff;\r\n  border-radius: 20px\/50px;\r\n  background-clip: padding-box;\r\n  text-align: center;\r\n}\r\n\r\n.pl_issn{text-align: right;    margin-bottom: 25px !important;font-size: 14px;display: inline;float: right;}\r\n.overlay {\r\n  position: fixed;\r\n  top: 0;\r\n  bottom: 0;\r\n  left: 0;\r\n  right: 0;\r\n  background: rgba(0, 0, 0, 0.7);\r\n  transition: opacity 500ms;\r\n  visibility: hidden;\r\n  opacity: 0;\r\n}\r\n.overlay:target {\r\n  visibility: visible;\r\n  opacity: 1;\r\n}\r\n\r\n.popup {\r\n  margin: 70px auto;\r\n  padding: 20px;\r\n  background: #fff;\r\n  border-radius: 5px;\r\n  width: 30%;\r\n  position: relative;\r\n  transition: all 5s ease-in-out;\r\n}\r\n\r\n.popup h2 {\r\n  margin-top: 0;\r\n  color: #333;\r\n  font-family: Tahoma, Arial, sans-serif;\r\n}\r\n.popup .close {\r\n  position: absolute;\r\n  top: 20px;\r\n  right: 30px;\r\n  transition: all 200ms;\r\n  font-size: 30px;\r\n  font-weight: bold;\r\n  text-decoration: none;\r\n  color: #333;\r\n}\r\n.popup .close:hover {\r\n  color: rgb(0, 66, 126);\r\n}\r\n.popup .content {\r\n  max-height: 30%;\r\n  overflow: auto;\r\n}\r\n\r\n@media screen and (max-width: 700px){\r\n  .box{\r\n    width: 70%;\r\n  }\r\n  .popup{\r\n    width: 70%;\r\n  }\r\n}\r\n.entry-content p {\r\nline-height: normal;\r\nmargin: 0;\r\n}\r\n\r\n.wp_cuaderno {display: inline-block; background-color: #ededed; box-shadow: 0 4px 8px 0 rgba(0, 0, 0, 0.2), 0 6px 20px 0 rgba(0, 0, 0, 0.19); padding: 20px 50px;}\r\n.wp_portada {float:left;}\r\n.wp_info{margin-left: 170px;}\r\np.titulo{font-size:18px;}\r\n.wp_info.desc{width: 90%; margin: 5px 0px;}\r\n.wp_info p {margin-bottom:3px;}\r\n.wp_info.serie{width: 360px;}\r\n.wp_info a {margin-top:8px;}\r\n\r\n.wp_descargas{clear: both; padding-top: 3px;}\r\n\r\n.dw_pdf {\r\n        background-color: rgba(251, 116, 116, 0);\r\n    padding: 8px 9px;\r\n    color: #b52335;\r\n    text-decoration: none;\r\n    border: 2px #b52335 solid;\r\n    transition: 0.2s all;\r\n    border-radius: 4px;\r\n    font-weight: 600;}\r\n.dw_pdf:hover{background-color: #b52335; color:white;}\r\n.dw_pdf i {font-size:25px; vertical-align: bottom; margin-right: 3px;}\r\n\r\n.dw_pdf-full {\r\n        background-color: rgba(251, 116, 116, 0);\r\n    padding: 8px 51px;\r\n    color: #b52335;\r\n    text-decoration: none;\r\n    border: 2px #b52335 solid;\r\n    transition: 0.2s all;\r\n    border-radius: 4px;\r\n    font-weight: 600;}\r\n.dw_pdf-full:hover{background-color: #b52335; color:white;}\r\n.dw_pdf-full i {font-size:25px; vertical-align: bottom; margin-right: 3px;}\r\n\r\n.dw_epub {background-color: rgba(251, 116, 116, 0);\r\n    padding: 8px 6px;\r\n    color: #0964bd;\r\n    text-decoration: none;\r\n    border: 2px #0964bd solid;\r\n    transition: 0.2s all;\r\n    border-radius: 4px;\r\n    margin-left: 5px;\r\n    font-weight: 600;}\r\n.dw_epub:hover{background-color: #0964bd; color:white;}\r\n.dw_epub i {font-size:25px; vertical-align: bottom; margin-right: 3px;}\r\n\r\n\r\n.wp_sec-art{padding-left: 50px; padding-top: 10px;}\r\n.wp_articulo{padding-top:40px;}\r\n.wp_articulo.tituloar{font-size:17px;}\r\na.desar {text-decoration: none; float:left; margin-right: 20px;}\r\n\r\n<\/style>\r\n\r\n<!-- CUADERNO !-->\r\n\r\n<!-- CUADERNO !-->\r\n<p class=\"pl_issn\">ISSN: (Print)<b> 2056-4856<\/b><br \/>ISSN: (Online) <b>2056-4864<\/b><\/p>\r\n<div class=\"wp_cuaderno\">\r\n\r\n<!-- PORTADA !-->\r\n  <div class=\"wp_portada\">\r\n    <img width=\"158px \"src=\"https:\/\/waterlat.org\/wp-content\/uploads\/2022\/11\/Tapa-8.3.jpg\" \/>\r\n  <\/div>\r\n\r\n  <!-- INFORMACION DERECHA !-->\r\n  <div class=\"wp_info\">\r\n\r\n      <!-- TITULO !--> <b><p class=\"titulo\">Vol. 8, No. 3<\/p><\/b>\r\n      <!-- FECHA !-->  <p>setembro de 2021<\/p>\r\n      <!-- AUTOR !-->  <p>Ednilson Gomes e Simonne Teixeira (Eds.)<\/p>\r\n      <!-- DOI !-->    <i><p>DOI: 10.5281\/zenodo. 7292266<\/p><\/i>\r\n      <!-- DESCR !-->  <b><p class=\"desc\"> Participa\u00e7\u00e3o P\u00fablica nas  Avalia\u00e7oes  de Impacto Ambiental: Experi\u00eancias no Brasil <\/b><\/p>\r\n      <!-- SERIE   <i><p class=\"serie\">??? (serie)<\/p><\/i>!-->\r\n      <!-- CITA !-->    <i><a href=\"https:\/\/zenodo.org\/record\/7292266#invenio-csl\" class=\"desar\" style=\"color:#9ad3f9;\">Exportar cita\u00e7\u00e3o<\/a><\/i>\r\n\r\n  <\/div>\r\n\r\n\r\n  <!-- DESCARGAS !-->\r\n  <div class=\"wp_descargas\">\r\n    <!-- PDF LINK !-->  <a href=\"https:\/\/zenodo.org\/record\/7292266\" class=\"dw_pdf-full\" target=\"_blank\" rel=\"noopener noreferrer\"><i class=\"fa fa-file-pdf-o\" aria-hidden=\"true\" fa-3x><\/i>PDF<\/a>\r\n    <!-- PDF LINK  <a href=\"#\" class=\"dw_pdf\"><i class=\"fa fa-file-pdf-o\" aria-hidden=\"true\" fa-3x><\/i>PDF<\/a>\r\n    EPUB LINK  <a href=\"#\" class=\"dw_epub\"><i class=\"fa fa-file-text-o\" aria-hidden=\"true\"><\/i>EPUB<\/a>!-->\r\n  <\/div>\r\n\r\n<\/div>\r\n\r\n\r\n<!-- SECCION ARTICULOS !-->\r\n<div style=\"margin-top: 30px;\">\r\n  <h3 style=\" margin-bottom:5px;\">Artigos<\/h3>\r\n  <hr style=\"margin: 0;\">\r\n\r\n<!-- ARTICULOS !-->\r\n<div class=\"wp_sec-art\">\r\n\r\n    <!-- ARTICULO INDIVIDUAL !-->\r\n      <div class=\"wp_articulo\">\r\n        <!-- TITULO !-->  <b><p class=\"tituloar\"> \u201cN\u00f3s somos o movimento\u201d: organiza\u00e7\u00e3o comunit\u00e1ria na luta pelo acesso ao saneamento b\u00e1sico na Bacia de Campos, Rio de Janeiro, Brasil, pp. 6-26<\/p><\/b>\r\n        <!-- AUTOR  !-->  <p>Sandra Rangel de Souza Miscali, Rachel Carvalho, Isroberta Rosa Ara\u00fajo, Fernanda dos Santos Oliveira Souza e Natalia dos Santos Silveira <\/p>\r\n        <!-- DOI    !-->  <p style=\"float:left;\">DOI: <\/p><p>10.5281\/zenodo. 7293663<\/p>\r\n        <!-- PDF LINK  !-->  <a class=\"desar\"  href=\"https:\/\/zenodo.org\/record\/7293663\"><b><p style=\"color:#ff5e73;\">PDF<\/p><\/b><\/a>\r\n        <!-- EPUB LINK   <a class=\"desar\"  href=\"#\"><b><p style=\"color:#3e99f9;\">EPUB<\/p><\/b><\/a>!-->\r\n        <!-- CITA LINK !-->  <a class=\"desar\"  href=\"https:\/\/zenodo.org\/record\/7293663#invenio-csl\"><p style=\"color:#9ad3f9;\">Exportar cita\u00e7\u00e3o<\/p><\/a>\r\n\r\n<\/div>\r\n <!-- ARTICULO INDIVIDUAL !-->\r\n      <div class=\"wp_articulo\">\r\n        <!-- TITULO !-->  <b><p class=\"tituloar\"> Oclus\u00f5es e opacidades no licenciamento ambiental da UHE Tabajara,  Estado de Rond\u00f4nia, Brasil: uma an\u00e1lise a partir do componente socioecon\u00f4mico, p\u00e1gs. 27-56<\/p><\/b>\r\n        <!-- AUTOR  !-->  <p> Neiva Araujo, Luis Fernando Novoa Garzon, Evandro Mateus Moretto, Alisson Fl\u00e1vio Barbieri e Silvia Sayuri Mandai  <\/p>\r\n        <!-- DOI    !-->  <p style=\"float:left;\">DOI: <\/p><p>10.5281\/zenodo. 7293672<\/p>\r\n        <!-- PDF LINK  !-->  <a class=\"desar\"  href=\"https:\/\/zenodo.org\/record\/7293672\"><b><p style=\"color:#ff5e73;\">PDF<\/p><\/b><\/a>\r\n        <!-- EPUB LINK   <a class=\"desar\"  href=\"#\"><b><p style=\"color:#3e99f9;\">EPUB<\/p><\/b><\/a>!-->\r\n        <!-- CITA LINK !-->  <a class=\"desar\"  href=\"https:\/\/zenodo.org\/record\/7293672#invenio-csl\"><p style=\"color:#9ad3f9;\">Exportar cita\u00e7\u00e3o<\/p><\/a>\r\n\r\n!&#8211; ARTICULO INDIVIDUAL !&#8211;>\r\n      <div class=\"wp_articulo\">\r\n        <!-- TITULO !-->  <b><p class=\"tituloar\"> A invisibilidade da pesca da bacia do rio Machado no processo de licenciamentoambiental da Usina de Tabajara, Estado de Rond\u00f4nia, Brasil, pp. 57-78<\/p><\/b>\r\n        <!-- AUTOR  !-->  <p> Carolina Rodrigues da Costa Doria e Igor Rechetnicow Alves Sant\u2019Anna <\/p>\r\n        <!-- DOI    !-->  <p style=\"float:left;\">DOI: <\/p><p>10.5281\/zenodo.7293680<\/p>\r\n        <!-- PDF LINK  !-->  <a class=\"desar\"  href=\"https:\/\/zenodo.org\/record\/7293680\"><b><p style=\"color:#ff5e73;\">PDF<\/p><\/b><\/a>\r\n        <!-- EPUB LINK   <a class=\"desar\"  href=\"#\"><b><p style=\"color:#3e99f9;\">EPUB<\/p><\/b><\/a>!-->\r\n        <!-- CITA LINK !-->  <a class=\"desar\"  href=\"https:\/\/zenodo.org\/record\/7293680#invenio-csl\"><p style=\"color:#9ad3f9;\">Exportar cita\u00e7\u00e3o<\/p><\/a>\r\n\r\n&nbsp;\r\n\r\n<\/div>\r\n<!-- ARTICULO INDIVIDUAL !-->\r\n<div class=\"wp_articulo\"><!-- TITULO !-->\r\n<b><p class=\"tituloar\">Abordagem Conceitual sobre participa\u00e7\u00e3o p\u00fablica no Licenciamento Ambiental de Pequenas Centrais Hidrel\u00e9tricas: estado da arte das pesquisas feitas na p\u00f3s-gradua\u00e7\u00e3o brasileira (2004 a 2018), pp. 79-100<\/b><\/p>\r\n&nbsp;\r\n\r\n<!-- AUTOR !-->Ednilson Gomes de Souza Junior\r\n<!-- DOI    !-->  <p style=\"float:left;\">DOI: <\/p><p>10.5281\/zenodo.7293687<\/p>\r\n        <!-- PDF LINK  !-->  <a class=\"desar\"  href=\"https:\/\/zenodo.org\/record\/7293687\"><b><p style=\"color:#ff5e73;\">PDF<\/p><\/b><\/a>\r\n        <!-- EPUB LINK   <a class=\"desar\"  href=\"#\"><b><p style=\"color:#3e99f9;\">EPUB<\/p><\/b><\/a>!-->\r\n        <!-- CITA LINK !-->  <a class=\"desar\"  href=\"https:\/\/zenodo.org\/record\/7293687#invenio-csl\"><p style=\"color:#9ad3f9;\">Exportar cita\u00e7\u00e3o<\/p><\/a>\r\n\r\n\r\n&nbsp;\r\n\r\n<\/div>\r\n<!-- ARTICULO INDIVIDUAL !-->\r\n<div class=\"wp_articulo\"><!-- TITULO !-->\r\n<b><p class=\"tituloar\">Participa\u00e7\u00e3o social nos processos de instala\u00e7\u00e3o de usinas hidrel\u00e9tricas na Regi\u00e3o Hidrogr\u00e1fica do Rio Paraguai em Brasil: avan\u00e7os e contradi\u00e7\u00f5es. pp. 101-134<\/b><\/p>\r\n\r\n, pp. 101-134<\/b><\/p>\r\n&nbsp;\r\n\r\n<!-- AUTOR !-->Daniela Maimoni de Figueiredo, Debora Fernandes Calheiros, Clovis Vailant, Ingrid Leite de Oliveira, Sandro de Oliveira Pains, Let\u00edcia Auxiliadora da Silva Dionel e Solange Kimie Ikeda-Castrillon\r\n\r\n<!-- DOI    !-->  <p style=\"float:left;\">DOI: <\/p><p>10.5281\/zenodo.7293696<\/p>\r\n        <!-- PDF LINK  !-->  <a class=\"desar\"  href=\"https:\/\/zenodo.org\/record\/7293696\"><b><p style=\"color:#ff5e73;\">PDF<\/p><\/b><\/a>\r\n        <!-- EPUB LINK   <a class=\"desar\"  href=\"#\"><b><p style=\"color:#3e99f9;\">EPUB<\/p><\/b><\/a>!-->\r\n        <!-- CITA LINK !-->  <a class=\"desar\"  href=\"https:\/\/zenodo.org\/record\/7293696#invenio-csl\"><p style=\"color:#9ad3f9;\">Exportar cita\u00e7\u00e3o<\/p><\/a>\r\n&nbsp;\r\n\r\n<\/div>\r\n\/div>\r\n<\/div>\r\n<\/div>\r\n<style>\r\n.export-list{<br \/>   list-style-type: none;<br \/>   margin-top: 10px !important;<br \/>}<br \/>.export-list li {display:inline-block; margin: 0px 0px 0px 1.4rem;}<br \/>.export-list a {color: #2a8bb7; text-decoration: none; transition:0.2s all;}<br \/>.export-list a:hover{text-decoration:underline; transition:0.2s all;}<br \/><\/style>\r\n&nbsp;\r\n\r\n\r\n\r\n\r\n\r\n\r\n\r\n\r\n\r\n\r\n\r\n      <\/div>","protected":false},"excerpt":{"rendered":"ISSN: (Print) 2056-4856ISSN: (Online) 2056-4864 Vol. 8, No. 3 setembro de 2021 Ednilson Gomes e Simonne Teixeira (Eds.) DOI: 10.5281\/zenodo. 7292266 Participa\u00e7\u00e3o P\u00fablica nas Avalia\u00e7oes de Impacto Ambiental: Experi\u00eancias no Brasil Exportar cita\u00e7\u00e3o PDF Artigos \u201cN\u00f3s somos o movimento\u201d: organiza\u00e7\u00e3o comunit\u00e1ria na luta pelo acesso ao saneamento b\u00e1sico na Bacia de Campos, Rio de Janeiro, [&hellip;]","protected":false},"author":3,"featured_media":0,"parent":3476,"menu_order":0,"comment_status":"closed","ping_status":"closed","template":"page-templates\/full-width.php","meta":{"_acf_changed":false,"footnotes":""},"class_list":["post-3516","page","type-page","status-publish","hentry","no-wpautop"],"acf":[],"_links":{"self":[{"href":"https:\/\/waterlat.org\/pt\/wp-json\/wp\/v2\/pages\/3516","targetHints":{"allow":["GET"]}}],"collection":[{"href":"https:\/\/waterlat.org\/pt\/wp-json\/wp\/v2\/pages"}],"about":[{"href":"https:\/\/waterlat.org\/pt\/wp-json\/wp\/v2\/types\/page"}],"author":[{"embeddable":true,"href":"https:\/\/waterlat.org\/pt\/wp-json\/wp\/v2\/users\/3"}],"replies":[{"embeddable":true,"href":"https:\/\/waterlat.org\/pt\/wp-json\/wp\/v2\/comments?post=3516"}],"version-history":[{"count":3,"href":"https:\/\/waterlat.org\/pt\/wp-json\/wp\/v2\/pages\/3516\/revisions"}],"predecessor-version":[{"id":3520,"href":"https:\/\/waterlat.org\/pt\/wp-json\/wp\/v2\/pages\/3516\/revisions\/3520"}],"up":[{"embeddable":true,"href":"https:\/\/waterlat.org\/pt\/wp-json\/wp\/v2\/pages\/3476"}],"wp:attachment":[{"href":"https:\/\/waterlat.org\/pt\/wp-json\/wp\/v2\/media?parent=3516"}],"curies":[{"name":"wp","href":"https:\/\/api.w.org\/{rel}","templated":true}]}}