{"id":3524,"date":"2022-12-22T15:33:11","date_gmt":"2022-12-22T15:33:11","guid":{"rendered":"https:\/\/waterlat.org\/pt\/?page_id=3524"},"modified":"2023-05-25T23:03:33","modified_gmt":"2023-05-25T23:03:33","slug":"vol8-no4","status":"publish","type":"page","link":"https:\/\/waterlat.org\/pt\/working-papers-series\/volume-8-2021\/vol8-no4\/","title":{"rendered":"Vol8, No4"},"content":{"rendered":"<style>\r\n.entry-content img, .comment-content img, .widget img, img.header-image, .author-avatar img, img.wp-post-image {\r\nbox-shadow: none;\r\n}\r\n.box {\r\n  width: 40%;\r\n  margin: 0 auto;\r\n  background: rgba(255,255,255,0.2);\r\n  padding: 35px;\r\n  border: 2px solid #fff;\r\n  border-radius: 20px\/50px;\r\n  background-clip: padding-box;\r\n  text-align: center;\r\n}\r\n\r\n.pl_issn{text-align: right;    margin-bottom: 25px !important;font-size: 14px;display: inline;float: right;}\r\n.overlay {\r\n  position: fixed;\r\n  top: 0;\r\n  bottom: 0;\r\n  left: 0;\r\n  right: 0;\r\n  background: rgba(0, 0, 0, 0.7);\r\n  transition: opacity 500ms;\r\n  visibility: hidden;\r\n  opacity: 0;\r\n}\r\n.overlay:target {\r\n  visibility: visible;\r\n  opacity: 1;\r\n}\r\n\r\n.popup {\r\n  margin: 70px auto;\r\n  padding: 20px;\r\n  background: #fff;\r\n  border-radius: 5px;\r\n  width: 30%;\r\n  position: relative;\r\n  transition: all 5s ease-in-out;\r\n}\r\n\r\n.popup h2 {\r\n  margin-top: 0;\r\n  color: #333;\r\n  font-family: Tahoma, Arial, sans-serif;\r\n}\r\n.popup .close {\r\n  position: absolute;\r\n  top: 20px;\r\n  right: 30px;\r\n  transition: all 200ms;\r\n  font-size: 30px;\r\n  font-weight: bold;\r\n  text-decoration: none;\r\n  color: #333;\r\n}\r\n.popup .close:hover {\r\n  color: rgb(0, 66, 126);\r\n}\r\n.popup .content {\r\n  max-height: 30%;\r\n  overflow: auto;\r\n}\r\n\r\n@media screen and (max-width: 700px){\r\n  .box{\r\n    width: 70%;\r\n  }\r\n  .popup{\r\n    width: 70%;\r\n  }\r\n}\r\n.entry-content p {\r\nline-height: normal;\r\nmargin: 0;\r\n}\r\n\r\n.wp_cuaderno {display: inline-block; background-color: #ededed; box-shadow: 0 4px 8px 0 rgba(0, 0, 0, 0.2), 0 6px 20px 0 rgba(0, 0, 0, 0.19); padding: 20px 50px;}\r\n.wp_portada {float:left;}\r\n.wp_info{margin-left: 170px;}\r\np.titulo{font-size:18px;}\r\n.wp_info.desc{width: 90%; margin: 5px 0px;}\r\n.wp_info p {margin-bottom:3px;}\r\n.wp_info.serie{width: 360px;}\r\n.wp_info a {margin-top:8px;}\r\n\r\n.wp_descargas{clear: both; padding-top: 3px;}\r\n\r\n.dw_pdf {\r\n        background-color: rgba(251, 116, 116, 0);\r\n    padding: 8px 9px;\r\n    color: #b52335;\r\n    text-decoration: none;\r\n    border: 2px #b52335 solid;\r\n    transition: 0.2s all;\r\n    border-radius: 4px;\r\n    font-weight: 600;}\r\n.dw_pdf:hover{background-color: #b52335; color:white;}\r\n.dw_pdf i {font-size:25px; vertical-align: bottom; margin-right: 3px;}\r\n\r\n.dw_pdf-full {\r\n        background-color: rgba(251, 116, 116, 0);\r\n    padding: 8px 51px;\r\n    color: #b52335;\r\n    text-decoration: none;\r\n    border: 2px #b52335 solid;\r\n    transition: 0.2s all;\r\n    border-radius: 4px;\r\n    font-weight: 600;}\r\n.dw_pdf-full:hover{background-color: #b52335; color:white;}\r\n.dw_pdf-full i {font-size:25px; vertical-align: bottom; margin-right: 3px;}\r\n\r\n.dw_epub {background-color: rgba(251, 116, 116, 0);\r\n    padding: 8px 6px;\r\n    color: #0964bd;\r\n    text-decoration: none;\r\n    border: 2px #0964bd solid;\r\n    transition: 0.2s all;\r\n    border-radius: 4px;\r\n    margin-left: 5px;\r\n    font-weight: 600;}\r\n.dw_epub:hover{background-color: #0964bd; color:white;}\r\n.dw_epub i {font-size:25px; vertical-align: bottom; margin-right: 3px;}\r\n\r\n\r\n.wp_sec-art{padding-left: 50px; padding-top: 10px;}\r\n.wp_articulo{padding-top:40px;}\r\n.wp_articulo.tituloar{font-size:17px;}\r\na.desar {text-decoration: none; float:left; margin-right: 20px;}\r\n\r\n<\/style>\r\n\r\n\r\n\r\n<!-- CUADERNO !-->\r\n<p class=\"pl_issn\">ISSN: (Print)<b> 2056-4856<\/b><br \/>ISSN: (Online) <b>2056-4864<\/b><\/p>\r\n<div class=\"wp_cuaderno\">\r\n\r\n<!-- PORTADA !-->\r\n  <div class=\"wp_portada\">\r\n    <img width=\"158px \"src=\"https:\/\/waterlat.org\/wp-content\/uploads\/2022\/12\/Tapa-Vol8.4.jpg\" \/>\r\n  <\/div>\r\n\r\n  <!-- INFORMACION DERECHA !-->\r\n  <div class=\"wp_info\">\r\n\r\n      <!-- TITULO !--> <b><p class=\"titulo\">Vol. 8, No.4<\/p><\/b>\r\n      <!-- FECHA !-->  <p>dezembro de 2021<\/p>\r\n      <!-- AUTOR !-->  <p>Wagner Costa Ribeiro e Fl\u00e1via Darre Barbosa (Eds.)<\/p>\r\n      <!-- DOI !-->    <i><p>DOI: 10.5281\/zenodo. 7469827<\/p><\/i>\r\n      <!-- DESCR !-->  <b><p class=\"desc\"> Pol\u00edtica e \u00c1guas Transfronteiri\u00e7as: Experi\u00eancias de Brasil, M\u00e9xico, Paraguai e Uruguai<\/b> (em espanhol e portugu\u00eas) <\/p>\r\n      <!-- SERIE   <i><p class=\"serie\">??? (serie)<\/p><\/i>!-->\r\n      <!-- CITA !-->    <i><a href=\"https:\/\/zenodo.org\/record\/7469827#invenio-csl\" class=\"desar\" style=\"color:#9ad3f9;\">Exportar cita\u00e7\u00e3o<\/a><\/i>\r\n\r\n  <\/div>\r\n\r\n\r\n  <!-- DESCARGAS !-->\r\n  <div class=\"wp_descargas\">\r\n    <!-- PDF LINK !-->  <a href=\"https:\/\/zenodo.org\/record\/7469827\" class=\"dw_pdf-full\" target=\"_blank\" rel=\"noopener noreferrer\"><i class=\"fa fa-file-pdf-o\" aria-hidden=\"true\" fa-3x><\/i>PDF<\/a>\r\n    <!-- PDF LINK  <a href=\"#\" class=\"dw_pdf\"><i class=\"fa fa-file-pdf-o\" aria-hidden=\"true\" fa-3x><\/i>PDF<\/a>\r\n    EPUB LINK  <a href=\"#\" class=\"dw_epub\"><i class=\"fa fa-file-text-o\" aria-hidden=\"true\"><\/i>EPUB<\/a>!-->\r\n  <\/div>\r\n\r\n<\/div>\r\n\r\n\r\n<!-- SECCION ARTICULOS !-->\r\n<div style=\"margin-top: 30px;\">\r\n  <h3 style=\" margin-bottom:5px;\">Artigos<\/h3>\r\n  <hr style=\"margin: 0;\">\r\n\r\n\r\n\r\n    <!-- ARTICULO INDIVIDUAL !-->\r\n      <div class=\"wp_articulo\">\r\n        <!-- TITULO !-->  <b><p class=\"tituloar\"> Governan\u00e7a de sub-bacias hidrogr\u00e1ficas transfronteiri\u00e7as: as bacias dos rios Apa (Brasil \u2013 Paraguai) e Quara\u00ed (Brasil \u2013 Uruguai), pp. 6-34<\/p><\/b>\r\n        <!-- AUTOR  !-->  <p>Luis Paulo Batista da Silva <\/p>\r\n        <!-- DOI    !-->  <p style=\"float:left;\">DOI: <\/p><p>10.5281\/zenodo.7469983<\/p>\r\n        <!-- PDF LINK  !-->  <a class=\"desar\"  href=\"https:\/\/zenodo.org\/record\/7469983\"><b><p style=\"color:#ff5e73;\">PDF<\/p><\/b><\/a>\r\n        <!-- EPUB LINK   <a class=\"desar\"  href=\"#\"><b><p style=\"color:#3e99f9;\">EPUB<\/p><\/b><\/a>!-->\r\n        <!-- CITA LINK !-->  <a class=\"desar\"  href=\"https:\/\/zenodo.org\/record\/7469983#invenio-csl\"><p style=\"color:#9ad3f9;\">Exportar cita\u00e7\u00e3o<\/p><\/a>\r\n\r\n<\/div>\r\n <!-- ARTICULO INDIVIDUAL !-->\r\n      <div class=\"wp_articulo\">\r\n        <!-- TITULO !-->  <b><p class=\"tituloar\"> Brasil\/Paraguai: hidro-hegemonia, tens\u00f5es e coopera\u00e7\u00e3o em torno da usina hidrel\u00e9trica binacional de Itaipu, p\u00e1gs. 35-70<\/p><\/b>\r\n        <!-- AUTOR  !-->  <p> Mariana de Paula, Mariana Cristina Oliveira, Luis Paulo Batista da Silva, e Wagner Costa Ribeiro  <\/p>\r\n        <!-- DOI    !-->  <p style=\"float:left;\">DOI: <\/p><p>10.5281\/zenodo.7470016<\/p>\r\n        <!-- PDF LINK  !-->  <a class=\"desar\"  href=\"https:\/\/zenodo.org\/record\/7470016\"><b><p style=\"color:#ff5e73;\">PDF<\/p><\/b><\/a>\r\n        <!-- EPUB LINK   <a class=\"desar\"  href=\"#\"><b><p style=\"color:#3e99f9;\">EPUB<\/p><\/b><\/a>!-->\r\n        <!-- CITA LINK !-->  <a class=\"desar\"  href=\"https:\/\/zenodo.org\/record\/7470016#invenio-csl\"><p style=\"color:#9ad3f9;\">Exportar cita\u00e7\u00e3o<\/p><\/a>\r\n\r\n<\/div>\r\n <!-- ARTICULO INDIVIDUAL !-->\r\n      <div class=\"wp_articulo\">\r\n        <!-- TITULO !-->  <b><p class=\"tituloar\"> \u00c1gua-Poder: a gest\u00e3o da \u00e1gua subterr\u00e2nea no Mexico e sua olvidada dimens\u00e3o transfronteiri\u00e7a (em espanhol), pp. 71-94<\/p><\/b>\r\n        <!-- AUTOR  !-->  <p> Gonzalo Hatch-Kuri, Samuel Schmidt Nedvedovich, e Jos\u00e9 Joel Carrillo-Rivera <\/p>\r\n        <!-- DOI    !-->  <p style=\"float:left;\">DOI: <\/p><p>10.5281\/zenodo.7470039<\/p>\r\n        <!-- PDF LINK  !-->  <a class=\"desar\"  href=\"https:\/\/zenodo.org\/record\/7470039\"><b><p style=\"color:#ff5e73;\">PDF<\/p><\/b><\/a>\r\n        <!-- EPUB LINK   <a class=\"desar\"  href=\"#\"><b><p style=\"color:#3e99f9;\">EPUB<\/p><\/b><\/a>!-->\r\n        <!-- CITA LINK !-->  <a class=\"desar\"  href=\"https:\/\/zenodo.org\/record\/7470039#invenio-csl\"><p style=\"color:#9ad3f9;\">Exportar cita\u00e7\u00e3o<\/p><\/a>\r\n\r\n&nbsp;\r\n\r\n<\/div>\r\n<!-- ARTICULO INDIVIDUAL !-->\r\n<div class=\"wp_articulo\"><!-- TITULO !-->\r\n<b><p class=\"tituloar\">Securitiza\u00e7\u00e3o da energia el\u00e9trica e desenvolvimento brasileiro: os limites nas negocia\u00e7\u00f5es do Tratado de Itaipu durante o governo do ex-Presidente In\u00e1cio Lula da Silva (2003-2010)., pp. 95-111<\/b><\/p>\r\n&nbsp;\r\n\r\n<!-- AUTOR !-->Paulo In\u00e1cio Junior\r\n<!-- DOI    !-->  <p style=\"float:left;\">DOI: <\/p><p>10.5281\/zenodo.7470078<\/p>\r\n        <!-- PDF LINK  !-->  <a class=\"desar\"  href=\"https:\/\/zenodo.org\/record\/7470078\"><b><p style=\"color:#ff5e73;\">PDF<\/p><\/b><\/a>\r\n        <!-- EPUB LINK   <a class=\"desar\"  href=\"#\"><b><p style=\"color:#3e99f9;\">EPUB<\/p><\/b><\/a>!-->\r\n        <!-- CITA LINK !-->  <a class=\"desar\"  href=\"https:\/\/zenodo.org\/record\/7470078#invenio-csl\"><p style=\"color:#9ad3f9;\">Exportar cita\u00e7\u00e3o<\/p><\/a>\r\n\r\n\r\n&nbsp;\r\n\r\n<\/div>\r\n&nbsp;\r\n\r\n<\/div>\r\n\/div>\r\n<\/div>\r\n<\/div>\r\n<style>\r\n.export-list{<br \/>   list-style-type: none;<br \/>   margin-top: 10px !important;<br \/>}<br \/>.export-list li {display:inline-block; margin: 0px 0px 0px 1.4rem;}<br \/>.export-list a {color: #2a8bb7; text-decoration: none; transition:0.2s all;}<br \/>.export-list a:hover{text-decoration:underline; transition:0.2s all;}<br \/><\/style>\r\n&nbsp;\r\n\r\n","protected":false},"excerpt":{"rendered":"ISSN: (Print) 2056-4856ISSN: (Online) 2056-4864 Vol. 8, No.4 dezembro de 2021 Wagner Costa Ribeiro e Fl\u00e1via Darre Barbosa (Eds.) DOI: 10.5281\/zenodo. 7469827 Pol\u00edtica e \u00c1guas Transfronteiri\u00e7as: Experi\u00eancias de Brasil, M\u00e9xico, Paraguai e Uruguai (em espanhol e portugu\u00eas) Exportar cita\u00e7\u00e3o PDF Artigos Governan\u00e7a de sub-bacias hidrogr\u00e1ficas transfronteiri\u00e7as: as bacias dos rios Apa (Brasil \u2013 Paraguai) e [&hellip;]","protected":false},"author":3,"featured_media":0,"parent":3476,"menu_order":0,"comment_status":"closed","ping_status":"closed","template":"page-templates\/full-width.php","meta":{"_acf_changed":false,"footnotes":""},"class_list":["post-3524","page","type-page","status-publish","hentry","no-wpautop"],"acf":[],"_links":{"self":[{"href":"https:\/\/waterlat.org\/pt\/wp-json\/wp\/v2\/pages\/3524","targetHints":{"allow":["GET"]}}],"collection":[{"href":"https:\/\/waterlat.org\/pt\/wp-json\/wp\/v2\/pages"}],"about":[{"href":"https:\/\/waterlat.org\/pt\/wp-json\/wp\/v2\/types\/page"}],"author":[{"embeddable":true,"href":"https:\/\/waterlat.org\/pt\/wp-json\/wp\/v2\/users\/3"}],"replies":[{"embeddable":true,"href":"https:\/\/waterlat.org\/pt\/wp-json\/wp\/v2\/comments?post=3524"}],"version-history":[{"count":7,"href":"https:\/\/waterlat.org\/pt\/wp-json\/wp\/v2\/pages\/3524\/revisions"}],"predecessor-version":[{"id":3614,"href":"https:\/\/waterlat.org\/pt\/wp-json\/wp\/v2\/pages\/3524\/revisions\/3614"}],"up":[{"embeddable":true,"href":"https:\/\/waterlat.org\/pt\/wp-json\/wp\/v2\/pages\/3476"}],"wp:attachment":[{"href":"https:\/\/waterlat.org\/pt\/wp-json\/wp\/v2\/media?parent=3524"}],"curies":[{"name":"wp","href":"https:\/\/api.w.org\/{rel}","templated":true}]}}