{"id":3669,"date":"2023-05-07T18:38:15","date_gmt":"2023-05-07T18:38:15","guid":{"rendered":"https:\/\/waterlat.org\/pt\/?page_id=3669"},"modified":"2023-12-11T20:50:49","modified_gmt":"2023-12-11T20:50:49","slug":"livros-da-at2","status":"publish","type":"page","link":"https:\/\/waterlat.org\/pt\/areas-tematicas\/at2\/livros-da-at2\/","title":{"rendered":"Livros da AT2"},"content":{"rendered":"Aqui apresentamos livros produzidos por membros da AT2 como parte de suas atividades como membros  da Rede  (n\u00e3o incluimos publica\u00e7\u00f5es que n\u00e3o correspondem \u00e1 atividades da Rede.Estes livros refletem  os interesses e leque tem\u00e1tico da AT2.Alguns livros podem cobrir tamb\u00e9m aspectos de outras \u00c1reas Tem\u00e1ticas.\r\n\r\n<h2>Livros que s\u00e3o resultado do <a href=\"https:\/\/waterlat.org\/pt\/waterlat-student-prize\/\">Pr\u00eamio para Estudantes da Rede WATERLAT-GOBACIT<\/a>.<\/h2>\r\n<h2><\/h2>\r\n<a href=\"https:\/\/waterlat.org\/pt\/wp-content\/uploads\/sites\/3\/2013\/11\/capa-from-Poma_Defendiendo-territorioNUEVO.jpg\"><img loading=\"lazy\" decoding=\"async\" class=\"alignnone size-medium wp-image-2535\" src=\"https:\/\/waterlat.org\/pt\/wp-content\/uploads\/sites\/3\/2013\/11\/capa-from-Poma_Defendiendo-territorioNUEVO-215x300.jpg\" alt=\"\" width=\"215\" height=\"300\" srcset=\"https:\/\/waterlat.org\/pt\/wp-content\/uploads\/sites\/3\/2013\/11\/capa-from-Poma_Defendiendo-territorioNUEVO-215x300.jpg 215w, https:\/\/waterlat.org\/pt\/wp-content\/uploads\/sites\/3\/2013\/11\/capa-from-Poma_Defendiendo-territorioNUEVO-768x1070.jpg 768w, https:\/\/waterlat.org\/pt\/wp-content\/uploads\/sites\/3\/2013\/11\/capa-from-Poma_Defendiendo-territorioNUEVO-735x1024.jpg 735w, https:\/\/waterlat.org\/pt\/wp-content\/uploads\/sites\/3\/2013\/11\/capa-from-Poma_Defendiendo-territorioNUEVO-624x869.jpg 624w, https:\/\/waterlat.org\/pt\/wp-content\/uploads\/sites\/3\/2013\/11\/capa-from-Poma_Defendiendo-territorioNUEVO.jpg 984w\" sizes=\"auto, (max-width: 215px) 100vw, 215px\" \/><\/a>\r\n<h2><\/h2>\r\n<strong>Este livro corresponde ao <a href=\"https:\/\/waterlat.org\/pt\/waterlat-student-prize\/premio-waterlat-gobacit-2014\/\">Pr\u00eamio WATERLAT-GOBACIT para Estudantes 2014.<\/a><\/strong>\r\n<h2><\/h2>\r\n<a href=\"https:\/\/waterlat.org\/pt\/publicacoes\/livros\/defendendo\/\">Alice Poma, <span style=\"text-decoration: underline;\"> Defendendo Territ\u00f3rio e Dignidade. Emo\u00e7\u00f5es e Mudan\u00e7a Cultural nas Lutas contra Barragens na Espanha e no M\u00e9xico [em espanhol]<\/span><\/a>, Campina Grande, Para\u00edba, Brasil: Editora da Universidade Estadual da Para\u00edba (EDUEPB), Rede WATERLAT-GOBACIT, Escuela de Estudios Hispano Americanos (EEHA), Escola de Estudos Hispano-Americanos (EEHA), Conselho Superior de Pesquisas Cient\u00edficas (CSIC), Espa\u00f1a, e Instituto Tecnol\u00f3gico y de Estudios Superiores de Occidente, Guadalajara, M\u00e9xico, 2017. DOI: 10.5281\/zenodo.3959169.\r\n\r\n<h2><\/h2>\r\n<a href=\"https:\/\/waterlat.org\/wp-content\/uploads\/2021\/11\/capa-Marcos.jpg\"><img loading=\"lazy\" decoding=\"async\" class=\"alignnone size-medium wp-image-2744\" src=\"https:\/\/waterlat.org\/wp-content\/uploads\/2021\/11\/capa-Marcos.jpg\" alt=\"\" width=\"207\" height=\"300\" \/><\/a>\r\n<h2><\/h2>\r\nEste livro \u00e9 um produto da <a href=\"https:\/\/waterlat.org\/pt\/waterlat-student-prize\/waterlat-gobacit-2019\/\"> Edi\u00e7\u00e3o 2019 do Pr\u00eamio de Estudantes (Doutorado)<\/a> da Rede WATERLAT-GOBACIT.\r\n<h2><\/h2>\r\nMarcos Cristiano Zucarelli, <a href=\"https:\/\/waterlat.org\/pt\/publicacoes\/livros\/alma-lameada\/\"> A Matem\u00e1tica da Gest\u00e3o e a Alma Lameada: cr\u00edtica \u00e0 media\u00e7\u00e3o em licenciamentos e desastres na minera\u00e7\u00e3o<\/a>. ISBN: 978-65-86221-49-7 (E-book). DOI:10.5281\/zenodo.5708641.\r\n\r\nCo-publicado em Newcastle upon Tyne, Reino Unido e Campina Grande, Para\u00edba, Brasil, pela Rede WATERLAT-GOBACIT,e a <a href=\"http:\/\/eduepb.uepb.edu.br\/\"> Editora da Universidade Estadual da Para\u00edba (EDUEPB)<\/a>, 2021.\r\n<h2><\/h2>\r\n<h2>Livros que que s\u00e3o resultado de <a href=\"https:\/\/waterlat.org\/pt\/projetos\/\">Projetos de Pesquisa<\/a> coletivos realizados por membros da AT2.<\/h2>\r\n\r\n<a href=\"http:\/\/waterlat.org\/wp-content\/uploads\/2018\/05\/9789876302869-144x200.jpg\"><img loading=\"lazy\" decoding=\"async\" class=\"alignnone size-full wp-image-4797\" src=\"http:\/\/waterlat.org\/wp-content\/uploads\/2018\/05\/9789876302869-144x200.jpg\" alt=\"\" width=\"144\" height=\"200\" \/><\/a>\r\n\r\n<strong>Este livro \u00e9 um produto do <a href=\" https:\/\/waterlat.org\/pt\/projetos\/lanace\/\">Projeto LANACE<\/a> da Rede WATERLAT-GOBACIT.<\/strong>\r\n\r\n<span style=\"line-height: 1.714285714; font-size: 1rem;\">Lorena Bottaro e Marian Sol\u00e1 \u00c1ngeles (Eds.)<\/span> <span style=\"text-decoration: underline;\"> \u00c1gua e Megaprojetos de Minera\u00e7\u00e3o na Am\u00e9rica Latina<\/span><span style=\"line-height: 1.714285714; font-size: 1rem;\"> (em espanhol) (ISBN 978-987-630-286-9), Los Polvorines, Buenos Aires, Argentina: <\/span><a href=\" https:\/\/waterlat.org\/pt\/publicacoes\/livros\/agua-y-megaproyectos\/\">Ediciones UNGS, Universidad Nacional de General Sarmiento (UNGS) <\/a><span style=\"line-height: 1.714285714; font-size: 1rem;\"> e Rede WATERLAT-GOBACIT, 2018. DOI: 10.5072\/zenodo.217575.<\/span>\r\n\u200e\r\n<a href=\"https:\/\/waterlat.org\/wp-content\/uploads\/2023\/12\/Cover-Ednilson-e-Simonne-scaled.jpg\"><img loading=\"lazy\" decoding=\"async\" class=\"alignnone size-medium wp-image-2744\" src=\"https:\/\/waterlat.org\/wp-content\/uploads\/2023\/12\/Cover-Ednilson-e-Simonne-scaled.jpg\" alt=\"\" width=\"207\" height=\"300\" \/><\/a>\r\n<h2><\/h2>\r\n\r\n\r\nEdnilson Gomes e Simonne Texeira (Eds.),\r\n<span style=\"text-decoration: underline;\"><a href=\"https:\/\/waterlat.org\/pt\/publicacoes\/livros\/pequenas-centrais-hidreletricas-no-brasil\/\"> Pequenas Centrais Hidrel\u00e9tricas no Brasil. Legisla\u00e7\u00e3o, conflitos e impactos.<\/a> ISBN: 978-65-87726-39-71, Campos dos Goytacazes, Rio de Janeiro e Newcastle upon Tyne, Reino Unido: Editora da Universidade Estadual do Norte Fluminense Darcy Ribeiro (UENF) e Rede WATERLAT-GOBACIT.<\/span>\r\n\r\n&nbsp;\r\n<a href=\"https:\/\/waterlat.org\/pt\/areas-tematicas\/at2\/\">Voltar \u00e0 Apresenta\u00e7\u00e3o da AT2<\/a>","protected":false},"excerpt":{"rendered":"Aqui apresentamos livros produzidos por membros da AT2 como parte de suas atividades como membros da Rede (n\u00e3o incluimos publica\u00e7\u00f5es que n\u00e3o correspondem \u00e1 atividades da Rede.Estes livros refletem os interesses e leque tem\u00e1tico da AT2.Alguns livros podem cobrir tamb\u00e9m aspectos de outras \u00c1reas Tem\u00e1ticas. Livros que s\u00e3o resultado do Pr\u00eamio para Estudantes da Rede [&hellip;]","protected":false},"author":3,"featured_media":0,"parent":1613,"menu_order":0,"comment_status":"closed","ping_status":"closed","template":"page-templates\/full-width.php","meta":{"_acf_changed":false,"footnotes":""},"class_list":["post-3669","page","type-page","status-publish","hentry","no-wpautop"],"acf":[],"_links":{"self":[{"href":"https:\/\/waterlat.org\/pt\/wp-json\/wp\/v2\/pages\/3669","targetHints":{"allow":["GET"]}}],"collection":[{"href":"https:\/\/waterlat.org\/pt\/wp-json\/wp\/v2\/pages"}],"about":[{"href":"https:\/\/waterlat.org\/pt\/wp-json\/wp\/v2\/types\/page"}],"author":[{"embeddable":true,"href":"https:\/\/waterlat.org\/pt\/wp-json\/wp\/v2\/users\/3"}],"replies":[{"embeddable":true,"href":"https:\/\/waterlat.org\/pt\/wp-json\/wp\/v2\/comments?post=3669"}],"version-history":[{"count":10,"href":"https:\/\/waterlat.org\/pt\/wp-json\/wp\/v2\/pages\/3669\/revisions"}],"predecessor-version":[{"id":3918,"href":"https:\/\/waterlat.org\/pt\/wp-json\/wp\/v2\/pages\/3669\/revisions\/3918"}],"up":[{"embeddable":true,"href":"https:\/\/waterlat.org\/pt\/wp-json\/wp\/v2\/pages\/1613"}],"wp:attachment":[{"href":"https:\/\/waterlat.org\/pt\/wp-json\/wp\/v2\/media?parent=3669"}],"curies":[{"name":"wp","href":"https:\/\/api.w.org\/{rel}","templated":true}]}}