{"id":3682,"date":"2023-05-10T21:57:08","date_gmt":"2023-05-10T21:57:08","guid":{"rendered":"https:\/\/waterlat.org\/pt\/?page_id=3682"},"modified":"2023-05-27T15:20:35","modified_gmt":"2023-05-27T15:20:35","slug":"cadernos-de-trabalho-da-at9","status":"publish","type":"page","link":"https:\/\/waterlat.org\/pt\/areas-tematicas\/at9-agua-e-producao\/cadernos-de-trabalho-da-at9\/","title":{"rendered":"Cadernos de Trabalho da AT9"},"content":{"rendered":"A AT9 tem uma S\u00e9rie dentro dos <a href=\"http:\/\/waterlat.org\/publications\/working-papers-series\/\">Cadernos de Trabalho da Rede WATERLAT-GOBACIT<\/a>: S\u00e9rie \u00c1reas Tem\u00e1ticas, AT9 \u00c1gua e Produ\u00e7\u00e3o.\r\n<h2><\/h2>\r\n<a href=\"https:\/\/waterlat.org\/wp-content\/uploads\/2019\/12\/CoverVol6No2.jpg\"><img loading=\"lazy\" decoding=\"async\" class=\"alignnone size-medium wp-image-2717\" src=\"https:\/\/waterlat.org\/wp-content\/uploads\/2019\/12\/CoverVol6No2.jpg\" alt=\"Tapa WPSATAM22\" width=\"212\" height=\"300\" \/><\/a>.\r\n<h2><\/h2>\r\nVol 6 No 2, junio de  2019, N\u00famero conjunto com a  <a href=\"https:\/\/waterlat.org\/pt\/areas-tematicas\/at3\/\">\u00c1rea Tem\u00e1tica 3   AT3 &#8211; O Ciclo Urbano da \u00c1gua e os Servi\u00e7os P\u00fablicos Essenciais<\/a>. \r\nEditado por  Jaime Paneque-Galvez e  Marcela Morales-Maga\u00f1a, com Alejandra Moreyra e Pablo Walter.  \r\n<a href=\"https:\/\/waterlat.org\/pt\/working-papers-series\/volume-6-2019\/vol-6-no-2\/\">Baixar o n\u00famero aqui<\/a>.\r\n<h2><\/h2>\r\n<a href=\"https:\/\/waterlat.org\/wp-content\/uploads\/2022\/08\/vol-81-cover.jpg\"><img loading=\"lazy\" decoding=\"async\" class=\"alignnone size-medium wp-image-2717\" src=\"https:\/\/waterlat.org\/wp-content\/uploads\/2022\/08\/vol-81-cover.jpg\" alt=\"Tapa WPSATAM22\" width=\"212\" height=\"300\" \/><\/a>.\r\n<h2><\/h2>\r\n<b>A Quest\u00e3o agr\u00e1ria e \u00c1gua no Brasil, (2011-2018)<\/b> Editado por  O. Aly Junior, G. da Silva Teixeira e T. J. Alves dos Santos Ramos em parceria com a Comiss\u00e3o Pastoral da Terra (CPT), a Conferencia Nacional dos Bispos(CNBB), e a Associa\u00e7\u00e3o Brasileira de Reforma Agraria (ABRA), com apoio da Funda\u00e7\u00e3o Friedrich-Ebert.\r\n<h2><\/h2>\r\nVol 8 No 1, mar\u00e7o de 2021,<a href=\"https:\/\/waterlat.org\/pt\/working-papers-series\/volume-8-2021\/vol-8-no-1\/\">Baixar o n\u00famero aqui<\/a>.\r\n\r\n<h2><\/h2>\r\n\r\n<h2><\/h2>\r\n\r\n<a href=\"http:\/\/waterlat.org\/wp-content\/uploads\/2023\/05\/Tapa-9.2.jpg\"><img loading=\"lazy\" decoding=\"async\" class=\"alignnone size-medium wp-image-2717\" src=\"http:\/\/waterlat.org\/wp-content\/uploads\/2023\/05\/Tapa-9.2.jpg\" alt=\"Tapa WPSATAM22\" width=\"212\" height=\"300\" \/><\/a>.\r\n<h2><\/h2>\r\n\r\n<h2><\/h2>\r\n<b>Transgress\u00f5es p\u00fablico-privadas em  pol\u00edticas p\u00fablicas relacionadas com a \u00e1gua  e seu impacto em  espa\u00e7os, territ\u00f3rios e bacias hidro sociais. Li\u00e7\u00f5es de Argentina, Brasil e M\u00e9xico<\/b> (em espa\u00f1ol e portugu\u00eas).\r\nN\u00famero conjunto con <a href=\"https:\/\/waterlat.org\/pt\/areas-tematicas\/at6\/\">\u00c1reaTem\u00e1tica 6 AT6 &#8211; Bacias, Territ\u00f3rios e Espa\u00e7os Hidrosociais<\/a>. Editado por J.E. Castro, com artigos de L. Romero Navarrete, A. Rodr\u00edguez S\u00e1nchez, N. Dias Tadeu, A. C. Sanches Baptista, I. Penha de Oliveira Santos, e R. Larsimont. \r\n<h2><\/h2>\r\nVol. 9 No 2, junho de 2022. <a href=\"https:\/\/waterlat.org\/pt\/working-papers-series\/volume-9-2022\/vol9-no-2\/ \">Baixar aqu\u00ed o n\u00famero<\/a>.\r\n<h2><\/h2>\r\n\r\n\r\n\r\n\r\n\r\n\r\n\r\n&nbsp;\r\n\r\n<a href=\"https:\/\/waterlat.org\/pt\/areas-tematicas\/at9-agua-e-producao\/\">Voltar \u00e0 Apresenta\u00e7\u00e3o da AT9<\/a>","protected":false},"excerpt":{"rendered":"A AT9 tem uma S\u00e9rie dentro dos Cadernos de Trabalho da Rede WATERLAT-GOBACIT: S\u00e9rie \u00c1reas Tem\u00e1ticas, AT9 \u00c1gua e Produ\u00e7\u00e3o. . Vol 6 No 2, junio de 2019, N\u00famero conjunto com a \u00c1rea Tem\u00e1tica 3 AT3 &#8211; O Ciclo Urbano da \u00c1gua e os Servi\u00e7os P\u00fablicos Essenciais. Editado por Jaime Paneque-Galvez e Marcela Morales-Maga\u00f1a, com [&hellip;]","protected":false},"author":3,"featured_media":0,"parent":3683,"menu_order":0,"comment_status":"closed","ping_status":"closed","template":"page-templates\/full-width.php","meta":{"_acf_changed":false,"footnotes":""},"class_list":["post-3682","page","type-page","status-publish","hentry","no-wpautop"],"acf":[],"_links":{"self":[{"href":"https:\/\/waterlat.org\/pt\/wp-json\/wp\/v2\/pages\/3682","targetHints":{"allow":["GET"]}}],"collection":[{"href":"https:\/\/waterlat.org\/pt\/wp-json\/wp\/v2\/pages"}],"about":[{"href":"https:\/\/waterlat.org\/pt\/wp-json\/wp\/v2\/types\/page"}],"author":[{"embeddable":true,"href":"https:\/\/waterlat.org\/pt\/wp-json\/wp\/v2\/users\/3"}],"replies":[{"embeddable":true,"href":"https:\/\/waterlat.org\/pt\/wp-json\/wp\/v2\/comments?post=3682"}],"version-history":[{"count":11,"href":"https:\/\/waterlat.org\/pt\/wp-json\/wp\/v2\/pages\/3682\/revisions"}],"predecessor-version":[{"id":3851,"href":"https:\/\/waterlat.org\/pt\/wp-json\/wp\/v2\/pages\/3682\/revisions\/3851"}],"up":[{"embeddable":true,"href":"https:\/\/waterlat.org\/pt\/wp-json\/wp\/v2\/pages\/3683"}],"wp:attachment":[{"href":"https:\/\/waterlat.org\/pt\/wp-json\/wp\/v2\/media?parent=3682"}],"curies":[{"name":"wp","href":"https:\/\/api.w.org\/{rel}","templated":true}]}}