{"id":3768,"date":"2023-05-21T13:35:24","date_gmt":"2023-05-21T13:35:24","guid":{"rendered":"https:\/\/waterlat.org\/pt\/?page_id=3768"},"modified":"2023-05-21T21:59:07","modified_gmt":"2023-05-21T21:59:07","slug":"livros-da-at1","status":"publish","type":"page","link":"https:\/\/waterlat.org\/pt\/areas-tematicas\/at1\/livros-da-at1\/","title":{"rendered":"Livros da AT1"},"content":{"rendered":"Aqui apresentamos livros produzidos por membros da AT1 como parte de suas atividades como membros da Rede (n\u00e3o incluimos publica\u00e7\u00f5es que n\u00e3o correspondem \u00e1 atividades da Rede.Estes livros refletem  os interesses e leque tem\u00e1tico da AT1.\r\n<h2><\/h2>\r\n<a href=\"http:\/\/waterlat.org\/wp-content\/uploads\/2020\/06\/TapaTerritorialidades.jpg\"><img loading=\"lazy\" decoding=\"async\" class=\"alignnone size-medium wp-image-2747\" src=\"http:\/\/waterlat.org\/wp-content\/uploads\/2020\/06\/TapaTerritorialidades.jpg\" alt=\"\" width=\"207\" height=\"300\" \/><\/a>\r\n<h2><\/h2>\r\nJos\u00e9 Esteban Castro, Gustavo Kohan, Alice Poma, e Carlos Ruggerio (Eds.), <a href=\"https:\/\/waterlat.org\/pt\/publicacoes\/livros\/territorialidades-del-agua\/\"> Territorialidades da \u00c1gua. Conhecimento e a\u00e7\u00e3o para construir o futuro que queremos (em espanhol e portugu\u00eas)<\/a>. Co-publicado em Newcastle upon Tyne, Reino Unido, e Buenos Aires, Argentina, pela Rede WATERLAT-GOBACIT (DOI: 10.5281\/zenodo.3948431), e <a href=\"http:\/\/www.ciccus.org.ar\/\"> Ediciones CICCUS (ISBN de Argentina: 978-987-693-801-3 [E-book]<\/a>, <a href=\"https:\/\/www.iteso.mx\"> Instituto Tecnol\u00f3gico de Estudios Superiores de Occidente (ITESO)<\/a>, e <a href=\"https:\/\/ielat.com\">Instituto Universitario de Investigaci\u00f3n en Estudios Latinoamericanos (IELAT), Universidade de Alcal\u00e1<\/a>, [2019] 2a ed., 2020.\r\n<h2><\/h2>\r\n\r\n\r\n\r\n&nbsp;\r\n\r\n\r\n<a href=\"https:\/\/waterlat.org\/pt\/areas-tematicas\/at1\/\">Voltar \u00e0 Apresenta\u00e7\u00e3o da AT1<\/a>","protected":false},"excerpt":{"rendered":"Aqui apresentamos livros produzidos por membros da AT1 como parte de suas atividades como membros da Rede (n\u00e3o incluimos publica\u00e7\u00f5es que n\u00e3o correspondem \u00e1 atividades da Rede.Estes livros refletem os interesses e leque tem\u00e1tico da AT1. Jos\u00e9 Esteban Castro, Gustavo Kohan, Alice Poma, e Carlos Ruggerio (Eds.), Territorialidades da \u00c1gua. Conhecimento e a\u00e7\u00e3o para construir [&hellip;]","protected":false},"author":3,"featured_media":0,"parent":1524,"menu_order":0,"comment_status":"closed","ping_status":"closed","template":"page-templates\/full-width.php","meta":{"_acf_changed":false,"footnotes":""},"class_list":["post-3768","page","type-page","status-publish","hentry","no-wpautop"],"acf":[],"_links":{"self":[{"href":"https:\/\/waterlat.org\/pt\/wp-json\/wp\/v2\/pages\/3768","targetHints":{"allow":["GET"]}}],"collection":[{"href":"https:\/\/waterlat.org\/pt\/wp-json\/wp\/v2\/pages"}],"about":[{"href":"https:\/\/waterlat.org\/pt\/wp-json\/wp\/v2\/types\/page"}],"author":[{"embeddable":true,"href":"https:\/\/waterlat.org\/pt\/wp-json\/wp\/v2\/users\/3"}],"replies":[{"embeddable":true,"href":"https:\/\/waterlat.org\/pt\/wp-json\/wp\/v2\/comments?post=3768"}],"version-history":[{"count":5,"href":"https:\/\/waterlat.org\/pt\/wp-json\/wp\/v2\/pages\/3768\/revisions"}],"predecessor-version":[{"id":3775,"href":"https:\/\/waterlat.org\/pt\/wp-json\/wp\/v2\/pages\/3768\/revisions\/3775"}],"up":[{"embeddable":true,"href":"https:\/\/waterlat.org\/pt\/wp-json\/wp\/v2\/pages\/1524"}],"wp:attachment":[{"href":"https:\/\/waterlat.org\/pt\/wp-json\/wp\/v2\/media?parent=3768"}],"curies":[{"name":"wp","href":"https:\/\/api.w.org\/{rel}","templated":true}]}}