{"id":3789,"date":"2023-05-21T22:13:14","date_gmt":"2023-05-21T22:13:14","guid":{"rendered":"https:\/\/waterlat.org\/pt\/?page_id=3789"},"modified":"2023-05-22T14:11:26","modified_gmt":"2023-05-22T14:11:26","slug":"livros-da-at5","status":"publish","type":"page","link":"https:\/\/waterlat.org\/pt\/areas-tematicas\/at5\/livros-da-at5\/","title":{"rendered":"Livros da AT5"},"content":{"rendered":"Aqui apresentamos livros produzidos por membros da AT5 como parte de suas atividades como membros  da Rede  (n\u00e3o incluimos publica\u00e7\u00f5es que n\u00e3o correspondem \u00e1 atividades da Rede.Estes livros refletem  os interesses e leque tem\u00e1tico da AT5.Alguns livros podem cobrir tamb\u00e9m aspectos de outras \u00c1reas Tem\u00e1ticas.\r\n\r\n<h2>Livros que s\u00e3o resultado do <a href=\"https:\/\/waterlat.org\/pt\/waterlat-student-prize\/\">Pr\u00eamio para Estudantes da Rede WATERLAT-GOBACIT<\/a>.<\/h2>\r\n\r\n\r\n<h2><\/h2>\r\n\r\n<a href=\" http:\/\/waterlat.org\/wp-content\/uploads\/2019\/09\/tapa.jpg \"><img loading=\"lazy\" decoding=\"async\" class=\"alignnone size-medium wp-image-2744\" src=\" http:\/\/waterlat.org\/wp-content\/uploads\/2019\/09\/tapa.jpg \" alt=\"\" width=\"207\" height=\"300\" \/><\/a>\r\n<h2><\/h2>\r\nEste livro \u00e9 um produto da <a href=\"https:\/\/waterlat.org\/pt\/waterlat-student-prize\/premio2016\/\"> Edi\u00e7\u00e3o 2016 do Pr\u00eamio de Estudantes (Mestrado)<\/a> da Rede WATERLAT-GOBACIT.\r\n<h2><\/h2>\r\nAline Silveira Viana, <a href=\"https:\/\/waterlat.org\/pt\/publicacoes\/livros\/o-desastre-e-o-caos-velado-o-enfrentamento-individual-interpessoal-e-coletivo-de-idosos-e-familiares\/\"> O desastre e o Caos Velado: O enfrentamento individual, interpessoal e coletivo de idosos e familiares <\/a> (ISBN: 978-987-86-3795-2 [E-book], (DOI:10.5281\/zenodo.3950539). Co-publicado em Newcastle upon Tyne, Reino Unido, Campina Grande, Para\u00edba, Brasil, Buenos Aires, Argentina, e Alcal\u00e1 de Henares, Espanha, pela Rede WATERLAT-GOBACIT, <a href=\"http:\/\/eduepb.uepb.edu.br\/e-books\/\"> Editora da Universidade Estadual da Para\u00edba (EDUEPB, e <\/a><a href=\"https:\/\/ielat.com\">Instituto Universitario de Investigaci\u00f3n en Estudios Latinoamericanos (IELAT), Universidade de Alcal\u00e1<\/a><a href=\"http:\/\/eduepb.uepb.edu.br\/e-books\/\">, 2020.<\/a>\r\n<h2><\/h2>\r\n\r\n<h2><\/h2>\r\n\r\n<a href=\"https:\/\/waterlat.org\/pt\/areas-tematicas\/at5\/\">Voltar \u00e0 Apresenta\u00e7\u00e3o da AT5<\/a>","protected":false},"excerpt":{"rendered":"Aqui apresentamos livros produzidos por membros da AT5 como parte de suas atividades como membros da Rede (n\u00e3o incluimos publica\u00e7\u00f5es que n\u00e3o correspondem \u00e1 atividades da Rede.Estes livros refletem os interesses e leque tem\u00e1tico da AT5.Alguns livros podem cobrir tamb\u00e9m aspectos de outras \u00c1reas Tem\u00e1ticas. Livros que s\u00e3o resultado do Pr\u00eamio para Estudantes da Rede [&hellip;]","protected":false},"author":3,"featured_media":0,"parent":1766,"menu_order":0,"comment_status":"closed","ping_status":"closed","template":"page-templates\/full-width.php","meta":{"_acf_changed":false,"footnotes":""},"class_list":["post-3789","page","type-page","status-publish","hentry","no-wpautop"],"acf":[],"_links":{"self":[{"href":"https:\/\/waterlat.org\/pt\/wp-json\/wp\/v2\/pages\/3789","targetHints":{"allow":["GET"]}}],"collection":[{"href":"https:\/\/waterlat.org\/pt\/wp-json\/wp\/v2\/pages"}],"about":[{"href":"https:\/\/waterlat.org\/pt\/wp-json\/wp\/v2\/types\/page"}],"author":[{"embeddable":true,"href":"https:\/\/waterlat.org\/pt\/wp-json\/wp\/v2\/users\/3"}],"replies":[{"embeddable":true,"href":"https:\/\/waterlat.org\/pt\/wp-json\/wp\/v2\/comments?post=3789"}],"version-history":[{"count":5,"href":"https:\/\/waterlat.org\/pt\/wp-json\/wp\/v2\/pages\/3789\/revisions"}],"predecessor-version":[{"id":3798,"href":"https:\/\/waterlat.org\/pt\/wp-json\/wp\/v2\/pages\/3789\/revisions\/3798"}],"up":[{"embeddable":true,"href":"https:\/\/waterlat.org\/pt\/wp-json\/wp\/v2\/pages\/1766"}],"wp:attachment":[{"href":"https:\/\/waterlat.org\/pt\/wp-json\/wp\/v2\/media?parent=3789"}],"curies":[{"name":"wp","href":"https:\/\/api.w.org\/{rel}","templated":true}]}}