{"id":3912,"date":"2023-12-11T18:48:10","date_gmt":"2023-12-11T18:48:10","guid":{"rendered":"https:\/\/waterlat.org\/pt\/?page_id=3912"},"modified":"2025-01-25T12:39:50","modified_gmt":"2025-01-25T12:39:50","slug":"pequenas-centrais-hidreletricas-no-brasil","status":"publish","type":"page","link":"https:\/\/waterlat.org\/pt\/publicacoes\/livros\/pequenas-centrais-hidreletricas-no-brasil\/","title":{"rendered":"Pequenas Centrais Hidrel\u00e9tricas no Brasil. Legisla\u00e7\u00e3o, conflitos e impactos"},"content":{"rendered":"<p><a href=\"https:\/\/waterlat.org\/wp-content\/uploads\/2023\/12\/Cover-Ednilson-e-Simonne-scaled.jpg\"><img loading=\"lazy\" decoding=\"async\" class=\"alignnone size-medium wp-image-1938\" src=\"https:\/\/waterlat.org\/wp-content\/uploads\/2023\/12\/Cover-Ednilson-e-Simonne-scaled.jpg\" width=\"300\" height=\"138\" \/><\/a><\/p>\n<p>Ednilson Gomes e Simonne Texeira (Eds.), <span style=\"text-decoration: underline;\"><b>Pequenas Centrais Hidrel\u00e9tricas no Brasil. Legisla\u00e7\u00e3o, conflitos e impactos<\/b><\/span>, Campos dos Goytacazes, Rio de Janeiro, Brasil, e Newcastle upon Tyne, Reino Unido: Editora da Universidade Estadual do Norte Fluminense Darcy Ribeiro (UENF) e Rede WATERLAT-GOBACIT, 2023.  ISBN: 978-65-87726-39-71. DOI:10.5281\/zenodo.10355194. <\/p>\n<p>Este livro \u00e9 resultado de atividades desenvolvidas por membros da Rede WATERLAT-GOBACIT e especialistas convidados de diferentes regi\u00f5es do Brasil, incluindo a Amazonia. Estas actividades y el libro son um producto del <a href=\"https:\/\/waterlat.org\/pt\/areas-tematicas\/at2\/ \"><b>\u00c1rea Tem\u00e1tica 2 da Rede, \u00c1gua e Megaprojetos<\/b><\/a>.<\/p>\n<p><i><a href=\"https:\/\/zenodo.org\/record\/10355194#invenio-csl\" class=\"desar\" style=\"color:#9ad3f9;\">Exportar a cita\u00e7\u00e3o<\/a><\/i><br \/>\n<\/br><br \/>\n&nbsp;<\/p>\n<h3>Baixar o Livro <\/h3>\n<p><a href=\"https:\/\/zenodo.org\/record\/10355194#.XZJW5S2ZNQI\" class=\"dw_pdf-full\" target=\"_blank\" rel=\"noopener noreferrer\"><i class=\"fa fa-file-pdf-o\" aria-hidden=\"true\" fa-3x><\/i> PDF <\/a><\/p>\n","protected":false},"excerpt":{"rendered":"<p>Ednilson Gomes e Simonne Texeira (Eds.), Pequenas Centrais Hidrel\u00e9tricas no Brasil. Legisla\u00e7\u00e3o, conflitos e impactos, Campos dos Goytacazes, Rio de Janeiro, Brasil, e Newcastle upon Tyne, Reino Unido: Editora da Universidade Estadual do Norte Fluminense Darcy Ribeiro (UENF) e Rede WATERLAT-GOBACIT, 2023. ISBN: 978-65-87726-39-71. DOI:10.5281\/zenodo.10355194. Este livro \u00e9 resultado de atividades desenvolvidas por membros da [&hellip;]<\/p>\n","protected":false},"author":3,"featured_media":0,"parent":22,"menu_order":0,"comment_status":"closed","ping_status":"closed","template":"page-templates\/full-width.php","meta":{"_acf_changed":false,"footnotes":""},"class_list":["post-3912","page","type-page","status-publish","hentry","wpautop"],"acf":[],"_links":{"self":[{"href":"https:\/\/waterlat.org\/pt\/wp-json\/wp\/v2\/pages\/3912","targetHints":{"allow":["GET"]}}],"collection":[{"href":"https:\/\/waterlat.org\/pt\/wp-json\/wp\/v2\/pages"}],"about":[{"href":"https:\/\/waterlat.org\/pt\/wp-json\/wp\/v2\/types\/page"}],"author":[{"embeddable":true,"href":"https:\/\/waterlat.org\/pt\/wp-json\/wp\/v2\/users\/3"}],"replies":[{"embeddable":true,"href":"https:\/\/waterlat.org\/pt\/wp-json\/wp\/v2\/comments?post=3912"}],"version-history":[{"count":2,"href":"https:\/\/waterlat.org\/pt\/wp-json\/wp\/v2\/pages\/3912\/revisions"}],"predecessor-version":[{"id":3915,"href":"https:\/\/waterlat.org\/pt\/wp-json\/wp\/v2\/pages\/3912\/revisions\/3915"}],"up":[{"embeddable":true,"href":"https:\/\/waterlat.org\/pt\/wp-json\/wp\/v2\/pages\/22"}],"wp:attachment":[{"href":"https:\/\/waterlat.org\/pt\/wp-json\/wp\/v2\/media?parent=3912"}],"curies":[{"name":"wp","href":"https:\/\/api.w.org\/{rel}","templated":true}]}}