{"id":3930,"date":"2024-09-11T21:33:04","date_gmt":"2024-09-11T21:33:04","guid":{"rendered":"https:\/\/waterlat.org\/pt\/?page_id=3930"},"modified":"2025-01-25T13:47:40","modified_gmt":"2025-01-25T13:47:40","slug":"organizacao-agua-mexico","status":"publish","type":"page","link":"https:\/\/waterlat.org\/pt\/publicacoes\/livros\/organizacao-agua-mexico\/","title":{"rendered":"Organiza\u00e7\u00e3o Social, Gest\u00e3o, e Defesa  da \u00c1gua  no M\u00e9xico (em  espanhol)"},"content":{"rendered":"<p><a href=\"https:\/\/waterlat.org\/wp-content\/uploads\/2024\/09\/Tapa-Org-Social-del-agua.jpg\"><img loading=\"lazy\" decoding=\"async\" class=\"alignnone size-medium wp-image-1938\" src=\"https:\/\/waterlat.org\/wp-content\/uploads\/2024\/09\/Tapa-Org-Social-del-agua.jpg\" width=\"300\" height=\"138\" \/><\/a><\/p>\n<p>Antonio Rodr\u00edguez S\u00e1nchez (Coord.), <span style=\"text-decoration: underline;\"><b>Organiza\u00e7\u00e3o Social, Gest\u00e3o , e Defesa da \u00c1gua no M\u00e9xico<\/b><\/span>, Zacatecas, M\u00e9xico e Newcastle upon Tyne, Reino Unido:Editora da Universidad Aut\u00f3noma de Zacatecas (UAZ) e Rede WATERLAT-GOBACIT, 2024. ISBN: 978-607-555-206-4.DOI:10.5281\/zenodo.13750251.<br \/>\nEste livro corresponde \u00e0 primeira fase do projeto de pesquisa sobre o Sistema Unificado de Informa\u00e7\u00e3o sobre \u00c1gua e Bacias do M\u00e9xico, realizada com participa\u00e7\u00e3o de membros mexicanos da Rede WATERLAT-GOBACIT e especialistas convidados. O livro \u00e9 um  produto da <a href=\"https:\/\/waterlat.org\/pt\/areas-tematicas\/at6\/\"><b> \u00c1rea Tem\u00e1tica 6 da Rede, Bacias, Territ\u00f3rios e Espa\u00e7os Hidrosociais<\/b><\/a>.<\/p>\n<p><i><a class=\"desar\" style=\"color: #9ad3f9;\" href=\"https:\/\/zenodo.org\/record\/13750251#invenio-csl\">Exportar a Cita\u00e7\u00e3o <\/a><\/i><\/p>\n<h3>Baixar o livro<\/h3>\n<p><a class=\"dw_pdf-full\" href=\"https:\/\/zenodo.org\/record\/13750251#.XZJW5S2ZNQI\" target=\"_blank\" rel=\"noopener noreferrer\"><i class=\"fa fa-file-pdf-o\" aria-hidden=\"true\"><\/i> PDF <\/a><\/p>\n","protected":false},"excerpt":{"rendered":"<p>Antonio Rodr\u00edguez S\u00e1nchez (Coord.), Organiza\u00e7\u00e3o Social, Gest\u00e3o , e Defesa da \u00c1gua no M\u00e9xico, Zacatecas, M\u00e9xico e Newcastle upon Tyne, Reino Unido:Editora da Universidad Aut\u00f3noma de Zacatecas (UAZ) e Rede WATERLAT-GOBACIT, 2024. ISBN: 978-607-555-206-4.DOI:10.5281\/zenodo.13750251. Este livro corresponde \u00e0 primeira fase do projeto de pesquisa sobre o Sistema Unificado de Informa\u00e7\u00e3o sobre \u00c1gua e Bacias do [&hellip;]<\/p>\n","protected":false},"author":3,"featured_media":0,"parent":22,"menu_order":0,"comment_status":"closed","ping_status":"closed","template":"page-templates\/full-width.php","meta":{"_acf_changed":false,"footnotes":""},"class_list":["post-3930","page","type-page","status-publish","hentry","wpautop"],"acf":[],"_links":{"self":[{"href":"https:\/\/waterlat.org\/pt\/wp-json\/wp\/v2\/pages\/3930","targetHints":{"allow":["GET"]}}],"collection":[{"href":"https:\/\/waterlat.org\/pt\/wp-json\/wp\/v2\/pages"}],"about":[{"href":"https:\/\/waterlat.org\/pt\/wp-json\/wp\/v2\/types\/page"}],"author":[{"embeddable":true,"href":"https:\/\/waterlat.org\/pt\/wp-json\/wp\/v2\/users\/3"}],"replies":[{"embeddable":true,"href":"https:\/\/waterlat.org\/pt\/wp-json\/wp\/v2\/comments?post=3930"}],"version-history":[{"count":5,"href":"https:\/\/waterlat.org\/pt\/wp-json\/wp\/v2\/pages\/3930\/revisions"}],"predecessor-version":[{"id":3965,"href":"https:\/\/waterlat.org\/pt\/wp-json\/wp\/v2\/pages\/3930\/revisions\/3965"}],"up":[{"embeddable":true,"href":"https:\/\/waterlat.org\/pt\/wp-json\/wp\/v2\/pages\/22"}],"wp:attachment":[{"href":"https:\/\/waterlat.org\/pt\/wp-json\/wp\/v2\/media?parent=3930"}],"curies":[{"name":"wp","href":"https:\/\/api.w.org\/{rel}","templated":true}]}}