{"id":3968,"date":"2025-01-25T20:33:14","date_gmt":"2025-01-25T20:33:14","guid":{"rendered":"https:\/\/waterlat.org\/pt\/?page_id=3968"},"modified":"2025-01-25T20:33:14","modified_gmt":"2025-01-25T20:33:14","slug":"democracia-e","status":"publish","type":"page","link":"https:\/\/waterlat.org\/pt\/publicacoes\/livros\/democracia-e\/","title":{"rendered":"Democracia e Pol\u00edticas Globais da \u00c1gua em Perspectiva Hist\u00f3rica. Contra a privatiza\u00e7\u00e3o da \u00e1gua (em ingl\u00eas)"},"content":{"rendered":"<p><a href=\"https:\/\/waterlat.org\/wp-content\/uploads\/2025\/01\/Cover-Castro-Palgrave-2024.jpg\"><img loading=\"lazy\" decoding=\"async\" class=\"alignnone size-medium wp-image-1938\" src=\"https:\/\/waterlat.org\/wp-content\/uploads\/2025\/01\/Cover-Castro-Palgrave-2024.jpg\" width=\"300\" height=\"138\" \/><\/a><\/p>\n<p>Jose Esteban Castro, Democracy and Global Water Politics in Historical Perspective. Against water privatization. Londres: Palgrave-Macmillan, 2024. Hardcover ISBN 978-0-230-21210-7. eBook ISBN 978-1-137-31788-9 DOI:https:\/\/doi.org\/10.1057\/978-1-137-31788-9.<\/p>\n<h2><\/h2>\n<h2>Endossos<\/h2>\n<p>\u201cEste livro disseca cirurgicamente a perversa rela\u00e7\u00e3o entre a privatiza\u00e7\u00e3o da \u00e1gua e o lento, mas persistente decl\u00ednio da democracia. Jos\u00e9 Esteban Castro demostra conclusivamente que a privatiza\u00e7\u00e3o n\u00e3o somente \u00e9 socialmente devastadora, mas tamb\u00e9m enfraquece os pr\u00f3prios fundamentos da democracia. Uma leitura obrigat\u00f3ria para quem est\u00e1 preocupado com o estado atual do mundo e seus ambientes\u201d.<\/p>\n<p>\u2014Erik Swyngedouw, Professor of Geography, University of Manchester, Reino Unido<\/p>\n<p>\u201cEste livro muito importante discute a mercantiliza\u00e7\u00e3o e, mais recentemente financeiriza\u00e7\u00e3o dos servi\u00e7os de provis\u00e3o de \u00e1gua em contexto hist\u00f3rico e apresenta uma cr\u00edtica devastadora de seus fracassos em n\u00edvel mundial\u201d.<\/p>\n<p>\u2014William Outhwaite, Fellow of the Academy of Social Sciences, Reino Unido<br \/>\nEmeritus Professor of Sociology, Newcastle University, Reino Unido<\/p>\n<p>\u201cA pol\u00edtica da \u00e1gua tem-se convertido numa quest\u00e3o chave neste s\u00e9culo de secas e enchentes. O livro de Jos\u00e9 Esteban Castro apresenta uma an\u00e1lise social peculiarmente bem-informada deste tema\u201d.<\/p>\n<p>\u2014G\u00f6ran Therborn, Emeritus Professor of Sociology, University<br \/>\nof Cambridge, Reino Unido<\/p>\n<p>Este livro esta dispon\u00edvel em: <a href=\"https:\/\/link.springer.com\/book\/10.1057\/978-1-137-31788-9\"> pagina de Internet de Springer Nature<\/a>.<\/p>\n","protected":false},"excerpt":{"rendered":"<p>Jose Esteban Castro, Democracy and Global Water Politics in Historical Perspective. Against water privatization. Londres: Palgrave-Macmillan, 2024. Hardcover ISBN 978-0-230-21210-7. eBook ISBN 978-1-137-31788-9 DOI:https:\/\/doi.org\/10.1057\/978-1-137-31788-9. Endossos \u201cEste livro disseca cirurgicamente a perversa rela\u00e7\u00e3o entre a privatiza\u00e7\u00e3o da \u00e1gua e o lento, mas persistente decl\u00ednio da democracia. Jos\u00e9 Esteban Castro demostra conclusivamente que a privatiza\u00e7\u00e3o n\u00e3o somente [&hellip;]<\/p>\n","protected":false},"author":3,"featured_media":0,"parent":22,"menu_order":0,"comment_status":"closed","ping_status":"closed","template":"page-templates\/full-width.php","meta":{"_acf_changed":false,"footnotes":""},"class_list":["post-3968","page","type-page","status-publish","hentry","wpautop"],"acf":[],"_links":{"self":[{"href":"https:\/\/waterlat.org\/pt\/wp-json\/wp\/v2\/pages\/3968","targetHints":{"allow":["GET"]}}],"collection":[{"href":"https:\/\/waterlat.org\/pt\/wp-json\/wp\/v2\/pages"}],"about":[{"href":"https:\/\/waterlat.org\/pt\/wp-json\/wp\/v2\/types\/page"}],"author":[{"embeddable":true,"href":"https:\/\/waterlat.org\/pt\/wp-json\/wp\/v2\/users\/3"}],"replies":[{"embeddable":true,"href":"https:\/\/waterlat.org\/pt\/wp-json\/wp\/v2\/comments?post=3968"}],"version-history":[{"count":4,"href":"https:\/\/waterlat.org\/pt\/wp-json\/wp\/v2\/pages\/3968\/revisions"}],"predecessor-version":[{"id":3972,"href":"https:\/\/waterlat.org\/pt\/wp-json\/wp\/v2\/pages\/3968\/revisions\/3972"}],"up":[{"embeddable":true,"href":"https:\/\/waterlat.org\/pt\/wp-json\/wp\/v2\/pages\/22"}],"wp:attachment":[{"href":"https:\/\/waterlat.org\/pt\/wp-json\/wp\/v2\/media?parent=3968"}],"curies":[{"name":"wp","href":"https:\/\/api.w.org\/{rel}","templated":true}]}}