{"id":4,"date":"2013-11-27T20:59:05","date_gmt":"2013-11-27T20:59:05","guid":{"rendered":"http:\/\/waterlat.org\/pt\/?page_id=4"},"modified":"2017-06-13T13:03:31","modified_gmt":"2017-06-13T13:03:31","slug":"equipe-old","status":"publish","type":"page","link":"https:\/\/waterlat.org\/pt\/equipe-old\/","title":{"rendered":"Equipe old"},"content":{"rendered":"<p>&nbsp;<\/p>\n<p>A Rede WATERLAT-GOBACIT t\u00eam por volta de 450 membros baseados em \u00c1frica, Am\u00e9rica Latina, Asia e Europa.<\/p>\n<p><iframe loading=\"lazy\" src=\"https:\/\/www.google.com\/maps\/d\/embed?mid=13rymqeBIjOZ600WOgM3qGgGc7_s&amp;hl=en\" width=\"640\" height=\"480\"><\/iframe><\/p>\n<p>A equipe da Rede inclui membros individuais e institucionais e um grande n\u00famero de estudantes de gradua\u00e7\u00e3o e p\u00f3s-gradua\u00e7\u00e3o. Al\u00e9m de acad\u00eamicos eestudantes, inclui trabalhadores do setor p\u00fablico, membros de ONGs, movimentos sociais, comunidades ind\u00edgenas e camponesas, sindicatos, entre outros setores relevantes. Apresentamos nossa equipe em &#8220;membros&#8221; e &#8220;estudantes&#8221; para enfatizar a import\u00e2ncia de nosso corpo de estudantes. Anualmente a Rede outorga um <a href=\"https:\/\/waterlat.org\/pt\/waterlat-student-prize\/\">Pr\u00eamio de Estudantes<\/a> consistente na publica\u00e7\u00e3o das melhores teses de doutorado e disserta\u00e7\u00f5es de mestrado.<\/p>\n<p>&nbsp;<\/p>\n<p><a href=\"https:\/\/waterlat.org\/pt\/equipe\/membros\/\">Membros<\/a><\/p>\n<p><a href=\"https:\/\/waterlat.org\/pt\/equipe\/estudantes\/\">Estudantes<\/a><\/p>\n<p><a href=\"https:\/\/waterlat.org\/pt\/equipe\/membros-institucionais\/\">Membros Institucionais<\/a><\/p>\n<p>&nbsp;<\/p>\n","protected":false},"excerpt":{"rendered":"<p>&nbsp; A Rede WATERLAT-GOBACIT t\u00eam por volta de 450 membros baseados em \u00c1frica, Am\u00e9rica Latina, Asia e Europa. A equipe da Rede inclui membros individuais e institucionais e um grande n\u00famero de estudantes de gradua\u00e7\u00e3o e p\u00f3s-gradua\u00e7\u00e3o. Al\u00e9m de acad\u00eamicos eestudantes, inclui trabalhadores do setor p\u00fablico, membros de ONGs, movimentos sociais, comunidades ind\u00edgenas e camponesas, [&hellip;]<\/p>\n","protected":false},"author":1,"featured_media":0,"parent":0,"menu_order":0,"comment_status":"closed","ping_status":"open","template":"page-templates\/full-width.php","meta":{"_acf_changed":false,"footnotes":""},"class_list":["post-4","page","type-page","status-publish","hentry","wpautop"],"acf":[],"_links":{"self":[{"href":"https:\/\/waterlat.org\/pt\/wp-json\/wp\/v2\/pages\/4","targetHints":{"allow":["GET"]}}],"collection":[{"href":"https:\/\/waterlat.org\/pt\/wp-json\/wp\/v2\/pages"}],"about":[{"href":"https:\/\/waterlat.org\/pt\/wp-json\/wp\/v2\/types\/page"}],"author":[{"embeddable":true,"href":"https:\/\/waterlat.org\/pt\/wp-json\/wp\/v2\/users\/1"}],"replies":[{"embeddable":true,"href":"https:\/\/waterlat.org\/pt\/wp-json\/wp\/v2\/comments?post=4"}],"version-history":[{"count":8,"href":"https:\/\/waterlat.org\/pt\/wp-json\/wp\/v2\/pages\/4\/revisions"}],"predecessor-version":[{"id":2118,"href":"https:\/\/waterlat.org\/pt\/wp-json\/wp\/v2\/pages\/4\/revisions\/2118"}],"wp:attachment":[{"href":"https:\/\/waterlat.org\/pt\/wp-json\/wp\/v2\/media?parent=4"}],"curies":[{"name":"wp","href":"https:\/\/api.w.org\/{rel}","templated":true}]}}