{"id":4005,"date":"2025-04-26T13:31:06","date_gmt":"2025-04-26T13:31:06","guid":{"rendered":"https:\/\/waterlat.org\/pt\/?page_id=4005"},"modified":"2025-06-30T15:28:15","modified_gmt":"2025-06-30T15:28:15","slug":"segunda-sessao-seminario-2025","status":"publish","type":"page","link":"https:\/\/waterlat.org\/pt\/ensino\/seminario-2025\/segunda-sessao-seminario-2025\/","title":{"rendered":"Segunda Sess\u00e3o Seminario 2025"},"content":{"rendered":"<h2>Segunda Sess\u00e3o 7 de abril de 2025 (espanhol e portugu\u00eas)<\/h2>\n<h3>Apresenta\u00e7\u00e3o do Semin\u00e1rio 2025<\/h3>\n<h3>Apresenta\u00e7\u00f5es de Estudantes<\/h3>\n<p>\u201c\u00bfExiste un uso comunitario no capitalista del agua? Aportes al debate en base al estudio de su apropiaci\u00f3n en la Provincia de Petorca, Chile\u201d.<\/p>\n<p>Javiera Rojas Cifuentes (Chile)<\/p>\n<p>Doctorado en Ciencias Sociales, Universidad de Buenos Aires (UBA), Buenos Aires, Argentina.<\/p>\n<p>\u201cDesastres socionaturais: contribui\u00e7\u00f5es te\u00f3rico-emp\u00edricas na forma\u00e7\u00e3o do campo de estudos\u201d.<\/p>\n<p>Patr\u00edcia Geittenes Tondelo (Brasil)<\/p>\n<p>Doutorado em Desenvolvimento Urbano. Universidade Federal de Pernambuco (UFPE), Recife, Brasil.<\/p>\n<p>\u201cProcesos participativos en la habilitaci\u00f3n del lago Tl\u00e1huac Xico en el Valle de M\u00e9xico. Entre la desecaci\u00f3n, la habilitaci\u00f3n y la indiferencia\u201d.<\/p>\n<p>Linda Marlene Y\u00e1\u00f1ez P\u00e9rez (M\u00e9xico)<\/p>\n<p>Doctorado en Estudios del Desarrollo. Problemas y perspectivas latinoamericanas. Instituto de Investigaciones Dr. Jos\u00e9 Mar\u00eda Luis Mora, Ciudad de M\u00e9xico, M\u00e9xico.<\/p>\n<h3><\/h3>\n<h3>Coment\u00e1rios e discuss\u00e3o<\/h3>\n<h3><\/h3>\n<h3>Fechamento<\/h3>\n<h3><\/h3>\n<h3><a href=\"https:\/\/youtu.be\/5BjvTRa5D74\">Link ao V\u00eddeo do Semin\u00e1rio<\/a>.<\/h3>\n<h3><\/h3>\n<hr \/>\n<p>Para solicitar informa\u00e7\u00e3o por favor enviar un e-mail \u00e1 <a href=\"mailto:waterlat@newcastle.ac.uk\">Secretaria da Rede WATERLAT-GOBACIT<\/a>.<\/p>\n<p><a href=\" https:\/\/waterlat.org\/pt\/ensino\/seminario-2025\/\">Volver \u00e1 p\u00e1gina principal do Semin\u00e1rio Internacional 2025<\/a><\/p>\n","protected":false},"excerpt":{"rendered":"<p>Segunda Sess\u00e3o 7 de abril de 2025 (espanhol e portugu\u00eas) Apresenta\u00e7\u00e3o do Semin\u00e1rio 2025 Apresenta\u00e7\u00f5es de Estudantes \u201c\u00bfExiste un uso comunitario no capitalista del agua? Aportes al debate en base al estudio de su apropiaci\u00f3n en la Provincia de Petorca, Chile\u201d. Javiera Rojas Cifuentes (Chile) Doctorado en Ciencias Sociales, Universidad de Buenos Aires (UBA), Buenos [&hellip;]<\/p>\n","protected":false},"author":3,"featured_media":0,"parent":3982,"menu_order":0,"comment_status":"closed","ping_status":"closed","template":"page-templates\/full-width.php","meta":{"_acf_changed":false,"footnotes":""},"class_list":["post-4005","page","type-page","status-publish","hentry","wpautop"],"acf":[],"_links":{"self":[{"href":"https:\/\/waterlat.org\/pt\/wp-json\/wp\/v2\/pages\/4005","targetHints":{"allow":["GET"]}}],"collection":[{"href":"https:\/\/waterlat.org\/pt\/wp-json\/wp\/v2\/pages"}],"about":[{"href":"https:\/\/waterlat.org\/pt\/wp-json\/wp\/v2\/types\/page"}],"author":[{"embeddable":true,"href":"https:\/\/waterlat.org\/pt\/wp-json\/wp\/v2\/users\/3"}],"replies":[{"embeddable":true,"href":"https:\/\/waterlat.org\/pt\/wp-json\/wp\/v2\/comments?post=4005"}],"version-history":[{"count":3,"href":"https:\/\/waterlat.org\/pt\/wp-json\/wp\/v2\/pages\/4005\/revisions"}],"predecessor-version":[{"id":4016,"href":"https:\/\/waterlat.org\/pt\/wp-json\/wp\/v2\/pages\/4005\/revisions\/4016"}],"up":[{"embeddable":true,"href":"https:\/\/waterlat.org\/pt\/wp-json\/wp\/v2\/pages\/3982"}],"wp:attachment":[{"href":"https:\/\/waterlat.org\/pt\/wp-json\/wp\/v2\/media?parent=4005"}],"curies":[{"name":"wp","href":"https:\/\/api.w.org\/{rel}","templated":true}]}}