{"id":4012,"date":"2025-06-30T15:17:01","date_gmt":"2025-06-30T15:17:01","guid":{"rendered":"https:\/\/waterlat.org\/pt\/?page_id=4012"},"modified":"2025-06-30T15:17:01","modified_gmt":"2025-06-30T15:17:01","slug":"seminario-2025-quarta-sessao","status":"publish","type":"page","link":"https:\/\/waterlat.org\/pt\/ensino\/seminario-2025\/seminario-2025-quarta-sessao\/","title":{"rendered":"Quarta Sess\u00e3o Semin\u00e1rio 2025"},"content":{"rendered":"<h2>Quarta Sess\u00e3o 5 de junho de 2025 (espanhol)<\/h2>\n<h3>Apresenta\u00e7\u00e3o do Semin\u00e1rio 2025<\/h3>\n<h3>Apresenta\u00e7\u00f5es de Estudantes<\/h3>\n<p>\u201cAn\u00e1lisis de la viabilidad de los Sistemas Urbanos de Drenaje Sostenible (SUDS) en la Microcuenca del R\u00edo Eslava, Ciudad de M\u00e9xico\u201d.<\/p>\n<p>Adri\u00e1n Giovani Trejo Gonz\u00e1lez (M\u00e9xico)<br \/>\nDoctorado en Ciencias de la Sustentabilidad de la Universidad Rosario Castellanos, Ciudad de M\u00e9xico, M\u00e9xico.<\/p>\n<p>\u201cUso de energ\u00eda para bombeo y deformaci\u00f3n del suelo: un nexo para la medici\u00f3n de la seguridad h\u00eddrica\u201d.<\/p>\n<p>Jes\u00fas Mart\u00edn Mara\u00f1\u00f3n Eguivar (Bolivia)  <\/p>\n<p>Doctorado en Geograf\u00eda F\u00edsica, Universidad de Estocolmo, Estocolmo, Suecia y Centro Andino para la Gesti\u00f3n y Uso del Agua, Universidad Mayor de San Sim\u00f3n, Cochabamba, Bolivia.<\/p>\n<p>\u201cLa metodolog\u00eda en la formulaci\u00f3n de pol\u00edticas p\u00fablicas del agua en M\u00e9xico (2012-2024): m\u00e9todos, enfoques, alcances y limitaciones\u201d.<\/p>\n<p>Gustavo Amaro Zahuantitla (M\u00e9xico)<\/p>\n<p>Doctorado en Ciencias Sociales (Pol\u00edticas P\u00fablicas), Facultad Latinoamericana de Ciencias Sociales (FLACSO), Ciudad de M\u00e9xico, M\u00e9xico.<\/p>\n<h3><\/h3>\n<h3><\/h3>\n<h3>Coment\u00e1rios e discuss\u00e3o<\/h3>\n<h3><\/h3>\n<h3>Fechamento<\/h3>\n<h3><\/h3>\n<h3><a href=\"https:\/\/youtu.be\/1Wb3oh65Ykc\">Link ao V\u00eddeo do Semin\u00e1rio<\/a>.<\/h3>\n","protected":false},"excerpt":{"rendered":"<p>Quarta Sess\u00e3o 5 de junho de 2025 (espanhol) Apresenta\u00e7\u00e3o do Semin\u00e1rio 2025 Apresenta\u00e7\u00f5es de Estudantes \u201cAn\u00e1lisis de la viabilidad de los Sistemas Urbanos de Drenaje Sostenible (SUDS) en la Microcuenca del R\u00edo Eslava, Ciudad de M\u00e9xico\u201d. Adri\u00e1n Giovani Trejo Gonz\u00e1lez (M\u00e9xico) Doctorado en Ciencias de la Sustentabilidad de la Universidad Rosario Castellanos, Ciudad de M\u00e9xico, [&hellip;]<\/p>\n","protected":false},"author":3,"featured_media":0,"parent":3982,"menu_order":0,"comment_status":"closed","ping_status":"closed","template":"page-templates\/full-width.php","meta":{"_acf_changed":false,"footnotes":""},"class_list":["post-4012","page","type-page","status-publish","hentry","wpautop"],"acf":[],"_links":{"self":[{"href":"https:\/\/waterlat.org\/pt\/wp-json\/wp\/v2\/pages\/4012","targetHints":{"allow":["GET"]}}],"collection":[{"href":"https:\/\/waterlat.org\/pt\/wp-json\/wp\/v2\/pages"}],"about":[{"href":"https:\/\/waterlat.org\/pt\/wp-json\/wp\/v2\/types\/page"}],"author":[{"embeddable":true,"href":"https:\/\/waterlat.org\/pt\/wp-json\/wp\/v2\/users\/3"}],"replies":[{"embeddable":true,"href":"https:\/\/waterlat.org\/pt\/wp-json\/wp\/v2\/comments?post=4012"}],"version-history":[{"count":4,"href":"https:\/\/waterlat.org\/pt\/wp-json\/wp\/v2\/pages\/4012\/revisions"}],"predecessor-version":[{"id":4020,"href":"https:\/\/waterlat.org\/pt\/wp-json\/wp\/v2\/pages\/4012\/revisions\/4020"}],"up":[{"embeddable":true,"href":"https:\/\/waterlat.org\/pt\/wp-json\/wp\/v2\/pages\/3982"}],"wp:attachment":[{"href":"https:\/\/waterlat.org\/pt\/wp-json\/wp\/v2\/media?parent=4012"}],"curies":[{"name":"wp","href":"https:\/\/api.w.org\/{rel}","templated":true}]}}