{"id":4046,"date":"2026-02-19T15:45:37","date_gmt":"2026-02-19T15:45:37","guid":{"rendered":"https:\/\/waterlat.org\/pt\/?page_id=4046"},"modified":"2026-03-14T17:49:33","modified_gmt":"2026-03-14T17:49:33","slug":"aldas-6-2025-27","status":"publish","type":"page","link":"https:\/\/waterlat.org\/pt\/projetos\/aldas-6-2025-27\/","title":{"rendered":"ALDAS-6 2025-27"},"content":{"rendered":"<h2>Pol\u00edticas p\u00fablicas e a dimens\u00e3o socioecologica do desenvolvimento democr\u00e1tico: Desafios e oportunidades da democratiza\u00e7\u00e3o na Am\u00e9rica Latina a partir do antecipado insucesso no cumprimento do ODS 6 (ALDAS-6) 2025-2027<\/h2>\n<p>ALDAS-6 \u00e9 um projeto da \u00c1rea Tem\u00e1tica 3 da Rede WATERLAT-GOBACIT <a href=\"https:\/\/waterlat.org\/pt\/areas-tematicas\/at3\/\">O Ciclo Urbano da \u00c1gua e Servi\u00e7os P\u00fablicos Essenciais<\/a>.<\/p>\n<h3>Contexto<\/h3>\n<p>A pesquisa se centra num dos <a href=\"https:\/\/brasil.un.org\/pt-br\/sdgs\"> Objetivos de Desenvolvimento Sustent\u00e1vel (ODS)<\/a> das Na\u00e7\u00f5es Unidas que debem ser atingidos para 2030. <a href=\"https:\/\/brasil.un.org\/pt-br\/sdgs\/6\">O amplo escopo de ODS6 se prop\u00f5e &#8220;Assegurar a disponibilidade e gest\u00e3o sustent\u00e1vel da \u00e1gua e saneamento para todas e todos&#8221;<\/a>.<\/p>\n<p>O projeto parte do reconhecimento de que ODS 6 se refere a um direito fundamental da democracia substantiva que continua sindo negado \u00e0 parcelas expressivas da popula\u00e7\u00e3o de Am\u00e9rica Latina. Apesar de avan\u00e7os em alguns aspectos, relat\u00f3rios da ONU publicados desde 2023 tem alertado que as metas de universaliza\u00e7\u00e3o do acesso a servi\u00e7os de saneamento b\u00e1sico de qualidade e acess\u00edveis dificilmente ser\u00e3o alcan\u00e7adas at\u00e9 2030, o que evidencia desigualdades e injusti\u00e7as estruturais persistentes, agravadas por processos de \u201cdesdemocratiza\u00e7\u00e3o funcional\u201d em andamento. O problema central de pesquisa coloca a \u00eanfase nos condicionantes sist\u00eamicos e nas for\u00e7as inerciais que impedem a efetiva\u00e7\u00e3o dos ODS e, consequentemente, dos avan\u00e7os materiais requeridos para o desenvolvimento democr\u00e1tico na regi\u00e3o.<\/p>\n<h3>Objetivo e escopo geogr\u00e1fico e temporal<\/h3>\n<p>O objetivo \u00e9 analisar comparativamente avan\u00e7os e retrocessos na dimens\u00e3o socioecologica dos processos de democratiza\u00e7\u00e3o, tendo como refer\u00eancia emp\u00edrica a implementa\u00e7\u00e3o do ODS6 nos pa\u00edses membros plenos do Mercado Comum do Sul (Mercosul), Argentina, Bol\u00edvia, Brasil, Paraguai e Uruguai, com a inclus\u00e3o de Chile e M\u00e9xico para enriquecer o enfoque comparativo.<\/p>\n<p>A pesquisa da prioridade ao periodo desde 2018, mas tamb\u00e9m considera experiencias de 2000-2015 para incorporar li\u00e7\u00f5es de aquele per\u00edodo que tem alta relev\u00e2ncia para os objetivos do projeto.<\/p>\n<h3>Equipo de Pesquisa<\/h3>\n<p><span style=\"text-decoration: underline;\"><strong>Coordena\u00e7\u00e3o<\/strong><\/span><\/p>\n<p>Jos\u00e9 Esteban Castro<\/p>\n<p>Emeritus Professor in Sociology, <a href=\"https:\/\/www.ncl.ac.uk\/gps\/staff\/profile\/estebancastro.html\">Newcastle University, Reino Unido<\/a>, Professor Extrangeiro Visitante, <a href=\"https:\/\/www.ufpe.br\">Universidade Federal Pernambuco (UFPE), Brasil<\/a>.<\/p>\n<p>Roberto Miranda, Professor de Sociologia, <a href=\"https:\/\/ufape.edu.brl\">Universidade Federal do Agreste de Pernambuco (UFAPE), Brasil<\/a>.<\/p>\n<p><span style=\"text-decoration: underline;\">Membros (em ordem alfab\u00e9tica)<\/span><\/p>\n<p>Aharonian, Anahit, <a href=\"https:\/\/www.facebook.com\/comisionnacionalendefensadelaguaylavida\/\">Comisi\u00f3n nacional en defensa del agua y la vida (CNDAV)<\/a>, Montevideo, Uruguay.<\/p>\n<p>Amaro Zahuantitla, Gustavo, <a href=\"https:\/\/www.flacso.edu.mx\/\">Facultad Latinoamericana de Ciencias Sociales (FLACSO)<\/a>, Ciudad de M\u00e9xico, M\u00e9xico.<\/p>\n<p>Bustamante Zenteno, Rocio Renee, <a href=\"https:\/\/www.umss.edu.bo\/\">Universidad Mayor de San Simon (UMSS)<\/a>, Cochabamba, Bolivia.<\/p>\n<p>Celume Byrne, Tatiana, <a href=\"https:\/\/www.uss.cl\/\"> University of San Sebastian (USS)<\/a>, Santiago, Chile.<\/p>\n<p>Ceretta, Juan <a href=\"https:\/\/udelar.edu.uy\/\">University of the Republic (UDELAR)<\/a>, Montevideo, Uruguay.<\/p>\n<p>Cunha, Luis Henrique, <a href=\"https:\/\/portal.ufcg.edu.br\/\">Universidad Federal de Campina Grande (UFCG)<\/a>, Campina Grande, Paraiba, Brasil.<\/p>\n<p>Ferreira, Hermelinda Maria Rocha, <a href=\"http:\/\/www.desdemo.org\">ProyectoDESDEMO<\/a>, Pernambuco, Brasil.<\/p>\n<p>Lo Blanco, Miguel, <a href=\"https:\/\/www.baseis.org.py\">BASE Investigaciones Sociales (BASE IS)<\/a>, Asuncion, Paraguay.<\/p>\n<p>Mello, Matthews Rocha, <a href=\"https:\/\/www.ufpe.br\">Universidad Federal de Pernambuco (UFPE)<\/a>, Recife, Pernambuco Brasil.<\/p>\n<p>Morais Maria da Piedade, <a href=\"https:\/\/www.ipea.gov.br\/portal\/\">Instituto de Pesquisa Economica Aplicada(IPEA)<\/a>, Brasilia, Brasil.<\/p>\n<p>Ocantos, Ariel, Octavio, <a href=\"https:\/\/www.conicet.gov.ar\">Consejo Nacional de Investigaciones Cientificas y Tecnicas (CONICET)<\/a>, basado en la <a href=\"https:\/\/www.uba.ar\">Universidad de Buenos Aires (UBA)<\/a>, Buenos Aires, y Universidad Nacional de Rosario (UNR), Rosario, Argentina.<\/p>\n<p>Ortega, Guillermo, <a href=\"https:\/\/www.baseis.org.py\">BASE Investigaciones Sociales (BASE IS)<\/a>, Asuncion, Paraguay.<\/p>\n<p>Piccini, Ferrin, Claudia <a href=\"https:\/\/udelar.edu.uy\/\">University de la Republica (UDELAR)<\/a>, Montevideo, Uruguay.<\/p>\n<p>Rabelo, Raquel, <a href=\"https:\/\/www.gov.br\/ana\/pt-br\"> Agencia Nacional de Agua y Saneamiento Basico(ANA)<\/a>, Brasilia, Brasil.<\/p>\n<p>Reis, Paulo, <a href=\"https:\/\/www.unb.br\">Universidad de Brasilia (UNB)<\/a>, Brasilia, Brasil.<\/p>\n<p>Rojas Cifuentes, Javiera, <a href=\"https:\/\/www.conicet.gov.ar\">Consejo Nacional de Investigaciones Cientificas y Tecnicas (CONICET)<\/a>, basada en la <a href=\"https:\/\/www.ungs.edu.ar\/ms_ungs\/\">Universidad Nacional de General Sarmiento (UNGS)<\/a>, Buenos Aires, Argentina.<\/p>\n<p>Rossi, Renata, <a href=\"https:\/\/ufba.br\">Universidad Federal de Bahia)<\/a>, Salvador, Brasil.<\/p>\n<p>Santos, Carlos <a href=\"https:\/\/udelar.edu.uy\/\">University of the Republic (UDELAR)<\/a>, Montevideo, Uruguay.<\/p>\n<p>Sosa, Carmen,<a href=\"https:\/\/www.facebook.com\/comisionnacionalendefensadelaguaylavida\/\">Comisi\u00f3n nacional en defensa del agua y la vida (CNDAV)<\/a>, Montevideo, Uruguay.<\/p>\n<p>Tagliavini, Damiano, <a href=\"https:\/\/www.uba.ar\"> Universidad de Buenos Aires (UBA)<\/a>, Buenos Aires, Argentina.<\/p>\n<p>Tondelo, Patricia Geittenes, <a href=\"https:\/\/www.ufpe.br\">Universidad Federal de Pernambuco (UFPE)<\/a>, Recife, Pernambuco Brasil.<\/p>\n<p>Torregrosa Armentia, Maria Luisa, <a href=\"https:\/\/www.flacso.edu.mx\/\">Facultad Latinoamericana de Ciencias Sociales (FLACSO)<\/a>, Ciudad de M\u00e9xico, M\u00e9xico.<\/p>\n<p>Villalba Vargas, Elida, <a href=\"https:\/\/cones.gov.py\/universidad-nacional-de-concepcion\/\">Universidad Nacional de Concepcion (UNC)<\/a>, Concepcion, Paraguay<\/p>\n<p>Villarroel Mur, Isabel, <a href=\"https:\/\/trabajosocial.umsa.bo\/\">Universidad Mayor de San Andres<\/a>, La Paz, Bolivia.<\/p>\n<h3>Financiamento<\/h3>\n<p><a href=\"https:\/\/www.facepe.br\"> Funda\u00e7\u00e3o de Amparo \u00e0 Ci\u00eancia e Tecnologia de Pernambuco(FACEPE)<\/a><\/p>\n<hr \/>\n<p>Para mais informa\u00e7\u00e3o, por favor env\u00ede um e-mail \u00e0 <a href=\"mailto:waterlat@newcastle.ac.uk\">Secretaria da Rede WATERLAT-GOBACIT<\/a>.<\/p>\n","protected":false},"excerpt":{"rendered":"<p>Pol\u00edticas p\u00fablicas e a dimens\u00e3o socioecologica do desenvolvimento democr\u00e1tico: Desafios e oportunidades da democratiza\u00e7\u00e3o na Am\u00e9rica Latina a partir do antecipado insucesso no cumprimento do ODS 6 (ALDAS-6) 2025-2027 ALDAS-6 \u00e9 um projeto da \u00c1rea Tem\u00e1tica 3 da Rede WATERLAT-GOBACIT O Ciclo Urbano da \u00c1gua e Servi\u00e7os P\u00fablicos Essenciais. Contexto A pesquisa se centra num [&hellip;]<\/p>\n","protected":false},"author":3,"featured_media":0,"parent":6,"menu_order":0,"comment_status":"closed","ping_status":"closed","template":"page-templates\/full-width.php","meta":{"_acf_changed":false,"footnotes":""},"class_list":["post-4046","page","type-page","status-publish","hentry","wpautop"],"acf":[],"_links":{"self":[{"href":"https:\/\/waterlat.org\/pt\/wp-json\/wp\/v2\/pages\/4046","targetHints":{"allow":["GET"]}}],"collection":[{"href":"https:\/\/waterlat.org\/pt\/wp-json\/wp\/v2\/pages"}],"about":[{"href":"https:\/\/waterlat.org\/pt\/wp-json\/wp\/v2\/types\/page"}],"author":[{"embeddable":true,"href":"https:\/\/waterlat.org\/pt\/wp-json\/wp\/v2\/users\/3"}],"replies":[{"embeddable":true,"href":"https:\/\/waterlat.org\/pt\/wp-json\/wp\/v2\/comments?post=4046"}],"version-history":[{"count":19,"href":"https:\/\/waterlat.org\/pt\/wp-json\/wp\/v2\/pages\/4046\/revisions"}],"predecessor-version":[{"id":4067,"href":"https:\/\/waterlat.org\/pt\/wp-json\/wp\/v2\/pages\/4046\/revisions\/4067"}],"up":[{"embeddable":true,"href":"https:\/\/waterlat.org\/pt\/wp-json\/wp\/v2\/pages\/6"}],"wp:attachment":[{"href":"https:\/\/waterlat.org\/pt\/wp-json\/wp\/v2\/media?parent=4046"}],"curies":[{"name":"wp","href":"https:\/\/api.w.org\/{rel}","templated":true}]}}